{"id":3689,"date":"2022-10-21T14:47:15","date_gmt":"2022-10-21T12:47:15","guid":{"rendered":"https:\/\/test.arctic.klean.it\/?post_type=product&#038;p=3689"},"modified":"2023-05-01T11:04:05","modified_gmt":"2023-05-01T09:04:05","slug":"aurora-hut-by-inuk-travel","status":"publish","type":"product","link":"https:\/\/test.arctic.klean.it\/da\/udflugter\/aurora-hut-by-inuk-travel\/","title":{"rendered":"Aurora Hut"},"content":{"rendered":"<p>Aurora hytte Igloo er en lille hytte, man kan sove i. Hytten er lavet stort set udelukkende af glas, og det er den eneste af sin slags i Gr\u00f8nland.<\/p>\n<p>Dette er den helt rigtige m\u00e5de at f\u00e5 den unikke oplevelse af nordlys &#8211; og du finder det lige her i Gr\u00f8nlands hovedstad.<\/p>\n<p>Den lille hytte er konstrueret, s\u00e5 man kan se nordlyset, mens man ligger p\u00e5 sengen. Der er en smuk udsigt til Nuuks Fjord og Sermitsiaq, Nuuks kendetegn. Lige uden for hytten kan du sidde og nyde den friske luft og den fantastiske udsigt med nordlys, og hvis du skulle fryse, kan du g\u00e5 indenfor i hytten igen.<\/p>\n<p>I hytten er der dobbeltseng. Der er en radio med bluetooth, s\u00e5 du kan spille din egen musikliste med fantastisk lyd.<\/p>\n<p>Elektriciteten kommer fra et batteri, og hytten har lys installeret hele vejen rundt b\u00e5de inde og ude.<\/p>\n<p>Hytten er opvarmet, s\u00e5 der er lunt og hyggeligt. Man kan selv regulere varmen via et klimaanl\u00e6g.<\/p>\n<p>Der er to kogeplader, og der er rindende drikkevand og toilet.<\/p>\n<p>Har du stadig brug for noget wellness, er der udend\u00f8rs spabad og en sauna med vindue. Dette er tilk\u00f8b.<\/p>\n<p>Vi gl\u00e6der os til at se dig\/J\u00e9r.<\/p>\n","protected":false},"excerpt":{"rendered":"<p>Oplev nordlys fra sengen<\/p>\n","protected":false},"featured_media":4029,"comment_status":"open","ping_status":"closed","template":"","meta":{"_acf_changed":false},"product_brand":[],"product_cat":[170],"product_tag":[159],"class_list":{"0":"post-3689","1":"product","2":"type-product","3":"status-publish","4":"has-post-thumbnail","6":"product_cat-udflugt","7":"product_tag-1-da","8":"pa_dato-366","9":"pa_dato-367","10":"pa_tidspunkt-308","11":"tour_location-nuuk-da","12":"tour_type-ophold","13":"tour_operator-inuk-travel","15":"first","16":"outofstock","17":"shipping-taxable","18":"purchasable","19":"product-type-variable"},"acf":[],"yoast_head":"<!-- This site is optimized with the Yoast SEO plugin v25.2 - https:\/\/yoast.com\/wordpress\/plugins\/seo\/ -->\n<title>Arctic Excursions<\/title>\n<meta name=\"robots\" content=\"index, follow, max-snippet:-1, max-image-preview:large, max-video-preview:-1\" \/>\n<link rel=\"canonical\" href=\"https:\/\/test.arctic.klean.it\/udflugter\/aurora-hut-by-inuk-travel\/\" \/>\n<meta property=\"og:locale\" content=\"da_DK\" \/>\n<meta property=\"og:type\" content=\"article\" \/>\n<meta property=\"og:title\" content=\"Aurora Hut - Arctic Excursions\" \/>\n<meta property=\"og:description\" content=\"Oplev nordlys fra sengen\" \/>\n<meta property=\"og:url\" content=\"https:\/\/test.arctic.klean.it\/udflugter\/aurora-hut-by-inuk-travel\/\" \/>\n<meta property=\"og:site_name\" content=\"Arctic Excursions\" \/>\n<meta property=\"article:modified_time\" content=\"2023-05-01T09:04:05+00:00\" \/>\n<meta property=\"og:image\" content=\"https:\/\/test.arctic.klean.it\/wp-content\/uploads\/2022\/10\/Inuk-Travel-hut-1.jpg\" \/>\n\t<meta property=\"og:image:width\" content=\"480\" \/>\n\t<meta property=\"og:image:height\" content=\"360\" \/>\n\t<meta property=\"og:image:type\" content=\"image\/jpeg\" \/>\n<meta name=\"twitter:card\" content=\"summary_large_image\" \/>\n<meta name=\"twitter:label1\" content=\"Estimeret l\u00e6setid\" \/>\n\t<meta name=\"twitter:data1\" content=\"1 minut\" \/>\n<script type=\"application\/ld+json\" class=\"yoast-schema-graph\">{\"@context\":\"https:\/\/schema.org\",\"@graph\":[{\"@type\":\"WebPage\",\"@id\":\"https:\/\/test.arctic.klean.it\/udflugter\/aurora-hut-by-inuk-travel\/\",\"url\":\"https:\/\/test.arctic.klean.it\/udflugter\/aurora-hut-by-inuk-travel\/\",\"name\":\"Aurora Hut - Arctic Excursions\",\"isPartOf\":{\"@id\":\"https:\/\/test.arctic.klean.it\/#website\"},\"primaryImageOfPage\":{\"@id\":\"https:\/\/test.arctic.klean.it\/udflugter\/aurora-hut-by-inuk-travel\/#primaryimage\"},\"image\":{\"@id\":\"https:\/\/test.arctic.klean.it\/udflugter\/aurora-hut-by-inuk-travel\/#primaryimage\"},\"thumbnailUrl\":\"https:\/\/test.arctic.klean.it\/wp-content\/uploads\/2022\/10\/Inuk-Travel-hut-1.jpg\",\"datePublished\":\"2022-10-21T12:47:15+00:00\",\"dateModified\":\"2023-05-01T09:04:05+00:00\",\"breadcrumb\":{\"@id\":\"https:\/\/test.arctic.klean.it\/udflugter\/aurora-hut-by-inuk-travel\/#breadcrumb\"},\"inLanguage\":\"da-DK\",\"potentialAction\":[{\"@type\":\"ReadAction\",\"target\":[\"https:\/\/test.arctic.klean.it\/udflugter\/aurora-hut-by-inuk-travel\/\"]}]},{\"@type\":\"ImageObject\",\"inLanguage\":\"da-DK\",\"@id\":\"https:\/\/test.arctic.klean.it\/udflugter\/aurora-hut-by-inuk-travel\/#primaryimage\",\"url\":\"https:\/\/test.arctic.klean.it\/wp-content\/uploads\/2022\/10\/Inuk-Travel-hut-1.jpg\",\"contentUrl\":\"https:\/\/test.arctic.klean.it\/wp-content\/uploads\/2022\/10\/Inuk-Travel-hut-1.jpg\",\"width\":480,\"height\":360},{\"@type\":\"BreadcrumbList\",\"@id\":\"https:\/\/test.arctic.klean.it\/udflugter\/aurora-hut-by-inuk-travel\/#breadcrumb\",\"itemListElement\":[{\"@type\":\"ListItem\",\"position\":1,\"name\":\"Udflugter i Gr\u00f8nland\",\"item\":\"https:\/\/test.arctic.klean.it\/da\/udflugter\/\"},{\"@type\":\"ListItem\",\"position\":2,\"name\":\"Aurora Hut\"}]},{\"@type\":\"WebSite\",\"@id\":\"https:\/\/test.arctic.klean.it\/#website\",\"url\":\"https:\/\/test.arctic.klean.it\/\",\"name\":\"Arctic Excursions\",\"description\":\"New adventures. Every day.\",\"potentialAction\":[{\"@type\":\"SearchAction\",\"target\":{\"@type\":\"EntryPoint\",\"urlTemplate\":\"https:\/\/test.arctic.klean.it\/?s={search_term_string}\"},\"query-input\":{\"@type\":\"PropertyValueSpecification\",\"valueRequired\":true,\"valueName\":\"search_term_string\"}}],\"inLanguage\":\"da-DK\"}]}<\/script>\n<!-- \/ Yoast SEO plugin. -->","yoast_head_json":{"title":"Arctic Excursions","robots":{"index":"index","follow":"follow","max-snippet":"max-snippet:-1","max-image-preview":"max-image-preview:large","max-video-preview":"max-video-preview:-1"},"canonical":"https:\/\/test.arctic.klean.it\/udflugter\/aurora-hut-by-inuk-travel\/","og_locale":"da_DK","og_type":"article","og_title":"Aurora Hut - Arctic Excursions","og_description":"Oplev nordlys fra sengen","og_url":"https:\/\/test.arctic.klean.it\/udflugter\/aurora-hut-by-inuk-travel\/","og_site_name":"Arctic Excursions","article_modified_time":"2023-05-01T09:04:05+00:00","og_image":[{"width":480,"height":360,"url":"https:\/\/test.arctic.klean.it\/wp-content\/uploads\/2022\/10\/Inuk-Travel-hut-1.jpg","type":"image\/jpeg"}],"twitter_card":"summary_large_image","twitter_misc":{"Estimeret l\u00e6setid":"1 minut"},"schema":{"@context":"https:\/\/schema.org","@graph":[{"@type":"WebPage","@id":"https:\/\/test.arctic.klean.it\/udflugter\/aurora-hut-by-inuk-travel\/","url":"https:\/\/test.arctic.klean.it\/udflugter\/aurora-hut-by-inuk-travel\/","name":"Aurora Hut - Arctic Excursions","isPartOf":{"@id":"https:\/\/test.arctic.klean.it\/#website"},"primaryImageOfPage":{"@id":"https:\/\/test.arctic.klean.it\/udflugter\/aurora-hut-by-inuk-travel\/#primaryimage"},"image":{"@id":"https:\/\/test.arctic.klean.it\/udflugter\/aurora-hut-by-inuk-travel\/#primaryimage"},"thumbnailUrl":"https:\/\/test.arctic.klean.it\/wp-content\/uploads\/2022\/10\/Inuk-Travel-hut-1.jpg","datePublished":"2022-10-21T12:47:15+00:00","dateModified":"2023-05-01T09:04:05+00:00","breadcrumb":{"@id":"https:\/\/test.arctic.klean.it\/udflugter\/aurora-hut-by-inuk-travel\/#breadcrumb"},"inLanguage":"da-DK","potentialAction":[{"@type":"ReadAction","target":["https:\/\/test.arctic.klean.it\/udflugter\/aurora-hut-by-inuk-travel\/"]}]},{"@type":"ImageObject","inLanguage":"da-DK","@id":"https:\/\/test.arctic.klean.it\/udflugter\/aurora-hut-by-inuk-travel\/#primaryimage","url":"https:\/\/test.arctic.klean.it\/wp-content\/uploads\/2022\/10\/Inuk-Travel-hut-1.jpg","contentUrl":"https:\/\/test.arctic.klean.it\/wp-content\/uploads\/2022\/10\/Inuk-Travel-hut-1.jpg","width":480,"height":360},{"@type":"BreadcrumbList","@id":"https:\/\/test.arctic.klean.it\/udflugter\/aurora-hut-by-inuk-travel\/#breadcrumb","itemListElement":[{"@type":"ListItem","position":1,"name":"Udflugter i Gr\u00f8nland","item":"https:\/\/test.arctic.klean.it\/da\/udflugter\/"},{"@type":"ListItem","position":2,"name":"Aurora Hut"}]},{"@type":"WebSite","@id":"https:\/\/test.arctic.klean.it\/#website","url":"https:\/\/test.arctic.klean.it\/","name":"Arctic Excursions","description":"New adventures. Every day.","potentialAction":[{"@type":"SearchAction","target":{"@type":"EntryPoint","urlTemplate":"https:\/\/test.arctic.klean.it\/?s={search_term_string}"},"query-input":{"@type":"PropertyValueSpecification","valueRequired":true,"valueName":"search_term_string"}}],"inLanguage":"da-DK"}]}},"_links":{"self":[{"href":"https:\/\/test.arctic.klean.it\/da\/wp-json\/wp\/v2\/product\/3689","targetHints":{"allow":["GET"]}}],"collection":[{"href":"https:\/\/test.arctic.klean.it\/da\/wp-json\/wp\/v2\/product"}],"about":[{"href":"https:\/\/test.arctic.klean.it\/da\/wp-json\/wp\/v2\/types\/product"}],"replies":[{"embeddable":true,"href":"https:\/\/test.arctic.klean.it\/da\/wp-json\/wp\/v2\/comments?post=3689"}],"wp:featuredmedia":[{"embeddable":true,"href":"https:\/\/test.arctic.klean.it\/da\/wp-json\/wp\/v2\/media\/4029"}],"wp:attachment":[{"href":"https:\/\/test.arctic.klean.it\/da\/wp-json\/wp\/v2\/media?parent=3689"}],"wp:term":[{"taxonomy":"product_brand","embeddable":true,"href":"https:\/\/test.arctic.klean.it\/da\/wp-json\/wp\/v2\/product_brand?post=3689"},{"taxonomy":"product_cat","embeddable":true,"href":"https:\/\/test.arctic.klean.it\/da\/wp-json\/wp\/v2\/product_cat?post=3689"},{"taxonomy":"product_tag","embeddable":true,"href":"https:\/\/test.arctic.klean.it\/da\/wp-json\/wp\/v2\/product_tag?post=3689"}],"curies":[{"name":"wp","href":"https:\/\/api.w.org\/{rel}","templated":true}]}}