{"id":3992,"date":"2022-10-26T14:38:17","date_gmt":"2022-10-26T12:38:17","guid":{"rendered":"https:\/\/test.arctic.klean.it\/?post_type=product&#038;p=3992"},"modified":"2023-08-15T10:45:27","modified_gmt":"2023-08-15T08:45:27","slug":"snescooter-i-arktisk-terraen","status":"publish","type":"product","link":"https:\/\/test.arctic.klean.it\/da\/udflugter\/snescooter-i-arktisk-terraen\/","title":{"rendered":"Snescootertur i arktisk terr\u00e6n"},"content":{"rendered":"<p>Vi giver dig muligheden for at opleve Ilulissats ubeboede omr\u00e5des fantastiske landskab sammen med vores lokalguide. Fleksibiliteten ved en snescooter g\u00f8r, at vi har mulighed for at udforske de sned\u00e6kkede bjerge og dale, tilfrosne fjorde, s\u00f8er og havis p\u00e5 en anderledes m\u00e5de.<\/p>\n<p>Vores guide laver ruten p\u00e5 baggrund af sne-, is- og vejrforholdene, men der er garanti for uforglemmelige udsigter, uber\u00f8rt natur og eventyrligt vinterlandskab s\u00e5 l\u00e6nge \u00f8jet r\u00e6kker. Ved at turens mange fantastiske udkigssteder, holder vi pause og f\u00e5r lidt varmt drikke, mens vi nyder stilheden af den storsl\u00e5ede natur. <\/p>\n<p>Erfaring med snescootere er ikke n\u00f8dvendigt. Nybegyndere er meget velkomne. Vores erfarne guide vil s\u00f8rge for al udstyr og vil l\u00e6re dig, hvordan du styrer snescooteren. <\/p>\n<p>Grundet uforudsigelige vejr- og sneforhold over vinteren skal du v\u00e6re opm\u00e6rksom p\u00e5, at turplanen kan \u00e6ndre sig. Vi bestr\u00e6ber os altid p\u00e5 at give dig den bedste turoplevelse, dog er f\u00f8rsteprioriteten vores g\u00e6sters sikkerhed.<\/p>\n<p>Foto: Mads Pihl, Visit Greenland<\/p>\n","protected":false},"excerpt":{"rendered":"<p>Snescooteren er i mange arktiske lande blevet et popul\u00e6rt transportmiddel, da den giver adgang til de mest isolerede steder ved hj\u00e6lp af dens mulighed let at kunne tilpasses et meget skiftende terr\u00e6n.<\/p>\n","protected":false},"featured_media":3983,"comment_status":"open","ping_status":"closed","template":"","meta":{"_acf_changed":false},"product_brand":[],"product_cat":[170],"product_tag":[160,161],"class_list":{"0":"post-3992","1":"product","2":"type-product","3":"status-publish","4":"has-post-thumbnail","6":"product_cat-udflugt","7":"product_tag-2-da","8":"product_tag-3-da","9":"pa_dato-332","10":"pa_dato-331","11":"pa_dato-361","12":"pa_dato-335","13":"pa_dato-336","14":"pa_dato-364","15":"pa_dato-338","16":"pa_dato-410","17":"pa_dato-341","18":"pa_dato-342","19":"pa_dato-343","20":"pa_dato-370","21":"pa_dato-344","22":"pa_dato-345","23":"pa_dato-346","24":"pa_dato-374","25":"pa_dato-348","26":"pa_dato-349","27":"pa_dato-376","28":"pa_dato-351","29":"pa_dato-352","30":"pa_dato-380","31":"pa_dato-354","32":"pa_dato-355","33":"pa_dato-383","34":"pa_dato-357","35":"pa_dato-416","36":"pa_dato-385","37":"pa_dato-387","38":"pa_dato-388","39":"pa_dato-396","40":"pa_tidspunkt-35","41":"pa_tidspunkt-72","42":"pa_tidspunkt-40","43":"pa_tidspunkt-314","44":"pa_tidspunkt-61","45":"tour_location-ilulissat-da","46":"tour_type-snescooter","47":"tour_operator-albatros-arctic-circle","49":"first","50":"outofstock","51":"shipping-taxable","52":"product-type-variable"},"acf":[],"yoast_head":"<!-- This site is optimized with the Yoast SEO plugin v25.2 - https:\/\/yoast.com\/wordpress\/plugins\/seo\/ -->\n<title>Arctic Excursions<\/title>\n<meta name=\"robots\" content=\"index, follow, max-snippet:-1, max-image-preview:large, max-video-preview:-1\" \/>\n<link rel=\"canonical\" href=\"https:\/\/test.arctic.klean.it\/udflugter\/arctic-ride-snowmobile\/\" \/>\n<meta property=\"og:locale\" content=\"da_DK\" \/>\n<meta property=\"og:type\" content=\"article\" \/>\n<meta property=\"og:title\" content=\"Snescootertur i arktisk terr\u00e6n - Arctic Excursions\" \/>\n<meta property=\"og:description\" content=\"Snescooteren er i mange arktiske lande blevet et popul\u00e6rt transportmiddel, da den giver adgang til de mest isolerede steder ved hj\u00e6lp af dens mulighed let at kunne tilpasses et meget skiftende terr\u00e6n.\" \/>\n<meta property=\"og:url\" content=\"https:\/\/test.arctic.klean.it\/udflugter\/arctic-ride-snowmobile\/\" \/>\n<meta property=\"og:site_name\" content=\"Arctic Excursions\" \/>\n<meta property=\"article:modified_time\" content=\"2023-08-15T08:45:27+00:00\" \/>\n<meta property=\"og:image\" content=\"https:\/\/test.arctic.klean.it\/wp-content\/uploads\/2022\/10\/DSC_0248-scaled.jpeg\" \/>\n\t<meta property=\"og:image:width\" content=\"2560\" \/>\n\t<meta property=\"og:image:height\" content=\"1709\" \/>\n\t<meta property=\"og:image:type\" content=\"image\/jpeg\" \/>\n<meta name=\"twitter:card\" content=\"summary_large_image\" \/>\n<meta name=\"twitter:label1\" content=\"Estimeret l\u00e6setid\" \/>\n\t<meta name=\"twitter:data1\" content=\"1 minut\" \/>\n<script type=\"application\/ld+json\" class=\"yoast-schema-graph\">{\"@context\":\"https:\/\/schema.org\",\"@graph\":[{\"@type\":\"WebPage\",\"@id\":\"https:\/\/test.arctic.klean.it\/udflugter\/arctic-ride-snowmobile\/\",\"url\":\"https:\/\/test.arctic.klean.it\/udflugter\/arctic-ride-snowmobile\/\",\"name\":\"Snescootertur i arktisk terr\u00e6n - Arctic Excursions\",\"isPartOf\":{\"@id\":\"https:\/\/test.arctic.klean.it\/#website\"},\"primaryImageOfPage\":{\"@id\":\"https:\/\/test.arctic.klean.it\/udflugter\/arctic-ride-snowmobile\/#primaryimage\"},\"image\":{\"@id\":\"https:\/\/test.arctic.klean.it\/udflugter\/arctic-ride-snowmobile\/#primaryimage\"},\"thumbnailUrl\":\"https:\/\/test.arctic.klean.it\/wp-content\/uploads\/2022\/10\/DSC_0248-scaled.jpeg\",\"datePublished\":\"2022-10-26T12:38:17+00:00\",\"dateModified\":\"2023-08-15T08:45:27+00:00\",\"breadcrumb\":{\"@id\":\"https:\/\/test.arctic.klean.it\/udflugter\/arctic-ride-snowmobile\/#breadcrumb\"},\"inLanguage\":\"da-DK\",\"potentialAction\":[{\"@type\":\"ReadAction\",\"target\":[\"https:\/\/test.arctic.klean.it\/udflugter\/arctic-ride-snowmobile\/\"]}]},{\"@type\":\"ImageObject\",\"inLanguage\":\"da-DK\",\"@id\":\"https:\/\/test.arctic.klean.it\/udflugter\/arctic-ride-snowmobile\/#primaryimage\",\"url\":\"https:\/\/test.arctic.klean.it\/wp-content\/uploads\/2022\/10\/DSC_0248-scaled.jpeg\",\"contentUrl\":\"https:\/\/test.arctic.klean.it\/wp-content\/uploads\/2022\/10\/DSC_0248-scaled.jpeg\",\"width\":2560,\"height\":1709},{\"@type\":\"BreadcrumbList\",\"@id\":\"https:\/\/test.arctic.klean.it\/udflugter\/arctic-ride-snowmobile\/#breadcrumb\",\"itemListElement\":[{\"@type\":\"ListItem\",\"position\":1,\"name\":\"Udflugter i Gr\u00f8nland\",\"item\":\"https:\/\/test.arctic.klean.it\/da\/udflugter\/\"},{\"@type\":\"ListItem\",\"position\":2,\"name\":\"Snescootertur i arktisk terr\u00e6n\"}]},{\"@type\":\"WebSite\",\"@id\":\"https:\/\/test.arctic.klean.it\/#website\",\"url\":\"https:\/\/test.arctic.klean.it\/\",\"name\":\"Arctic Excursions\",\"description\":\"New adventures. Every day.\",\"potentialAction\":[{\"@type\":\"SearchAction\",\"target\":{\"@type\":\"EntryPoint\",\"urlTemplate\":\"https:\/\/test.arctic.klean.it\/?s={search_term_string}\"},\"query-input\":{\"@type\":\"PropertyValueSpecification\",\"valueRequired\":true,\"valueName\":\"search_term_string\"}}],\"inLanguage\":\"da-DK\"}]}<\/script>\n<!-- \/ Yoast SEO plugin. -->","yoast_head_json":{"title":"Arctic Excursions","robots":{"index":"index","follow":"follow","max-snippet":"max-snippet:-1","max-image-preview":"max-image-preview:large","max-video-preview":"max-video-preview:-1"},"canonical":"https:\/\/test.arctic.klean.it\/udflugter\/arctic-ride-snowmobile\/","og_locale":"da_DK","og_type":"article","og_title":"Snescootertur i arktisk terr\u00e6n - Arctic Excursions","og_description":"Snescooteren er i mange arktiske lande blevet et popul\u00e6rt transportmiddel, da den giver adgang til de mest isolerede steder ved hj\u00e6lp af dens mulighed let at kunne tilpasses et meget skiftende terr\u00e6n.","og_url":"https:\/\/test.arctic.klean.it\/udflugter\/arctic-ride-snowmobile\/","og_site_name":"Arctic Excursions","article_modified_time":"2023-08-15T08:45:27+00:00","og_image":[{"width":2560,"height":1709,"url":"https:\/\/test.arctic.klean.it\/wp-content\/uploads\/2022\/10\/DSC_0248-scaled.jpeg","type":"image\/jpeg"}],"twitter_card":"summary_large_image","twitter_misc":{"Estimeret l\u00e6setid":"1 minut"},"schema":{"@context":"https:\/\/schema.org","@graph":[{"@type":"WebPage","@id":"https:\/\/test.arctic.klean.it\/udflugter\/arctic-ride-snowmobile\/","url":"https:\/\/test.arctic.klean.it\/udflugter\/arctic-ride-snowmobile\/","name":"Snescootertur i arktisk terr\u00e6n - Arctic Excursions","isPartOf":{"@id":"https:\/\/test.arctic.klean.it\/#website"},"primaryImageOfPage":{"@id":"https:\/\/test.arctic.klean.it\/udflugter\/arctic-ride-snowmobile\/#primaryimage"},"image":{"@id":"https:\/\/test.arctic.klean.it\/udflugter\/arctic-ride-snowmobile\/#primaryimage"},"thumbnailUrl":"https:\/\/test.arctic.klean.it\/wp-content\/uploads\/2022\/10\/DSC_0248-scaled.jpeg","datePublished":"2022-10-26T12:38:17+00:00","dateModified":"2023-08-15T08:45:27+00:00","breadcrumb":{"@id":"https:\/\/test.arctic.klean.it\/udflugter\/arctic-ride-snowmobile\/#breadcrumb"},"inLanguage":"da-DK","potentialAction":[{"@type":"ReadAction","target":["https:\/\/test.arctic.klean.it\/udflugter\/arctic-ride-snowmobile\/"]}]},{"@type":"ImageObject","inLanguage":"da-DK","@id":"https:\/\/test.arctic.klean.it\/udflugter\/arctic-ride-snowmobile\/#primaryimage","url":"https:\/\/test.arctic.klean.it\/wp-content\/uploads\/2022\/10\/DSC_0248-scaled.jpeg","contentUrl":"https:\/\/test.arctic.klean.it\/wp-content\/uploads\/2022\/10\/DSC_0248-scaled.jpeg","width":2560,"height":1709},{"@type":"BreadcrumbList","@id":"https:\/\/test.arctic.klean.it\/udflugter\/arctic-ride-snowmobile\/#breadcrumb","itemListElement":[{"@type":"ListItem","position":1,"name":"Udflugter i Gr\u00f8nland","item":"https:\/\/test.arctic.klean.it\/da\/udflugter\/"},{"@type":"ListItem","position":2,"name":"Snescootertur i arktisk terr\u00e6n"}]},{"@type":"WebSite","@id":"https:\/\/test.arctic.klean.it\/#website","url":"https:\/\/test.arctic.klean.it\/","name":"Arctic Excursions","description":"New adventures. Every day.","potentialAction":[{"@type":"SearchAction","target":{"@type":"EntryPoint","urlTemplate":"https:\/\/test.arctic.klean.it\/?s={search_term_string}"},"query-input":{"@type":"PropertyValueSpecification","valueRequired":true,"valueName":"search_term_string"}}],"inLanguage":"da-DK"}]}},"_links":{"self":[{"href":"https:\/\/test.arctic.klean.it\/da\/wp-json\/wp\/v2\/product\/3992","targetHints":{"allow":["GET"]}}],"collection":[{"href":"https:\/\/test.arctic.klean.it\/da\/wp-json\/wp\/v2\/product"}],"about":[{"href":"https:\/\/test.arctic.klean.it\/da\/wp-json\/wp\/v2\/types\/product"}],"replies":[{"embeddable":true,"href":"https:\/\/test.arctic.klean.it\/da\/wp-json\/wp\/v2\/comments?post=3992"}],"wp:featuredmedia":[{"embeddable":true,"href":"https:\/\/test.arctic.klean.it\/da\/wp-json\/wp\/v2\/media\/3983"}],"wp:attachment":[{"href":"https:\/\/test.arctic.klean.it\/da\/wp-json\/wp\/v2\/media?parent=3992"}],"wp:term":[{"taxonomy":"product_brand","embeddable":true,"href":"https:\/\/test.arctic.klean.it\/da\/wp-json\/wp\/v2\/product_brand?post=3992"},{"taxonomy":"product_cat","embeddable":true,"href":"https:\/\/test.arctic.klean.it\/da\/wp-json\/wp\/v2\/product_cat?post=3992"},{"taxonomy":"product_tag","embeddable":true,"href":"https:\/\/test.arctic.klean.it\/da\/wp-json\/wp\/v2\/product_tag?post=3992"}],"curies":[{"name":"wp","href":"https:\/\/api.w.org\/{rel}","templated":true}]}}