{"id":4016,"date":"2022-10-30T00:31:58","date_gmt":"2022-10-29T22:31:58","guid":{"rendered":"https:\/\/test.arctic.klean.it\/?post_type=product&#038;p=4016"},"modified":"2023-10-10T11:08:19","modified_gmt":"2023-10-10T09:08:19","slug":"mountain-top-sleepover","status":"publish","type":"product","link":"https:\/\/test.arctic.klean.it\/da\/udflugter\/mountain-top-sleepover\/","title":{"rendered":"Overnatning p\u00e5 Bjergtop"},"content":{"rendered":"<p>Kom med p\u00e5 tur, n\u00e5r vi kommer t\u00e6t p\u00e5 toppen af Kangilia, som er omkring 720 meter h\u00f8jt. <\/p>\n<p>Stedet ligger i l\u00e6 for vinden, og du f\u00e5r 360 graders udsigt over Nuuk fjord. P\u00e5 dette hemmelige sted er solnedgangen og opstigningen uforglemmelig. <\/p>\n<p>Vandreturen g\u00e5r fra Uiffak kl. 15.00. Selve vandreturen tager cirka omkring 3 timer, og der er mange smukke bjerge p\u00e5 vejen dertil. <\/p>\n<p>Vi anbefaler, at I medbringer varmt og t\u00f8rt t\u00f8j i tilf\u00e6lde af v\u00e5dt vejr eller d\u00e5rlige vejrforhold. <\/p>\n<p>Dagen efter g\u00e5r vi tilbage. Vi er tilbage i byen omkring kl. 13.00<\/p>\n<p>Hvis du gerne vil opleve at sove under \u00e5ben himmel, s\u00e5 er denne tur noget for dig. <\/p>\n<p>Ekspeditionsmiddag og overlevelsesmorgenmad er inkluderet. <\/p>\n<p>Vi skal minimum have 3 tilmeldinger, f\u00f8r vi kan gennemf\u00f8re turen og h\u00f8jt 6 personer.<\/p>\n","protected":false},"excerpt":{"rendered":"<p>Oplev bjergtopsovernatning under \u00e5ben himmel<\/p>\n","protected":false},"featured_media":4014,"comment_status":"open","ping_status":"closed","template":"","meta":{"_acf_changed":false},"product_brand":[],"product_cat":[170],"product_tag":[161],"class_list":{"0":"post-4016","1":"product","2":"type-product","3":"status-publish","4":"has-post-thumbnail","6":"product_cat-udflugt","7":"product_tag-3-da","8":"pa_dato-385","9":"pa_dato-575","10":"pa_dato-657","11":"pa_dato-660","12":"pa_dato-633","13":"pa_dato-663","14":"pa_dato-665","15":"pa_dato-666","16":"pa_dato-667","17":"pa_dato-670","18":"pa_dato-672","19":"pa_dato-674","20":"pa_dato-675","21":"pa_dato-502","22":"pa_dato-535","23":"pa_dato-536","24":"pa_dato-539","25":"pa_dato-500","26":"pa_dato-542","27":"pa_dato-547","28":"pa_dato-549","29":"pa_dato-551","30":"pa_dato-554","31":"pa_dato-556","32":"pa_dato-558","33":"pa_dato-559","34":"pa_dato-588","35":"pa_dato-687","36":"pa_dato-591","37":"pa_dato-593","38":"pa_dato-694","39":"pa_dato-596","40":"pa_dato-513","41":"pa_dato-695","42":"pa_dato-597","43":"pa_dato-599","44":"pa_dato-740","45":"pa_dato-601","46":"pa_dato-603","47":"pa_dato-689","48":"pa_dato-606","49":"pa_dato-608","50":"pa_dato-690","51":"pa_dato-611","52":"pa_dato-613","53":"pa_dato-743","54":"pa_dato-616","55":"pa_dato-618","56":"pa_dato-745","57":"pa_dato-621","58":"pa_dato-623","59":"pa_dato-747","60":"pa_tidspunkt-61","61":"pa_tidspunkt-205","62":"tour_location-nuuk-da","63":"tour_type-vandreture","64":"tour_operator-two-ravens","66":"first","67":"outofstock","68":"shipping-taxable","69":"product-type-variable"},"acf":[],"yoast_head":"<!-- This site is optimized with the Yoast SEO plugin v25.2 - https:\/\/yoast.com\/wordpress\/plugins\/seo\/ -->\n<title>Arctic Excursions<\/title>\n<meta name=\"robots\" content=\"index, follow, max-snippet:-1, max-image-preview:large, max-video-preview:-1\" \/>\n<link rel=\"canonical\" href=\"https:\/\/test.arctic.klean.it\/udflugter\/mountain-top-sleepover\/\" \/>\n<meta property=\"og:locale\" content=\"da_DK\" \/>\n<meta property=\"og:type\" content=\"article\" \/>\n<meta property=\"og:title\" content=\"Overnatning p\u00e5 Bjergtop - Arctic Excursions\" \/>\n<meta property=\"og:description\" content=\"Oplev bjergtopsovernatning under \u00e5ben himmel\" \/>\n<meta property=\"og:url\" content=\"https:\/\/test.arctic.klean.it\/udflugter\/mountain-top-sleepover\/\" \/>\n<meta property=\"og:site_name\" content=\"Arctic Excursions\" \/>\n<meta property=\"article:modified_time\" content=\"2023-10-10T09:08:19+00:00\" \/>\n<meta property=\"og:image\" content=\"https:\/\/test.arctic.klean.it\/wp-content\/uploads\/2022\/10\/tour-mountain-top-sleepover.jpeg\" \/>\n\t<meta property=\"og:image:width\" content=\"500\" \/>\n\t<meta property=\"og:image:height\" content=\"300\" \/>\n\t<meta property=\"og:image:type\" content=\"image\/jpeg\" \/>\n<meta name=\"twitter:card\" content=\"summary_large_image\" \/>\n<meta name=\"twitter:label1\" content=\"Estimeret l\u00e6setid\" \/>\n\t<meta name=\"twitter:data1\" content=\"1 minut\" \/>\n<script type=\"application\/ld+json\" class=\"yoast-schema-graph\">{\"@context\":\"https:\/\/schema.org\",\"@graph\":[{\"@type\":\"WebPage\",\"@id\":\"https:\/\/test.arctic.klean.it\/udflugter\/mountain-top-sleepover\/\",\"url\":\"https:\/\/test.arctic.klean.it\/udflugter\/mountain-top-sleepover\/\",\"name\":\"Overnatning p\u00e5 Bjergtop - Arctic Excursions\",\"isPartOf\":{\"@id\":\"https:\/\/test.arctic.klean.it\/#website\"},\"primaryImageOfPage\":{\"@id\":\"https:\/\/test.arctic.klean.it\/udflugter\/mountain-top-sleepover\/#primaryimage\"},\"image\":{\"@id\":\"https:\/\/test.arctic.klean.it\/udflugter\/mountain-top-sleepover\/#primaryimage\"},\"thumbnailUrl\":\"https:\/\/test.arctic.klean.it\/wp-content\/uploads\/2022\/10\/tour-mountain-top-sleepover.jpeg\",\"datePublished\":\"2022-10-29T22:31:58+00:00\",\"dateModified\":\"2023-10-10T09:08:19+00:00\",\"breadcrumb\":{\"@id\":\"https:\/\/test.arctic.klean.it\/udflugter\/mountain-top-sleepover\/#breadcrumb\"},\"inLanguage\":\"da-DK\",\"potentialAction\":[{\"@type\":\"ReadAction\",\"target\":[\"https:\/\/test.arctic.klean.it\/udflugter\/mountain-top-sleepover\/\"]}]},{\"@type\":\"ImageObject\",\"inLanguage\":\"da-DK\",\"@id\":\"https:\/\/test.arctic.klean.it\/udflugter\/mountain-top-sleepover\/#primaryimage\",\"url\":\"https:\/\/test.arctic.klean.it\/wp-content\/uploads\/2022\/10\/tour-mountain-top-sleepover.jpeg\",\"contentUrl\":\"https:\/\/test.arctic.klean.it\/wp-content\/uploads\/2022\/10\/tour-mountain-top-sleepover.jpeg\",\"width\":500,\"height\":300},{\"@type\":\"BreadcrumbList\",\"@id\":\"https:\/\/test.arctic.klean.it\/udflugter\/mountain-top-sleepover\/#breadcrumb\",\"itemListElement\":[{\"@type\":\"ListItem\",\"position\":1,\"name\":\"Udflugter i Gr\u00f8nland\",\"item\":\"https:\/\/test.arctic.klean.it\/da\/udflugter\/\"},{\"@type\":\"ListItem\",\"position\":2,\"name\":\"Overnatning p\u00e5 Bjergtop\"}]},{\"@type\":\"WebSite\",\"@id\":\"https:\/\/test.arctic.klean.it\/#website\",\"url\":\"https:\/\/test.arctic.klean.it\/\",\"name\":\"Arctic Excursions\",\"description\":\"New adventures. Every day.\",\"potentialAction\":[{\"@type\":\"SearchAction\",\"target\":{\"@type\":\"EntryPoint\",\"urlTemplate\":\"https:\/\/test.arctic.klean.it\/?s={search_term_string}\"},\"query-input\":{\"@type\":\"PropertyValueSpecification\",\"valueRequired\":true,\"valueName\":\"search_term_string\"}}],\"inLanguage\":\"da-DK\"}]}<\/script>\n<!-- \/ Yoast SEO plugin. -->","yoast_head_json":{"title":"Arctic Excursions","robots":{"index":"index","follow":"follow","max-snippet":"max-snippet:-1","max-image-preview":"max-image-preview:large","max-video-preview":"max-video-preview:-1"},"canonical":"https:\/\/test.arctic.klean.it\/udflugter\/mountain-top-sleepover\/","og_locale":"da_DK","og_type":"article","og_title":"Overnatning p\u00e5 Bjergtop - Arctic Excursions","og_description":"Oplev bjergtopsovernatning under \u00e5ben himmel","og_url":"https:\/\/test.arctic.klean.it\/udflugter\/mountain-top-sleepover\/","og_site_name":"Arctic Excursions","article_modified_time":"2023-10-10T09:08:19+00:00","og_image":[{"width":500,"height":300,"url":"https:\/\/test.arctic.klean.it\/wp-content\/uploads\/2022\/10\/tour-mountain-top-sleepover.jpeg","type":"image\/jpeg"}],"twitter_card":"summary_large_image","twitter_misc":{"Estimeret l\u00e6setid":"1 minut"},"schema":{"@context":"https:\/\/schema.org","@graph":[{"@type":"WebPage","@id":"https:\/\/test.arctic.klean.it\/udflugter\/mountain-top-sleepover\/","url":"https:\/\/test.arctic.klean.it\/udflugter\/mountain-top-sleepover\/","name":"Overnatning p\u00e5 Bjergtop - Arctic Excursions","isPartOf":{"@id":"https:\/\/test.arctic.klean.it\/#website"},"primaryImageOfPage":{"@id":"https:\/\/test.arctic.klean.it\/udflugter\/mountain-top-sleepover\/#primaryimage"},"image":{"@id":"https:\/\/test.arctic.klean.it\/udflugter\/mountain-top-sleepover\/#primaryimage"},"thumbnailUrl":"https:\/\/test.arctic.klean.it\/wp-content\/uploads\/2022\/10\/tour-mountain-top-sleepover.jpeg","datePublished":"2022-10-29T22:31:58+00:00","dateModified":"2023-10-10T09:08:19+00:00","breadcrumb":{"@id":"https:\/\/test.arctic.klean.it\/udflugter\/mountain-top-sleepover\/#breadcrumb"},"inLanguage":"da-DK","potentialAction":[{"@type":"ReadAction","target":["https:\/\/test.arctic.klean.it\/udflugter\/mountain-top-sleepover\/"]}]},{"@type":"ImageObject","inLanguage":"da-DK","@id":"https:\/\/test.arctic.klean.it\/udflugter\/mountain-top-sleepover\/#primaryimage","url":"https:\/\/test.arctic.klean.it\/wp-content\/uploads\/2022\/10\/tour-mountain-top-sleepover.jpeg","contentUrl":"https:\/\/test.arctic.klean.it\/wp-content\/uploads\/2022\/10\/tour-mountain-top-sleepover.jpeg","width":500,"height":300},{"@type":"BreadcrumbList","@id":"https:\/\/test.arctic.klean.it\/udflugter\/mountain-top-sleepover\/#breadcrumb","itemListElement":[{"@type":"ListItem","position":1,"name":"Udflugter i Gr\u00f8nland","item":"https:\/\/test.arctic.klean.it\/da\/udflugter\/"},{"@type":"ListItem","position":2,"name":"Overnatning p\u00e5 Bjergtop"}]},{"@type":"WebSite","@id":"https:\/\/test.arctic.klean.it\/#website","url":"https:\/\/test.arctic.klean.it\/","name":"Arctic Excursions","description":"New adventures. Every day.","potentialAction":[{"@type":"SearchAction","target":{"@type":"EntryPoint","urlTemplate":"https:\/\/test.arctic.klean.it\/?s={search_term_string}"},"query-input":{"@type":"PropertyValueSpecification","valueRequired":true,"valueName":"search_term_string"}}],"inLanguage":"da-DK"}]}},"_links":{"self":[{"href":"https:\/\/test.arctic.klean.it\/da\/wp-json\/wp\/v2\/product\/4016","targetHints":{"allow":["GET"]}}],"collection":[{"href":"https:\/\/test.arctic.klean.it\/da\/wp-json\/wp\/v2\/product"}],"about":[{"href":"https:\/\/test.arctic.klean.it\/da\/wp-json\/wp\/v2\/types\/product"}],"replies":[{"embeddable":true,"href":"https:\/\/test.arctic.klean.it\/da\/wp-json\/wp\/v2\/comments?post=4016"}],"wp:featuredmedia":[{"embeddable":true,"href":"https:\/\/test.arctic.klean.it\/da\/wp-json\/wp\/v2\/media\/4014"}],"wp:attachment":[{"href":"https:\/\/test.arctic.klean.it\/da\/wp-json\/wp\/v2\/media?parent=4016"}],"wp:term":[{"taxonomy":"product_brand","embeddable":true,"href":"https:\/\/test.arctic.klean.it\/da\/wp-json\/wp\/v2\/product_brand?post=4016"},{"taxonomy":"product_cat","embeddable":true,"href":"https:\/\/test.arctic.klean.it\/da\/wp-json\/wp\/v2\/product_cat?post=4016"},{"taxonomy":"product_tag","embeddable":true,"href":"https:\/\/test.arctic.klean.it\/da\/wp-json\/wp\/v2\/product_tag?post=4016"}],"curies":[{"name":"wp","href":"https:\/\/api.w.org\/{rel}","templated":true}]}}