{"id":4145,"date":"2022-10-21T14:13:56","date_gmt":"2022-10-21T12:13:56","guid":{"rendered":"https:\/\/test.arctic.klean.it\/?post_type=product&#038;p=4145"},"modified":"2023-08-15T10:45:26","modified_gmt":"2023-08-15T08:45:26","slug":"nuuk-twilight","status":"publish","type":"product","link":"https:\/\/test.arctic.klean.it\/da\/udflugter\/nuuk-twilight\/","title":{"rendered":"Nuuk Twilight"},"content":{"rendered":"<p>Kom med p\u00e5 en 20 minutters helikopterflyvetur hen over byen Nuuk. <\/p>\n<p>N\u00e5r vinteren banker p\u00e5 d\u00f8ren, og daglyset bliver kortere, beriges vi med k\u00f8lige dage.<\/p>\n<p>Det betyder ogs\u00e5, at naturen byder p\u00e5 fantastiske solnedgange. <\/p>\n<p>Vi flyver, lige inden solen g\u00e5r ned, s\u00e5 man kan opleve solnedgangen fra luften. <\/p>\n<p>Mens vi er i luften forvandles den klare bl\u00e5 himmel til et orange flammehav.<\/p>\n","protected":false},"excerpt":{"rendered":"<p>Nuuk Twilight &#8211; Fly over byen &amp; oplev et unikt lysshow<\/p>\n","protected":false},"featured_media":4117,"comment_status":"open","ping_status":"closed","template":"","meta":{"_acf_changed":false},"product_brand":[],"product_cat":[170],"product_tag":[159],"class_list":{"0":"post-4145","1":"product","2":"type-product","3":"status-publish","4":"has-post-thumbnail","6":"product_cat-udflugt","7":"product_tag-1-da","8":"pa_dato-423","9":"pa_dato-424","10":"pa_dato-425","11":"pa_dato-256","12":"pa_dato-427","13":"pa_dato-428","14":"pa_dato-257","15":"pa_dato-429","16":"pa_dato-477","17":"pa_dato-479","18":"pa_dato-480","19":"pa_dato-462","20":"pa_dato-481","21":"pa_dato-482","22":"pa_dato-483","23":"pa_dato-484","24":"pa_dato-524","25":"pa_dato-525","26":"pa_dato-526","27":"pa_dato-527","28":"pa_dato-518","29":"pa_dato-523","30":"pa_dato-569","31":"pa_dato-450","32":"pa_dato-368","33":"pa_dato-371","34":"pa_dato-374","35":"pa_tidspunkt-72","36":"pa_tidspunkt-61","37":"pa_tidspunkt-83","38":"pa_tidspunkt-60","39":"pa_tidspunkt-93","40":"pa_tidspunkt-426","41":"pa_tidspunkt-39","42":"pa_tidspunkt-57","43":"pa_tidspunkt-69","44":"pa_tidspunkt-205","45":"pa_tidspunkt-722","46":"tour_location-nuuk-da","47":"tour_type-flightseeing","48":"tour_operator-air-greenland-charter","50":"first","51":"outofstock","52":"shipping-taxable","53":"product-type-variable"},"acf":[],"yoast_head":"<!-- This site is optimized with the Yoast SEO plugin v25.2 - https:\/\/yoast.com\/wordpress\/plugins\/seo\/ -->\n<title>Arctic Excursions<\/title>\n<meta name=\"robots\" content=\"index, follow, max-snippet:-1, max-image-preview:large, max-video-preview:-1\" \/>\n<link rel=\"canonical\" href=\"https:\/\/test.arctic.klean.it\/udflugter\/nuuk-twilight\/\" \/>\n<meta property=\"og:locale\" content=\"da_DK\" \/>\n<meta property=\"og:type\" content=\"article\" \/>\n<meta property=\"og:title\" content=\"Nuuk Twilight - Arctic Excursions\" \/>\n<meta property=\"og:description\" content=\"Nuuk Twilight - Fly over byen &amp; oplev et unikt lysshow\" \/>\n<meta property=\"og:url\" content=\"https:\/\/test.arctic.klean.it\/udflugter\/nuuk-twilight\/\" \/>\n<meta property=\"og:site_name\" content=\"Arctic Excursions\" \/>\n<meta property=\"article:modified_time\" content=\"2023-08-15T08:45:26+00:00\" \/>\n<meta property=\"og:image\" content=\"https:\/\/test.arctic.klean.it\/wp-content\/uploads\/2022\/11\/GOH-Twilight.jpg\" \/>\n\t<meta property=\"og:image:width\" content=\"1600\" \/>\n\t<meta property=\"og:image:height\" content=\"1067\" \/>\n\t<meta property=\"og:image:type\" content=\"image\/jpeg\" \/>\n<meta name=\"twitter:card\" content=\"summary_large_image\" \/>\n<script type=\"application\/ld+json\" class=\"yoast-schema-graph\">{\"@context\":\"https:\/\/schema.org\",\"@graph\":[{\"@type\":\"WebPage\",\"@id\":\"https:\/\/test.arctic.klean.it\/udflugter\/nuuk-twilight\/\",\"url\":\"https:\/\/test.arctic.klean.it\/udflugter\/nuuk-twilight\/\",\"name\":\"Nuuk Twilight - Arctic Excursions\",\"isPartOf\":{\"@id\":\"https:\/\/test.arctic.klean.it\/#website\"},\"primaryImageOfPage\":{\"@id\":\"https:\/\/test.arctic.klean.it\/udflugter\/nuuk-twilight\/#primaryimage\"},\"image\":{\"@id\":\"https:\/\/test.arctic.klean.it\/udflugter\/nuuk-twilight\/#primaryimage\"},\"thumbnailUrl\":\"https:\/\/test.arctic.klean.it\/wp-content\/uploads\/2022\/11\/GOH-Twilight.jpg\",\"datePublished\":\"2022-10-21T12:13:56+00:00\",\"dateModified\":\"2023-08-15T08:45:26+00:00\",\"breadcrumb\":{\"@id\":\"https:\/\/test.arctic.klean.it\/udflugter\/nuuk-twilight\/#breadcrumb\"},\"inLanguage\":\"da-DK\",\"potentialAction\":[{\"@type\":\"ReadAction\",\"target\":[\"https:\/\/test.arctic.klean.it\/udflugter\/nuuk-twilight\/\"]}]},{\"@type\":\"ImageObject\",\"inLanguage\":\"da-DK\",\"@id\":\"https:\/\/test.arctic.klean.it\/udflugter\/nuuk-twilight\/#primaryimage\",\"url\":\"https:\/\/test.arctic.klean.it\/wp-content\/uploads\/2022\/11\/GOH-Twilight.jpg\",\"contentUrl\":\"https:\/\/test.arctic.klean.it\/wp-content\/uploads\/2022\/11\/GOH-Twilight.jpg\",\"width\":1600,\"height\":1067},{\"@type\":\"BreadcrumbList\",\"@id\":\"https:\/\/test.arctic.klean.it\/udflugter\/nuuk-twilight\/#breadcrumb\",\"itemListElement\":[{\"@type\":\"ListItem\",\"position\":1,\"name\":\"Udflugter i Gr\u00f8nland\",\"item\":\"https:\/\/test.arctic.klean.it\/da\/udflugter\/\"},{\"@type\":\"ListItem\",\"position\":2,\"name\":\"Nuuk Twilight\"}]},{\"@type\":\"WebSite\",\"@id\":\"https:\/\/test.arctic.klean.it\/#website\",\"url\":\"https:\/\/test.arctic.klean.it\/\",\"name\":\"Arctic Excursions\",\"description\":\"New adventures. Every day.\",\"potentialAction\":[{\"@type\":\"SearchAction\",\"target\":{\"@type\":\"EntryPoint\",\"urlTemplate\":\"https:\/\/test.arctic.klean.it\/?s={search_term_string}\"},\"query-input\":{\"@type\":\"PropertyValueSpecification\",\"valueRequired\":true,\"valueName\":\"search_term_string\"}}],\"inLanguage\":\"da-DK\"}]}<\/script>\n<!-- \/ Yoast SEO plugin. -->","yoast_head_json":{"title":"Arctic Excursions","robots":{"index":"index","follow":"follow","max-snippet":"max-snippet:-1","max-image-preview":"max-image-preview:large","max-video-preview":"max-video-preview:-1"},"canonical":"https:\/\/test.arctic.klean.it\/udflugter\/nuuk-twilight\/","og_locale":"da_DK","og_type":"article","og_title":"Nuuk Twilight - Arctic Excursions","og_description":"Nuuk Twilight - Fly over byen &amp; oplev et unikt lysshow","og_url":"https:\/\/test.arctic.klean.it\/udflugter\/nuuk-twilight\/","og_site_name":"Arctic Excursions","article_modified_time":"2023-08-15T08:45:26+00:00","og_image":[{"width":1600,"height":1067,"url":"https:\/\/test.arctic.klean.it\/wp-content\/uploads\/2022\/11\/GOH-Twilight.jpg","type":"image\/jpeg"}],"twitter_card":"summary_large_image","schema":{"@context":"https:\/\/schema.org","@graph":[{"@type":"WebPage","@id":"https:\/\/test.arctic.klean.it\/udflugter\/nuuk-twilight\/","url":"https:\/\/test.arctic.klean.it\/udflugter\/nuuk-twilight\/","name":"Nuuk Twilight - Arctic Excursions","isPartOf":{"@id":"https:\/\/test.arctic.klean.it\/#website"},"primaryImageOfPage":{"@id":"https:\/\/test.arctic.klean.it\/udflugter\/nuuk-twilight\/#primaryimage"},"image":{"@id":"https:\/\/test.arctic.klean.it\/udflugter\/nuuk-twilight\/#primaryimage"},"thumbnailUrl":"https:\/\/test.arctic.klean.it\/wp-content\/uploads\/2022\/11\/GOH-Twilight.jpg","datePublished":"2022-10-21T12:13:56+00:00","dateModified":"2023-08-15T08:45:26+00:00","breadcrumb":{"@id":"https:\/\/test.arctic.klean.it\/udflugter\/nuuk-twilight\/#breadcrumb"},"inLanguage":"da-DK","potentialAction":[{"@type":"ReadAction","target":["https:\/\/test.arctic.klean.it\/udflugter\/nuuk-twilight\/"]}]},{"@type":"ImageObject","inLanguage":"da-DK","@id":"https:\/\/test.arctic.klean.it\/udflugter\/nuuk-twilight\/#primaryimage","url":"https:\/\/test.arctic.klean.it\/wp-content\/uploads\/2022\/11\/GOH-Twilight.jpg","contentUrl":"https:\/\/test.arctic.klean.it\/wp-content\/uploads\/2022\/11\/GOH-Twilight.jpg","width":1600,"height":1067},{"@type":"BreadcrumbList","@id":"https:\/\/test.arctic.klean.it\/udflugter\/nuuk-twilight\/#breadcrumb","itemListElement":[{"@type":"ListItem","position":1,"name":"Udflugter i Gr\u00f8nland","item":"https:\/\/test.arctic.klean.it\/da\/udflugter\/"},{"@type":"ListItem","position":2,"name":"Nuuk Twilight"}]},{"@type":"WebSite","@id":"https:\/\/test.arctic.klean.it\/#website","url":"https:\/\/test.arctic.klean.it\/","name":"Arctic Excursions","description":"New adventures. Every day.","potentialAction":[{"@type":"SearchAction","target":{"@type":"EntryPoint","urlTemplate":"https:\/\/test.arctic.klean.it\/?s={search_term_string}"},"query-input":{"@type":"PropertyValueSpecification","valueRequired":true,"valueName":"search_term_string"}}],"inLanguage":"da-DK"}]}},"_links":{"self":[{"href":"https:\/\/test.arctic.klean.it\/da\/wp-json\/wp\/v2\/product\/4145","targetHints":{"allow":["GET"]}}],"collection":[{"href":"https:\/\/test.arctic.klean.it\/da\/wp-json\/wp\/v2\/product"}],"about":[{"href":"https:\/\/test.arctic.klean.it\/da\/wp-json\/wp\/v2\/types\/product"}],"replies":[{"embeddable":true,"href":"https:\/\/test.arctic.klean.it\/da\/wp-json\/wp\/v2\/comments?post=4145"}],"wp:featuredmedia":[{"embeddable":true,"href":"https:\/\/test.arctic.klean.it\/da\/wp-json\/wp\/v2\/media\/4117"}],"wp:attachment":[{"href":"https:\/\/test.arctic.klean.it\/da\/wp-json\/wp\/v2\/media?parent=4145"}],"wp:term":[{"taxonomy":"product_brand","embeddable":true,"href":"https:\/\/test.arctic.klean.it\/da\/wp-json\/wp\/v2\/product_brand?post=4145"},{"taxonomy":"product_cat","embeddable":true,"href":"https:\/\/test.arctic.klean.it\/da\/wp-json\/wp\/v2\/product_cat?post=4145"},{"taxonomy":"product_tag","embeddable":true,"href":"https:\/\/test.arctic.klean.it\/da\/wp-json\/wp\/v2\/product_tag?post=4145"}],"curies":[{"name":"wp","href":"https:\/\/api.w.org\/{rel}","templated":true}]}}