{"id":4177,"date":"2022-10-21T14:25:52","date_gmt":"2022-10-21T12:25:52","guid":{"rendered":"https:\/\/test.arctic.klean.it\/?post_type=product&#038;p=4177"},"modified":"2023-08-15T10:45:27","modified_gmt":"2023-08-15T08:45:27","slug":"nuuk-summit","status":"publish","type":"product","link":"https:\/\/test.arctic.klean.it\/da\/udflugter\/nuuk-summit\/","title":{"rendered":"Nuuk Summit"},"content":{"rendered":"<p>Tag med p\u00e5 helikoptertur, hvor vi lander p\u00e5 et af de fantastiske bjerge omkring Nuuk.<\/p>\n<p><b>Varighed:<\/b> 1 time. <\/p>\n<p>Sermitsiaq eller Hjortetakken.<\/p>\n<p>Udsigten fra begge fjelde er ganske unikke, og du kan nyde den storsl\u00e5ede udsigt over Nuuk Fjord p\u00e5 begge ture.<\/p>\n<p>Mens vi er i luften, bliver den klare bl\u00e5 himmel til et hav af orange flammer.<\/p>\n<p>P\u00e5 turen m\u00e5 man gerne medbringe drikkevarer, snacks og alt, hvad der ellers kan friste.<\/p>\n<p>Vi anbefaler, at man tager godt med t\u00f8j p\u00e5 samt solide st\u00f8vler.<\/p>\n","protected":false},"excerpt":{"rendered":"<p>Oplev en helikoptertur med landing p\u00e5 Sermitsiaq eller Hjortetakken. <\/p>\n","protected":false},"featured_media":4122,"comment_status":"open","ping_status":"closed","template":"","meta":{"_acf_changed":false},"product_brand":[],"product_cat":[170],"product_tag":[159],"class_list":{"0":"post-4177","1":"product","2":"type-product","3":"status-publish","4":"has-post-thumbnail","6":"product_cat-udflugt","7":"product_tag-1-da","8":"pa_dato-423","9":"pa_dato-424","10":"pa_dato-425","11":"pa_dato-256","12":"pa_dato-427","13":"pa_dato-428","14":"pa_dato-257","15":"pa_dato-429","16":"pa_dato-477","17":"pa_dato-479","18":"pa_dato-480","19":"pa_dato-462","20":"pa_dato-481","21":"pa_dato-482","22":"pa_dato-483","23":"pa_dato-484","24":"pa_dato-524","25":"pa_dato-525","26":"pa_dato-526","27":"pa_dato-527","28":"pa_dato-518","29":"pa_dato-523","30":"pa_dato-569","31":"pa_dato-450","32":"pa_dato-368","33":"pa_dato-371","34":"pa_dato-374","35":"pa_dato-377","36":"pa_dato-380","37":"pa_dato-383","38":"pa_dato-386","39":"pa_dato-390","40":"pa_dato-391","41":"pa_dato-398","42":"pa_dato-626","43":"pa_dato-634","44":"pa_dato-641","45":"pa_dato-648","46":"pa_dato-584","47":"pa_dato-660","48":"pa_dato-665","49":"pa_dato-667","50":"pa_dato-670","51":"pa_dato-551","52":"pa_dato-554","53":"pa_tidspunkt-72","54":"pa_tidspunkt-58","55":"pa_tidspunkt-748","56":"pa_tidspunkt-221","57":"pa_tidspunkt-177","58":"pa_tidspunkt-229","59":"pa_tidspunkt-182","60":"pa_tidspunkt-314","61":"pa_tidspunkt-478","62":"pa_tidspunkt-317","63":"pa_tidspunkt-227","64":"pa_tidspunkt-308","65":"pa_tidspunkt-431","66":"pa_tidspunkt-27","67":"pa_tidspunkt-61","68":"pa_tidspunkt-93","69":"pa_tidspunkt-426","70":"pa_tidspunkt-39","71":"pa_tidspunkt-57","72":"pa_tidspunkt-110","73":"tour_location-nuuk-da","74":"tour_type-flightseeing","75":"tour_operator-air-greenland-charter","77":"first","78":"outofstock","79":"shipping-taxable","80":"product-type-variable"},"acf":[],"yoast_head":"<!-- This site is optimized with the Yoast SEO plugin v25.2 - https:\/\/yoast.com\/wordpress\/plugins\/seo\/ -->\n<title>Arctic Excursions<\/title>\n<meta name=\"robots\" content=\"index, follow, max-snippet:-1, max-image-preview:large, max-video-preview:-1\" \/>\n<link rel=\"canonical\" href=\"https:\/\/test.arctic.klean.it\/udflugter\/nuuk-summit\/\" \/>\n<meta property=\"og:locale\" content=\"da_DK\" \/>\n<meta property=\"og:type\" content=\"article\" \/>\n<meta property=\"og:title\" content=\"Nuuk Summit - Arctic Excursions\" \/>\n<meta property=\"og:description\" content=\"Oplev en helikoptertur med landing p\u00e5 Sermitsiaq eller Hjortetakken.\" \/>\n<meta property=\"og:url\" content=\"https:\/\/test.arctic.klean.it\/udflugter\/nuuk-summit\/\" \/>\n<meta property=\"og:site_name\" content=\"Arctic Excursions\" \/>\n<meta property=\"article:modified_time\" content=\"2023-08-15T08:45:27+00:00\" \/>\n<meta property=\"og:image\" content=\"https:\/\/test.arctic.klean.it\/wp-content\/uploads\/2022\/11\/Nuuk-Summit-Inesa-Matuliauskaite-Guide-to-Greenland-team-19-scaled.jpg\" \/>\n\t<meta property=\"og:image:width\" content=\"2560\" \/>\n\t<meta property=\"og:image:height\" content=\"1707\" \/>\n\t<meta property=\"og:image:type\" content=\"image\/jpeg\" \/>\n<meta name=\"twitter:card\" content=\"summary_large_image\" \/>\n<script type=\"application\/ld+json\" class=\"yoast-schema-graph\">{\"@context\":\"https:\/\/schema.org\",\"@graph\":[{\"@type\":\"WebPage\",\"@id\":\"https:\/\/test.arctic.klean.it\/udflugter\/nuuk-summit\/\",\"url\":\"https:\/\/test.arctic.klean.it\/udflugter\/nuuk-summit\/\",\"name\":\"Nuuk Summit - Arctic Excursions\",\"isPartOf\":{\"@id\":\"https:\/\/test.arctic.klean.it\/#website\"},\"primaryImageOfPage\":{\"@id\":\"https:\/\/test.arctic.klean.it\/udflugter\/nuuk-summit\/#primaryimage\"},\"image\":{\"@id\":\"https:\/\/test.arctic.klean.it\/udflugter\/nuuk-summit\/#primaryimage\"},\"thumbnailUrl\":\"https:\/\/test.arctic.klean.it\/wp-content\/uploads\/2022\/11\/Nuuk-Summit-Inesa-Matuliauskaite-Guide-to-Greenland-team-19-scaled.jpg\",\"datePublished\":\"2022-10-21T12:25:52+00:00\",\"dateModified\":\"2023-08-15T08:45:27+00:00\",\"breadcrumb\":{\"@id\":\"https:\/\/test.arctic.klean.it\/udflugter\/nuuk-summit\/#breadcrumb\"},\"inLanguage\":\"da-DK\",\"potentialAction\":[{\"@type\":\"ReadAction\",\"target\":[\"https:\/\/test.arctic.klean.it\/udflugter\/nuuk-summit\/\"]}]},{\"@type\":\"ImageObject\",\"inLanguage\":\"da-DK\",\"@id\":\"https:\/\/test.arctic.klean.it\/udflugter\/nuuk-summit\/#primaryimage\",\"url\":\"https:\/\/test.arctic.klean.it\/wp-content\/uploads\/2022\/11\/Nuuk-Summit-Inesa-Matuliauskaite-Guide-to-Greenland-team-19-scaled.jpg\",\"contentUrl\":\"https:\/\/test.arctic.klean.it\/wp-content\/uploads\/2022\/11\/Nuuk-Summit-Inesa-Matuliauskaite-Guide-to-Greenland-team-19-scaled.jpg\",\"width\":2560,\"height\":1707},{\"@type\":\"BreadcrumbList\",\"@id\":\"https:\/\/test.arctic.klean.it\/udflugter\/nuuk-summit\/#breadcrumb\",\"itemListElement\":[{\"@type\":\"ListItem\",\"position\":1,\"name\":\"Udflugter i Gr\u00f8nland\",\"item\":\"https:\/\/test.arctic.klean.it\/da\/udflugter\/\"},{\"@type\":\"ListItem\",\"position\":2,\"name\":\"Nuuk Summit\"}]},{\"@type\":\"WebSite\",\"@id\":\"https:\/\/test.arctic.klean.it\/#website\",\"url\":\"https:\/\/test.arctic.klean.it\/\",\"name\":\"Arctic Excursions\",\"description\":\"New adventures. Every day.\",\"potentialAction\":[{\"@type\":\"SearchAction\",\"target\":{\"@type\":\"EntryPoint\",\"urlTemplate\":\"https:\/\/test.arctic.klean.it\/?s={search_term_string}\"},\"query-input\":{\"@type\":\"PropertyValueSpecification\",\"valueRequired\":true,\"valueName\":\"search_term_string\"}}],\"inLanguage\":\"da-DK\"}]}<\/script>\n<!-- \/ Yoast SEO plugin. -->","yoast_head_json":{"title":"Arctic Excursions","robots":{"index":"index","follow":"follow","max-snippet":"max-snippet:-1","max-image-preview":"max-image-preview:large","max-video-preview":"max-video-preview:-1"},"canonical":"https:\/\/test.arctic.klean.it\/udflugter\/nuuk-summit\/","og_locale":"da_DK","og_type":"article","og_title":"Nuuk Summit - Arctic Excursions","og_description":"Oplev en helikoptertur med landing p\u00e5 Sermitsiaq eller Hjortetakken.","og_url":"https:\/\/test.arctic.klean.it\/udflugter\/nuuk-summit\/","og_site_name":"Arctic Excursions","article_modified_time":"2023-08-15T08:45:27+00:00","og_image":[{"width":2560,"height":1707,"url":"https:\/\/test.arctic.klean.it\/wp-content\/uploads\/2022\/11\/Nuuk-Summit-Inesa-Matuliauskaite-Guide-to-Greenland-team-19-scaled.jpg","type":"image\/jpeg"}],"twitter_card":"summary_large_image","schema":{"@context":"https:\/\/schema.org","@graph":[{"@type":"WebPage","@id":"https:\/\/test.arctic.klean.it\/udflugter\/nuuk-summit\/","url":"https:\/\/test.arctic.klean.it\/udflugter\/nuuk-summit\/","name":"Nuuk Summit - Arctic Excursions","isPartOf":{"@id":"https:\/\/test.arctic.klean.it\/#website"},"primaryImageOfPage":{"@id":"https:\/\/test.arctic.klean.it\/udflugter\/nuuk-summit\/#primaryimage"},"image":{"@id":"https:\/\/test.arctic.klean.it\/udflugter\/nuuk-summit\/#primaryimage"},"thumbnailUrl":"https:\/\/test.arctic.klean.it\/wp-content\/uploads\/2022\/11\/Nuuk-Summit-Inesa-Matuliauskaite-Guide-to-Greenland-team-19-scaled.jpg","datePublished":"2022-10-21T12:25:52+00:00","dateModified":"2023-08-15T08:45:27+00:00","breadcrumb":{"@id":"https:\/\/test.arctic.klean.it\/udflugter\/nuuk-summit\/#breadcrumb"},"inLanguage":"da-DK","potentialAction":[{"@type":"ReadAction","target":["https:\/\/test.arctic.klean.it\/udflugter\/nuuk-summit\/"]}]},{"@type":"ImageObject","inLanguage":"da-DK","@id":"https:\/\/test.arctic.klean.it\/udflugter\/nuuk-summit\/#primaryimage","url":"https:\/\/test.arctic.klean.it\/wp-content\/uploads\/2022\/11\/Nuuk-Summit-Inesa-Matuliauskaite-Guide-to-Greenland-team-19-scaled.jpg","contentUrl":"https:\/\/test.arctic.klean.it\/wp-content\/uploads\/2022\/11\/Nuuk-Summit-Inesa-Matuliauskaite-Guide-to-Greenland-team-19-scaled.jpg","width":2560,"height":1707},{"@type":"BreadcrumbList","@id":"https:\/\/test.arctic.klean.it\/udflugter\/nuuk-summit\/#breadcrumb","itemListElement":[{"@type":"ListItem","position":1,"name":"Udflugter i Gr\u00f8nland","item":"https:\/\/test.arctic.klean.it\/da\/udflugter\/"},{"@type":"ListItem","position":2,"name":"Nuuk Summit"}]},{"@type":"WebSite","@id":"https:\/\/test.arctic.klean.it\/#website","url":"https:\/\/test.arctic.klean.it\/","name":"Arctic Excursions","description":"New adventures. Every day.","potentialAction":[{"@type":"SearchAction","target":{"@type":"EntryPoint","urlTemplate":"https:\/\/test.arctic.klean.it\/?s={search_term_string}"},"query-input":{"@type":"PropertyValueSpecification","valueRequired":true,"valueName":"search_term_string"}}],"inLanguage":"da-DK"}]}},"_links":{"self":[{"href":"https:\/\/test.arctic.klean.it\/da\/wp-json\/wp\/v2\/product\/4177","targetHints":{"allow":["GET"]}}],"collection":[{"href":"https:\/\/test.arctic.klean.it\/da\/wp-json\/wp\/v2\/product"}],"about":[{"href":"https:\/\/test.arctic.klean.it\/da\/wp-json\/wp\/v2\/types\/product"}],"replies":[{"embeddable":true,"href":"https:\/\/test.arctic.klean.it\/da\/wp-json\/wp\/v2\/comments?post=4177"}],"wp:featuredmedia":[{"embeddable":true,"href":"https:\/\/test.arctic.klean.it\/da\/wp-json\/wp\/v2\/media\/4122"}],"wp:attachment":[{"href":"https:\/\/test.arctic.klean.it\/da\/wp-json\/wp\/v2\/media?parent=4177"}],"wp:term":[{"taxonomy":"product_brand","embeddable":true,"href":"https:\/\/test.arctic.klean.it\/da\/wp-json\/wp\/v2\/product_brand?post=4177"},{"taxonomy":"product_cat","embeddable":true,"href":"https:\/\/test.arctic.klean.it\/da\/wp-json\/wp\/v2\/product_cat?post=4177"},{"taxonomy":"product_tag","embeddable":true,"href":"https:\/\/test.arctic.klean.it\/da\/wp-json\/wp\/v2\/product_tag?post=4177"}],"curies":[{"name":"wp","href":"https:\/\/api.w.org\/{rel}","templated":true}]}}