{"id":4195,"date":"2022-10-21T14:46:35","date_gmt":"2022-10-21T12:46:35","guid":{"rendered":"https:\/\/test.arctic.klean.it\/?post_type=product&#038;p=4195"},"modified":"2023-08-15T10:45:36","modified_gmt":"2023-08-15T08:45:36","slug":"ilulissat-sightseeing","status":"publish","type":"product","link":"https:\/\/test.arctic.klean.it\/da\/udflugter\/ilulissat-sightseeing\/","title":{"rendered":"Ilulissat Sightseeing"},"content":{"rendered":"<p>Vil du opleve Ilulissat, som du aldrig har oplevet byen f\u00f8r? F\u00e5 en spektakul\u00e6r oplevelse med en 20 minutter lang flyvetur med helikopter.<\/p>\n<p>Unik oplevelse fra en helikopter.<\/p>\n<p><b>Et minde for livet<\/b><\/p>\n","protected":false},"excerpt":{"rendered":"<p>Ilulissat sightseeing med helikopter<br \/>\n&#8211; en uforglemmelig oplevelse!<\/p>\n","protected":false},"featured_media":4126,"comment_status":"open","ping_status":"closed","template":"","meta":{"_acf_changed":false},"product_brand":[],"product_cat":[170],"product_tag":[159],"class_list":{"0":"post-4195","1":"product","2":"type-product","3":"status-publish","4":"has-post-thumbnail","6":"product_cat-udflugt","7":"product_tag-1-da","8":"pa_dato-423","9":"pa_dato-425","10":"pa_dato-256","11":"pa_dato-427","12":"pa_dato-428","13":"pa_dato-257","14":"pa_dato-429","15":"pa_dato-524","16":"pa_dato-526","17":"pa_dato-339","18":"pa_dato-371","19":"pa_dato-374","20":"pa_dato-377","21":"pa_dato-380","22":"pa_dato-390","23":"pa_dato-398","24":"pa_dato-626","25":"pa_dato-648","26":"pa_dato-660","27":"pa_dato-665","28":"pa_dato-667","29":"pa_dato-669","30":"pa_dato-673","31":"pa_dato-539","32":"pa_dato-543","33":"pa_tidspunkt-72","34":"pa_tidspunkt-38","35":"pa_tidspunkt-58","36":"pa_tidspunkt-304","37":"pa_tidspunkt-77","38":"pa_tidspunkt-229","39":"pa_tidspunkt-478","40":"pa_tidspunkt-317","41":"pa_tidspunkt-227","42":"pa_tidspunkt-308","43":"pa_tidspunkt-431","44":"pa_tidspunkt-27","45":"pa_tidspunkt-430","46":"pa_tidspunkt-83","47":"pa_tidspunkt-60","48":"pa_tidspunkt-426","49":"pa_tidspunkt-39","50":"pa_tidspunkt-57","51":"pa_tidspunkt-110","52":"tour_location-ilulissat-da","53":"tour_type-flightseeing","54":"tour_operator-air-greenland-charter","56":"first","57":"outofstock","58":"shipping-taxable","59":"product-type-variable"},"acf":[],"yoast_head":"<!-- This site is optimized with the Yoast SEO plugin v25.2 - https:\/\/yoast.com\/wordpress\/plugins\/seo\/ -->\n<title>Arctic Excursions<\/title>\n<meta name=\"robots\" content=\"index, follow, max-snippet:-1, max-image-preview:large, max-video-preview:-1\" \/>\n<link rel=\"canonical\" href=\"https:\/\/test.arctic.klean.it\/udflugter\/ilulissat-sightseeing\/\" \/>\n<meta property=\"og:locale\" content=\"da_DK\" \/>\n<meta property=\"og:type\" content=\"article\" \/>\n<meta property=\"og:title\" content=\"Ilulissat Sightseeing - Arctic Excursions\" \/>\n<meta property=\"og:description\" content=\"Ilulissat sightseeing med helikopter - en uforglemmelig oplevelse!\" \/>\n<meta property=\"og:url\" content=\"https:\/\/test.arctic.klean.it\/udflugter\/ilulissat-sightseeing\/\" \/>\n<meta property=\"og:site_name\" content=\"Arctic Excursions\" \/>\n<meta property=\"article:modified_time\" content=\"2023-08-15T08:45:36+00:00\" \/>\n<meta property=\"og:image\" content=\"https:\/\/test.arctic.klean.it\/wp-content\/uploads\/2022\/11\/313491210_1441536236336514_4921126851274889444_n-1.jpg\" \/>\n\t<meta property=\"og:image:width\" content=\"1536\" \/>\n\t<meta property=\"og:image:height\" content=\"2048\" \/>\n\t<meta property=\"og:image:type\" content=\"image\/jpeg\" \/>\n<meta name=\"twitter:card\" content=\"summary_large_image\" \/>\n<script type=\"application\/ld+json\" class=\"yoast-schema-graph\">{\"@context\":\"https:\/\/schema.org\",\"@graph\":[{\"@type\":\"WebPage\",\"@id\":\"https:\/\/test.arctic.klean.it\/udflugter\/ilulissat-sightseeing\/\",\"url\":\"https:\/\/test.arctic.klean.it\/udflugter\/ilulissat-sightseeing\/\",\"name\":\"Ilulissat Sightseeing - Arctic Excursions\",\"isPartOf\":{\"@id\":\"https:\/\/test.arctic.klean.it\/#website\"},\"primaryImageOfPage\":{\"@id\":\"https:\/\/test.arctic.klean.it\/udflugter\/ilulissat-sightseeing\/#primaryimage\"},\"image\":{\"@id\":\"https:\/\/test.arctic.klean.it\/udflugter\/ilulissat-sightseeing\/#primaryimage\"},\"thumbnailUrl\":\"https:\/\/test.arctic.klean.it\/wp-content\/uploads\/2022\/11\/313491210_1441536236336514_4921126851274889444_n-1.jpg\",\"datePublished\":\"2022-10-21T12:46:35+00:00\",\"dateModified\":\"2023-08-15T08:45:36+00:00\",\"breadcrumb\":{\"@id\":\"https:\/\/test.arctic.klean.it\/udflugter\/ilulissat-sightseeing\/#breadcrumb\"},\"inLanguage\":\"da-DK\",\"potentialAction\":[{\"@type\":\"ReadAction\",\"target\":[\"https:\/\/test.arctic.klean.it\/udflugter\/ilulissat-sightseeing\/\"]}]},{\"@type\":\"ImageObject\",\"inLanguage\":\"da-DK\",\"@id\":\"https:\/\/test.arctic.klean.it\/udflugter\/ilulissat-sightseeing\/#primaryimage\",\"url\":\"https:\/\/test.arctic.klean.it\/wp-content\/uploads\/2022\/11\/313491210_1441536236336514_4921126851274889444_n-1.jpg\",\"contentUrl\":\"https:\/\/test.arctic.klean.it\/wp-content\/uploads\/2022\/11\/313491210_1441536236336514_4921126851274889444_n-1.jpg\",\"width\":1536,\"height\":2048},{\"@type\":\"BreadcrumbList\",\"@id\":\"https:\/\/test.arctic.klean.it\/udflugter\/ilulissat-sightseeing\/#breadcrumb\",\"itemListElement\":[{\"@type\":\"ListItem\",\"position\":1,\"name\":\"Udflugter i Gr\u00f8nland\",\"item\":\"https:\/\/test.arctic.klean.it\/da\/udflugter\/\"},{\"@type\":\"ListItem\",\"position\":2,\"name\":\"Ilulissat Sightseeing\"}]},{\"@type\":\"WebSite\",\"@id\":\"https:\/\/test.arctic.klean.it\/#website\",\"url\":\"https:\/\/test.arctic.klean.it\/\",\"name\":\"Arctic Excursions\",\"description\":\"New adventures. Every day.\",\"potentialAction\":[{\"@type\":\"SearchAction\",\"target\":{\"@type\":\"EntryPoint\",\"urlTemplate\":\"https:\/\/test.arctic.klean.it\/?s={search_term_string}\"},\"query-input\":{\"@type\":\"PropertyValueSpecification\",\"valueRequired\":true,\"valueName\":\"search_term_string\"}}],\"inLanguage\":\"da-DK\"}]}<\/script>\n<!-- \/ Yoast SEO plugin. -->","yoast_head_json":{"title":"Arctic Excursions","robots":{"index":"index","follow":"follow","max-snippet":"max-snippet:-1","max-image-preview":"max-image-preview:large","max-video-preview":"max-video-preview:-1"},"canonical":"https:\/\/test.arctic.klean.it\/udflugter\/ilulissat-sightseeing\/","og_locale":"da_DK","og_type":"article","og_title":"Ilulissat Sightseeing - Arctic Excursions","og_description":"Ilulissat sightseeing med helikopter - en uforglemmelig oplevelse!","og_url":"https:\/\/test.arctic.klean.it\/udflugter\/ilulissat-sightseeing\/","og_site_name":"Arctic Excursions","article_modified_time":"2023-08-15T08:45:36+00:00","og_image":[{"width":1536,"height":2048,"url":"https:\/\/test.arctic.klean.it\/wp-content\/uploads\/2022\/11\/313491210_1441536236336514_4921126851274889444_n-1.jpg","type":"image\/jpeg"}],"twitter_card":"summary_large_image","schema":{"@context":"https:\/\/schema.org","@graph":[{"@type":"WebPage","@id":"https:\/\/test.arctic.klean.it\/udflugter\/ilulissat-sightseeing\/","url":"https:\/\/test.arctic.klean.it\/udflugter\/ilulissat-sightseeing\/","name":"Ilulissat Sightseeing - Arctic Excursions","isPartOf":{"@id":"https:\/\/test.arctic.klean.it\/#website"},"primaryImageOfPage":{"@id":"https:\/\/test.arctic.klean.it\/udflugter\/ilulissat-sightseeing\/#primaryimage"},"image":{"@id":"https:\/\/test.arctic.klean.it\/udflugter\/ilulissat-sightseeing\/#primaryimage"},"thumbnailUrl":"https:\/\/test.arctic.klean.it\/wp-content\/uploads\/2022\/11\/313491210_1441536236336514_4921126851274889444_n-1.jpg","datePublished":"2022-10-21T12:46:35+00:00","dateModified":"2023-08-15T08:45:36+00:00","breadcrumb":{"@id":"https:\/\/test.arctic.klean.it\/udflugter\/ilulissat-sightseeing\/#breadcrumb"},"inLanguage":"da-DK","potentialAction":[{"@type":"ReadAction","target":["https:\/\/test.arctic.klean.it\/udflugter\/ilulissat-sightseeing\/"]}]},{"@type":"ImageObject","inLanguage":"da-DK","@id":"https:\/\/test.arctic.klean.it\/udflugter\/ilulissat-sightseeing\/#primaryimage","url":"https:\/\/test.arctic.klean.it\/wp-content\/uploads\/2022\/11\/313491210_1441536236336514_4921126851274889444_n-1.jpg","contentUrl":"https:\/\/test.arctic.klean.it\/wp-content\/uploads\/2022\/11\/313491210_1441536236336514_4921126851274889444_n-1.jpg","width":1536,"height":2048},{"@type":"BreadcrumbList","@id":"https:\/\/test.arctic.klean.it\/udflugter\/ilulissat-sightseeing\/#breadcrumb","itemListElement":[{"@type":"ListItem","position":1,"name":"Udflugter i Gr\u00f8nland","item":"https:\/\/test.arctic.klean.it\/da\/udflugter\/"},{"@type":"ListItem","position":2,"name":"Ilulissat Sightseeing"}]},{"@type":"WebSite","@id":"https:\/\/test.arctic.klean.it\/#website","url":"https:\/\/test.arctic.klean.it\/","name":"Arctic Excursions","description":"New adventures. Every day.","potentialAction":[{"@type":"SearchAction","target":{"@type":"EntryPoint","urlTemplate":"https:\/\/test.arctic.klean.it\/?s={search_term_string}"},"query-input":{"@type":"PropertyValueSpecification","valueRequired":true,"valueName":"search_term_string"}}],"inLanguage":"da-DK"}]}},"_links":{"self":[{"href":"https:\/\/test.arctic.klean.it\/da\/wp-json\/wp\/v2\/product\/4195","targetHints":{"allow":["GET"]}}],"collection":[{"href":"https:\/\/test.arctic.klean.it\/da\/wp-json\/wp\/v2\/product"}],"about":[{"href":"https:\/\/test.arctic.klean.it\/da\/wp-json\/wp\/v2\/types\/product"}],"replies":[{"embeddable":true,"href":"https:\/\/test.arctic.klean.it\/da\/wp-json\/wp\/v2\/comments?post=4195"}],"wp:featuredmedia":[{"embeddable":true,"href":"https:\/\/test.arctic.klean.it\/da\/wp-json\/wp\/v2\/media\/4126"}],"wp:attachment":[{"href":"https:\/\/test.arctic.klean.it\/da\/wp-json\/wp\/v2\/media?parent=4195"}],"wp:term":[{"taxonomy":"product_brand","embeddable":true,"href":"https:\/\/test.arctic.klean.it\/da\/wp-json\/wp\/v2\/product_brand?post=4195"},{"taxonomy":"product_cat","embeddable":true,"href":"https:\/\/test.arctic.klean.it\/da\/wp-json\/wp\/v2\/product_cat?post=4195"},{"taxonomy":"product_tag","embeddable":true,"href":"https:\/\/test.arctic.klean.it\/da\/wp-json\/wp\/v2\/product_tag?post=4195"}],"curies":[{"name":"wp","href":"https:\/\/api.w.org\/{rel}","templated":true}]}}