{"id":4355,"date":"2022-10-24T20:05:07","date_gmt":"2022-10-24T18:05:07","guid":{"rendered":"https:\/\/test.arctic.klean.it\/?post_type=product&#038;p=4355"},"modified":"2023-05-01T13:11:55","modified_gmt":"2023-05-01T11:11:55","slug":"dagstur-paa-snescooter-hundeslaede","status":"publish","type":"product","link":"https:\/\/test.arctic.klean.it\/da\/udflugter\/dagstur-paa-snescooter-hundeslaede\/","title":{"rendered":"Dagstur p\u00e5 snescooter &#038; hundesl\u00e6de (8 timer)"},"content":{"rendered":"<p>Vil du gerne opleve en fantastisk dag med hundesl\u00e6de- og snescooterk\u00f8rsel? <\/p>\n<p>S\u00e5 er denne rejse som skabt til dig.<\/p>\n<p>Turen tager i alt omkring 8 timer tur\/retur. <\/p>\n<p>P\u00e5 den f\u00f8rste del af turen k\u00f8rer vi 25 km. p\u00e5 snescooter til Ilulissat Icefiord, som er en del af UNESCOs World Heritage liste. <\/p>\n<p>P\u00e5 den anden del af turen k\u00f8rer vi 5-6 km. p\u00e5 hundesl\u00e6de til fiskeomr\u00e5derne, hvor du b\u00e5de kan pr\u00f8ve at fiske og at g\u00e5 rundt og f\u00e5 varmen i et varmt telt.<\/p>\n","protected":false},"excerpt":{"rendered":"<p>Oplev en dag med snescooterk\u00f8rsel og hundesl\u00e6de<\/p>\n","protected":false},"featured_media":3807,"comment_status":"open","ping_status":"closed","template":"","meta":{"_acf_changed":false},"product_brand":[],"product_cat":[170],"product_tag":[160],"class_list":{"0":"post-4355","1":"product","2":"type-product","3":"status-publish","4":"has-post-thumbnail","6":"product_cat-udflugt","7":"product_tag-2-da","8":"pa_dato-408","9":"pa_dato-336","10":"pa_dato-337","11":"pa_dato-343","12":"pa_dato-345","13":"pa_dato-413","14":"pa_dato-349","15":"pa_dato-382","16":"pa_dato-383","17":"pa_tidspunkt-72","18":"pa_tidspunkt-438","19":"tour_location-ilulissat-da","20":"tour_type-hundeslaede","21":"tour_operator-explore-ilulissat","23":"first","24":"outofstock","25":"shipping-taxable","26":"product-type-variable"},"acf":[],"yoast_head":"<!-- This site is optimized with the Yoast SEO plugin v25.2 - https:\/\/yoast.com\/wordpress\/plugins\/seo\/ -->\n<title>Arctic Excursions<\/title>\n<meta name=\"robots\" content=\"index, follow, max-snippet:-1, max-image-preview:large, max-video-preview:-1\" \/>\n<link rel=\"canonical\" href=\"https:\/\/test.arctic.klean.it\/udflugter\/day-tour-snowmobile-dogsledding\/\" \/>\n<meta property=\"og:locale\" content=\"da_DK\" \/>\n<meta property=\"og:type\" content=\"article\" \/>\n<meta property=\"og:title\" content=\"Dagstur p\u00e5 snescooter &amp; hundesl\u00e6de (8 timer) - Arctic Excursions\" \/>\n<meta property=\"og:description\" content=\"Oplev en dag med snescooterk\u00f8rsel og hundesl\u00e6de\" \/>\n<meta property=\"og:url\" content=\"https:\/\/test.arctic.klean.it\/udflugter\/day-tour-snowmobile-dogsledding\/\" \/>\n<meta property=\"og:site_name\" content=\"Arctic Excursions\" \/>\n<meta property=\"article:modified_time\" content=\"2023-05-01T11:11:55+00:00\" \/>\n<meta property=\"og:image\" content=\"https:\/\/test.arctic.klean.it\/wp-content\/uploads\/2022\/10\/Skaermbillede-2022-10-24-kl.-15.53.07-1024x770.png\" \/>\n\t<meta property=\"og:image:width\" content=\"1024\" \/>\n\t<meta property=\"og:image:height\" content=\"770\" \/>\n\t<meta property=\"og:image:type\" content=\"image\/png\" \/>\n<meta name=\"twitter:card\" content=\"summary_large_image\" \/>\n<script type=\"application\/ld+json\" class=\"yoast-schema-graph\">{\"@context\":\"https:\/\/schema.org\",\"@graph\":[{\"@type\":\"WebPage\",\"@id\":\"https:\/\/test.arctic.klean.it\/udflugter\/day-tour-snowmobile-dogsledding\/\",\"url\":\"https:\/\/test.arctic.klean.it\/udflugter\/day-tour-snowmobile-dogsledding\/\",\"name\":\"Dagstur p\u00e5 snescooter & hundesl\u00e6de (8 timer) - Arctic Excursions\",\"isPartOf\":{\"@id\":\"https:\/\/test.arctic.klean.it\/#website\"},\"primaryImageOfPage\":{\"@id\":\"https:\/\/test.arctic.klean.it\/udflugter\/day-tour-snowmobile-dogsledding\/#primaryimage\"},\"image\":{\"@id\":\"https:\/\/test.arctic.klean.it\/udflugter\/day-tour-snowmobile-dogsledding\/#primaryimage\"},\"thumbnailUrl\":\"https:\/\/test.arctic.klean.it\/wp-content\/uploads\/2022\/10\/Skaermbillede-2022-10-24-kl.-15.53.07.png\",\"datePublished\":\"2022-10-24T18:05:07+00:00\",\"dateModified\":\"2023-05-01T11:11:55+00:00\",\"breadcrumb\":{\"@id\":\"https:\/\/test.arctic.klean.it\/udflugter\/day-tour-snowmobile-dogsledding\/#breadcrumb\"},\"inLanguage\":\"da-DK\",\"potentialAction\":[{\"@type\":\"ReadAction\",\"target\":[\"https:\/\/test.arctic.klean.it\/udflugter\/day-tour-snowmobile-dogsledding\/\"]}]},{\"@type\":\"ImageObject\",\"inLanguage\":\"da-DK\",\"@id\":\"https:\/\/test.arctic.klean.it\/udflugter\/day-tour-snowmobile-dogsledding\/#primaryimage\",\"url\":\"https:\/\/test.arctic.klean.it\/wp-content\/uploads\/2022\/10\/Skaermbillede-2022-10-24-kl.-15.53.07.png\",\"contentUrl\":\"https:\/\/test.arctic.klean.it\/wp-content\/uploads\/2022\/10\/Skaermbillede-2022-10-24-kl.-15.53.07.png\",\"width\":2394,\"height\":1800},{\"@type\":\"BreadcrumbList\",\"@id\":\"https:\/\/test.arctic.klean.it\/udflugter\/day-tour-snowmobile-dogsledding\/#breadcrumb\",\"itemListElement\":[{\"@type\":\"ListItem\",\"position\":1,\"name\":\"Udflugter i Gr\u00f8nland\",\"item\":\"https:\/\/test.arctic.klean.it\/da\/udflugter\/\"},{\"@type\":\"ListItem\",\"position\":2,\"name\":\"Dagstur p\u00e5 snescooter &#038; hundesl\u00e6de (8 timer)\"}]},{\"@type\":\"WebSite\",\"@id\":\"https:\/\/test.arctic.klean.it\/#website\",\"url\":\"https:\/\/test.arctic.klean.it\/\",\"name\":\"Arctic Excursions\",\"description\":\"New adventures. Every day.\",\"potentialAction\":[{\"@type\":\"SearchAction\",\"target\":{\"@type\":\"EntryPoint\",\"urlTemplate\":\"https:\/\/test.arctic.klean.it\/?s={search_term_string}\"},\"query-input\":{\"@type\":\"PropertyValueSpecification\",\"valueRequired\":true,\"valueName\":\"search_term_string\"}}],\"inLanguage\":\"da-DK\"}]}<\/script>\n<!-- \/ Yoast SEO plugin. -->","yoast_head_json":{"title":"Arctic Excursions","robots":{"index":"index","follow":"follow","max-snippet":"max-snippet:-1","max-image-preview":"max-image-preview:large","max-video-preview":"max-video-preview:-1"},"canonical":"https:\/\/test.arctic.klean.it\/udflugter\/day-tour-snowmobile-dogsledding\/","og_locale":"da_DK","og_type":"article","og_title":"Dagstur p\u00e5 snescooter & hundesl\u00e6de (8 timer) - Arctic Excursions","og_description":"Oplev en dag med snescooterk\u00f8rsel og hundesl\u00e6de","og_url":"https:\/\/test.arctic.klean.it\/udflugter\/day-tour-snowmobile-dogsledding\/","og_site_name":"Arctic Excursions","article_modified_time":"2023-05-01T11:11:55+00:00","og_image":[{"width":1024,"height":770,"url":"https:\/\/test.arctic.klean.it\/wp-content\/uploads\/2022\/10\/Skaermbillede-2022-10-24-kl.-15.53.07-1024x770.png","type":"image\/png"}],"twitter_card":"summary_large_image","schema":{"@context":"https:\/\/schema.org","@graph":[{"@type":"WebPage","@id":"https:\/\/test.arctic.klean.it\/udflugter\/day-tour-snowmobile-dogsledding\/","url":"https:\/\/test.arctic.klean.it\/udflugter\/day-tour-snowmobile-dogsledding\/","name":"Dagstur p\u00e5 snescooter & hundesl\u00e6de (8 timer) - Arctic Excursions","isPartOf":{"@id":"https:\/\/test.arctic.klean.it\/#website"},"primaryImageOfPage":{"@id":"https:\/\/test.arctic.klean.it\/udflugter\/day-tour-snowmobile-dogsledding\/#primaryimage"},"image":{"@id":"https:\/\/test.arctic.klean.it\/udflugter\/day-tour-snowmobile-dogsledding\/#primaryimage"},"thumbnailUrl":"https:\/\/test.arctic.klean.it\/wp-content\/uploads\/2022\/10\/Skaermbillede-2022-10-24-kl.-15.53.07.png","datePublished":"2022-10-24T18:05:07+00:00","dateModified":"2023-05-01T11:11:55+00:00","breadcrumb":{"@id":"https:\/\/test.arctic.klean.it\/udflugter\/day-tour-snowmobile-dogsledding\/#breadcrumb"},"inLanguage":"da-DK","potentialAction":[{"@type":"ReadAction","target":["https:\/\/test.arctic.klean.it\/udflugter\/day-tour-snowmobile-dogsledding\/"]}]},{"@type":"ImageObject","inLanguage":"da-DK","@id":"https:\/\/test.arctic.klean.it\/udflugter\/day-tour-snowmobile-dogsledding\/#primaryimage","url":"https:\/\/test.arctic.klean.it\/wp-content\/uploads\/2022\/10\/Skaermbillede-2022-10-24-kl.-15.53.07.png","contentUrl":"https:\/\/test.arctic.klean.it\/wp-content\/uploads\/2022\/10\/Skaermbillede-2022-10-24-kl.-15.53.07.png","width":2394,"height":1800},{"@type":"BreadcrumbList","@id":"https:\/\/test.arctic.klean.it\/udflugter\/day-tour-snowmobile-dogsledding\/#breadcrumb","itemListElement":[{"@type":"ListItem","position":1,"name":"Udflugter i Gr\u00f8nland","item":"https:\/\/test.arctic.klean.it\/da\/udflugter\/"},{"@type":"ListItem","position":2,"name":"Dagstur p\u00e5 snescooter &#038; hundesl\u00e6de (8 timer)"}]},{"@type":"WebSite","@id":"https:\/\/test.arctic.klean.it\/#website","url":"https:\/\/test.arctic.klean.it\/","name":"Arctic Excursions","description":"New adventures. Every day.","potentialAction":[{"@type":"SearchAction","target":{"@type":"EntryPoint","urlTemplate":"https:\/\/test.arctic.klean.it\/?s={search_term_string}"},"query-input":{"@type":"PropertyValueSpecification","valueRequired":true,"valueName":"search_term_string"}}],"inLanguage":"da-DK"}]}},"_links":{"self":[{"href":"https:\/\/test.arctic.klean.it\/da\/wp-json\/wp\/v2\/product\/4355","targetHints":{"allow":["GET"]}}],"collection":[{"href":"https:\/\/test.arctic.klean.it\/da\/wp-json\/wp\/v2\/product"}],"about":[{"href":"https:\/\/test.arctic.klean.it\/da\/wp-json\/wp\/v2\/types\/product"}],"replies":[{"embeddable":true,"href":"https:\/\/test.arctic.klean.it\/da\/wp-json\/wp\/v2\/comments?post=4355"}],"wp:featuredmedia":[{"embeddable":true,"href":"https:\/\/test.arctic.klean.it\/da\/wp-json\/wp\/v2\/media\/3807"}],"wp:attachment":[{"href":"https:\/\/test.arctic.klean.it\/da\/wp-json\/wp\/v2\/media?parent=4355"}],"wp:term":[{"taxonomy":"product_brand","embeddable":true,"href":"https:\/\/test.arctic.klean.it\/da\/wp-json\/wp\/v2\/product_brand?post=4355"},{"taxonomy":"product_cat","embeddable":true,"href":"https:\/\/test.arctic.klean.it\/da\/wp-json\/wp\/v2\/product_cat?post=4355"},{"taxonomy":"product_tag","embeddable":true,"href":"https:\/\/test.arctic.klean.it\/da\/wp-json\/wp\/v2\/product_tag?post=4355"}],"curies":[{"name":"wp","href":"https:\/\/api.w.org\/{rel}","templated":true}]}}