{"id":4394,"date":"2022-11-11T15:04:11","date_gmt":"2022-11-11T13:04:11","guid":{"rendered":"https:\/\/test.arctic.klean.it\/?post_type=product&#038;p=4394"},"modified":"2023-04-29T14:05:14","modified_gmt":"2023-04-29T12:05:14","slug":"hundeslaedetur-til-kataattoq","status":"publish","type":"product","link":"https:\/\/test.arctic.klean.it\/da\/udflugter\/hundeslaedetur-til-kataattoq\/","title":{"rendered":"Hundesl\u00e6detur til Kataattoq"},"content":{"rendered":"<p>Kom med ud p\u00e5 vores 2 timer lange hundesl\u00e6detur, som er vores korteste tur.<\/p>\n<p>Turen g\u00e5r til til Kataattoq, som har en meget flot udsigt til de gigantiske, omkringliggende isbjerge.<\/p>\n<p>P\u00e5 turen er din guide en lokal fisker, som kender til at fiske i det lokale omr\u00e5de.<\/p>\n<p>Oplev, hvordan det er at k\u00f8re i et sl\u00e6despor, der har forblevet u\u00e6ndret i mere end 100 \u00e5r.<\/p>\n<p>Der servers kaffe, the og sm\u00e5kager.<\/p>\n","protected":false},"excerpt":{"rendered":"<p>Oplev en hundesl\u00e6detur til Kataattoq<\/p>\n","protected":false},"featured_media":4390,"comment_status":"open","ping_status":"closed","template":"","meta":{"_acf_changed":false},"product_brand":[],"product_cat":[170],"product_tag":[160],"class_list":{"0":"post-4394","1":"product","2":"type-product","3":"status-publish","4":"has-post-thumbnail","6":"product_cat-udflugt","7":"product_tag-2-da","8":"pa_dato-443","9":"pa_dato-504","10":"pa_dato-444","11":"pa_dato-480","12":"pa_dato-462","13":"pa_dato-445","14":"pa_dato-456","15":"pa_dato-505","16":"pa_dato-330","17":"pa_dato-458","18":"pa_dato-447","19":"pa_dato-516","20":"pa_dato-517","21":"pa_dato-518","22":"pa_dato-519","23":"pa_dato-520","24":"pa_dato-508","25":"pa_dato-448","26":"pa_dato-375","27":"pa_dato-398","28":"pa_tidspunkt-40","29":"pa_tidspunkt-304","30":"tour_location-ilulissat-da","31":"tour_type-hundeslaede","32":"tour_operator-wonderful-ilulissat","34":"first","35":"outofstock","36":"shipping-taxable","37":"product-type-variable"},"acf":[],"yoast_head":"<!-- This site is optimized with the Yoast SEO plugin v25.2 - https:\/\/yoast.com\/wordpress\/plugins\/seo\/ -->\n<title>Arctic Excursions<\/title>\n<meta name=\"robots\" content=\"index, follow, max-snippet:-1, max-image-preview:large, max-video-preview:-1\" \/>\n<link rel=\"canonical\" href=\"https:\/\/test.arctic.klean.it\/udflugter\/kataattoq-the-great-backcountry\/\" \/>\n<meta property=\"og:locale\" content=\"da_DK\" \/>\n<meta property=\"og:type\" content=\"article\" \/>\n<meta property=\"og:title\" content=\"Hundesl\u00e6detur til Kataattoq - Arctic Excursions\" \/>\n<meta property=\"og:description\" content=\"Oplev en hundesl\u00e6detur til Kataattoq\" \/>\n<meta property=\"og:url\" content=\"https:\/\/test.arctic.klean.it\/udflugter\/kataattoq-the-great-backcountry\/\" \/>\n<meta property=\"og:site_name\" content=\"Arctic Excursions\" \/>\n<meta property=\"article:modified_time\" content=\"2023-04-29T12:05:14+00:00\" \/>\n<meta property=\"og:image\" content=\"https:\/\/test.arctic.klean.it\/wp-content\/uploads\/2022\/11\/Qimusseq.png\" \/>\n\t<meta property=\"og:image:width\" content=\"674\" \/>\n\t<meta property=\"og:image:height\" content=\"503\" \/>\n\t<meta property=\"og:image:type\" content=\"image\/png\" \/>\n<meta name=\"twitter:card\" content=\"summary_large_image\" \/>\n<meta name=\"twitter:label1\" content=\"Estimeret l\u00e6setid\" \/>\n\t<meta name=\"twitter:data1\" content=\"1 minut\" \/>\n<script type=\"application\/ld+json\" class=\"yoast-schema-graph\">{\"@context\":\"https:\/\/schema.org\",\"@graph\":[{\"@type\":\"WebPage\",\"@id\":\"https:\/\/test.arctic.klean.it\/udflugter\/kataattoq-the-great-backcountry\/\",\"url\":\"https:\/\/test.arctic.klean.it\/udflugter\/kataattoq-the-great-backcountry\/\",\"name\":\"Hundesl\u00e6detur til Kataattoq - Arctic Excursions\",\"isPartOf\":{\"@id\":\"https:\/\/test.arctic.klean.it\/#website\"},\"primaryImageOfPage\":{\"@id\":\"https:\/\/test.arctic.klean.it\/udflugter\/kataattoq-the-great-backcountry\/#primaryimage\"},\"image\":{\"@id\":\"https:\/\/test.arctic.klean.it\/udflugter\/kataattoq-the-great-backcountry\/#primaryimage\"},\"thumbnailUrl\":\"https:\/\/test.arctic.klean.it\/wp-content\/uploads\/2022\/11\/Qimusseq.png\",\"datePublished\":\"2022-11-11T13:04:11+00:00\",\"dateModified\":\"2023-04-29T12:05:14+00:00\",\"breadcrumb\":{\"@id\":\"https:\/\/test.arctic.klean.it\/udflugter\/kataattoq-the-great-backcountry\/#breadcrumb\"},\"inLanguage\":\"da-DK\",\"potentialAction\":[{\"@type\":\"ReadAction\",\"target\":[\"https:\/\/test.arctic.klean.it\/udflugter\/kataattoq-the-great-backcountry\/\"]}]},{\"@type\":\"ImageObject\",\"inLanguage\":\"da-DK\",\"@id\":\"https:\/\/test.arctic.klean.it\/udflugter\/kataattoq-the-great-backcountry\/#primaryimage\",\"url\":\"https:\/\/test.arctic.klean.it\/wp-content\/uploads\/2022\/11\/Qimusseq.png\",\"contentUrl\":\"https:\/\/test.arctic.klean.it\/wp-content\/uploads\/2022\/11\/Qimusseq.png\",\"width\":674,\"height\":503},{\"@type\":\"BreadcrumbList\",\"@id\":\"https:\/\/test.arctic.klean.it\/udflugter\/kataattoq-the-great-backcountry\/#breadcrumb\",\"itemListElement\":[{\"@type\":\"ListItem\",\"position\":1,\"name\":\"Udflugter i Gr\u00f8nland\",\"item\":\"https:\/\/test.arctic.klean.it\/da\/udflugter\/\"},{\"@type\":\"ListItem\",\"position\":2,\"name\":\"Hundesl\u00e6detur til Kataattoq\"}]},{\"@type\":\"WebSite\",\"@id\":\"https:\/\/test.arctic.klean.it\/#website\",\"url\":\"https:\/\/test.arctic.klean.it\/\",\"name\":\"Arctic Excursions\",\"description\":\"New adventures. Every day.\",\"potentialAction\":[{\"@type\":\"SearchAction\",\"target\":{\"@type\":\"EntryPoint\",\"urlTemplate\":\"https:\/\/test.arctic.klean.it\/?s={search_term_string}\"},\"query-input\":{\"@type\":\"PropertyValueSpecification\",\"valueRequired\":true,\"valueName\":\"search_term_string\"}}],\"inLanguage\":\"da-DK\"}]}<\/script>\n<!-- \/ Yoast SEO plugin. -->","yoast_head_json":{"title":"Arctic Excursions","robots":{"index":"index","follow":"follow","max-snippet":"max-snippet:-1","max-image-preview":"max-image-preview:large","max-video-preview":"max-video-preview:-1"},"canonical":"https:\/\/test.arctic.klean.it\/udflugter\/kataattoq-the-great-backcountry\/","og_locale":"da_DK","og_type":"article","og_title":"Hundesl\u00e6detur til Kataattoq - Arctic Excursions","og_description":"Oplev en hundesl\u00e6detur til Kataattoq","og_url":"https:\/\/test.arctic.klean.it\/udflugter\/kataattoq-the-great-backcountry\/","og_site_name":"Arctic Excursions","article_modified_time":"2023-04-29T12:05:14+00:00","og_image":[{"width":674,"height":503,"url":"https:\/\/test.arctic.klean.it\/wp-content\/uploads\/2022\/11\/Qimusseq.png","type":"image\/png"}],"twitter_card":"summary_large_image","twitter_misc":{"Estimeret l\u00e6setid":"1 minut"},"schema":{"@context":"https:\/\/schema.org","@graph":[{"@type":"WebPage","@id":"https:\/\/test.arctic.klean.it\/udflugter\/kataattoq-the-great-backcountry\/","url":"https:\/\/test.arctic.klean.it\/udflugter\/kataattoq-the-great-backcountry\/","name":"Hundesl\u00e6detur til Kataattoq - Arctic Excursions","isPartOf":{"@id":"https:\/\/test.arctic.klean.it\/#website"},"primaryImageOfPage":{"@id":"https:\/\/test.arctic.klean.it\/udflugter\/kataattoq-the-great-backcountry\/#primaryimage"},"image":{"@id":"https:\/\/test.arctic.klean.it\/udflugter\/kataattoq-the-great-backcountry\/#primaryimage"},"thumbnailUrl":"https:\/\/test.arctic.klean.it\/wp-content\/uploads\/2022\/11\/Qimusseq.png","datePublished":"2022-11-11T13:04:11+00:00","dateModified":"2023-04-29T12:05:14+00:00","breadcrumb":{"@id":"https:\/\/test.arctic.klean.it\/udflugter\/kataattoq-the-great-backcountry\/#breadcrumb"},"inLanguage":"da-DK","potentialAction":[{"@type":"ReadAction","target":["https:\/\/test.arctic.klean.it\/udflugter\/kataattoq-the-great-backcountry\/"]}]},{"@type":"ImageObject","inLanguage":"da-DK","@id":"https:\/\/test.arctic.klean.it\/udflugter\/kataattoq-the-great-backcountry\/#primaryimage","url":"https:\/\/test.arctic.klean.it\/wp-content\/uploads\/2022\/11\/Qimusseq.png","contentUrl":"https:\/\/test.arctic.klean.it\/wp-content\/uploads\/2022\/11\/Qimusseq.png","width":674,"height":503},{"@type":"BreadcrumbList","@id":"https:\/\/test.arctic.klean.it\/udflugter\/kataattoq-the-great-backcountry\/#breadcrumb","itemListElement":[{"@type":"ListItem","position":1,"name":"Udflugter i Gr\u00f8nland","item":"https:\/\/test.arctic.klean.it\/da\/udflugter\/"},{"@type":"ListItem","position":2,"name":"Hundesl\u00e6detur til Kataattoq"}]},{"@type":"WebSite","@id":"https:\/\/test.arctic.klean.it\/#website","url":"https:\/\/test.arctic.klean.it\/","name":"Arctic Excursions","description":"New adventures. Every day.","potentialAction":[{"@type":"SearchAction","target":{"@type":"EntryPoint","urlTemplate":"https:\/\/test.arctic.klean.it\/?s={search_term_string}"},"query-input":{"@type":"PropertyValueSpecification","valueRequired":true,"valueName":"search_term_string"}}],"inLanguage":"da-DK"}]}},"_links":{"self":[{"href":"https:\/\/test.arctic.klean.it\/da\/wp-json\/wp\/v2\/product\/4394","targetHints":{"allow":["GET"]}}],"collection":[{"href":"https:\/\/test.arctic.klean.it\/da\/wp-json\/wp\/v2\/product"}],"about":[{"href":"https:\/\/test.arctic.klean.it\/da\/wp-json\/wp\/v2\/types\/product"}],"replies":[{"embeddable":true,"href":"https:\/\/test.arctic.klean.it\/da\/wp-json\/wp\/v2\/comments?post=4394"}],"wp:featuredmedia":[{"embeddable":true,"href":"https:\/\/test.arctic.klean.it\/da\/wp-json\/wp\/v2\/media\/4390"}],"wp:attachment":[{"href":"https:\/\/test.arctic.klean.it\/da\/wp-json\/wp\/v2\/media?parent=4394"}],"wp:term":[{"taxonomy":"product_brand","embeddable":true,"href":"https:\/\/test.arctic.klean.it\/da\/wp-json\/wp\/v2\/product_brand?post=4394"},{"taxonomy":"product_cat","embeddable":true,"href":"https:\/\/test.arctic.klean.it\/da\/wp-json\/wp\/v2\/product_cat?post=4394"},{"taxonomy":"product_tag","embeddable":true,"href":"https:\/\/test.arctic.klean.it\/da\/wp-json\/wp\/v2\/product_tag?post=4394"}],"curies":[{"name":"wp","href":"https:\/\/api.w.org\/{rel}","templated":true}]}}