{"id":4402,"date":"2022-11-11T15:09:55","date_gmt":"2022-11-11T13:09:55","guid":{"rendered":"https:\/\/test.arctic.klean.it\/?post_type=product&#038;p=4402"},"modified":"2023-08-15T10:45:27","modified_gmt":"2023-08-15T08:45:27","slug":"dagstur-med-snescooterkoersel-og-hundeslaedekoersel-4-5-timer","status":"publish","type":"product","link":"https:\/\/test.arctic.klean.it\/da\/udflugter\/dagstur-med-snescooterkoersel-og-hundeslaedekoersel-4-5-timer\/","title":{"rendered":"Dagstur p\u00e5 snescooter og hundesl\u00e6de (4-5 timer)"},"content":{"rendered":"<p>Vil du opleve hundesl\u00e6dek\u00f8rsel p\u00e5 havisen i Ilulissat isfjord (UNESCOs naturarvsomr\u00e5de)? <\/p>\n<p>S\u00e5 er denne tur som skabt til dig!<\/p>\n<p>F\u00f8rst k\u00f8rer vi med snescooter til Ilulissat Icefiord, omkring 25 km fra Ilulissat.<\/p>\n<p>Denne tur tager ca. 4-5 timer.<\/p>\n","protected":false},"excerpt":{"rendered":"<p>Oplev en dag med snescooterk\u00f8rsel og hundesl\u00e6dek\u00f8rsel i Ilulissat isfjord (UNESCOs naturarvsomr\u00e5de)<\/p>\n","protected":false},"featured_media":3807,"comment_status":"open","ping_status":"closed","template":"","meta":{"_acf_changed":false},"product_brand":[],"product_cat":[170],"product_tag":[160],"class_list":{"0":"post-4402","1":"product","2":"type-product","3":"status-publish","4":"has-post-thumbnail","6":"product_cat-udflugt","7":"product_tag-2-da","8":"pa_dato-337","9":"pa_dato-369","10":"pa_dato-370","11":"pa_dato-371","12":"pa_dato-345","13":"pa_dato-412","14":"pa_dato-346","15":"pa_dato-372","16":"pa_dato-373","17":"pa_dato-348","18":"pa_dato-413","19":"pa_dato-349","20":"pa_tidspunkt-35","21":"pa_tidspunkt-72","22":"tour_location-ilulissat-da","23":"tour_type-hundeslaede","24":"tour_operator-explore-ilulissat","26":"first","27":"outofstock","28":"shipping-taxable","29":"product-type-variable"},"acf":[],"yoast_head":"<!-- This site is optimized with the Yoast SEO plugin v25.2 - https:\/\/yoast.com\/wordpress\/plugins\/seo\/ -->\n<title>Arctic Excursions<\/title>\n<meta name=\"robots\" content=\"index, follow, max-snippet:-1, max-image-preview:large, max-video-preview:-1\" \/>\n<link rel=\"canonical\" href=\"https:\/\/test.arctic.klean.it\/udflugter\/day-tour-snowmobiling-and-dogsledding\/\" \/>\n<meta property=\"og:locale\" content=\"da_DK\" \/>\n<meta property=\"og:type\" content=\"article\" \/>\n<meta property=\"og:title\" content=\"Dagstur p\u00e5 snescooter og hundesl\u00e6de (4-5 timer) - Arctic Excursions\" \/>\n<meta property=\"og:description\" content=\"Oplev en dag med snescooterk\u00f8rsel og hundesl\u00e6dek\u00f8rsel i Ilulissat isfjord (UNESCOs naturarvsomr\u00e5de)\" \/>\n<meta property=\"og:url\" content=\"https:\/\/test.arctic.klean.it\/udflugter\/day-tour-snowmobiling-and-dogsledding\/\" \/>\n<meta property=\"og:site_name\" content=\"Arctic Excursions\" \/>\n<meta property=\"article:modified_time\" content=\"2023-08-15T08:45:27+00:00\" \/>\n<meta property=\"og:image\" content=\"https:\/\/test.arctic.klean.it\/wp-content\/uploads\/2022\/10\/Skaermbillede-2022-10-24-kl.-15.53.07-1024x770.png\" \/>\n\t<meta property=\"og:image:width\" content=\"1024\" \/>\n\t<meta property=\"og:image:height\" content=\"770\" \/>\n\t<meta property=\"og:image:type\" content=\"image\/png\" \/>\n<meta name=\"twitter:card\" content=\"summary_large_image\" \/>\n<script type=\"application\/ld+json\" class=\"yoast-schema-graph\">{\"@context\":\"https:\/\/schema.org\",\"@graph\":[{\"@type\":\"WebPage\",\"@id\":\"https:\/\/test.arctic.klean.it\/udflugter\/day-tour-snowmobiling-and-dogsledding\/\",\"url\":\"https:\/\/test.arctic.klean.it\/udflugter\/day-tour-snowmobiling-and-dogsledding\/\",\"name\":\"Dagstur p\u00e5 snescooter og hundesl\u00e6de (4-5 timer) - Arctic Excursions\",\"isPartOf\":{\"@id\":\"https:\/\/test.arctic.klean.it\/#website\"},\"primaryImageOfPage\":{\"@id\":\"https:\/\/test.arctic.klean.it\/udflugter\/day-tour-snowmobiling-and-dogsledding\/#primaryimage\"},\"image\":{\"@id\":\"https:\/\/test.arctic.klean.it\/udflugter\/day-tour-snowmobiling-and-dogsledding\/#primaryimage\"},\"thumbnailUrl\":\"https:\/\/test.arctic.klean.it\/wp-content\/uploads\/2022\/10\/Skaermbillede-2022-10-24-kl.-15.53.07.png\",\"datePublished\":\"2022-11-11T13:09:55+00:00\",\"dateModified\":\"2023-08-15T08:45:27+00:00\",\"breadcrumb\":{\"@id\":\"https:\/\/test.arctic.klean.it\/udflugter\/day-tour-snowmobiling-and-dogsledding\/#breadcrumb\"},\"inLanguage\":\"da-DK\",\"potentialAction\":[{\"@type\":\"ReadAction\",\"target\":[\"https:\/\/test.arctic.klean.it\/udflugter\/day-tour-snowmobiling-and-dogsledding\/\"]}]},{\"@type\":\"ImageObject\",\"inLanguage\":\"da-DK\",\"@id\":\"https:\/\/test.arctic.klean.it\/udflugter\/day-tour-snowmobiling-and-dogsledding\/#primaryimage\",\"url\":\"https:\/\/test.arctic.klean.it\/wp-content\/uploads\/2022\/10\/Skaermbillede-2022-10-24-kl.-15.53.07.png\",\"contentUrl\":\"https:\/\/test.arctic.klean.it\/wp-content\/uploads\/2022\/10\/Skaermbillede-2022-10-24-kl.-15.53.07.png\",\"width\":2394,\"height\":1800},{\"@type\":\"BreadcrumbList\",\"@id\":\"https:\/\/test.arctic.klean.it\/udflugter\/day-tour-snowmobiling-and-dogsledding\/#breadcrumb\",\"itemListElement\":[{\"@type\":\"ListItem\",\"position\":1,\"name\":\"Udflugter i Gr\u00f8nland\",\"item\":\"https:\/\/test.arctic.klean.it\/da\/udflugter\/\"},{\"@type\":\"ListItem\",\"position\":2,\"name\":\"Dagstur p\u00e5 snescooter og hundesl\u00e6de (4-5 timer)\"}]},{\"@type\":\"WebSite\",\"@id\":\"https:\/\/test.arctic.klean.it\/#website\",\"url\":\"https:\/\/test.arctic.klean.it\/\",\"name\":\"Arctic Excursions\",\"description\":\"New adventures. Every day.\",\"potentialAction\":[{\"@type\":\"SearchAction\",\"target\":{\"@type\":\"EntryPoint\",\"urlTemplate\":\"https:\/\/test.arctic.klean.it\/?s={search_term_string}\"},\"query-input\":{\"@type\":\"PropertyValueSpecification\",\"valueRequired\":true,\"valueName\":\"search_term_string\"}}],\"inLanguage\":\"da-DK\"}]}<\/script>\n<!-- \/ Yoast SEO plugin. -->","yoast_head_json":{"title":"Arctic Excursions","robots":{"index":"index","follow":"follow","max-snippet":"max-snippet:-1","max-image-preview":"max-image-preview:large","max-video-preview":"max-video-preview:-1"},"canonical":"https:\/\/test.arctic.klean.it\/udflugter\/day-tour-snowmobiling-and-dogsledding\/","og_locale":"da_DK","og_type":"article","og_title":"Dagstur p\u00e5 snescooter og hundesl\u00e6de (4-5 timer) - Arctic Excursions","og_description":"Oplev en dag med snescooterk\u00f8rsel og hundesl\u00e6dek\u00f8rsel i Ilulissat isfjord (UNESCOs naturarvsomr\u00e5de)","og_url":"https:\/\/test.arctic.klean.it\/udflugter\/day-tour-snowmobiling-and-dogsledding\/","og_site_name":"Arctic Excursions","article_modified_time":"2023-08-15T08:45:27+00:00","og_image":[{"width":1024,"height":770,"url":"https:\/\/test.arctic.klean.it\/wp-content\/uploads\/2022\/10\/Skaermbillede-2022-10-24-kl.-15.53.07-1024x770.png","type":"image\/png"}],"twitter_card":"summary_large_image","schema":{"@context":"https:\/\/schema.org","@graph":[{"@type":"WebPage","@id":"https:\/\/test.arctic.klean.it\/udflugter\/day-tour-snowmobiling-and-dogsledding\/","url":"https:\/\/test.arctic.klean.it\/udflugter\/day-tour-snowmobiling-and-dogsledding\/","name":"Dagstur p\u00e5 snescooter og hundesl\u00e6de (4-5 timer) - Arctic Excursions","isPartOf":{"@id":"https:\/\/test.arctic.klean.it\/#website"},"primaryImageOfPage":{"@id":"https:\/\/test.arctic.klean.it\/udflugter\/day-tour-snowmobiling-and-dogsledding\/#primaryimage"},"image":{"@id":"https:\/\/test.arctic.klean.it\/udflugter\/day-tour-snowmobiling-and-dogsledding\/#primaryimage"},"thumbnailUrl":"https:\/\/test.arctic.klean.it\/wp-content\/uploads\/2022\/10\/Skaermbillede-2022-10-24-kl.-15.53.07.png","datePublished":"2022-11-11T13:09:55+00:00","dateModified":"2023-08-15T08:45:27+00:00","breadcrumb":{"@id":"https:\/\/test.arctic.klean.it\/udflugter\/day-tour-snowmobiling-and-dogsledding\/#breadcrumb"},"inLanguage":"da-DK","potentialAction":[{"@type":"ReadAction","target":["https:\/\/test.arctic.klean.it\/udflugter\/day-tour-snowmobiling-and-dogsledding\/"]}]},{"@type":"ImageObject","inLanguage":"da-DK","@id":"https:\/\/test.arctic.klean.it\/udflugter\/day-tour-snowmobiling-and-dogsledding\/#primaryimage","url":"https:\/\/test.arctic.klean.it\/wp-content\/uploads\/2022\/10\/Skaermbillede-2022-10-24-kl.-15.53.07.png","contentUrl":"https:\/\/test.arctic.klean.it\/wp-content\/uploads\/2022\/10\/Skaermbillede-2022-10-24-kl.-15.53.07.png","width":2394,"height":1800},{"@type":"BreadcrumbList","@id":"https:\/\/test.arctic.klean.it\/udflugter\/day-tour-snowmobiling-and-dogsledding\/#breadcrumb","itemListElement":[{"@type":"ListItem","position":1,"name":"Udflugter i Gr\u00f8nland","item":"https:\/\/test.arctic.klean.it\/da\/udflugter\/"},{"@type":"ListItem","position":2,"name":"Dagstur p\u00e5 snescooter og hundesl\u00e6de (4-5 timer)"}]},{"@type":"WebSite","@id":"https:\/\/test.arctic.klean.it\/#website","url":"https:\/\/test.arctic.klean.it\/","name":"Arctic Excursions","description":"New adventures. Every day.","potentialAction":[{"@type":"SearchAction","target":{"@type":"EntryPoint","urlTemplate":"https:\/\/test.arctic.klean.it\/?s={search_term_string}"},"query-input":{"@type":"PropertyValueSpecification","valueRequired":true,"valueName":"search_term_string"}}],"inLanguage":"da-DK"}]}},"_links":{"self":[{"href":"https:\/\/test.arctic.klean.it\/da\/wp-json\/wp\/v2\/product\/4402","targetHints":{"allow":["GET"]}}],"collection":[{"href":"https:\/\/test.arctic.klean.it\/da\/wp-json\/wp\/v2\/product"}],"about":[{"href":"https:\/\/test.arctic.klean.it\/da\/wp-json\/wp\/v2\/types\/product"}],"replies":[{"embeddable":true,"href":"https:\/\/test.arctic.klean.it\/da\/wp-json\/wp\/v2\/comments?post=4402"}],"wp:featuredmedia":[{"embeddable":true,"href":"https:\/\/test.arctic.klean.it\/da\/wp-json\/wp\/v2\/media\/3807"}],"wp:attachment":[{"href":"https:\/\/test.arctic.klean.it\/da\/wp-json\/wp\/v2\/media?parent=4402"}],"wp:term":[{"taxonomy":"product_brand","embeddable":true,"href":"https:\/\/test.arctic.klean.it\/da\/wp-json\/wp\/v2\/product_brand?post=4402"},{"taxonomy":"product_cat","embeddable":true,"href":"https:\/\/test.arctic.klean.it\/da\/wp-json\/wp\/v2\/product_cat?post=4402"},{"taxonomy":"product_tag","embeddable":true,"href":"https:\/\/test.arctic.klean.it\/da\/wp-json\/wp\/v2\/product_tag?post=4402"}],"curies":[{"name":"wp","href":"https:\/\/api.w.org\/{rel}","templated":true}]}}