{"id":4558,"date":"2022-11-16T10:56:28","date_gmt":"2022-11-16T08:56:28","guid":{"rendered":"https:\/\/test.arctic.klean.it\/?post_type=product&#038;p=4558"},"modified":"2023-06-07T15:56:05","modified_gmt":"2023-06-07T13:56:05","slug":"hvalsafari-2","status":"publish","type":"product","link":"https:\/\/test.arctic.klean.it\/da\/udflugter\/hvalsafari-2\/","title":{"rendered":"Hvalsafari &#8211; 2.5 timer"},"content":{"rendered":"<p>Kom med p\u00e5 vores hval safari og oplev lyden af hvalen der bl\u00e6ser. <\/p>\n<p>Vi sejler stille og roligt forbi hvalen som har normalt ryg stikket op over vandoverfladen.<\/p>\n<p>Man f\u00e5r ogs\u00e5 muligheden for at se isbjerge og byen fra havet p\u00e5 denne b\u00e5dtur. <\/p>\n<p>Vi skal minimum have 4 tilmeldinger f\u00f8r vi kan gennemf\u00f8re b\u00e5dturen. <\/p>\n<p>Turen er p\u00e5 2 timer og 30 min.<\/p>\n","protected":false},"excerpt":{"rendered":"<p>Oplev lyden af hvalerne p\u00e5 hvalsafari.<\/p>\n","protected":false},"featured_media":4554,"comment_status":"open","ping_status":"closed","template":"","meta":{"_acf_changed":false},"product_brand":[],"product_cat":[170],"product_tag":[159],"class_list":{"0":"post-4558","1":"product","2":"type-product","3":"status-publish","4":"has-post-thumbnail","6":"product_cat-udflugt","7":"product_tag-1-da","8":"pa_dato-576","9":"pa_dato-583","10":"pa_dato-585","11":"pa_dato-586","12":"pa_dato-676","13":"pa_dato-647","14":"pa_dato-653","15":"pa_dato-654","16":"pa_dato-584","17":"pa_dato-655","18":"pa_dato-658","19":"pa_tidspunkt-40","20":"pa_tidspunkt-177","21":"pa_tidspunkt-190","22":"pa_tidspunkt-69","23":"tour_location-ilulissat-da","24":"tour_type-hvalsafari","25":"tour_operator-unique-tours","27":"first","28":"outofstock","29":"shipping-taxable","30":"product-type-variable"},"acf":[],"yoast_head":"<!-- This site is optimized with the Yoast SEO plugin v25.2 - https:\/\/yoast.com\/wordpress\/plugins\/seo\/ -->\n<title>Arctic Excursions<\/title>\n<meta name=\"robots\" content=\"index, follow, max-snippet:-1, max-image-preview:large, max-video-preview:-1\" \/>\n<link rel=\"canonical\" href=\"https:\/\/test.arctic.klean.it\/udflugter\/hval-safari\/\" \/>\n<meta property=\"og:locale\" content=\"da_DK\" \/>\n<meta property=\"og:type\" content=\"article\" \/>\n<meta property=\"og:title\" content=\"Hvalsafari - 2.5 timer - Arctic Excursions\" \/>\n<meta property=\"og:description\" content=\"Oplev lyden af hvalerne p\u00e5 hvalsafari.\" \/>\n<meta property=\"og:url\" content=\"https:\/\/test.arctic.klean.it\/udflugter\/hval-safari\/\" \/>\n<meta property=\"og:site_name\" content=\"Arctic Excursions\" \/>\n<meta property=\"article:modified_time\" content=\"2023-06-07T13:56:05+00:00\" \/>\n<meta property=\"og:image\" content=\"https:\/\/test.arctic.klean.it\/wp-content\/uploads\/2022\/11\/Unique-Tours-Hvalsafari.jpg\" \/>\n\t<meta property=\"og:image:width\" content=\"1024\" \/>\n\t<meta property=\"og:image:height\" content=\"1022\" \/>\n\t<meta property=\"og:image:type\" content=\"image\/jpeg\" \/>\n<meta name=\"twitter:card\" content=\"summary_large_image\" \/>\n<meta name=\"twitter:label1\" content=\"Estimeret l\u00e6setid\" \/>\n\t<meta name=\"twitter:data1\" content=\"1 minut\" \/>\n<script type=\"application\/ld+json\" class=\"yoast-schema-graph\">{\"@context\":\"https:\/\/schema.org\",\"@graph\":[{\"@type\":\"WebPage\",\"@id\":\"https:\/\/test.arctic.klean.it\/udflugter\/hval-safari\/\",\"url\":\"https:\/\/test.arctic.klean.it\/udflugter\/hval-safari\/\",\"name\":\"Hvalsafari - 2.5 timer - Arctic Excursions\",\"isPartOf\":{\"@id\":\"https:\/\/test.arctic.klean.it\/#website\"},\"primaryImageOfPage\":{\"@id\":\"https:\/\/test.arctic.klean.it\/udflugter\/hval-safari\/#primaryimage\"},\"image\":{\"@id\":\"https:\/\/test.arctic.klean.it\/udflugter\/hval-safari\/#primaryimage\"},\"thumbnailUrl\":\"https:\/\/test.arctic.klean.it\/wp-content\/uploads\/2022\/11\/Unique-Tours-Hvalsafari.jpg\",\"datePublished\":\"2022-11-16T08:56:28+00:00\",\"dateModified\":\"2023-06-07T13:56:05+00:00\",\"breadcrumb\":{\"@id\":\"https:\/\/test.arctic.klean.it\/udflugter\/hval-safari\/#breadcrumb\"},\"inLanguage\":\"da-DK\",\"potentialAction\":[{\"@type\":\"ReadAction\",\"target\":[\"https:\/\/test.arctic.klean.it\/udflugter\/hval-safari\/\"]}]},{\"@type\":\"ImageObject\",\"inLanguage\":\"da-DK\",\"@id\":\"https:\/\/test.arctic.klean.it\/udflugter\/hval-safari\/#primaryimage\",\"url\":\"https:\/\/test.arctic.klean.it\/wp-content\/uploads\/2022\/11\/Unique-Tours-Hvalsafari.jpg\",\"contentUrl\":\"https:\/\/test.arctic.klean.it\/wp-content\/uploads\/2022\/11\/Unique-Tours-Hvalsafari.jpg\",\"width\":1024,\"height\":1022},{\"@type\":\"BreadcrumbList\",\"@id\":\"https:\/\/test.arctic.klean.it\/udflugter\/hval-safari\/#breadcrumb\",\"itemListElement\":[{\"@type\":\"ListItem\",\"position\":1,\"name\":\"Udflugter i Gr\u00f8nland\",\"item\":\"https:\/\/test.arctic.klean.it\/da\/udflugter\/\"},{\"@type\":\"ListItem\",\"position\":2,\"name\":\"Hvalsafari &#8211; 2.5 timer\"}]},{\"@type\":\"WebSite\",\"@id\":\"https:\/\/test.arctic.klean.it\/#website\",\"url\":\"https:\/\/test.arctic.klean.it\/\",\"name\":\"Arctic Excursions\",\"description\":\"New adventures. Every day.\",\"potentialAction\":[{\"@type\":\"SearchAction\",\"target\":{\"@type\":\"EntryPoint\",\"urlTemplate\":\"https:\/\/test.arctic.klean.it\/?s={search_term_string}\"},\"query-input\":{\"@type\":\"PropertyValueSpecification\",\"valueRequired\":true,\"valueName\":\"search_term_string\"}}],\"inLanguage\":\"da-DK\"}]}<\/script>\n<!-- \/ Yoast SEO plugin. -->","yoast_head_json":{"title":"Arctic Excursions","robots":{"index":"index","follow":"follow","max-snippet":"max-snippet:-1","max-image-preview":"max-image-preview:large","max-video-preview":"max-video-preview:-1"},"canonical":"https:\/\/test.arctic.klean.it\/udflugter\/hval-safari\/","og_locale":"da_DK","og_type":"article","og_title":"Hvalsafari - 2.5 timer - Arctic Excursions","og_description":"Oplev lyden af hvalerne p\u00e5 hvalsafari.","og_url":"https:\/\/test.arctic.klean.it\/udflugter\/hval-safari\/","og_site_name":"Arctic Excursions","article_modified_time":"2023-06-07T13:56:05+00:00","og_image":[{"width":1024,"height":1022,"url":"https:\/\/test.arctic.klean.it\/wp-content\/uploads\/2022\/11\/Unique-Tours-Hvalsafari.jpg","type":"image\/jpeg"}],"twitter_card":"summary_large_image","twitter_misc":{"Estimeret l\u00e6setid":"1 minut"},"schema":{"@context":"https:\/\/schema.org","@graph":[{"@type":"WebPage","@id":"https:\/\/test.arctic.klean.it\/udflugter\/hval-safari\/","url":"https:\/\/test.arctic.klean.it\/udflugter\/hval-safari\/","name":"Hvalsafari - 2.5 timer - Arctic Excursions","isPartOf":{"@id":"https:\/\/test.arctic.klean.it\/#website"},"primaryImageOfPage":{"@id":"https:\/\/test.arctic.klean.it\/udflugter\/hval-safari\/#primaryimage"},"image":{"@id":"https:\/\/test.arctic.klean.it\/udflugter\/hval-safari\/#primaryimage"},"thumbnailUrl":"https:\/\/test.arctic.klean.it\/wp-content\/uploads\/2022\/11\/Unique-Tours-Hvalsafari.jpg","datePublished":"2022-11-16T08:56:28+00:00","dateModified":"2023-06-07T13:56:05+00:00","breadcrumb":{"@id":"https:\/\/test.arctic.klean.it\/udflugter\/hval-safari\/#breadcrumb"},"inLanguage":"da-DK","potentialAction":[{"@type":"ReadAction","target":["https:\/\/test.arctic.klean.it\/udflugter\/hval-safari\/"]}]},{"@type":"ImageObject","inLanguage":"da-DK","@id":"https:\/\/test.arctic.klean.it\/udflugter\/hval-safari\/#primaryimage","url":"https:\/\/test.arctic.klean.it\/wp-content\/uploads\/2022\/11\/Unique-Tours-Hvalsafari.jpg","contentUrl":"https:\/\/test.arctic.klean.it\/wp-content\/uploads\/2022\/11\/Unique-Tours-Hvalsafari.jpg","width":1024,"height":1022},{"@type":"BreadcrumbList","@id":"https:\/\/test.arctic.klean.it\/udflugter\/hval-safari\/#breadcrumb","itemListElement":[{"@type":"ListItem","position":1,"name":"Udflugter i Gr\u00f8nland","item":"https:\/\/test.arctic.klean.it\/da\/udflugter\/"},{"@type":"ListItem","position":2,"name":"Hvalsafari &#8211; 2.5 timer"}]},{"@type":"WebSite","@id":"https:\/\/test.arctic.klean.it\/#website","url":"https:\/\/test.arctic.klean.it\/","name":"Arctic Excursions","description":"New adventures. Every day.","potentialAction":[{"@type":"SearchAction","target":{"@type":"EntryPoint","urlTemplate":"https:\/\/test.arctic.klean.it\/?s={search_term_string}"},"query-input":{"@type":"PropertyValueSpecification","valueRequired":true,"valueName":"search_term_string"}}],"inLanguage":"da-DK"}]}},"_links":{"self":[{"href":"https:\/\/test.arctic.klean.it\/da\/wp-json\/wp\/v2\/product\/4558","targetHints":{"allow":["GET"]}}],"collection":[{"href":"https:\/\/test.arctic.klean.it\/da\/wp-json\/wp\/v2\/product"}],"about":[{"href":"https:\/\/test.arctic.klean.it\/da\/wp-json\/wp\/v2\/types\/product"}],"replies":[{"embeddable":true,"href":"https:\/\/test.arctic.klean.it\/da\/wp-json\/wp\/v2\/comments?post=4558"}],"wp:featuredmedia":[{"embeddable":true,"href":"https:\/\/test.arctic.klean.it\/da\/wp-json\/wp\/v2\/media\/4554"}],"wp:attachment":[{"href":"https:\/\/test.arctic.klean.it\/da\/wp-json\/wp\/v2\/media?parent=4558"}],"wp:term":[{"taxonomy":"product_brand","embeddable":true,"href":"https:\/\/test.arctic.klean.it\/da\/wp-json\/wp\/v2\/product_brand?post=4558"},{"taxonomy":"product_cat","embeddable":true,"href":"https:\/\/test.arctic.klean.it\/da\/wp-json\/wp\/v2\/product_cat?post=4558"},{"taxonomy":"product_tag","embeddable":true,"href":"https:\/\/test.arctic.klean.it\/da\/wp-json\/wp\/v2\/product_tag?post=4558"}],"curies":[{"name":"wp","href":"https:\/\/api.w.org\/{rel}","templated":true}]}}