{"id":4570,"date":"2022-11-16T10:59:43","date_gmt":"2022-11-16T08:59:43","guid":{"rendered":"https:\/\/test.arctic.klean.it\/?post_type=product&#038;p=4570"},"modified":"2022-11-24T20:43:00","modified_gmt":"2022-11-24T18:43:00","slug":"ilimanaq-koks-restaurant","status":"publish","type":"product","link":"https:\/\/test.arctic.klean.it\/da\/udflugter\/ilimanaq-koks-restaurant\/","title":{"rendered":"Ilimanaq Restaurant KOKS"},"content":{"rendered":"<p>Ilimanaq er 17 kilometer syd for Ilulissat.<\/p>\n<p>Selve b\u00e5dturen til Ilimanaq er en vidunderlig b\u00e5dtur i sig selv.<\/p>\n<p>Den eneste Michelin restaurant i Gr\u00f8nland KOKS som er placeret i Ilimanaq.<\/p>\n<p>Kom t\u00e6t p\u00e5 den gamle kultur og moderne gastronomi p\u00e5 denne b\u00e5dtur.<\/p>\n<p>N\u00e5r man ankommer til Ilimanaq fort\u00e6ller guiden om selve bygdens historie.<\/p>\n<p>Hvis du \u00f8nsker at spise middag p\u00e5 KOKS michelin-restaurant, bedes du bestille bord direkte p\u00e5 deres websted.<\/p>\n<p>Turen er p\u00e5 4 timer.<\/p>\n<p><b>Inkluderer:<\/b><br \/>\n&#8211; Let m\u00e5ltid<br \/>\n&#8211; Kaffe og te<\/p>\n","protected":false},"excerpt":{"rendered":"<p>Oplev en vidunderlig b\u00e5dtur til Ilimanaq og oplev den eneste Michelin restaurant i Gr\u00f8nland<\/p>\n","protected":false},"featured_media":4566,"comment_status":"open","ping_status":"closed","template":"","meta":{"_acf_changed":false},"product_brand":[],"product_cat":[170],"product_tag":[159],"class_list":{"0":"post-4570","1":"product","2":"type-product","3":"status-publish","4":"has-post-thumbnail","6":"product_cat-udflugt","7":"product_tag-1-da","8":"tour_location-ilulissat-da","9":"tour_type-baadture","10":"tour_operator-unique-tours","12":"first","13":"outofstock","14":"shipping-taxable","15":"product-type-variable"},"acf":[],"yoast_head":"<!-- This site is optimized with the Yoast SEO plugin v25.2 - https:\/\/yoast.com\/wordpress\/plugins\/seo\/ -->\n<title>Arctic Excursions<\/title>\n<meta name=\"robots\" content=\"index, follow, max-snippet:-1, max-image-preview:large, max-video-preview:-1\" \/>\n<link rel=\"canonical\" href=\"https:\/\/test.arctic.klean.it\/udflugter\/ilimanaq-restaurant-koks\/\" \/>\n<meta property=\"og:locale\" content=\"da_DK\" \/>\n<meta property=\"og:type\" content=\"article\" \/>\n<meta property=\"og:title\" content=\"Ilimanaq Restaurant KOKS - Arctic Excursions\" \/>\n<meta property=\"og:description\" content=\"Oplev en vidunderlig b\u00e5dtur til Ilimanaq og oplev den eneste Michelin restaurant i Gr\u00f8nland\" \/>\n<meta property=\"og:url\" content=\"https:\/\/test.arctic.klean.it\/udflugter\/ilimanaq-restaurant-koks\/\" \/>\n<meta property=\"og:site_name\" content=\"Arctic Excursions\" \/>\n<meta property=\"article:modified_time\" content=\"2022-11-24T18:43:00+00:00\" \/>\n<meta property=\"og:image\" content=\"https:\/\/test.arctic.klean.it\/wp-content\/uploads\/2022\/11\/Unique-Tours-Ilimanaq.jpg\" \/>\n\t<meta property=\"og:image:width\" content=\"1024\" \/>\n\t<meta property=\"og:image:height\" content=\"1024\" \/>\n\t<meta property=\"og:image:type\" content=\"image\/jpeg\" \/>\n<meta name=\"twitter:card\" content=\"summary_large_image\" \/>\n<meta name=\"twitter:label1\" content=\"Estimeret l\u00e6setid\" \/>\n\t<meta name=\"twitter:data1\" content=\"1 minut\" \/>\n<script type=\"application\/ld+json\" class=\"yoast-schema-graph\">{\"@context\":\"https:\/\/schema.org\",\"@graph\":[{\"@type\":\"WebPage\",\"@id\":\"https:\/\/test.arctic.klean.it\/udflugter\/ilimanaq-restaurant-koks\/\",\"url\":\"https:\/\/test.arctic.klean.it\/udflugter\/ilimanaq-restaurant-koks\/\",\"name\":\"Ilimanaq Restaurant KOKS - Arctic Excursions\",\"isPartOf\":{\"@id\":\"https:\/\/test.arctic.klean.it\/#website\"},\"primaryImageOfPage\":{\"@id\":\"https:\/\/test.arctic.klean.it\/udflugter\/ilimanaq-restaurant-koks\/#primaryimage\"},\"image\":{\"@id\":\"https:\/\/test.arctic.klean.it\/udflugter\/ilimanaq-restaurant-koks\/#primaryimage\"},\"thumbnailUrl\":\"https:\/\/test.arctic.klean.it\/wp-content\/uploads\/2022\/11\/Unique-Tours-Ilimanaq.jpg\",\"datePublished\":\"2022-11-16T08:59:43+00:00\",\"dateModified\":\"2022-11-24T18:43:00+00:00\",\"breadcrumb\":{\"@id\":\"https:\/\/test.arctic.klean.it\/udflugter\/ilimanaq-restaurant-koks\/#breadcrumb\"},\"inLanguage\":\"da-DK\",\"potentialAction\":[{\"@type\":\"ReadAction\",\"target\":[\"https:\/\/test.arctic.klean.it\/udflugter\/ilimanaq-restaurant-koks\/\"]}]},{\"@type\":\"ImageObject\",\"inLanguage\":\"da-DK\",\"@id\":\"https:\/\/test.arctic.klean.it\/udflugter\/ilimanaq-restaurant-koks\/#primaryimage\",\"url\":\"https:\/\/test.arctic.klean.it\/wp-content\/uploads\/2022\/11\/Unique-Tours-Ilimanaq.jpg\",\"contentUrl\":\"https:\/\/test.arctic.klean.it\/wp-content\/uploads\/2022\/11\/Unique-Tours-Ilimanaq.jpg\",\"width\":1024,\"height\":1024},{\"@type\":\"BreadcrumbList\",\"@id\":\"https:\/\/test.arctic.klean.it\/udflugter\/ilimanaq-restaurant-koks\/#breadcrumb\",\"itemListElement\":[{\"@type\":\"ListItem\",\"position\":1,\"name\":\"Udflugter i Gr\u00f8nland\",\"item\":\"https:\/\/test.arctic.klean.it\/da\/udflugter\/\"},{\"@type\":\"ListItem\",\"position\":2,\"name\":\"Ilimanaq Restaurant KOKS\"}]},{\"@type\":\"WebSite\",\"@id\":\"https:\/\/test.arctic.klean.it\/#website\",\"url\":\"https:\/\/test.arctic.klean.it\/\",\"name\":\"Arctic Excursions\",\"description\":\"New adventures. Every day.\",\"potentialAction\":[{\"@type\":\"SearchAction\",\"target\":{\"@type\":\"EntryPoint\",\"urlTemplate\":\"https:\/\/test.arctic.klean.it\/?s={search_term_string}\"},\"query-input\":{\"@type\":\"PropertyValueSpecification\",\"valueRequired\":true,\"valueName\":\"search_term_string\"}}],\"inLanguage\":\"da-DK\"}]}<\/script>\n<!-- \/ Yoast SEO plugin. -->","yoast_head_json":{"title":"Arctic Excursions","robots":{"index":"index","follow":"follow","max-snippet":"max-snippet:-1","max-image-preview":"max-image-preview:large","max-video-preview":"max-video-preview:-1"},"canonical":"https:\/\/test.arctic.klean.it\/udflugter\/ilimanaq-restaurant-koks\/","og_locale":"da_DK","og_type":"article","og_title":"Ilimanaq Restaurant KOKS - Arctic Excursions","og_description":"Oplev en vidunderlig b\u00e5dtur til Ilimanaq og oplev den eneste Michelin restaurant i Gr\u00f8nland","og_url":"https:\/\/test.arctic.klean.it\/udflugter\/ilimanaq-restaurant-koks\/","og_site_name":"Arctic Excursions","article_modified_time":"2022-11-24T18:43:00+00:00","og_image":[{"width":1024,"height":1024,"url":"https:\/\/test.arctic.klean.it\/wp-content\/uploads\/2022\/11\/Unique-Tours-Ilimanaq.jpg","type":"image\/jpeg"}],"twitter_card":"summary_large_image","twitter_misc":{"Estimeret l\u00e6setid":"1 minut"},"schema":{"@context":"https:\/\/schema.org","@graph":[{"@type":"WebPage","@id":"https:\/\/test.arctic.klean.it\/udflugter\/ilimanaq-restaurant-koks\/","url":"https:\/\/test.arctic.klean.it\/udflugter\/ilimanaq-restaurant-koks\/","name":"Ilimanaq Restaurant KOKS - Arctic Excursions","isPartOf":{"@id":"https:\/\/test.arctic.klean.it\/#website"},"primaryImageOfPage":{"@id":"https:\/\/test.arctic.klean.it\/udflugter\/ilimanaq-restaurant-koks\/#primaryimage"},"image":{"@id":"https:\/\/test.arctic.klean.it\/udflugter\/ilimanaq-restaurant-koks\/#primaryimage"},"thumbnailUrl":"https:\/\/test.arctic.klean.it\/wp-content\/uploads\/2022\/11\/Unique-Tours-Ilimanaq.jpg","datePublished":"2022-11-16T08:59:43+00:00","dateModified":"2022-11-24T18:43:00+00:00","breadcrumb":{"@id":"https:\/\/test.arctic.klean.it\/udflugter\/ilimanaq-restaurant-koks\/#breadcrumb"},"inLanguage":"da-DK","potentialAction":[{"@type":"ReadAction","target":["https:\/\/test.arctic.klean.it\/udflugter\/ilimanaq-restaurant-koks\/"]}]},{"@type":"ImageObject","inLanguage":"da-DK","@id":"https:\/\/test.arctic.klean.it\/udflugter\/ilimanaq-restaurant-koks\/#primaryimage","url":"https:\/\/test.arctic.klean.it\/wp-content\/uploads\/2022\/11\/Unique-Tours-Ilimanaq.jpg","contentUrl":"https:\/\/test.arctic.klean.it\/wp-content\/uploads\/2022\/11\/Unique-Tours-Ilimanaq.jpg","width":1024,"height":1024},{"@type":"BreadcrumbList","@id":"https:\/\/test.arctic.klean.it\/udflugter\/ilimanaq-restaurant-koks\/#breadcrumb","itemListElement":[{"@type":"ListItem","position":1,"name":"Udflugter i Gr\u00f8nland","item":"https:\/\/test.arctic.klean.it\/da\/udflugter\/"},{"@type":"ListItem","position":2,"name":"Ilimanaq Restaurant KOKS"}]},{"@type":"WebSite","@id":"https:\/\/test.arctic.klean.it\/#website","url":"https:\/\/test.arctic.klean.it\/","name":"Arctic Excursions","description":"New adventures. Every day.","potentialAction":[{"@type":"SearchAction","target":{"@type":"EntryPoint","urlTemplate":"https:\/\/test.arctic.klean.it\/?s={search_term_string}"},"query-input":{"@type":"PropertyValueSpecification","valueRequired":true,"valueName":"search_term_string"}}],"inLanguage":"da-DK"}]}},"_links":{"self":[{"href":"https:\/\/test.arctic.klean.it\/da\/wp-json\/wp\/v2\/product\/4570","targetHints":{"allow":["GET"]}}],"collection":[{"href":"https:\/\/test.arctic.klean.it\/da\/wp-json\/wp\/v2\/product"}],"about":[{"href":"https:\/\/test.arctic.klean.it\/da\/wp-json\/wp\/v2\/types\/product"}],"replies":[{"embeddable":true,"href":"https:\/\/test.arctic.klean.it\/da\/wp-json\/wp\/v2\/comments?post=4570"}],"wp:featuredmedia":[{"embeddable":true,"href":"https:\/\/test.arctic.klean.it\/da\/wp-json\/wp\/v2\/media\/4566"}],"wp:attachment":[{"href":"https:\/\/test.arctic.klean.it\/da\/wp-json\/wp\/v2\/media?parent=4570"}],"wp:term":[{"taxonomy":"product_brand","embeddable":true,"href":"https:\/\/test.arctic.klean.it\/da\/wp-json\/wp\/v2\/product_brand?post=4570"},{"taxonomy":"product_cat","embeddable":true,"href":"https:\/\/test.arctic.klean.it\/da\/wp-json\/wp\/v2\/product_cat?post=4570"},{"taxonomy":"product_tag","embeddable":true,"href":"https:\/\/test.arctic.klean.it\/da\/wp-json\/wp\/v2\/product_tag?post=4570"}],"curies":[{"name":"wp","href":"https:\/\/api.w.org\/{rel}","templated":true}]}}