{"id":4704,"date":"2022-11-21T11:55:15","date_gmt":"2022-11-21T09:55:15","guid":{"rendered":"https:\/\/test.arctic.klean.it\/?post_type=product&#038;p=4704"},"modified":"2025-03-05T18:44:57","modified_gmt":"2025-03-05T16:44:57","slug":"2-hours-dogsledding","status":"publish","type":"product","link":"https:\/\/test.arctic.klean.it\/da\/udflugter\/2-hours-dogsledding\/","title":{"rendered":"2 timers hundesl\u00e6detur"},"content":{"rendered":"<p>Kunne du t\u00e6nke dig at opleve hundesl\u00e6dek\u00f8rsel med en lokal fisker? S\u00e5 er denne tur som skabt til dig. <\/p>\n<p>Den lokale fisker viser dig alle de hemmelige omr\u00e5der p\u00e5 denne hundesl\u00e6detur. <\/p>\n<p>Du f\u00e5r en masse frisk luft, og det vil forny din energi. <\/p>\n<p>Hundesl\u00e6deturen varer 2 timer. <\/p>\n<p>Guiden vil vise dig nogle gode omr\u00e5der, hvor du kan tage billeder af det vidunderlige vinterlandskab, som Uummannaq har om vinteren. <\/p>\n<p>Hundesl\u00e6deture er en del af den gr\u00f8nlandske kultur, og hvis du gerne vil opleve inuitternes m\u00e5de at v\u00e6re p\u00e5, s\u00e5 skal du pr\u00f8ve dette med os. <\/p>\n<p>Den lokale fisker vil vise dig fiskepladserne og de gode jagtomr\u00e5der.<\/p>\n<p><b>S\u00e6son:<\/b> Februar &#8211; April<\/p>\n<p><b>Note:<\/b> Ikke anbefalet for personer med rygproblemer.<\/p>\n<p>Prisen inkluderer hundesl\u00e6dek\u00f8rsel med musher.<\/p>\n","protected":false},"excerpt":{"rendered":"<p>Oplev en 2 timers hundesl\u00e6detur <\/p>\n","protected":false},"featured_media":4634,"comment_status":"open","ping_status":"closed","template":"","meta":{"_acf_changed":false},"product_brand":[],"product_cat":[170],"product_tag":[160],"class_list":{"0":"post-4704","1":"product","2":"type-product","3":"status-publish","4":"has-post-thumbnail","6":"product_cat-udflugt","7":"product_tag-2-da","8":"pa_dato-55","9":"pa_dato-365","10":"pa_dato-338","11":"pa_dato-410","12":"pa_dato-366","13":"pa_dato-343","14":"pa_dato-350","15":"pa_dato-989","16":"pa_dato-1007","17":"pa_dato-1013","18":"pa_dato-1010","19":"pa_dato-1011","20":"pa_dato-1008","21":"pa_dato-1015","22":"pa_dato-1014","23":"pa_dato-1012","24":"pa_dato-1086","25":"pa_dato-1085","26":"pa_dato-1089","27":"pa_dato-1138","28":"pa_tidspunkt-64","29":"pa_tidspunkt-40","30":"pa_tidspunkt-1009","31":"pa_tidspunkt-190","32":"pa_tidspunkt-61","33":"pa_tidspunkt-1002","34":"tour_location-uummannaq-da","35":"tour_type-hundeslaede","36":"tour_tickettype-arctic_excursions","37":"tour_tickettype-greenland_travel_tour","38":"tour_tickettype-greenland_travel_team","39":"tour_operator-uummannaq-seasafaris","41":"first","42":"instock","43":"shipping-taxable","44":"purchasable","45":"product-type-variable"},"acf":[],"yoast_head":"<!-- This site is optimized with the Yoast SEO plugin v25.2 - https:\/\/yoast.com\/wordpress\/plugins\/seo\/ -->\n<title>Arctic Excursions<\/title>\n<meta name=\"robots\" content=\"index, follow, max-snippet:-1, max-image-preview:large, max-video-preview:-1\" \/>\n<link rel=\"canonical\" href=\"https:\/\/test.arctic.klean.it\/udflugter\/2-hours-dogsledding\/\" \/>\n<meta property=\"og:locale\" content=\"da_DK\" \/>\n<meta property=\"og:type\" content=\"article\" \/>\n<meta property=\"og:title\" content=\"2 timers hundesl\u00e6detur - Arctic Excursions\" \/>\n<meta property=\"og:description\" content=\"Oplev en 2 timers hundesl\u00e6detur\" \/>\n<meta property=\"og:url\" content=\"https:\/\/test.arctic.klean.it\/udflugter\/2-hours-dogsledding\/\" \/>\n<meta property=\"og:site_name\" content=\"Arctic Excursions\" \/>\n<meta property=\"article:modified_time\" content=\"2025-03-05T16:44:57+00:00\" \/>\n<meta property=\"og:image\" content=\"https:\/\/test.arctic.klean.it\/wp-content\/uploads\/2022\/11\/DJI_0948-scaled.jpg\" \/>\n\t<meta property=\"og:image:width\" content=\"2560\" \/>\n\t<meta property=\"og:image:height\" content=\"1438\" \/>\n\t<meta property=\"og:image:type\" content=\"image\/jpeg\" \/>\n<meta name=\"twitter:card\" content=\"summary_large_image\" \/>\n<meta name=\"twitter:label1\" content=\"Estimeret l\u00e6setid\" \/>\n\t<meta name=\"twitter:data1\" content=\"1 minut\" \/>\n<script type=\"application\/ld+json\" class=\"yoast-schema-graph\">{\"@context\":\"https:\/\/schema.org\",\"@graph\":[{\"@type\":\"WebPage\",\"@id\":\"https:\/\/test.arctic.klean.it\/udflugter\/2-hours-dogsledding\/\",\"url\":\"https:\/\/test.arctic.klean.it\/udflugter\/2-hours-dogsledding\/\",\"name\":\"2 timers hundesl\u00e6detur - Arctic Excursions\",\"isPartOf\":{\"@id\":\"https:\/\/test.arctic.klean.it\/#website\"},\"primaryImageOfPage\":{\"@id\":\"https:\/\/test.arctic.klean.it\/udflugter\/2-hours-dogsledding\/#primaryimage\"},\"image\":{\"@id\":\"https:\/\/test.arctic.klean.it\/udflugter\/2-hours-dogsledding\/#primaryimage\"},\"thumbnailUrl\":\"https:\/\/test.arctic.klean.it\/wp-content\/uploads\/2022\/11\/DJI_0948-scaled.jpg\",\"datePublished\":\"2022-11-21T09:55:15+00:00\",\"dateModified\":\"2025-03-05T16:44:57+00:00\",\"breadcrumb\":{\"@id\":\"https:\/\/test.arctic.klean.it\/udflugter\/2-hours-dogsledding\/#breadcrumb\"},\"inLanguage\":\"da-DK\",\"potentialAction\":[{\"@type\":\"ReadAction\",\"target\":[\"https:\/\/test.arctic.klean.it\/udflugter\/2-hours-dogsledding\/\"]}]},{\"@type\":\"ImageObject\",\"inLanguage\":\"da-DK\",\"@id\":\"https:\/\/test.arctic.klean.it\/udflugter\/2-hours-dogsledding\/#primaryimage\",\"url\":\"https:\/\/test.arctic.klean.it\/wp-content\/uploads\/2022\/11\/DJI_0948-scaled.jpg\",\"contentUrl\":\"https:\/\/test.arctic.klean.it\/wp-content\/uploads\/2022\/11\/DJI_0948-scaled.jpg\",\"width\":2560,\"height\":1438},{\"@type\":\"BreadcrumbList\",\"@id\":\"https:\/\/test.arctic.klean.it\/udflugter\/2-hours-dogsledding\/#breadcrumb\",\"itemListElement\":[{\"@type\":\"ListItem\",\"position\":1,\"name\":\"Udflugter i Gr\u00f8nland\",\"item\":\"https:\/\/test.arctic.klean.it\/da\/udflugter\/\"},{\"@type\":\"ListItem\",\"position\":2,\"name\":\"2 timers hundesl\u00e6detur\"}]},{\"@type\":\"WebSite\",\"@id\":\"https:\/\/test.arctic.klean.it\/#website\",\"url\":\"https:\/\/test.arctic.klean.it\/\",\"name\":\"Arctic Excursions\",\"description\":\"New adventures. Every day.\",\"potentialAction\":[{\"@type\":\"SearchAction\",\"target\":{\"@type\":\"EntryPoint\",\"urlTemplate\":\"https:\/\/test.arctic.klean.it\/?s={search_term_string}\"},\"query-input\":{\"@type\":\"PropertyValueSpecification\",\"valueRequired\":true,\"valueName\":\"search_term_string\"}}],\"inLanguage\":\"da-DK\"}]}<\/script>\n<!-- \/ Yoast SEO plugin. -->","yoast_head_json":{"title":"Arctic Excursions","robots":{"index":"index","follow":"follow","max-snippet":"max-snippet:-1","max-image-preview":"max-image-preview:large","max-video-preview":"max-video-preview:-1"},"canonical":"https:\/\/test.arctic.klean.it\/udflugter\/2-hours-dogsledding\/","og_locale":"da_DK","og_type":"article","og_title":"2 timers hundesl\u00e6detur - Arctic Excursions","og_description":"Oplev en 2 timers hundesl\u00e6detur","og_url":"https:\/\/test.arctic.klean.it\/udflugter\/2-hours-dogsledding\/","og_site_name":"Arctic Excursions","article_modified_time":"2025-03-05T16:44:57+00:00","og_image":[{"width":2560,"height":1438,"url":"https:\/\/test.arctic.klean.it\/wp-content\/uploads\/2022\/11\/DJI_0948-scaled.jpg","type":"image\/jpeg"}],"twitter_card":"summary_large_image","twitter_misc":{"Estimeret l\u00e6setid":"1 minut"},"schema":{"@context":"https:\/\/schema.org","@graph":[{"@type":"WebPage","@id":"https:\/\/test.arctic.klean.it\/udflugter\/2-hours-dogsledding\/","url":"https:\/\/test.arctic.klean.it\/udflugter\/2-hours-dogsledding\/","name":"2 timers hundesl\u00e6detur - Arctic Excursions","isPartOf":{"@id":"https:\/\/test.arctic.klean.it\/#website"},"primaryImageOfPage":{"@id":"https:\/\/test.arctic.klean.it\/udflugter\/2-hours-dogsledding\/#primaryimage"},"image":{"@id":"https:\/\/test.arctic.klean.it\/udflugter\/2-hours-dogsledding\/#primaryimage"},"thumbnailUrl":"https:\/\/test.arctic.klean.it\/wp-content\/uploads\/2022\/11\/DJI_0948-scaled.jpg","datePublished":"2022-11-21T09:55:15+00:00","dateModified":"2025-03-05T16:44:57+00:00","breadcrumb":{"@id":"https:\/\/test.arctic.klean.it\/udflugter\/2-hours-dogsledding\/#breadcrumb"},"inLanguage":"da-DK","potentialAction":[{"@type":"ReadAction","target":["https:\/\/test.arctic.klean.it\/udflugter\/2-hours-dogsledding\/"]}]},{"@type":"ImageObject","inLanguage":"da-DK","@id":"https:\/\/test.arctic.klean.it\/udflugter\/2-hours-dogsledding\/#primaryimage","url":"https:\/\/test.arctic.klean.it\/wp-content\/uploads\/2022\/11\/DJI_0948-scaled.jpg","contentUrl":"https:\/\/test.arctic.klean.it\/wp-content\/uploads\/2022\/11\/DJI_0948-scaled.jpg","width":2560,"height":1438},{"@type":"BreadcrumbList","@id":"https:\/\/test.arctic.klean.it\/udflugter\/2-hours-dogsledding\/#breadcrumb","itemListElement":[{"@type":"ListItem","position":1,"name":"Udflugter i Gr\u00f8nland","item":"https:\/\/test.arctic.klean.it\/da\/udflugter\/"},{"@type":"ListItem","position":2,"name":"2 timers hundesl\u00e6detur"}]},{"@type":"WebSite","@id":"https:\/\/test.arctic.klean.it\/#website","url":"https:\/\/test.arctic.klean.it\/","name":"Arctic Excursions","description":"New adventures. Every day.","potentialAction":[{"@type":"SearchAction","target":{"@type":"EntryPoint","urlTemplate":"https:\/\/test.arctic.klean.it\/?s={search_term_string}"},"query-input":{"@type":"PropertyValueSpecification","valueRequired":true,"valueName":"search_term_string"}}],"inLanguage":"da-DK"}]}},"_links":{"self":[{"href":"https:\/\/test.arctic.klean.it\/da\/wp-json\/wp\/v2\/product\/4704","targetHints":{"allow":["GET"]}}],"collection":[{"href":"https:\/\/test.arctic.klean.it\/da\/wp-json\/wp\/v2\/product"}],"about":[{"href":"https:\/\/test.arctic.klean.it\/da\/wp-json\/wp\/v2\/types\/product"}],"replies":[{"embeddable":true,"href":"https:\/\/test.arctic.klean.it\/da\/wp-json\/wp\/v2\/comments?post=4704"}],"wp:featuredmedia":[{"embeddable":true,"href":"https:\/\/test.arctic.klean.it\/da\/wp-json\/wp\/v2\/media\/4634"}],"wp:attachment":[{"href":"https:\/\/test.arctic.klean.it\/da\/wp-json\/wp\/v2\/media?parent=4704"}],"wp:term":[{"taxonomy":"product_brand","embeddable":true,"href":"https:\/\/test.arctic.klean.it\/da\/wp-json\/wp\/v2\/product_brand?post=4704"},{"taxonomy":"product_cat","embeddable":true,"href":"https:\/\/test.arctic.klean.it\/da\/wp-json\/wp\/v2\/product_cat?post=4704"},{"taxonomy":"product_tag","embeddable":true,"href":"https:\/\/test.arctic.klean.it\/da\/wp-json\/wp\/v2\/product_tag?post=4704"}],"curies":[{"name":"wp","href":"https:\/\/api.w.org\/{rel}","templated":true}]}}