{"id":4705,"date":"2022-11-21T12:08:06","date_gmt":"2022-11-21T10:08:06","guid":{"rendered":"https:\/\/test.arctic.klean.it\/?post_type=product&#038;p=4705"},"modified":"2025-06-23T10:04:31","modified_gmt":"2025-06-23T08:04:31","slug":"4-hours-dogsledding","status":"publish","type":"product","link":"https:\/\/test.arctic.klean.it\/da\/udflugter\/4-hours-dogsledding\/","title":{"rendered":"4 timers hundesl\u00e6detur"},"content":{"rendered":"<p>Vil du gerne opleve hundesl\u00e6dek\u00f8rsel med en lokal fisker?<\/p>\n<p>S\u00e5 er denne tur som skabt til dig. <\/p>\n<p>Den lokale fisker vil vise dig alle de hemmelige omr\u00e5der p\u00e5 denne hundesl\u00e6detur. <\/p>\n<p>Du vil f\u00e5 en masse frisk luft, og det vil forny din energi. <\/p>\n<p>Hundesl\u00e6deturen varer 4 timer.<\/p>\n<p>Guiden vil vise dig gode omr\u00e5der, hvor du kan tage billeder af det vidunderlige vinterlandskab, som Uummannaq har om vinteren. <\/p>\n<p>Hundesl\u00e6deture er en del af den gr\u00f8nlandske kultur, s\u00e5 hvis du vil opleve inuitternes levevis, s\u00e5 pr\u00f8v dette med os. <\/p>\n<p>Den lokale fisker vil vise jer fiskepladserne og de gode jagtomr\u00e5der.<\/p>\n<p>Der vil v\u00e6re tid til at tage nogle gode billeder af det hjerteformede bjerg Uummannaq. <\/p>\n<p>Der vil blive serveret kaffe eller te under turen.<\/p>\n<p><b>Varighed:<\/b> 4 timer<br \/>\n<b>Deltagere:<\/b> Max 4 personer<br \/>\n<b>S\u00e6son:<\/b> Februar &#8211; April<br \/>\n<b>Inkluderer:<\/b><br \/>\n&#8211; Sl\u00e6dekusk<br \/>\n&#8211; Hunde<br \/>\n&#8211; Kaffe og te<br \/>\n<b>Note:<\/b><br \/>\n&#8211; Anbefales ikke for personer med rygproblemer.<\/p>\n","protected":false},"excerpt":{"rendered":"<p>4 timers hundesl\u00e6detur i Uummannaq<\/p>\n","protected":false},"featured_media":4632,"comment_status":"open","ping_status":"closed","template":"","meta":{"_acf_changed":false},"product_brand":[],"product_cat":[170],"product_tag":[160],"class_list":{"0":"post-4705","1":"product","2":"type-product","3":"status-publish","4":"has-post-thumbnail","6":"product_cat-udflugt","7":"product_tag-2-da","8":"pa_dato-56","9":"pa_dato-62","10":"pa_dato-55","11":"pa_dato-54","12":"pa_dato-89","13":"pa_dato-52","14":"pa_dato-53","15":"pa_dato-51","16":"pa_dato-50","17":"pa_dato-24","18":"pa_dato-26","19":"pa_dato-84","20":"pa_dato-67","21":"pa_dato-71","22":"pa_dato-78","23":"pa_dato-79","24":"pa_dato-28","25":"pa_dato-29","26":"pa_dato-30","27":"pa_dato-32","28":"pa_dato-33","29":"pa_dato-66","30":"pa_dato-65","31":"pa_dato-59","32":"pa_dato-90","33":"pa_dato-74","34":"pa_dato-75","35":"pa_dato-91","36":"pa_dato-43","37":"pa_dato-98","38":"pa_dato-44","39":"pa_dato-94","40":"pa_dato-96","41":"pa_dato-45","42":"pa_dato-97","43":"pa_dato-103","44":"pa_dato-99","45":"pa_dato-102","46":"pa_dato-111","47":"pa_dato-46","48":"pa_dato-108","49":"pa_dato-104","50":"pa_dato-107","51":"pa_dato-105","52":"pa_dato-109","53":"pa_dato-115","54":"pa_dato-48","55":"pa_dato-112","56":"pa_dato-130","57":"pa_dato-114","58":"pa_dato-140","59":"pa_dato-117","60":"pa_dato-116","61":"pa_dato-118","62":"pa_dato-166","63":"pa_dato-184","64":"pa_dato-179","65":"pa_dato-180","66":"pa_dato-192","67":"pa_dato-176","68":"pa_dato-173","69":"pa_dato-191","70":"pa_dato-492","71":"pa_dato-493","72":"pa_dato-175","73":"pa_dato-186","74":"pa_dato-188","75":"pa_dato-494","76":"pa_dato-168","77":"pa_dato-172","78":"pa_dato-495","79":"pa_dato-496","80":"pa_dato-497","81":"pa_dato-498","82":"pa_dato-174","83":"pa_dato-204","84":"pa_dato-499","85":"pa_dato-167","86":"pa_dato-208","87":"pa_dato-49","88":"pa_dato-207","89":"pa_dato-210","90":"pa_dato-181","91":"pa_dato-217","92":"pa_dato-215","93":"pa_dato-228","94":"pa_dato-214","95":"pa_dato-224","96":"pa_dato-218","97":"pa_dato-226","98":"pa_dato-216","99":"pa_dato-238","100":"pa_dato-244","101":"pa_dato-234","102":"pa_dato-236","103":"pa_dato-230","104":"pa_dato-233","105":"pa_dato-169","106":"pa_dato-303","107":"pa_dato-219","108":"pa_dato-246","109":"pa_dato-305","110":"pa_dato-285","111":"pa_dato-254","112":"pa_dato-235","113":"pa_dato-232","114":"pa_dato-237","115":"pa_dato-245","116":"pa_dato-253","117":"pa_dato-307","118":"pa_dato-263","119":"pa_dato-313","120":"pa_dato-436","121":"pa_dato-252","122":"pa_dato-318","123":"pa_dato-262","124":"pa_dato-259","125":"pa_dato-260","126":"pa_dato-433","127":"pa_dato-470","128":"pa_dato-310","129":"pa_dato-329","130":"pa_dato-423","131":"pa_dato-424","132":"pa_dato-225","133":"pa_dato-451","134":"pa_dato-440","135":"pa_dato-425","136":"pa_dato-256","137":"pa_dato-475","138":"pa_dato-452","139":"pa_dato-258","140":"pa_dato-441","141":"pa_dato-427","142":"pa_dato-428","143":"pa_dato-485","144":"pa_dato-453","145":"pa_dato-442","146":"pa_dato-257","147":"pa_dato-429","148":"pa_dato-261","149":"pa_dato-454","150":"pa_dato-443","151":"pa_dato-477","152":"pa_dato-479","153":"pa_dato-533","154":"pa_dato-455","155":"pa_dato-504","156":"pa_dato-444","157":"pa_dato-480","158":"pa_dato-462","159":"pa_dato-445","160":"pa_dato-456","161":"pa_dato-546","162":"pa_dato-505","163":"pa_dato-481","164":"pa_dato-482","165":"pa_dato-446","166":"pa_dato-457","167":"pa_dato-483","168":"pa_dato-484","169":"pa_dato-562","170":"pa_dato-524","171":"pa_dato-525","172":"pa_dato-526","173":"pa_dato-527","174":"pa_dato-220","175":"pa_dato-265","176":"pa_dato-330","177":"pa_dato-458","178":"pa_dato-447","179":"pa_dato-516","180":"pa_dato-517","181":"pa_dato-518","182":"pa_dato-519","183":"pa_dato-520","184":"pa_dato-508","185":"pa_dato-448","186":"pa_dato-459","187":"pa_dato-399","188":"pa_dato-523","189":"pa_dato-400","190":"pa_dato-528","191":"pa_dato-529","192":"pa_dato-449","193":"pa_dato-460","194":"pa_dato-401","195":"pa_dato-402","196":"pa_dato-530","197":"pa_dato-464","198":"pa_dato-532","199":"pa_dato-403","200":"pa_dato-450","201":"pa_dato-404","202":"pa_dato-509","203":"pa_dato-531","204":"pa_dato-332","205":"pa_dato-319","206":"pa_dato-320","207":"pa_dato-327","208":"pa_dato-333","209":"pa_dato-331","210":"pa_dato-408","211":"pa_dato-334","212":"pa_dato-360","213":"pa_dato-361","214":"pa_dato-362","215":"pa_dato-335","216":"pa_dato-336","217":"pa_dato-409","218":"pa_dato-337","219":"pa_dato-363","220":"pa_dato-364","221":"pa_dato-365","222":"pa_dato-338","223":"pa_dato-339","224":"pa_dato-410","225":"pa_dato-340","226":"pa_dato-366","227":"pa_dato-367","228":"pa_dato-368","229":"pa_dato-341","230":"pa_dato-342","231":"pa_dato-411","232":"pa_dato-343","233":"pa_dato-369","234":"pa_dato-370","235":"pa_dato-371","236":"pa_dato-344","237":"pa_dato-345","238":"pa_dato-412","239":"pa_dato-346","240":"pa_dato-372","241":"pa_dato-373","242":"pa_dato-374","243":"pa_dato-347","244":"pa_dato-348","245":"pa_dato-413","246":"pa_dato-349","247":"pa_dato-375","248":"pa_dato-376","249":"pa_dato-377","250":"pa_dato-350","251":"pa_dato-351","252":"pa_dato-414","253":"pa_dato-352","254":"pa_dato-378","255":"pa_dato-379","256":"pa_dato-380","257":"pa_dato-353","258":"pa_dato-354","259":"pa_dato-415","260":"pa_dato-355","261":"pa_dato-381","262":"pa_dato-382","263":"pa_dato-383","264":"pa_dato-356","265":"pa_dato-357","266":"pa_dato-416","267":"pa_dato-358","268":"pa_dato-384","269":"pa_dato-385","270":"pa_dato-386","271":"pa_dato-359","272":"pa_dato-387","273":"pa_dato-417","274":"pa_dato-418","275":"pa_dato-388","276":"pa_dato-389","277":"pa_dato-390","278":"pa_dato-405","279":"pa_dato-391","280":"pa_dato-419","281":"pa_dato-420","282":"pa_dato-392","283":"pa_dato-393","284":"pa_dato-394","285":"pa_dato-406","286":"pa_dato-395","287":"pa_dato-421","288":"pa_dato-422","289":"pa_dato-396","290":"pa_dato-397","291":"pa_dato-398","292":"pa_dato-407","293":"pa_dato-439","294":"pa_dato-490","295":"pa_dato-491","296":"pa_dato-222","297":"pa_dato-502","298":"pa_dato-503","299":"pa_dato-535","300":"pa_dato-534","301":"pa_dato-536","302":"pa_dato-537","303":"pa_dato-538","304":"pa_dato-539","305":"pa_dato-540","306":"pa_dato-500","307":"pa_dato-541","308":"pa_dato-542","309":"pa_dato-543","310":"pa_dato-465","311":"pa_dato-547","312":"pa_dato-548","313":"pa_dato-549","314":"pa_dato-550","315":"pa_dato-551","316":"pa_dato-552","317":"pa_dato-553","318":"pa_dato-554","319":"pa_dato-555","320":"pa_dato-556","321":"pa_dato-557","322":"pa_dato-558","323":"pa_dato-521","324":"pa_dato-522","325":"pa_dato-559","326":"pa_dato-560","327":"pa_dato-561","328":"pa_dato-510","329":"pa_dato-513","330":"pa_dato-511","331":"pa_dato-512","332":"pa_dato-1098","333":"pa_dato-1095","334":"pa_dato-1097","335":"pa_dato-1145","336":"pa_dato-1148","337":"pa_tidspunkt-187","338":"pa_tidspunkt-64","339":"pa_tidspunkt-113","340":"pa_tidspunkt-63","341":"pa_tidspunkt-185","342":"pa_tidspunkt-178","343":"pa_tidspunkt-106","344":"pa_tidspunkt-212","345":"pa_tidspunkt-209","346":"pa_tidspunkt-189","347":"pa_tidspunkt-34","348":"pa_tidspunkt-35","349":"pa_tidspunkt-36","350":"pa_tidspunkt-72","351":"pa_tidspunkt-37","352":"pa_tidspunkt-38","353":"pa_tidspunkt-92","354":"pa_tidspunkt-40","355":"pa_tidspunkt-58","356":"pa_tidspunkt-76","357":"pa_tidspunkt-304","358":"pa_tidspunkt-77","359":"pa_tidspunkt-221","360":"pa_tidspunkt-190","361":"pa_tidspunkt-223","362":"pa_tidspunkt-229","363":"pa_tidspunkt-182","364":"pa_tidspunkt-314","365":"pa_tidspunkt-478","366":"pa_tidspunkt-317","367":"pa_tidspunkt-227","368":"pa_tidspunkt-308","369":"pa_tidspunkt-431","370":"pa_tidspunkt-27","371":"pa_tidspunkt-430","372":"pa_tidspunkt-61","373":"pa_tidspunkt-83","374":"pa_tidspunkt-60","375":"pa_tidspunkt-93","376":"pa_tidspunkt-426","377":"pa_tidspunkt-39","378":"pa_tidspunkt-57","379":"pa_tidspunkt-68","380":"pa_tidspunkt-110","381":"pa_tidspunkt-69","382":"pa_tidspunkt-432","383":"pa_tidspunkt-205","384":"pa_tidspunkt-255","385":"pa_tidspunkt-86","386":"pa_tidspunkt-438","387":"pa_tidspunkt-80","388":"pa_tidspunkt-85","389":"pa_tidspunkt-231","390":"pa_tidspunkt-82","391":"pa_tidspunkt-73","392":"pa_tidspunkt-463","393":"pa_tidspunkt-95","394":"pa_tidspunkt-81","395":"pa_tidspunkt-select-a-time","396":"tour_location-uummannaq-da","397":"tour_type-hundeslaede","398":"tour_state-show_always","399":"tour_tickettype-arctic_excursions","400":"tour_operator-uummannaq-seasafaris","402":"first","403":"instock","404":"shipping-taxable","405":"purchasable","406":"product-type-variable"},"acf":[],"yoast_head":"<!-- This site is optimized with the Yoast SEO plugin v25.2 - https:\/\/yoast.com\/wordpress\/plugins\/seo\/ -->\n<title>Arctic Excursions<\/title>\n<meta name=\"robots\" content=\"index, follow, max-snippet:-1, max-image-preview:large, max-video-preview:-1\" \/>\n<link rel=\"canonical\" href=\"https:\/\/test.arctic.klean.it\/da\/udflugter\/4-hours-dogsledding\/\" \/>\n<meta property=\"og:locale\" content=\"da_DK\" \/>\n<meta property=\"og:type\" content=\"article\" \/>\n<meta property=\"og:title\" content=\"4 timers hundesl\u00e6detur - Arctic Excursions\" \/>\n<meta property=\"og:description\" content=\"4 timers hundesl\u00e6detur i Uummannaq\" \/>\n<meta property=\"og:url\" content=\"https:\/\/test.arctic.klean.it\/da\/udflugter\/4-hours-dogsledding\/\" \/>\n<meta property=\"og:site_name\" content=\"Arctic Excursions\" \/>\n<meta property=\"article:modified_time\" content=\"2025-06-23T08:04:31+00:00\" \/>\n<meta property=\"og:image\" content=\"https:\/\/test.arctic.klean.it\/wp-content\/uploads\/2022\/11\/DJI_0941-scaled.jpg\" \/>\n\t<meta property=\"og:image:width\" content=\"2560\" \/>\n\t<meta property=\"og:image:height\" content=\"1438\" \/>\n\t<meta property=\"og:image:type\" content=\"image\/jpeg\" \/>\n<meta name=\"twitter:card\" content=\"summary_large_image\" \/>\n<meta name=\"twitter:label1\" content=\"Estimeret l\u00e6setid\" \/>\n\t<meta name=\"twitter:data1\" content=\"1 minut\" \/>\n<script type=\"application\/ld+json\" class=\"yoast-schema-graph\">{\"@context\":\"https:\/\/schema.org\",\"@graph\":[{\"@type\":\"WebPage\",\"@id\":\"https:\/\/test.arctic.klean.it\/da\/udflugter\/4-hours-dogsledding\/\",\"url\":\"https:\/\/test.arctic.klean.it\/da\/udflugter\/4-hours-dogsledding\/\",\"name\":\"4 timers hundesl\u00e6detur - Arctic Excursions\",\"isPartOf\":{\"@id\":\"https:\/\/test.arctic.klean.it\/#website\"},\"primaryImageOfPage\":{\"@id\":\"https:\/\/test.arctic.klean.it\/da\/udflugter\/4-hours-dogsledding\/#primaryimage\"},\"image\":{\"@id\":\"https:\/\/test.arctic.klean.it\/da\/udflugter\/4-hours-dogsledding\/#primaryimage\"},\"thumbnailUrl\":\"https:\/\/test.arctic.klean.it\/wp-content\/uploads\/2022\/11\/DJI_0941-scaled.jpg\",\"datePublished\":\"2022-11-21T10:08:06+00:00\",\"dateModified\":\"2025-06-23T08:04:31+00:00\",\"breadcrumb\":{\"@id\":\"https:\/\/test.arctic.klean.it\/da\/udflugter\/4-hours-dogsledding\/#breadcrumb\"},\"inLanguage\":\"da-DK\",\"potentialAction\":[{\"@type\":\"ReadAction\",\"target\":[\"https:\/\/test.arctic.klean.it\/da\/udflugter\/4-hours-dogsledding\/\"]}]},{\"@type\":\"ImageObject\",\"inLanguage\":\"da-DK\",\"@id\":\"https:\/\/test.arctic.klean.it\/da\/udflugter\/4-hours-dogsledding\/#primaryimage\",\"url\":\"https:\/\/test.arctic.klean.it\/wp-content\/uploads\/2022\/11\/DJI_0941-scaled.jpg\",\"contentUrl\":\"https:\/\/test.arctic.klean.it\/wp-content\/uploads\/2022\/11\/DJI_0941-scaled.jpg\",\"width\":2560,\"height\":1438},{\"@type\":\"BreadcrumbList\",\"@id\":\"https:\/\/test.arctic.klean.it\/da\/udflugter\/4-hours-dogsledding\/#breadcrumb\",\"itemListElement\":[{\"@type\":\"ListItem\",\"position\":1,\"name\":\"Udflugter i Gr\u00f8nland\",\"item\":\"https:\/\/test.arctic.klean.it\/da\/udflugter\/\"},{\"@type\":\"ListItem\",\"position\":2,\"name\":\"4 timers hundesl\u00e6detur\"}]},{\"@type\":\"WebSite\",\"@id\":\"https:\/\/test.arctic.klean.it\/#website\",\"url\":\"https:\/\/test.arctic.klean.it\/\",\"name\":\"Arctic Excursions\",\"description\":\"New adventures. Every day.\",\"potentialAction\":[{\"@type\":\"SearchAction\",\"target\":{\"@type\":\"EntryPoint\",\"urlTemplate\":\"https:\/\/test.arctic.klean.it\/?s={search_term_string}\"},\"query-input\":{\"@type\":\"PropertyValueSpecification\",\"valueRequired\":true,\"valueName\":\"search_term_string\"}}],\"inLanguage\":\"da-DK\"}]}<\/script>\n<!-- \/ Yoast SEO plugin. -->","yoast_head_json":{"title":"Arctic Excursions","robots":{"index":"index","follow":"follow","max-snippet":"max-snippet:-1","max-image-preview":"max-image-preview:large","max-video-preview":"max-video-preview:-1"},"canonical":"https:\/\/test.arctic.klean.it\/da\/udflugter\/4-hours-dogsledding\/","og_locale":"da_DK","og_type":"article","og_title":"4 timers hundesl\u00e6detur - Arctic Excursions","og_description":"4 timers hundesl\u00e6detur i Uummannaq","og_url":"https:\/\/test.arctic.klean.it\/da\/udflugter\/4-hours-dogsledding\/","og_site_name":"Arctic Excursions","article_modified_time":"2025-06-23T08:04:31+00:00","og_image":[{"width":2560,"height":1438,"url":"https:\/\/test.arctic.klean.it\/wp-content\/uploads\/2022\/11\/DJI_0941-scaled.jpg","type":"image\/jpeg"}],"twitter_card":"summary_large_image","twitter_misc":{"Estimeret l\u00e6setid":"1 minut"},"schema":{"@context":"https:\/\/schema.org","@graph":[{"@type":"WebPage","@id":"https:\/\/test.arctic.klean.it\/da\/udflugter\/4-hours-dogsledding\/","url":"https:\/\/test.arctic.klean.it\/da\/udflugter\/4-hours-dogsledding\/","name":"4 timers hundesl\u00e6detur - Arctic Excursions","isPartOf":{"@id":"https:\/\/test.arctic.klean.it\/#website"},"primaryImageOfPage":{"@id":"https:\/\/test.arctic.klean.it\/da\/udflugter\/4-hours-dogsledding\/#primaryimage"},"image":{"@id":"https:\/\/test.arctic.klean.it\/da\/udflugter\/4-hours-dogsledding\/#primaryimage"},"thumbnailUrl":"https:\/\/test.arctic.klean.it\/wp-content\/uploads\/2022\/11\/DJI_0941-scaled.jpg","datePublished":"2022-11-21T10:08:06+00:00","dateModified":"2025-06-23T08:04:31+00:00","breadcrumb":{"@id":"https:\/\/test.arctic.klean.it\/da\/udflugter\/4-hours-dogsledding\/#breadcrumb"},"inLanguage":"da-DK","potentialAction":[{"@type":"ReadAction","target":["https:\/\/test.arctic.klean.it\/da\/udflugter\/4-hours-dogsledding\/"]}]},{"@type":"ImageObject","inLanguage":"da-DK","@id":"https:\/\/test.arctic.klean.it\/da\/udflugter\/4-hours-dogsledding\/#primaryimage","url":"https:\/\/test.arctic.klean.it\/wp-content\/uploads\/2022\/11\/DJI_0941-scaled.jpg","contentUrl":"https:\/\/test.arctic.klean.it\/wp-content\/uploads\/2022\/11\/DJI_0941-scaled.jpg","width":2560,"height":1438},{"@type":"BreadcrumbList","@id":"https:\/\/test.arctic.klean.it\/da\/udflugter\/4-hours-dogsledding\/#breadcrumb","itemListElement":[{"@type":"ListItem","position":1,"name":"Udflugter i Gr\u00f8nland","item":"https:\/\/test.arctic.klean.it\/da\/udflugter\/"},{"@type":"ListItem","position":2,"name":"4 timers hundesl\u00e6detur"}]},{"@type":"WebSite","@id":"https:\/\/test.arctic.klean.it\/#website","url":"https:\/\/test.arctic.klean.it\/","name":"Arctic Excursions","description":"New adventures. Every day.","potentialAction":[{"@type":"SearchAction","target":{"@type":"EntryPoint","urlTemplate":"https:\/\/test.arctic.klean.it\/?s={search_term_string}"},"query-input":{"@type":"PropertyValueSpecification","valueRequired":true,"valueName":"search_term_string"}}],"inLanguage":"da-DK"}]}},"_links":{"self":[{"href":"https:\/\/test.arctic.klean.it\/da\/wp-json\/wp\/v2\/product\/4705","targetHints":{"allow":["GET"]}}],"collection":[{"href":"https:\/\/test.arctic.klean.it\/da\/wp-json\/wp\/v2\/product"}],"about":[{"href":"https:\/\/test.arctic.klean.it\/da\/wp-json\/wp\/v2\/types\/product"}],"replies":[{"embeddable":true,"href":"https:\/\/test.arctic.klean.it\/da\/wp-json\/wp\/v2\/comments?post=4705"}],"wp:featuredmedia":[{"embeddable":true,"href":"https:\/\/test.arctic.klean.it\/da\/wp-json\/wp\/v2\/media\/4632"}],"wp:attachment":[{"href":"https:\/\/test.arctic.klean.it\/da\/wp-json\/wp\/v2\/media?parent=4705"}],"wp:term":[{"taxonomy":"product_brand","embeddable":true,"href":"https:\/\/test.arctic.klean.it\/da\/wp-json\/wp\/v2\/product_brand?post=4705"},{"taxonomy":"product_cat","embeddable":true,"href":"https:\/\/test.arctic.klean.it\/da\/wp-json\/wp\/v2\/product_cat?post=4705"},{"taxonomy":"product_tag","embeddable":true,"href":"https:\/\/test.arctic.klean.it\/da\/wp-json\/wp\/v2\/product_tag?post=4705"}],"curies":[{"name":"wp","href":"https:\/\/api.w.org\/{rel}","templated":true}]}}