{"id":4761,"date":"2022-11-28T16:07:51","date_gmt":"2022-11-28T14:07:51","guid":{"rendered":"https:\/\/test.arctic.klean.it\/?post_type=product&#038;p=4761"},"modified":"2023-08-15T10:45:36","modified_gmt":"2023-08-15T08:45:36","slug":"eqi-glaicer-tour","status":"publish","type":"product","link":"https:\/\/test.arctic.klean.it\/da\/udflugter\/eqi-glaicer-tour\/","title":{"rendered":"Eqi Glacier Tour"},"content":{"rendered":"<p>Oplev Eqi-gletsjeren, en af de st\u00f8rste k\u00e6lvende gletsjere i Gr\u00f8nland.<\/p>\n<p>Vi sejler i vores hurtige og p\u00e5lidelige Targa, Nanunnguaq med 12 s\u00e6der p\u00e5 denne halvdagstur, hvor du har tid til at nyde turen og selve gletsjeren.<\/p>\n<p>Turen varer ca. seks timer. Den hurtige b\u00e5d g\u00f8r det ogs\u00e5 muligt for vores erfarne kaptajn at lave en mindre omvej, hvis vi ser hvaler eller andre attraktioner i n\u00e6rheden. <\/p>\n<p>Turen varer ca. to timer p\u00e5 vej op, to timer foran gletsjeren og to timer tilbage.<\/p>\n<p><b>Vi anbefaler, at du medbringer: <\/b><br \/>\n&#8211; Varm jakke<br \/>\n&#8211; Hue<br \/>\n&#8211; Handsker<br \/>\n&#8211; Solbriller<\/p>\n<p>Der er kaffe og te ombord.<\/p>\n","protected":false},"excerpt":{"rendered":"<p>Eqi Glaicer Tour &#8211; Oplev den store storsl\u00e5ede Eqi gletsjer<\/p>\n","protected":false},"featured_media":4772,"comment_status":"open","ping_status":"closed","template":"","meta":{"_acf_changed":false},"product_brand":[],"product_cat":[170],"product_tag":[159],"class_list":{"0":"post-4761","1":"product","2":"type-product","3":"status-publish","4":"has-post-thumbnail","6":"product_cat-udflugt","7":"product_tag-1-da","8":"pa_dato-667","9":"pa_dato-674","10":"pa_dato-222","11":"pa_dato-675","12":"pa_tidspunkt-72","13":"tour_location-ilulissat-da","14":"tour_type-baadture","15":"tour_operator-naleraq-sea-safari","17":"first","18":"outofstock","19":"shipping-taxable","20":"product-type-variable"},"acf":[],"yoast_head":"<!-- This site is optimized with the Yoast SEO plugin v25.2 - https:\/\/yoast.com\/wordpress\/plugins\/seo\/ -->\n<title>Arctic Excursions<\/title>\n<meta name=\"robots\" content=\"index, follow, max-snippet:-1, max-image-preview:large, max-video-preview:-1\" \/>\n<link rel=\"canonical\" href=\"https:\/\/test.arctic.klean.it\/udflugter\/eqi-glaicer-tour\/\" \/>\n<meta property=\"og:locale\" content=\"da_DK\" \/>\n<meta property=\"og:type\" content=\"article\" \/>\n<meta property=\"og:title\" content=\"Eqi Glacier Tour - Arctic Excursions\" \/>\n<meta property=\"og:description\" content=\"Eqi Glaicer Tour - Oplev den store storsl\u00e5ede Eqi gletsjer\" \/>\n<meta property=\"og:url\" content=\"https:\/\/test.arctic.klean.it\/udflugter\/eqi-glaicer-tour\/\" \/>\n<meta property=\"og:site_name\" content=\"Arctic Excursions\" \/>\n<meta property=\"article:modified_time\" content=\"2023-08-15T08:45:36+00:00\" \/>\n<meta property=\"og:image\" content=\"https:\/\/test.arctic.klean.it\/wp-content\/uploads\/2022\/11\/1-1024x768.jpeg\" \/>\n\t<meta property=\"og:image:width\" content=\"1024\" \/>\n\t<meta property=\"og:image:height\" content=\"768\" \/>\n\t<meta property=\"og:image:type\" content=\"image\/jpeg\" \/>\n<meta name=\"twitter:card\" content=\"summary_large_image\" \/>\n<meta name=\"twitter:label1\" content=\"Estimeret l\u00e6setid\" \/>\n\t<meta name=\"twitter:data1\" content=\"1 minut\" \/>\n<script type=\"application\/ld+json\" class=\"yoast-schema-graph\">{\"@context\":\"https:\/\/schema.org\",\"@graph\":[{\"@type\":\"WebPage\",\"@id\":\"https:\/\/test.arctic.klean.it\/udflugter\/eqi-glaicer-tour\/\",\"url\":\"https:\/\/test.arctic.klean.it\/udflugter\/eqi-glaicer-tour\/\",\"name\":\"Eqi Glacier Tour - Arctic Excursions\",\"isPartOf\":{\"@id\":\"https:\/\/test.arctic.klean.it\/#website\"},\"primaryImageOfPage\":{\"@id\":\"https:\/\/test.arctic.klean.it\/udflugter\/eqi-glaicer-tour\/#primaryimage\"},\"image\":{\"@id\":\"https:\/\/test.arctic.klean.it\/udflugter\/eqi-glaicer-tour\/#primaryimage\"},\"thumbnailUrl\":\"https:\/\/test.arctic.klean.it\/wp-content\/uploads\/2022\/11\/1.jpeg\",\"datePublished\":\"2022-11-28T14:07:51+00:00\",\"dateModified\":\"2023-08-15T08:45:36+00:00\",\"breadcrumb\":{\"@id\":\"https:\/\/test.arctic.klean.it\/udflugter\/eqi-glaicer-tour\/#breadcrumb\"},\"inLanguage\":\"da-DK\",\"potentialAction\":[{\"@type\":\"ReadAction\",\"target\":[\"https:\/\/test.arctic.klean.it\/udflugter\/eqi-glaicer-tour\/\"]}]},{\"@type\":\"ImageObject\",\"inLanguage\":\"da-DK\",\"@id\":\"https:\/\/test.arctic.klean.it\/udflugter\/eqi-glaicer-tour\/#primaryimage\",\"url\":\"https:\/\/test.arctic.klean.it\/wp-content\/uploads\/2022\/11\/1.jpeg\",\"contentUrl\":\"https:\/\/test.arctic.klean.it\/wp-content\/uploads\/2022\/11\/1.jpeg\",\"width\":2420,\"height\":1816},{\"@type\":\"BreadcrumbList\",\"@id\":\"https:\/\/test.arctic.klean.it\/udflugter\/eqi-glaicer-tour\/#breadcrumb\",\"itemListElement\":[{\"@type\":\"ListItem\",\"position\":1,\"name\":\"Udflugter i Gr\u00f8nland\",\"item\":\"https:\/\/test.arctic.klean.it\/da\/udflugter\/\"},{\"@type\":\"ListItem\",\"position\":2,\"name\":\"Eqi Glacier Tour\"}]},{\"@type\":\"WebSite\",\"@id\":\"https:\/\/test.arctic.klean.it\/#website\",\"url\":\"https:\/\/test.arctic.klean.it\/\",\"name\":\"Arctic Excursions\",\"description\":\"New adventures. Every day.\",\"potentialAction\":[{\"@type\":\"SearchAction\",\"target\":{\"@type\":\"EntryPoint\",\"urlTemplate\":\"https:\/\/test.arctic.klean.it\/?s={search_term_string}\"},\"query-input\":{\"@type\":\"PropertyValueSpecification\",\"valueRequired\":true,\"valueName\":\"search_term_string\"}}],\"inLanguage\":\"da-DK\"}]}<\/script>\n<!-- \/ Yoast SEO plugin. -->","yoast_head_json":{"title":"Arctic Excursions","robots":{"index":"index","follow":"follow","max-snippet":"max-snippet:-1","max-image-preview":"max-image-preview:large","max-video-preview":"max-video-preview:-1"},"canonical":"https:\/\/test.arctic.klean.it\/udflugter\/eqi-glaicer-tour\/","og_locale":"da_DK","og_type":"article","og_title":"Eqi Glacier Tour - Arctic Excursions","og_description":"Eqi Glaicer Tour - Oplev den store storsl\u00e5ede Eqi gletsjer","og_url":"https:\/\/test.arctic.klean.it\/udflugter\/eqi-glaicer-tour\/","og_site_name":"Arctic Excursions","article_modified_time":"2023-08-15T08:45:36+00:00","og_image":[{"width":1024,"height":768,"url":"https:\/\/test.arctic.klean.it\/wp-content\/uploads\/2022\/11\/1-1024x768.jpeg","type":"image\/jpeg"}],"twitter_card":"summary_large_image","twitter_misc":{"Estimeret l\u00e6setid":"1 minut"},"schema":{"@context":"https:\/\/schema.org","@graph":[{"@type":"WebPage","@id":"https:\/\/test.arctic.klean.it\/udflugter\/eqi-glaicer-tour\/","url":"https:\/\/test.arctic.klean.it\/udflugter\/eqi-glaicer-tour\/","name":"Eqi Glacier Tour - Arctic Excursions","isPartOf":{"@id":"https:\/\/test.arctic.klean.it\/#website"},"primaryImageOfPage":{"@id":"https:\/\/test.arctic.klean.it\/udflugter\/eqi-glaicer-tour\/#primaryimage"},"image":{"@id":"https:\/\/test.arctic.klean.it\/udflugter\/eqi-glaicer-tour\/#primaryimage"},"thumbnailUrl":"https:\/\/test.arctic.klean.it\/wp-content\/uploads\/2022\/11\/1.jpeg","datePublished":"2022-11-28T14:07:51+00:00","dateModified":"2023-08-15T08:45:36+00:00","breadcrumb":{"@id":"https:\/\/test.arctic.klean.it\/udflugter\/eqi-glaicer-tour\/#breadcrumb"},"inLanguage":"da-DK","potentialAction":[{"@type":"ReadAction","target":["https:\/\/test.arctic.klean.it\/udflugter\/eqi-glaicer-tour\/"]}]},{"@type":"ImageObject","inLanguage":"da-DK","@id":"https:\/\/test.arctic.klean.it\/udflugter\/eqi-glaicer-tour\/#primaryimage","url":"https:\/\/test.arctic.klean.it\/wp-content\/uploads\/2022\/11\/1.jpeg","contentUrl":"https:\/\/test.arctic.klean.it\/wp-content\/uploads\/2022\/11\/1.jpeg","width":2420,"height":1816},{"@type":"BreadcrumbList","@id":"https:\/\/test.arctic.klean.it\/udflugter\/eqi-glaicer-tour\/#breadcrumb","itemListElement":[{"@type":"ListItem","position":1,"name":"Udflugter i Gr\u00f8nland","item":"https:\/\/test.arctic.klean.it\/da\/udflugter\/"},{"@type":"ListItem","position":2,"name":"Eqi Glacier Tour"}]},{"@type":"WebSite","@id":"https:\/\/test.arctic.klean.it\/#website","url":"https:\/\/test.arctic.klean.it\/","name":"Arctic Excursions","description":"New adventures. Every day.","potentialAction":[{"@type":"SearchAction","target":{"@type":"EntryPoint","urlTemplate":"https:\/\/test.arctic.klean.it\/?s={search_term_string}"},"query-input":{"@type":"PropertyValueSpecification","valueRequired":true,"valueName":"search_term_string"}}],"inLanguage":"da-DK"}]}},"_links":{"self":[{"href":"https:\/\/test.arctic.klean.it\/da\/wp-json\/wp\/v2\/product\/4761","targetHints":{"allow":["GET"]}}],"collection":[{"href":"https:\/\/test.arctic.klean.it\/da\/wp-json\/wp\/v2\/product"}],"about":[{"href":"https:\/\/test.arctic.klean.it\/da\/wp-json\/wp\/v2\/types\/product"}],"replies":[{"embeddable":true,"href":"https:\/\/test.arctic.klean.it\/da\/wp-json\/wp\/v2\/comments?post=4761"}],"wp:featuredmedia":[{"embeddable":true,"href":"https:\/\/test.arctic.klean.it\/da\/wp-json\/wp\/v2\/media\/4772"}],"wp:attachment":[{"href":"https:\/\/test.arctic.klean.it\/da\/wp-json\/wp\/v2\/media?parent=4761"}],"wp:term":[{"taxonomy":"product_brand","embeddable":true,"href":"https:\/\/test.arctic.klean.it\/da\/wp-json\/wp\/v2\/product_brand?post=4761"},{"taxonomy":"product_cat","embeddable":true,"href":"https:\/\/test.arctic.klean.it\/da\/wp-json\/wp\/v2\/product_cat?post=4761"},{"taxonomy":"product_tag","embeddable":true,"href":"https:\/\/test.arctic.klean.it\/da\/wp-json\/wp\/v2\/product_tag?post=4761"}],"curies":[{"name":"wp","href":"https:\/\/api.w.org\/{rel}","templated":true}]}}