{"id":4762,"date":"2022-11-28T16:34:33","date_gmt":"2022-11-28T14:34:33","guid":{"rendered":"https:\/\/test.arctic.klean.it\/?post_type=product&#038;p=4762"},"modified":"2022-11-28T16:38:58","modified_gmt":"2022-11-28T14:38:58","slug":"mini-cruise-heidi","status":"publish","type":"product","link":"https:\/\/test.arctic.klean.it\/da\/udflugter\/mini-cruise-heidi\/","title":{"rendered":"Mini Cruise HEIDI"},"content":{"rendered":"<p>3 dage med sejlads og udforskning af nogle af h\u00f8jdepunkterne i det utroligt smukke Diskobay-omr\u00e5de. <\/p>\n<p>Dette Mini Cruise foreg\u00e5r p\u00e5 den smukke og historiske b\u00e5d HEIDI.<\/p>\n<p>Du vil bruge dine dage p\u00e5 at sejle og vandre og l\u00e6re om omr\u00e5det undervejs af din h\u00f8jt kvalificerede guide. <\/p>\n<p>Du sejler gennem roligt og til tider vildtvoksende hav, ser hvaler og du vil se majest\u00e6tiske isbjerge og dyreliv, der omgiver dig. <\/p>\n<p>Midnatssol p\u00e5 de bedste steder.<\/p>\n<p><b>Vi anbefaler, at du medbringer: <\/b><br \/>\n&#8211; Varm jakke<br \/>\n&#8211; Hue<br \/>\n&#8211; Handsker<br \/>\n&#8211; Solbriller<\/p>\n<p>Der er kaffe og te ombord.<\/p>\n","protected":false},"excerpt":{"rendered":"<p>Oplev vores Mini Cruise &#8211; kulturel rundtur<br \/>\nEqi Glaicer &#8211; Saqqaq \u2013 Qullissat<\/p>\n","protected":false},"featured_media":4767,"comment_status":"open","ping_status":"closed","template":"","meta":{"_acf_changed":false},"product_brand":[],"product_cat":[170],"product_tag":[],"class_list":{"0":"post-4762","1":"product","2":"type-product","3":"status-publish","4":"has-post-thumbnail","6":"product_cat-udflugt","7":"tour_location-ilulissat-da","8":"tour_type-baadture","9":"tour_operator-naleraq-sea-safari","11":"first","12":"outofstock","13":"shipping-taxable","14":"product-type-variable"},"acf":[],"yoast_head":"<!-- This site is optimized with the Yoast SEO plugin v25.2 - https:\/\/yoast.com\/wordpress\/plugins\/seo\/ -->\n<title>Arctic Excursions<\/title>\n<meta name=\"robots\" content=\"index, follow, max-snippet:-1, max-image-preview:large, max-video-preview:-1\" \/>\n<link rel=\"canonical\" href=\"https:\/\/test.arctic.klean.it\/udflugter\/mini-cruise-heidi\/\" \/>\n<meta property=\"og:locale\" content=\"da_DK\" \/>\n<meta property=\"og:type\" content=\"article\" \/>\n<meta property=\"og:title\" content=\"Mini Cruise HEIDI - Arctic Excursions\" \/>\n<meta property=\"og:description\" content=\"Oplev vores Mini Cruise - kulturel rundtur  Eqi Glaicer - Saqqaq \u2013 Qullissat\" \/>\n<meta property=\"og:url\" content=\"https:\/\/test.arctic.klean.it\/udflugter\/mini-cruise-heidi\/\" \/>\n<meta property=\"og:site_name\" content=\"Arctic Excursions\" \/>\n<meta property=\"article:modified_time\" content=\"2022-11-28T14:38:58+00:00\" \/>\n<meta property=\"og:image\" content=\"https:\/\/test.arctic.klean.it\/wp-content\/uploads\/2022\/11\/9.jpeg\" \/>\n\t<meta property=\"og:image:width\" content=\"2000\" \/>\n\t<meta property=\"og:image:height\" content=\"1501\" \/>\n\t<meta property=\"og:image:type\" content=\"image\/jpeg\" \/>\n<meta name=\"twitter:card\" content=\"summary_large_image\" \/>\n<meta name=\"twitter:label1\" content=\"Estimeret l\u00e6setid\" \/>\n\t<meta name=\"twitter:data1\" content=\"1 minut\" \/>\n<script type=\"application\/ld+json\" class=\"yoast-schema-graph\">{\"@context\":\"https:\/\/schema.org\",\"@graph\":[{\"@type\":\"WebPage\",\"@id\":\"https:\/\/test.arctic.klean.it\/udflugter\/mini-cruise-heidi\/\",\"url\":\"https:\/\/test.arctic.klean.it\/udflugter\/mini-cruise-heidi\/\",\"name\":\"Mini Cruise HEIDI - Arctic Excursions\",\"isPartOf\":{\"@id\":\"https:\/\/test.arctic.klean.it\/#website\"},\"primaryImageOfPage\":{\"@id\":\"https:\/\/test.arctic.klean.it\/udflugter\/mini-cruise-heidi\/#primaryimage\"},\"image\":{\"@id\":\"https:\/\/test.arctic.klean.it\/udflugter\/mini-cruise-heidi\/#primaryimage\"},\"thumbnailUrl\":\"https:\/\/test.arctic.klean.it\/wp-content\/uploads\/2022\/11\/9.jpeg\",\"datePublished\":\"2022-11-28T14:34:33+00:00\",\"dateModified\":\"2022-11-28T14:38:58+00:00\",\"breadcrumb\":{\"@id\":\"https:\/\/test.arctic.klean.it\/udflugter\/mini-cruise-heidi\/#breadcrumb\"},\"inLanguage\":\"da-DK\",\"potentialAction\":[{\"@type\":\"ReadAction\",\"target\":[\"https:\/\/test.arctic.klean.it\/udflugter\/mini-cruise-heidi\/\"]}]},{\"@type\":\"ImageObject\",\"inLanguage\":\"da-DK\",\"@id\":\"https:\/\/test.arctic.klean.it\/udflugter\/mini-cruise-heidi\/#primaryimage\",\"url\":\"https:\/\/test.arctic.klean.it\/wp-content\/uploads\/2022\/11\/9.jpeg\",\"contentUrl\":\"https:\/\/test.arctic.klean.it\/wp-content\/uploads\/2022\/11\/9.jpeg\",\"width\":2000,\"height\":1501},{\"@type\":\"BreadcrumbList\",\"@id\":\"https:\/\/test.arctic.klean.it\/udflugter\/mini-cruise-heidi\/#breadcrumb\",\"itemListElement\":[{\"@type\":\"ListItem\",\"position\":1,\"name\":\"Udflugter i Gr\u00f8nland\",\"item\":\"https:\/\/test.arctic.klean.it\/da\/udflugter\/\"},{\"@type\":\"ListItem\",\"position\":2,\"name\":\"Mini Cruise HEIDI\"}]},{\"@type\":\"WebSite\",\"@id\":\"https:\/\/test.arctic.klean.it\/#website\",\"url\":\"https:\/\/test.arctic.klean.it\/\",\"name\":\"Arctic Excursions\",\"description\":\"New adventures. Every day.\",\"potentialAction\":[{\"@type\":\"SearchAction\",\"target\":{\"@type\":\"EntryPoint\",\"urlTemplate\":\"https:\/\/test.arctic.klean.it\/?s={search_term_string}\"},\"query-input\":{\"@type\":\"PropertyValueSpecification\",\"valueRequired\":true,\"valueName\":\"search_term_string\"}}],\"inLanguage\":\"da-DK\"}]}<\/script>\n<!-- \/ Yoast SEO plugin. -->","yoast_head_json":{"title":"Arctic Excursions","robots":{"index":"index","follow":"follow","max-snippet":"max-snippet:-1","max-image-preview":"max-image-preview:large","max-video-preview":"max-video-preview:-1"},"canonical":"https:\/\/test.arctic.klean.it\/udflugter\/mini-cruise-heidi\/","og_locale":"da_DK","og_type":"article","og_title":"Mini Cruise HEIDI - Arctic Excursions","og_description":"Oplev vores Mini Cruise - kulturel rundtur  Eqi Glaicer - Saqqaq \u2013 Qullissat","og_url":"https:\/\/test.arctic.klean.it\/udflugter\/mini-cruise-heidi\/","og_site_name":"Arctic Excursions","article_modified_time":"2022-11-28T14:38:58+00:00","og_image":[{"width":2000,"height":1501,"url":"https:\/\/test.arctic.klean.it\/wp-content\/uploads\/2022\/11\/9.jpeg","type":"image\/jpeg"}],"twitter_card":"summary_large_image","twitter_misc":{"Estimeret l\u00e6setid":"1 minut"},"schema":{"@context":"https:\/\/schema.org","@graph":[{"@type":"WebPage","@id":"https:\/\/test.arctic.klean.it\/udflugter\/mini-cruise-heidi\/","url":"https:\/\/test.arctic.klean.it\/udflugter\/mini-cruise-heidi\/","name":"Mini Cruise HEIDI - Arctic Excursions","isPartOf":{"@id":"https:\/\/test.arctic.klean.it\/#website"},"primaryImageOfPage":{"@id":"https:\/\/test.arctic.klean.it\/udflugter\/mini-cruise-heidi\/#primaryimage"},"image":{"@id":"https:\/\/test.arctic.klean.it\/udflugter\/mini-cruise-heidi\/#primaryimage"},"thumbnailUrl":"https:\/\/test.arctic.klean.it\/wp-content\/uploads\/2022\/11\/9.jpeg","datePublished":"2022-11-28T14:34:33+00:00","dateModified":"2022-11-28T14:38:58+00:00","breadcrumb":{"@id":"https:\/\/test.arctic.klean.it\/udflugter\/mini-cruise-heidi\/#breadcrumb"},"inLanguage":"da-DK","potentialAction":[{"@type":"ReadAction","target":["https:\/\/test.arctic.klean.it\/udflugter\/mini-cruise-heidi\/"]}]},{"@type":"ImageObject","inLanguage":"da-DK","@id":"https:\/\/test.arctic.klean.it\/udflugter\/mini-cruise-heidi\/#primaryimage","url":"https:\/\/test.arctic.klean.it\/wp-content\/uploads\/2022\/11\/9.jpeg","contentUrl":"https:\/\/test.arctic.klean.it\/wp-content\/uploads\/2022\/11\/9.jpeg","width":2000,"height":1501},{"@type":"BreadcrumbList","@id":"https:\/\/test.arctic.klean.it\/udflugter\/mini-cruise-heidi\/#breadcrumb","itemListElement":[{"@type":"ListItem","position":1,"name":"Udflugter i Gr\u00f8nland","item":"https:\/\/test.arctic.klean.it\/da\/udflugter\/"},{"@type":"ListItem","position":2,"name":"Mini Cruise HEIDI"}]},{"@type":"WebSite","@id":"https:\/\/test.arctic.klean.it\/#website","url":"https:\/\/test.arctic.klean.it\/","name":"Arctic Excursions","description":"New adventures. Every day.","potentialAction":[{"@type":"SearchAction","target":{"@type":"EntryPoint","urlTemplate":"https:\/\/test.arctic.klean.it\/?s={search_term_string}"},"query-input":{"@type":"PropertyValueSpecification","valueRequired":true,"valueName":"search_term_string"}}],"inLanguage":"da-DK"}]}},"_links":{"self":[{"href":"https:\/\/test.arctic.klean.it\/da\/wp-json\/wp\/v2\/product\/4762","targetHints":{"allow":["GET"]}}],"collection":[{"href":"https:\/\/test.arctic.klean.it\/da\/wp-json\/wp\/v2\/product"}],"about":[{"href":"https:\/\/test.arctic.klean.it\/da\/wp-json\/wp\/v2\/types\/product"}],"replies":[{"embeddable":true,"href":"https:\/\/test.arctic.klean.it\/da\/wp-json\/wp\/v2\/comments?post=4762"}],"wp:featuredmedia":[{"embeddable":true,"href":"https:\/\/test.arctic.klean.it\/da\/wp-json\/wp\/v2\/media\/4767"}],"wp:attachment":[{"href":"https:\/\/test.arctic.klean.it\/da\/wp-json\/wp\/v2\/media?parent=4762"}],"wp:term":[{"taxonomy":"product_brand","embeddable":true,"href":"https:\/\/test.arctic.klean.it\/da\/wp-json\/wp\/v2\/product_brand?post=4762"},{"taxonomy":"product_cat","embeddable":true,"href":"https:\/\/test.arctic.klean.it\/da\/wp-json\/wp\/v2\/product_cat?post=4762"},{"taxonomy":"product_tag","embeddable":true,"href":"https:\/\/test.arctic.klean.it\/da\/wp-json\/wp\/v2\/product_tag?post=4762"}],"curies":[{"name":"wp","href":"https:\/\/api.w.org\/{rel}","templated":true}]}}