{"id":4877,"date":"2022-11-24T16:30:28","date_gmt":"2022-11-24T14:30:28","guid":{"rendered":"https:\/\/test.arctic.klean.it\/?post_type=product&#038;p=4877"},"modified":"2023-10-10T11:08:17","modified_gmt":"2023-10-10T09:08:17","slug":"glacier-landing","status":"publish","type":"product","link":"https:\/\/test.arctic.klean.it\/da\/udflugter\/glacier-landing\/","title":{"rendered":"Glacier Landing"},"content":{"rendered":"<p>Tag med os p\u00e5 denne fantastiske helikoptertur, hvor vi lander p\u00e5 en gletsjer.<\/p>\n<p>Vi flyver gennem forskellige landskaber, og du f\u00e5r et fugleperspektiv p\u00e5 g\u00e5rde og sm\u00e5 landsbyer. <\/p>\n<p>Destinationen er den k\u00e6lvende gletsjer i Qalerallit. <\/p>\n<p>I f\u00e5r mulighed for at se gletsjeren b\u00e5de fra luften og fra jorden, begge udsigter er helt unikke.<\/p>\n<p>Vi lander helikopteren direkte p\u00e5 gletsjeren, og der kan du nyde at g\u00e5 p\u00e5 den st\u00f8rste indlandsis. <\/p>\n<p>Experience landing on Glacier in South Greenland.<\/p>\n<p>Minimum 4 personer.<\/p>\n","protected":false},"excerpt":{"rendered":"<p>Et tur til indlandsisen p\u00e5 1,5 time med flyvning og landing p\u00e5 isen med god udsigt og masser af is.<\/p>\n","protected":false},"featured_media":4871,"comment_status":"open","ping_status":"closed","template":"","meta":{"_acf_changed":false},"product_brand":[],"product_cat":[170],"product_tag":[159],"class_list":{"0":"post-4877","1":"product","2":"type-product","3":"status-publish","4":"has-post-thumbnail","6":"product_cat-udflugt","7":"product_tag-1-da","8":"pa_dato-453","9":"pa_dato-643","10":"pa_dato-644","11":"pa_dato-645","12":"pa_dato-646","13":"pa_dato-647","14":"pa_dato-510","15":"pa_dato-513","16":"pa_dato-511","17":"pa_dato-512","18":"pa_dato-732","19":"pa_dato-733","20":"pa_dato-734","21":"pa_tidspunkt-72","22":"pa_tidspunkt-177","23":"tour_location-qaqortoq-da","24":"tour_type-flightseeing","25":"tour_operator-sermeq-helicopters","27":"first","28":"outofstock","29":"shipping-taxable","30":"product-type-variable"},"acf":[],"yoast_head":"<!-- This site is optimized with the Yoast SEO plugin v25.2 - https:\/\/yoast.com\/wordpress\/plugins\/seo\/ -->\n<title>Arctic Excursions<\/title>\n<meta name=\"robots\" content=\"index, follow, max-snippet:-1, max-image-preview:large, max-video-preview:-1\" \/>\n<link rel=\"canonical\" href=\"https:\/\/test.arctic.klean.it\/udflugter\/glacier-landing\/\" \/>\n<meta property=\"og:locale\" content=\"da_DK\" \/>\n<meta property=\"og:type\" content=\"article\" \/>\n<meta property=\"og:title\" content=\"Glacier Landing - Arctic Excursions\" \/>\n<meta property=\"og:description\" content=\"Et tur til indlandsisen p\u00e5 1,5 time med flyvning og landing p\u00e5 isen med god udsigt og masser af is.\" \/>\n<meta property=\"og:url\" content=\"https:\/\/test.arctic.klean.it\/udflugter\/glacier-landing\/\" \/>\n<meta property=\"og:site_name\" content=\"Arctic Excursions\" \/>\n<meta property=\"article:modified_time\" content=\"2023-10-10T09:08:17+00:00\" \/>\n<meta property=\"og:image\" content=\"https:\/\/test.arctic.klean.it\/wp-content\/uploads\/2022\/11\/DSC00783-kopi-scaled.jpg\" \/>\n\t<meta property=\"og:image:width\" content=\"1707\" \/>\n\t<meta property=\"og:image:height\" content=\"2560\" \/>\n\t<meta property=\"og:image:type\" content=\"image\/jpeg\" \/>\n<meta name=\"twitter:card\" content=\"summary_large_image\" \/>\n<meta name=\"twitter:label1\" content=\"Estimeret l\u00e6setid\" \/>\n\t<meta name=\"twitter:data1\" content=\"1 minut\" \/>\n<script type=\"application\/ld+json\" class=\"yoast-schema-graph\">{\"@context\":\"https:\/\/schema.org\",\"@graph\":[{\"@type\":\"WebPage\",\"@id\":\"https:\/\/test.arctic.klean.it\/udflugter\/glacier-landing\/\",\"url\":\"https:\/\/test.arctic.klean.it\/udflugter\/glacier-landing\/\",\"name\":\"Glacier Landing - Arctic Excursions\",\"isPartOf\":{\"@id\":\"https:\/\/test.arctic.klean.it\/#website\"},\"primaryImageOfPage\":{\"@id\":\"https:\/\/test.arctic.klean.it\/udflugter\/glacier-landing\/#primaryimage\"},\"image\":{\"@id\":\"https:\/\/test.arctic.klean.it\/udflugter\/glacier-landing\/#primaryimage\"},\"thumbnailUrl\":\"https:\/\/test.arctic.klean.it\/wp-content\/uploads\/2022\/11\/DSC00783-kopi-scaled.jpg\",\"datePublished\":\"2022-11-24T14:30:28+00:00\",\"dateModified\":\"2023-10-10T09:08:17+00:00\",\"breadcrumb\":{\"@id\":\"https:\/\/test.arctic.klean.it\/udflugter\/glacier-landing\/#breadcrumb\"},\"inLanguage\":\"da-DK\",\"potentialAction\":[{\"@type\":\"ReadAction\",\"target\":[\"https:\/\/test.arctic.klean.it\/udflugter\/glacier-landing\/\"]}]},{\"@type\":\"ImageObject\",\"inLanguage\":\"da-DK\",\"@id\":\"https:\/\/test.arctic.klean.it\/udflugter\/glacier-landing\/#primaryimage\",\"url\":\"https:\/\/test.arctic.klean.it\/wp-content\/uploads\/2022\/11\/DSC00783-kopi-scaled.jpg\",\"contentUrl\":\"https:\/\/test.arctic.klean.it\/wp-content\/uploads\/2022\/11\/DSC00783-kopi-scaled.jpg\",\"width\":1707,\"height\":2560},{\"@type\":\"BreadcrumbList\",\"@id\":\"https:\/\/test.arctic.klean.it\/udflugter\/glacier-landing\/#breadcrumb\",\"itemListElement\":[{\"@type\":\"ListItem\",\"position\":1,\"name\":\"Udflugter i Gr\u00f8nland\",\"item\":\"https:\/\/test.arctic.klean.it\/da\/udflugter\/\"},{\"@type\":\"ListItem\",\"position\":2,\"name\":\"Glacier Landing\"}]},{\"@type\":\"WebSite\",\"@id\":\"https:\/\/test.arctic.klean.it\/#website\",\"url\":\"https:\/\/test.arctic.klean.it\/\",\"name\":\"Arctic Excursions\",\"description\":\"New adventures. Every day.\",\"potentialAction\":[{\"@type\":\"SearchAction\",\"target\":{\"@type\":\"EntryPoint\",\"urlTemplate\":\"https:\/\/test.arctic.klean.it\/?s={search_term_string}\"},\"query-input\":{\"@type\":\"PropertyValueSpecification\",\"valueRequired\":true,\"valueName\":\"search_term_string\"}}],\"inLanguage\":\"da-DK\"}]}<\/script>\n<!-- \/ Yoast SEO plugin. -->","yoast_head_json":{"title":"Arctic Excursions","robots":{"index":"index","follow":"follow","max-snippet":"max-snippet:-1","max-image-preview":"max-image-preview:large","max-video-preview":"max-video-preview:-1"},"canonical":"https:\/\/test.arctic.klean.it\/udflugter\/glacier-landing\/","og_locale":"da_DK","og_type":"article","og_title":"Glacier Landing - Arctic Excursions","og_description":"Et tur til indlandsisen p\u00e5 1,5 time med flyvning og landing p\u00e5 isen med god udsigt og masser af is.","og_url":"https:\/\/test.arctic.klean.it\/udflugter\/glacier-landing\/","og_site_name":"Arctic Excursions","article_modified_time":"2023-10-10T09:08:17+00:00","og_image":[{"width":1707,"height":2560,"url":"https:\/\/test.arctic.klean.it\/wp-content\/uploads\/2022\/11\/DSC00783-kopi-scaled.jpg","type":"image\/jpeg"}],"twitter_card":"summary_large_image","twitter_misc":{"Estimeret l\u00e6setid":"1 minut"},"schema":{"@context":"https:\/\/schema.org","@graph":[{"@type":"WebPage","@id":"https:\/\/test.arctic.klean.it\/udflugter\/glacier-landing\/","url":"https:\/\/test.arctic.klean.it\/udflugter\/glacier-landing\/","name":"Glacier Landing - Arctic Excursions","isPartOf":{"@id":"https:\/\/test.arctic.klean.it\/#website"},"primaryImageOfPage":{"@id":"https:\/\/test.arctic.klean.it\/udflugter\/glacier-landing\/#primaryimage"},"image":{"@id":"https:\/\/test.arctic.klean.it\/udflugter\/glacier-landing\/#primaryimage"},"thumbnailUrl":"https:\/\/test.arctic.klean.it\/wp-content\/uploads\/2022\/11\/DSC00783-kopi-scaled.jpg","datePublished":"2022-11-24T14:30:28+00:00","dateModified":"2023-10-10T09:08:17+00:00","breadcrumb":{"@id":"https:\/\/test.arctic.klean.it\/udflugter\/glacier-landing\/#breadcrumb"},"inLanguage":"da-DK","potentialAction":[{"@type":"ReadAction","target":["https:\/\/test.arctic.klean.it\/udflugter\/glacier-landing\/"]}]},{"@type":"ImageObject","inLanguage":"da-DK","@id":"https:\/\/test.arctic.klean.it\/udflugter\/glacier-landing\/#primaryimage","url":"https:\/\/test.arctic.klean.it\/wp-content\/uploads\/2022\/11\/DSC00783-kopi-scaled.jpg","contentUrl":"https:\/\/test.arctic.klean.it\/wp-content\/uploads\/2022\/11\/DSC00783-kopi-scaled.jpg","width":1707,"height":2560},{"@type":"BreadcrumbList","@id":"https:\/\/test.arctic.klean.it\/udflugter\/glacier-landing\/#breadcrumb","itemListElement":[{"@type":"ListItem","position":1,"name":"Udflugter i Gr\u00f8nland","item":"https:\/\/test.arctic.klean.it\/da\/udflugter\/"},{"@type":"ListItem","position":2,"name":"Glacier Landing"}]},{"@type":"WebSite","@id":"https:\/\/test.arctic.klean.it\/#website","url":"https:\/\/test.arctic.klean.it\/","name":"Arctic Excursions","description":"New adventures. Every day.","potentialAction":[{"@type":"SearchAction","target":{"@type":"EntryPoint","urlTemplate":"https:\/\/test.arctic.klean.it\/?s={search_term_string}"},"query-input":{"@type":"PropertyValueSpecification","valueRequired":true,"valueName":"search_term_string"}}],"inLanguage":"da-DK"}]}},"_links":{"self":[{"href":"https:\/\/test.arctic.klean.it\/da\/wp-json\/wp\/v2\/product\/4877","targetHints":{"allow":["GET"]}}],"collection":[{"href":"https:\/\/test.arctic.klean.it\/da\/wp-json\/wp\/v2\/product"}],"about":[{"href":"https:\/\/test.arctic.klean.it\/da\/wp-json\/wp\/v2\/types\/product"}],"replies":[{"embeddable":true,"href":"https:\/\/test.arctic.klean.it\/da\/wp-json\/wp\/v2\/comments?post=4877"}],"wp:featuredmedia":[{"embeddable":true,"href":"https:\/\/test.arctic.klean.it\/da\/wp-json\/wp\/v2\/media\/4871"}],"wp:attachment":[{"href":"https:\/\/test.arctic.klean.it\/da\/wp-json\/wp\/v2\/media?parent=4877"}],"wp:term":[{"taxonomy":"product_brand","embeddable":true,"href":"https:\/\/test.arctic.klean.it\/da\/wp-json\/wp\/v2\/product_brand?post=4877"},{"taxonomy":"product_cat","embeddable":true,"href":"https:\/\/test.arctic.klean.it\/da\/wp-json\/wp\/v2\/product_cat?post=4877"},{"taxonomy":"product_tag","embeddable":true,"href":"https:\/\/test.arctic.klean.it\/da\/wp-json\/wp\/v2\/product_tag?post=4877"}],"curies":[{"name":"wp","href":"https:\/\/api.w.org\/{rel}","templated":true}]}}