{"id":4881,"date":"2022-11-24T16:30:43","date_gmt":"2022-11-24T14:30:43","guid":{"rendered":"https:\/\/test.arctic.klean.it\/?post_type=product&#038;p=4881"},"modified":"2023-10-10T11:08:17","modified_gmt":"2023-10-10T09:08:17","slug":"uunartoq-tour","status":"publish","type":"product","link":"https:\/\/test.arctic.klean.it\/da\/udflugter\/uunartoq-tour\/","title":{"rendered":"Uunartoq Tour"},"content":{"rendered":"<p>Vil du gerne opleve Uunartoqs varme kilder med stil?<\/p>\n<p>S\u00e5 er denne tur som skabt til dig.  <\/p>\n<p>Tag med os p\u00e5 denne helikoptertur, hvor destinationen er de varme kilder i Sydgr\u00f8nland.<\/p>\n<p>Vi flyver gennem dale og g\u00e5rde, f\u00f8r vi n\u00e5r frem til destinationen. <\/p>\n<p>De varme kilder er 38 grader hele \u00e5ret. <\/p>\n<p>Stedet ligger p\u00e5 en \u00f8 midt i ingenting med udsigt til isbjerge, der flyder i baggrunden. <\/p>\n<p>Der er et simpelt omkl\u00e6dningsrum p\u00e5 stedet. <\/p>\n<p>Husk at medbringe badet\u00f8j. <\/p>\n<p>Minimum 4 personer.<\/p>\n<p>Oplev Uunartoqs varme kilder.<\/p>\n","protected":false},"excerpt":{"rendered":"<p>Oplev de varme kilder i Uunartoq i Sydgr\u00f8nland.<\/p>\n","protected":false},"featured_media":4963,"comment_status":"open","ping_status":"closed","template":"","meta":{"_acf_changed":false},"product_brand":[],"product_cat":[170],"product_tag":[],"class_list":{"0":"post-4881","1":"product","2":"type-product","3":"status-publish","4":"has-post-thumbnail","6":"product_cat-udflugt","7":"pa_dato-513","8":"pa_dato-511","9":"pa_dato-512","10":"pa_dato-733","11":"pa_tidspunkt-72","12":"pa_tidspunkt-304","13":"tour_location-qaqortoq-da","14":"tour_type-flightseeing","15":"tour_operator-sermeq-helicopters","17":"first","18":"outofstock","19":"shipping-taxable","20":"product-type-variable"},"acf":[],"yoast_head":"<!-- This site is optimized with the Yoast SEO plugin v25.2 - https:\/\/yoast.com\/wordpress\/plugins\/seo\/ -->\n<title>Arctic Excursions<\/title>\n<meta name=\"robots\" content=\"index, follow, max-snippet:-1, max-image-preview:large, max-video-preview:-1\" \/>\n<link rel=\"canonical\" href=\"https:\/\/test.arctic.klean.it\/udflugter\/uunartoq-tour\/\" \/>\n<meta property=\"og:locale\" content=\"da_DK\" \/>\n<meta property=\"og:type\" content=\"article\" \/>\n<meta property=\"og:title\" content=\"Uunartoq Tour - Arctic Excursions\" \/>\n<meta property=\"og:description\" content=\"Oplev de varme kilder i Uunartoq i Sydgr\u00f8nland.\" \/>\n<meta property=\"og:url\" content=\"https:\/\/test.arctic.klean.it\/udflugter\/uunartoq-tour\/\" \/>\n<meta property=\"og:site_name\" content=\"Arctic Excursions\" \/>\n<meta property=\"article:modified_time\" content=\"2023-10-10T09:08:17+00:00\" \/>\n<meta property=\"og:image\" content=\"https:\/\/test.arctic.klean.it\/wp-content\/uploads\/2022\/11\/IMG_6339-scaled.jpeg\" \/>\n\t<meta property=\"og:image:width\" content=\"2560\" \/>\n\t<meta property=\"og:image:height\" content=\"1920\" \/>\n\t<meta property=\"og:image:type\" content=\"image\/jpeg\" \/>\n<meta name=\"twitter:card\" content=\"summary_large_image\" \/>\n<script type=\"application\/ld+json\" class=\"yoast-schema-graph\">{\"@context\":\"https:\/\/schema.org\",\"@graph\":[{\"@type\":\"WebPage\",\"@id\":\"https:\/\/test.arctic.klean.it\/udflugter\/uunartoq-tour\/\",\"url\":\"https:\/\/test.arctic.klean.it\/udflugter\/uunartoq-tour\/\",\"name\":\"Uunartoq Tour - Arctic Excursions\",\"isPartOf\":{\"@id\":\"https:\/\/test.arctic.klean.it\/#website\"},\"primaryImageOfPage\":{\"@id\":\"https:\/\/test.arctic.klean.it\/udflugter\/uunartoq-tour\/#primaryimage\"},\"image\":{\"@id\":\"https:\/\/test.arctic.klean.it\/udflugter\/uunartoq-tour\/#primaryimage\"},\"thumbnailUrl\":\"https:\/\/test.arctic.klean.it\/wp-content\/uploads\/2022\/11\/IMG_6339-scaled.jpeg\",\"datePublished\":\"2022-11-24T14:30:43+00:00\",\"dateModified\":\"2023-10-10T09:08:17+00:00\",\"breadcrumb\":{\"@id\":\"https:\/\/test.arctic.klean.it\/udflugter\/uunartoq-tour\/#breadcrumb\"},\"inLanguage\":\"da-DK\",\"potentialAction\":[{\"@type\":\"ReadAction\",\"target\":[\"https:\/\/test.arctic.klean.it\/udflugter\/uunartoq-tour\/\"]}]},{\"@type\":\"ImageObject\",\"inLanguage\":\"da-DK\",\"@id\":\"https:\/\/test.arctic.klean.it\/udflugter\/uunartoq-tour\/#primaryimage\",\"url\":\"https:\/\/test.arctic.klean.it\/wp-content\/uploads\/2022\/11\/IMG_6339-scaled.jpeg\",\"contentUrl\":\"https:\/\/test.arctic.klean.it\/wp-content\/uploads\/2022\/11\/IMG_6339-scaled.jpeg\",\"width\":2560,\"height\":1920},{\"@type\":\"BreadcrumbList\",\"@id\":\"https:\/\/test.arctic.klean.it\/udflugter\/uunartoq-tour\/#breadcrumb\",\"itemListElement\":[{\"@type\":\"ListItem\",\"position\":1,\"name\":\"Udflugter i Gr\u00f8nland\",\"item\":\"https:\/\/test.arctic.klean.it\/da\/udflugter\/\"},{\"@type\":\"ListItem\",\"position\":2,\"name\":\"Uunartoq Tour\"}]},{\"@type\":\"WebSite\",\"@id\":\"https:\/\/test.arctic.klean.it\/#website\",\"url\":\"https:\/\/test.arctic.klean.it\/\",\"name\":\"Arctic Excursions\",\"description\":\"New adventures. Every day.\",\"potentialAction\":[{\"@type\":\"SearchAction\",\"target\":{\"@type\":\"EntryPoint\",\"urlTemplate\":\"https:\/\/test.arctic.klean.it\/?s={search_term_string}\"},\"query-input\":{\"@type\":\"PropertyValueSpecification\",\"valueRequired\":true,\"valueName\":\"search_term_string\"}}],\"inLanguage\":\"da-DK\"}]}<\/script>\n<!-- \/ Yoast SEO plugin. -->","yoast_head_json":{"title":"Arctic Excursions","robots":{"index":"index","follow":"follow","max-snippet":"max-snippet:-1","max-image-preview":"max-image-preview:large","max-video-preview":"max-video-preview:-1"},"canonical":"https:\/\/test.arctic.klean.it\/udflugter\/uunartoq-tour\/","og_locale":"da_DK","og_type":"article","og_title":"Uunartoq Tour - Arctic Excursions","og_description":"Oplev de varme kilder i Uunartoq i Sydgr\u00f8nland.","og_url":"https:\/\/test.arctic.klean.it\/udflugter\/uunartoq-tour\/","og_site_name":"Arctic Excursions","article_modified_time":"2023-10-10T09:08:17+00:00","og_image":[{"width":2560,"height":1920,"url":"https:\/\/test.arctic.klean.it\/wp-content\/uploads\/2022\/11\/IMG_6339-scaled.jpeg","type":"image\/jpeg"}],"twitter_card":"summary_large_image","schema":{"@context":"https:\/\/schema.org","@graph":[{"@type":"WebPage","@id":"https:\/\/test.arctic.klean.it\/udflugter\/uunartoq-tour\/","url":"https:\/\/test.arctic.klean.it\/udflugter\/uunartoq-tour\/","name":"Uunartoq Tour - Arctic Excursions","isPartOf":{"@id":"https:\/\/test.arctic.klean.it\/#website"},"primaryImageOfPage":{"@id":"https:\/\/test.arctic.klean.it\/udflugter\/uunartoq-tour\/#primaryimage"},"image":{"@id":"https:\/\/test.arctic.klean.it\/udflugter\/uunartoq-tour\/#primaryimage"},"thumbnailUrl":"https:\/\/test.arctic.klean.it\/wp-content\/uploads\/2022\/11\/IMG_6339-scaled.jpeg","datePublished":"2022-11-24T14:30:43+00:00","dateModified":"2023-10-10T09:08:17+00:00","breadcrumb":{"@id":"https:\/\/test.arctic.klean.it\/udflugter\/uunartoq-tour\/#breadcrumb"},"inLanguage":"da-DK","potentialAction":[{"@type":"ReadAction","target":["https:\/\/test.arctic.klean.it\/udflugter\/uunartoq-tour\/"]}]},{"@type":"ImageObject","inLanguage":"da-DK","@id":"https:\/\/test.arctic.klean.it\/udflugter\/uunartoq-tour\/#primaryimage","url":"https:\/\/test.arctic.klean.it\/wp-content\/uploads\/2022\/11\/IMG_6339-scaled.jpeg","contentUrl":"https:\/\/test.arctic.klean.it\/wp-content\/uploads\/2022\/11\/IMG_6339-scaled.jpeg","width":2560,"height":1920},{"@type":"BreadcrumbList","@id":"https:\/\/test.arctic.klean.it\/udflugter\/uunartoq-tour\/#breadcrumb","itemListElement":[{"@type":"ListItem","position":1,"name":"Udflugter i Gr\u00f8nland","item":"https:\/\/test.arctic.klean.it\/da\/udflugter\/"},{"@type":"ListItem","position":2,"name":"Uunartoq Tour"}]},{"@type":"WebSite","@id":"https:\/\/test.arctic.klean.it\/#website","url":"https:\/\/test.arctic.klean.it\/","name":"Arctic Excursions","description":"New adventures. Every day.","potentialAction":[{"@type":"SearchAction","target":{"@type":"EntryPoint","urlTemplate":"https:\/\/test.arctic.klean.it\/?s={search_term_string}"},"query-input":{"@type":"PropertyValueSpecification","valueRequired":true,"valueName":"search_term_string"}}],"inLanguage":"da-DK"}]}},"_links":{"self":[{"href":"https:\/\/test.arctic.klean.it\/da\/wp-json\/wp\/v2\/product\/4881","targetHints":{"allow":["GET"]}}],"collection":[{"href":"https:\/\/test.arctic.klean.it\/da\/wp-json\/wp\/v2\/product"}],"about":[{"href":"https:\/\/test.arctic.klean.it\/da\/wp-json\/wp\/v2\/types\/product"}],"replies":[{"embeddable":true,"href":"https:\/\/test.arctic.klean.it\/da\/wp-json\/wp\/v2\/comments?post=4881"}],"wp:featuredmedia":[{"embeddable":true,"href":"https:\/\/test.arctic.klean.it\/da\/wp-json\/wp\/v2\/media\/4963"}],"wp:attachment":[{"href":"https:\/\/test.arctic.klean.it\/da\/wp-json\/wp\/v2\/media?parent=4881"}],"wp:term":[{"taxonomy":"product_brand","embeddable":true,"href":"https:\/\/test.arctic.klean.it\/da\/wp-json\/wp\/v2\/product_brand?post=4881"},{"taxonomy":"product_cat","embeddable":true,"href":"https:\/\/test.arctic.klean.it\/da\/wp-json\/wp\/v2\/product_cat?post=4881"},{"taxonomy":"product_tag","embeddable":true,"href":"https:\/\/test.arctic.klean.it\/da\/wp-json\/wp\/v2\/product_tag?post=4881"}],"curies":[{"name":"wp","href":"https:\/\/api.w.org\/{rel}","templated":true}]}}