{"id":4941,"date":"2022-11-28T16:51:00","date_gmt":"2022-11-28T14:51:00","guid":{"rendered":"https:\/\/test.arctic.klean.it\/?post_type=product&#038;p=4941"},"modified":"2023-05-01T11:17:37","modified_gmt":"2023-05-01T09:17:37","slug":"hundeslaedetur-2-dage","status":"publish","type":"product","link":"https:\/\/test.arctic.klean.it\/da\/udflugter\/hundeslaedetur-2-dage\/","title":{"rendered":"Hundesl\u00e6detur &#8211; 2 dage"},"content":{"rendered":"<p>&#8230;vi har en 2 dages tur til dig, hvor ruten g\u00e5r ud til fanger hytterne \u201cAattaartoq\u201d og videre ud nordp\u00e5, p\u00e5 den frosne fjord med udsigt til \u201cDen d\u00f8de Br\u00e6\u201d.<\/p>\n<p>Dette er noget af det flotteste og mest unikke omr\u00e5de &#8220;Ilulissat&#8221; har at byde p\u00e5,<br \/>\nfor du vil komme helt t\u00e6t p\u00e5 gletsjeren. <\/p>\n<p>Hele turen er op mod 80-90 km med mange sjove fjelde at k\u00f8re p\u00e5.<\/p>\n<p>Vi har alt udstyr klar til dagen s\u00e5som:<br \/>\n&#8211; Mad (til hele turen)<br \/>\n&#8211; Sovepose,<br \/>\n&#8211; St\u00f8vler<br \/>\n&#8211; Ekstra t\u00f8j man kan bruge<br \/>\n&#8211; Og noget varmt og drikke til turen<\/p>\n<p>Du skal v\u00e6re i god form for at deltage p\u00e5 denne tur, da vi har flere fjelde og k\u00f8re p\u00e5, hvor man nogle gange l\u00f8ber bag ved sl\u00e6den.<\/p>\n<p>Turen er for de eventyr lystne.<\/p>\n<p>Man skal v\u00e6re mindst 18 \u00e5r for at deltage p\u00e5 denne tur.<\/p>\n","protected":false},"excerpt":{"rendered":"<p>Dr\u00f8mmer du om at komme med en lokal sl\u00e6dekusk ud p\u00e5 en lang, sjov og sp\u00e6ndende overnatningstur? S\u00e5 er denne tur lige noget for dig!<\/p>\n","protected":false},"featured_media":4397,"comment_status":"open","ping_status":"closed","template":"","meta":{"_acf_changed":false},"product_brand":[],"product_cat":[170],"product_tag":[],"class_list":{"0":"post-4941","1":"product","2":"type-product","3":"status-publish","4":"has-post-thumbnail","6":"product_cat-udflugt","7":"pa_dato-457","8":"pa_dato-508","9":"pa_dato-400","10":"pa_dato-401","11":"pa_dato-464","12":"pa_dato-509","13":"pa_dato-332","14":"pa_dato-333","15":"pa_dato-360","16":"pa_dato-409","17":"pa_dato-365","18":"pa_dato-340","19":"pa_dato-341","20":"pa_dato-369","21":"pa_dato-344","22":"pa_dato-372","23":"pa_dato-348","24":"pa_dato-376","25":"pa_dato-414","26":"pa_dato-380","27":"pa_dato-355","28":"pa_dato-356","29":"pa_dato-384","30":"pa_dato-387","31":"pa_tidspunkt-40","32":"tour_location-ilulissat-da","33":"tour_type-hundeslaede","34":"tour_operator-wonderful-ilulissat","36":"first","37":"outofstock","38":"shipping-taxable","39":"product-type-variable"},"acf":[],"yoast_head":"<!-- This site is optimized with the Yoast SEO plugin v25.2 - https:\/\/yoast.com\/wordpress\/plugins\/seo\/ -->\n<title>Arctic Excursions<\/title>\n<meta name=\"robots\" content=\"index, follow, max-snippet:-1, max-image-preview:large, max-video-preview:-1\" \/>\n<link rel=\"canonical\" href=\"https:\/\/test.arctic.klean.it\/udflugter\/hundeslaedetur-2-dage\/\" \/>\n<meta property=\"og:locale\" content=\"da_DK\" \/>\n<meta property=\"og:type\" content=\"article\" \/>\n<meta property=\"og:title\" content=\"Hundesl\u00e6detur - 2 dage - Arctic Excursions\" \/>\n<meta property=\"og:description\" content=\"Dr\u00f8mmer du om at komme med en lokal sl\u00e6dekusk ud p\u00e5 en lang, sjov og sp\u00e6ndende overnatningstur? S\u00e5 er denne tur lige noget for dig!\" \/>\n<meta property=\"og:url\" content=\"https:\/\/test.arctic.klean.it\/udflugter\/hundeslaedetur-2-dage\/\" \/>\n<meta property=\"og:site_name\" content=\"Arctic Excursions\" \/>\n<meta property=\"article:modified_time\" content=\"2023-05-01T09:17:37+00:00\" \/>\n<meta property=\"og:image\" content=\"https:\/\/test.arctic.klean.it\/wp-content\/uploads\/2022\/11\/Asseq-qimmit.png\" \/>\n\t<meta property=\"og:image:width\" content=\"682\" \/>\n\t<meta property=\"og:image:height\" content=\"504\" \/>\n\t<meta property=\"og:image:type\" content=\"image\/png\" \/>\n<meta name=\"twitter:card\" content=\"summary_large_image\" \/>\n<meta name=\"twitter:label1\" content=\"Estimeret l\u00e6setid\" \/>\n\t<meta name=\"twitter:data1\" content=\"1 minut\" \/>\n<script type=\"application\/ld+json\" class=\"yoast-schema-graph\">{\"@context\":\"https:\/\/schema.org\",\"@graph\":[{\"@type\":\"WebPage\",\"@id\":\"https:\/\/test.arctic.klean.it\/udflugter\/hundeslaedetur-2-dage\/\",\"url\":\"https:\/\/test.arctic.klean.it\/udflugter\/hundeslaedetur-2-dage\/\",\"name\":\"Hundesl\u00e6detur - 2 dage - Arctic Excursions\",\"isPartOf\":{\"@id\":\"https:\/\/test.arctic.klean.it\/#website\"},\"primaryImageOfPage\":{\"@id\":\"https:\/\/test.arctic.klean.it\/udflugter\/hundeslaedetur-2-dage\/#primaryimage\"},\"image\":{\"@id\":\"https:\/\/test.arctic.klean.it\/udflugter\/hundeslaedetur-2-dage\/#primaryimage\"},\"thumbnailUrl\":\"https:\/\/test.arctic.klean.it\/wp-content\/uploads\/2022\/11\/Asseq-qimmit.png\",\"datePublished\":\"2022-11-28T14:51:00+00:00\",\"dateModified\":\"2023-05-01T09:17:37+00:00\",\"breadcrumb\":{\"@id\":\"https:\/\/test.arctic.klean.it\/udflugter\/hundeslaedetur-2-dage\/#breadcrumb\"},\"inLanguage\":\"da-DK\",\"potentialAction\":[{\"@type\":\"ReadAction\",\"target\":[\"https:\/\/test.arctic.klean.it\/udflugter\/hundeslaedetur-2-dage\/\"]}]},{\"@type\":\"ImageObject\",\"inLanguage\":\"da-DK\",\"@id\":\"https:\/\/test.arctic.klean.it\/udflugter\/hundeslaedetur-2-dage\/#primaryimage\",\"url\":\"https:\/\/test.arctic.klean.it\/wp-content\/uploads\/2022\/11\/Asseq-qimmit.png\",\"contentUrl\":\"https:\/\/test.arctic.klean.it\/wp-content\/uploads\/2022\/11\/Asseq-qimmit.png\",\"width\":682,\"height\":504},{\"@type\":\"BreadcrumbList\",\"@id\":\"https:\/\/test.arctic.klean.it\/udflugter\/hundeslaedetur-2-dage\/#breadcrumb\",\"itemListElement\":[{\"@type\":\"ListItem\",\"position\":1,\"name\":\"Udflugter i Gr\u00f8nland\",\"item\":\"https:\/\/test.arctic.klean.it\/da\/udflugter\/\"},{\"@type\":\"ListItem\",\"position\":2,\"name\":\"Hundesl\u00e6detur &#8211; 2 dage\"}]},{\"@type\":\"WebSite\",\"@id\":\"https:\/\/test.arctic.klean.it\/#website\",\"url\":\"https:\/\/test.arctic.klean.it\/\",\"name\":\"Arctic Excursions\",\"description\":\"New adventures. Every day.\",\"potentialAction\":[{\"@type\":\"SearchAction\",\"target\":{\"@type\":\"EntryPoint\",\"urlTemplate\":\"https:\/\/test.arctic.klean.it\/?s={search_term_string}\"},\"query-input\":{\"@type\":\"PropertyValueSpecification\",\"valueRequired\":true,\"valueName\":\"search_term_string\"}}],\"inLanguage\":\"da-DK\"}]}<\/script>\n<!-- \/ Yoast SEO plugin. -->","yoast_head_json":{"title":"Arctic Excursions","robots":{"index":"index","follow":"follow","max-snippet":"max-snippet:-1","max-image-preview":"max-image-preview:large","max-video-preview":"max-video-preview:-1"},"canonical":"https:\/\/test.arctic.klean.it\/udflugter\/hundeslaedetur-2-dage\/","og_locale":"da_DK","og_type":"article","og_title":"Hundesl\u00e6detur - 2 dage - Arctic Excursions","og_description":"Dr\u00f8mmer du om at komme med en lokal sl\u00e6dekusk ud p\u00e5 en lang, sjov og sp\u00e6ndende overnatningstur? S\u00e5 er denne tur lige noget for dig!","og_url":"https:\/\/test.arctic.klean.it\/udflugter\/hundeslaedetur-2-dage\/","og_site_name":"Arctic Excursions","article_modified_time":"2023-05-01T09:17:37+00:00","og_image":[{"width":682,"height":504,"url":"https:\/\/test.arctic.klean.it\/wp-content\/uploads\/2022\/11\/Asseq-qimmit.png","type":"image\/png"}],"twitter_card":"summary_large_image","twitter_misc":{"Estimeret l\u00e6setid":"1 minut"},"schema":{"@context":"https:\/\/schema.org","@graph":[{"@type":"WebPage","@id":"https:\/\/test.arctic.klean.it\/udflugter\/hundeslaedetur-2-dage\/","url":"https:\/\/test.arctic.klean.it\/udflugter\/hundeslaedetur-2-dage\/","name":"Hundesl\u00e6detur - 2 dage - Arctic Excursions","isPartOf":{"@id":"https:\/\/test.arctic.klean.it\/#website"},"primaryImageOfPage":{"@id":"https:\/\/test.arctic.klean.it\/udflugter\/hundeslaedetur-2-dage\/#primaryimage"},"image":{"@id":"https:\/\/test.arctic.klean.it\/udflugter\/hundeslaedetur-2-dage\/#primaryimage"},"thumbnailUrl":"https:\/\/test.arctic.klean.it\/wp-content\/uploads\/2022\/11\/Asseq-qimmit.png","datePublished":"2022-11-28T14:51:00+00:00","dateModified":"2023-05-01T09:17:37+00:00","breadcrumb":{"@id":"https:\/\/test.arctic.klean.it\/udflugter\/hundeslaedetur-2-dage\/#breadcrumb"},"inLanguage":"da-DK","potentialAction":[{"@type":"ReadAction","target":["https:\/\/test.arctic.klean.it\/udflugter\/hundeslaedetur-2-dage\/"]}]},{"@type":"ImageObject","inLanguage":"da-DK","@id":"https:\/\/test.arctic.klean.it\/udflugter\/hundeslaedetur-2-dage\/#primaryimage","url":"https:\/\/test.arctic.klean.it\/wp-content\/uploads\/2022\/11\/Asseq-qimmit.png","contentUrl":"https:\/\/test.arctic.klean.it\/wp-content\/uploads\/2022\/11\/Asseq-qimmit.png","width":682,"height":504},{"@type":"BreadcrumbList","@id":"https:\/\/test.arctic.klean.it\/udflugter\/hundeslaedetur-2-dage\/#breadcrumb","itemListElement":[{"@type":"ListItem","position":1,"name":"Udflugter i Gr\u00f8nland","item":"https:\/\/test.arctic.klean.it\/da\/udflugter\/"},{"@type":"ListItem","position":2,"name":"Hundesl\u00e6detur &#8211; 2 dage"}]},{"@type":"WebSite","@id":"https:\/\/test.arctic.klean.it\/#website","url":"https:\/\/test.arctic.klean.it\/","name":"Arctic Excursions","description":"New adventures. Every day.","potentialAction":[{"@type":"SearchAction","target":{"@type":"EntryPoint","urlTemplate":"https:\/\/test.arctic.klean.it\/?s={search_term_string}"},"query-input":{"@type":"PropertyValueSpecification","valueRequired":true,"valueName":"search_term_string"}}],"inLanguage":"da-DK"}]}},"_links":{"self":[{"href":"https:\/\/test.arctic.klean.it\/da\/wp-json\/wp\/v2\/product\/4941","targetHints":{"allow":["GET"]}}],"collection":[{"href":"https:\/\/test.arctic.klean.it\/da\/wp-json\/wp\/v2\/product"}],"about":[{"href":"https:\/\/test.arctic.klean.it\/da\/wp-json\/wp\/v2\/types\/product"}],"replies":[{"embeddable":true,"href":"https:\/\/test.arctic.klean.it\/da\/wp-json\/wp\/v2\/comments?post=4941"}],"wp:featuredmedia":[{"embeddable":true,"href":"https:\/\/test.arctic.klean.it\/da\/wp-json\/wp\/v2\/media\/4397"}],"wp:attachment":[{"href":"https:\/\/test.arctic.klean.it\/da\/wp-json\/wp\/v2\/media?parent=4941"}],"wp:term":[{"taxonomy":"product_brand","embeddable":true,"href":"https:\/\/test.arctic.klean.it\/da\/wp-json\/wp\/v2\/product_brand?post=4941"},{"taxonomy":"product_cat","embeddable":true,"href":"https:\/\/test.arctic.klean.it\/da\/wp-json\/wp\/v2\/product_cat?post=4941"},{"taxonomy":"product_tag","embeddable":true,"href":"https:\/\/test.arctic.klean.it\/da\/wp-json\/wp\/v2\/product_tag?post=4941"}],"curies":[{"name":"wp","href":"https:\/\/api.w.org\/{rel}","templated":true}]}}