{"id":4947,"date":"2022-12-05T11:14:21","date_gmt":"2022-12-05T09:14:21","guid":{"rendered":"https:\/\/test.arctic.klean.it\/?post_type=product&#038;p=4947"},"modified":"2023-05-01T11:20:04","modified_gmt":"2023-05-01T09:20:04","slug":"oplev-en-hundeslaedetur","status":"publish","type":"product","link":"https:\/\/test.arctic.klean.it\/da\/udflugter\/oplev-en-hundeslaedetur\/","title":{"rendered":"Oplev en hundesl\u00e6detur i Sisimiut"},"content":{"rendered":"<p>Denne hundesl\u00e6detur er for dig, der gerne vil have en smagspr\u00f8ve p\u00e5 gr\u00f8nlandsk hundesl\u00e6dek\u00f8rsel. Turen varer ca. 2 timer og starter med, at vi k\u00f8rer jer fra hotellet til sl\u00e6dehundebyen, hvor I m\u00f8der den lokale akt\u00f8rer og hans gr\u00f8nlandske sl\u00e6dehunde.<\/p>\n<p>Sl\u00e6den er en traditionel vestgr\u00f8nlandsk sl\u00e6de, hvor I sidder p\u00e5 rensdyrpels. Turen g\u00e5r ad hundesl\u00e6destien ud af byen mod det storsl\u00e5ede bagland, hvor stilheden og vinterlandskabet er en oplevelse i sig selv. Der vil v\u00e6re en kort pause med en varm forfriskning, inden sl\u00e6den vendes og hundene forts\u00e6tter turen hjem til deres plads igen.<\/p>\n<p>Da vi bruger lokale akt\u00f8rer, vil oplevelsen variere en smule alt efter hvilken akt\u00f8rer der kan k\u00f8re den p\u00e5g\u00e6ldende dag. Nogle akt\u00f8rer er snakkesalige, andre er mere indadvendte, men f\u00e6lles for dem er, at de br\u00e6nder for hundesl\u00e6deture og \u00f8nsker at give alle en fantastisk oplevelse.<\/p>\n<p>Vi anbefaler ikke hundesl\u00e6deture til folk med rygproblemer.<\/p>\n","protected":false},"excerpt":{"rendered":"<p>F\u00e5 en autentisk oplevelse med hundesl\u00e6dek\u00f8rsel i det storsl\u00e5ede vinterlandskab.<\/p>\n","protected":false},"featured_media":8312,"comment_status":"open","ping_status":"closed","template":"","meta":{"_acf_changed":false},"product_brand":[],"product_cat":[170],"product_tag":[160],"class_list":{"0":"post-4947","1":"product","2":"type-product","3":"status-publish","4":"has-post-thumbnail","6":"product_cat-udflugt","7":"product_tag-2-da","8":"pa_dato-333","9":"pa_dato-335","10":"pa_dato-338","11":"pa_dato-341","12":"pa_dato-344","13":"pa_dato-347","14":"pa_dato-350","15":"pa_dato-353","16":"pa_dato-405","17":"pa_dato-406","18":"pa_tidspunkt-40","19":"pa_tidspunkt-304","20":"pa_tidspunkt-308","21":"tour_location-sisimiut-da","22":"tour_type-hundeslaede","23":"tour_operator-hotel-sisimiut-tours","25":"first","26":"outofstock","27":"shipping-taxable","28":"product-type-variable"},"acf":[],"yoast_head":"<!-- This site is optimized with the Yoast SEO plugin v25.2 - https:\/\/yoast.com\/wordpress\/plugins\/seo\/ -->\n<title>Arctic Excursions<\/title>\n<meta name=\"robots\" content=\"index, follow, max-snippet:-1, max-image-preview:large, max-video-preview:-1\" \/>\n<link rel=\"canonical\" href=\"https:\/\/test.arctic.klean.it\/udflugter\/dog-sled-tour\/\" \/>\n<meta property=\"og:locale\" content=\"da_DK\" \/>\n<meta property=\"og:type\" content=\"article\" \/>\n<meta property=\"og:title\" content=\"Oplev en hundesl\u00e6detur i Sisimiut - Arctic Excursions\" \/>\n<meta property=\"og:description\" content=\"F\u00e5 en autentisk oplevelse med hundesl\u00e6dek\u00f8rsel i det storsl\u00e5ede vinterlandskab.\" \/>\n<meta property=\"og:url\" content=\"https:\/\/test.arctic.klean.it\/udflugter\/dog-sled-tour\/\" \/>\n<meta property=\"og:site_name\" content=\"Arctic Excursions\" \/>\n<meta property=\"article:modified_time\" content=\"2023-05-01T09:20:04+00:00\" \/>\n<meta property=\"og:image\" content=\"https:\/\/test.arctic.klean.it\/wp-content\/uploads\/2023\/01\/GRB-med-Jenseeraq-scaled.jpg\" \/>\n\t<meta property=\"og:image:width\" content=\"2560\" \/>\n\t<meta property=\"og:image:height\" content=\"1920\" \/>\n\t<meta property=\"og:image:type\" content=\"image\/jpeg\" \/>\n<meta name=\"twitter:card\" content=\"summary_large_image\" \/>\n<meta name=\"twitter:label1\" content=\"Estimeret l\u00e6setid\" \/>\n\t<meta name=\"twitter:data1\" content=\"1 minut\" \/>\n<script type=\"application\/ld+json\" class=\"yoast-schema-graph\">{\"@context\":\"https:\/\/schema.org\",\"@graph\":[{\"@type\":\"WebPage\",\"@id\":\"https:\/\/test.arctic.klean.it\/udflugter\/dog-sled-tour\/\",\"url\":\"https:\/\/test.arctic.klean.it\/udflugter\/dog-sled-tour\/\",\"name\":\"Oplev en hundesl\u00e6detur i Sisimiut - Arctic Excursions\",\"isPartOf\":{\"@id\":\"https:\/\/test.arctic.klean.it\/#website\"},\"primaryImageOfPage\":{\"@id\":\"https:\/\/test.arctic.klean.it\/udflugter\/dog-sled-tour\/#primaryimage\"},\"image\":{\"@id\":\"https:\/\/test.arctic.klean.it\/udflugter\/dog-sled-tour\/#primaryimage\"},\"thumbnailUrl\":\"https:\/\/test.arctic.klean.it\/wp-content\/uploads\/2023\/01\/GRB-med-Jenseeraq-scaled.jpg\",\"datePublished\":\"2022-12-05T09:14:21+00:00\",\"dateModified\":\"2023-05-01T09:20:04+00:00\",\"breadcrumb\":{\"@id\":\"https:\/\/test.arctic.klean.it\/udflugter\/dog-sled-tour\/#breadcrumb\"},\"inLanguage\":\"da-DK\",\"potentialAction\":[{\"@type\":\"ReadAction\",\"target\":[\"https:\/\/test.arctic.klean.it\/udflugter\/dog-sled-tour\/\"]}]},{\"@type\":\"ImageObject\",\"inLanguage\":\"da-DK\",\"@id\":\"https:\/\/test.arctic.klean.it\/udflugter\/dog-sled-tour\/#primaryimage\",\"url\":\"https:\/\/test.arctic.klean.it\/wp-content\/uploads\/2023\/01\/GRB-med-Jenseeraq-scaled.jpg\",\"contentUrl\":\"https:\/\/test.arctic.klean.it\/wp-content\/uploads\/2023\/01\/GRB-med-Jenseeraq-scaled.jpg\",\"width\":2560,\"height\":1920},{\"@type\":\"BreadcrumbList\",\"@id\":\"https:\/\/test.arctic.klean.it\/udflugter\/dog-sled-tour\/#breadcrumb\",\"itemListElement\":[{\"@type\":\"ListItem\",\"position\":1,\"name\":\"Udflugter i Gr\u00f8nland\",\"item\":\"https:\/\/test.arctic.klean.it\/da\/udflugter\/\"},{\"@type\":\"ListItem\",\"position\":2,\"name\":\"Oplev en hundesl\u00e6detur i Sisimiut\"}]},{\"@type\":\"WebSite\",\"@id\":\"https:\/\/test.arctic.klean.it\/#website\",\"url\":\"https:\/\/test.arctic.klean.it\/\",\"name\":\"Arctic Excursions\",\"description\":\"New adventures. Every day.\",\"potentialAction\":[{\"@type\":\"SearchAction\",\"target\":{\"@type\":\"EntryPoint\",\"urlTemplate\":\"https:\/\/test.arctic.klean.it\/?s={search_term_string}\"},\"query-input\":{\"@type\":\"PropertyValueSpecification\",\"valueRequired\":true,\"valueName\":\"search_term_string\"}}],\"inLanguage\":\"da-DK\"}]}<\/script>\n<!-- \/ Yoast SEO plugin. -->","yoast_head_json":{"title":"Arctic Excursions","robots":{"index":"index","follow":"follow","max-snippet":"max-snippet:-1","max-image-preview":"max-image-preview:large","max-video-preview":"max-video-preview:-1"},"canonical":"https:\/\/test.arctic.klean.it\/udflugter\/dog-sled-tour\/","og_locale":"da_DK","og_type":"article","og_title":"Oplev en hundesl\u00e6detur i Sisimiut - Arctic Excursions","og_description":"F\u00e5 en autentisk oplevelse med hundesl\u00e6dek\u00f8rsel i det storsl\u00e5ede vinterlandskab.","og_url":"https:\/\/test.arctic.klean.it\/udflugter\/dog-sled-tour\/","og_site_name":"Arctic Excursions","article_modified_time":"2023-05-01T09:20:04+00:00","og_image":[{"width":2560,"height":1920,"url":"https:\/\/test.arctic.klean.it\/wp-content\/uploads\/2023\/01\/GRB-med-Jenseeraq-scaled.jpg","type":"image\/jpeg"}],"twitter_card":"summary_large_image","twitter_misc":{"Estimeret l\u00e6setid":"1 minut"},"schema":{"@context":"https:\/\/schema.org","@graph":[{"@type":"WebPage","@id":"https:\/\/test.arctic.klean.it\/udflugter\/dog-sled-tour\/","url":"https:\/\/test.arctic.klean.it\/udflugter\/dog-sled-tour\/","name":"Oplev en hundesl\u00e6detur i Sisimiut - Arctic Excursions","isPartOf":{"@id":"https:\/\/test.arctic.klean.it\/#website"},"primaryImageOfPage":{"@id":"https:\/\/test.arctic.klean.it\/udflugter\/dog-sled-tour\/#primaryimage"},"image":{"@id":"https:\/\/test.arctic.klean.it\/udflugter\/dog-sled-tour\/#primaryimage"},"thumbnailUrl":"https:\/\/test.arctic.klean.it\/wp-content\/uploads\/2023\/01\/GRB-med-Jenseeraq-scaled.jpg","datePublished":"2022-12-05T09:14:21+00:00","dateModified":"2023-05-01T09:20:04+00:00","breadcrumb":{"@id":"https:\/\/test.arctic.klean.it\/udflugter\/dog-sled-tour\/#breadcrumb"},"inLanguage":"da-DK","potentialAction":[{"@type":"ReadAction","target":["https:\/\/test.arctic.klean.it\/udflugter\/dog-sled-tour\/"]}]},{"@type":"ImageObject","inLanguage":"da-DK","@id":"https:\/\/test.arctic.klean.it\/udflugter\/dog-sled-tour\/#primaryimage","url":"https:\/\/test.arctic.klean.it\/wp-content\/uploads\/2023\/01\/GRB-med-Jenseeraq-scaled.jpg","contentUrl":"https:\/\/test.arctic.klean.it\/wp-content\/uploads\/2023\/01\/GRB-med-Jenseeraq-scaled.jpg","width":2560,"height":1920},{"@type":"BreadcrumbList","@id":"https:\/\/test.arctic.klean.it\/udflugter\/dog-sled-tour\/#breadcrumb","itemListElement":[{"@type":"ListItem","position":1,"name":"Udflugter i Gr\u00f8nland","item":"https:\/\/test.arctic.klean.it\/da\/udflugter\/"},{"@type":"ListItem","position":2,"name":"Oplev en hundesl\u00e6detur i Sisimiut"}]},{"@type":"WebSite","@id":"https:\/\/test.arctic.klean.it\/#website","url":"https:\/\/test.arctic.klean.it\/","name":"Arctic Excursions","description":"New adventures. Every day.","potentialAction":[{"@type":"SearchAction","target":{"@type":"EntryPoint","urlTemplate":"https:\/\/test.arctic.klean.it\/?s={search_term_string}"},"query-input":{"@type":"PropertyValueSpecification","valueRequired":true,"valueName":"search_term_string"}}],"inLanguage":"da-DK"}]}},"_links":{"self":[{"href":"https:\/\/test.arctic.klean.it\/da\/wp-json\/wp\/v2\/product\/4947","targetHints":{"allow":["GET"]}}],"collection":[{"href":"https:\/\/test.arctic.klean.it\/da\/wp-json\/wp\/v2\/product"}],"about":[{"href":"https:\/\/test.arctic.klean.it\/da\/wp-json\/wp\/v2\/types\/product"}],"replies":[{"embeddable":true,"href":"https:\/\/test.arctic.klean.it\/da\/wp-json\/wp\/v2\/comments?post=4947"}],"wp:featuredmedia":[{"embeddable":true,"href":"https:\/\/test.arctic.klean.it\/da\/wp-json\/wp\/v2\/media\/8312"}],"wp:attachment":[{"href":"https:\/\/test.arctic.klean.it\/da\/wp-json\/wp\/v2\/media?parent=4947"}],"wp:term":[{"taxonomy":"product_brand","embeddable":true,"href":"https:\/\/test.arctic.klean.it\/da\/wp-json\/wp\/v2\/product_brand?post=4947"},{"taxonomy":"product_cat","embeddable":true,"href":"https:\/\/test.arctic.klean.it\/da\/wp-json\/wp\/v2\/product_cat?post=4947"},{"taxonomy":"product_tag","embeddable":true,"href":"https:\/\/test.arctic.klean.it\/da\/wp-json\/wp\/v2\/product_tag?post=4947"}],"curies":[{"name":"wp","href":"https:\/\/api.w.org\/{rel}","templated":true}]}}