{"id":5018,"date":"2022-12-14T14:15:08","date_gmt":"2022-12-14T12:15:08","guid":{"rendered":"https:\/\/test.arctic.klean.it\/?post_type=product&#038;p=5018"},"modified":"2023-04-17T15:36:37","modified_gmt":"2023-04-17T13:36:37","slug":"restaurant-unicorn-catch-n-eat","status":"publish","type":"product","link":"https:\/\/test.arctic.klean.it\/da\/udflugter\/restaurant-unicorn-catch-n-eat\/","title":{"rendered":"Restaurant Unicorn &#8211; Fisk-og-Spis"},"content":{"rendered":"<p>Denne tur er til dig, der gerne vil opleve at fiske i den smukke natur i Nuuks fjordsystem og f\u00e5 den fisk, du selv har fanget, tilberedt p\u00e5 en restaurant. <\/p>\n<p>Skipperen kender alle de gode fiskeomr\u00e5der, og alt afh\u00e6ngigt af vejr, v\u00e6lger skipperen, hvor det er bedst at fiske p\u00e5 selve dagen. <\/p>\n<p>Vi fisker efter r\u00f8dfisk &#038; torsk. <\/p>\n<p>B\u00e5den vi sejler med, er en lukket b\u00e5d med opvarmet kabine og toilet. <\/p>\n<p>Vi bruger h\u00e5ndsnellere til fiskeri oplevelsen, men man m\u00e5 selvf\u00f8lgelig medbringe sit eget fiskeudstyr.<\/p>\n<p>Venligst v\u00e6r opm\u00e6rksom p\u00e5, at vi ikke giver fangstgaranti p\u00e5 denne tur. <\/p>\n<p>Hvis der ikke har v\u00e6ret fangst p\u00e5 sejlturen, kan man v\u00e6lge ud fra restaurantens menukort. <\/p>\n<p>Drikkevarer er ikke inkluderet og skal derfor betales ved restauranten.  <\/p>\n<p><b>Varighed:<\/b> 6 timer<br \/>\n<b>S\u00e6son:<\/b> Oktober \u2013 april<br \/>\n<b>Sprog:<\/b> Engelsk, dansk<br \/>\n<b>Inkluderet:<\/b> Kaffe, te og varm kakao<\/p>\n","protected":false},"excerpt":{"rendered":"<p>Oplev at fiske i fjorden og f\u00e5 den tilberedt p\u00e5 en restaurant <\/p>\n","protected":false},"featured_media":4984,"comment_status":"open","ping_status":"closed","template":"","meta":{"_acf_changed":false},"product_brand":[],"product_cat":[170],"product_tag":[],"class_list":{"0":"post-5018","1":"product","2":"type-product","3":"status-publish","4":"has-post-thumbnail","6":"product_cat-udflugt","7":"pa_dato-345","8":"pa_tidspunkt-308","9":"tour_location-nuuk-da","10":"tour_type-baadture","11":"tour_operator-nuuk-water-taxi","13":"first","14":"outofstock","15":"shipping-taxable","16":"product-type-variable"},"acf":[],"yoast_head":"<!-- This site is optimized with the Yoast SEO plugin v25.2 - https:\/\/yoast.com\/wordpress\/plugins\/seo\/ -->\n<title>Arctic Excursions<\/title>\n<meta name=\"robots\" content=\"index, follow, max-snippet:-1, max-image-preview:large, max-video-preview:-1\" \/>\n<link rel=\"canonical\" href=\"https:\/\/test.arctic.klean.it\/udflugter\/restaurant-unicorn-catchneat\/\" \/>\n<meta property=\"og:locale\" content=\"da_DK\" \/>\n<meta property=\"og:type\" content=\"article\" \/>\n<meta property=\"og:title\" content=\"Restaurant Unicorn - Fisk-og-Spis - Arctic Excursions\" \/>\n<meta property=\"og:description\" content=\"Oplev at fiske i fjorden og f\u00e5 den tilberedt p\u00e5 en restaurant\" \/>\n<meta property=\"og:url\" content=\"https:\/\/test.arctic.klean.it\/udflugter\/restaurant-unicorn-catchneat\/\" \/>\n<meta property=\"og:site_name\" content=\"Arctic Excursions\" \/>\n<meta property=\"article:modified_time\" content=\"2023-04-17T13:36:37+00:00\" \/>\n<meta property=\"og:image\" content=\"https:\/\/test.arctic.klean.it\/wp-content\/uploads\/2022\/11\/Unicorn-CatchnEat-Lasse-Kyed-66-of-123-scaled.jpg\" \/>\n\t<meta property=\"og:image:width\" content=\"2560\" \/>\n\t<meta property=\"og:image:height\" content=\"1707\" \/>\n\t<meta property=\"og:image:type\" content=\"image\/jpeg\" \/>\n<meta name=\"twitter:card\" content=\"summary_large_image\" \/>\n<meta name=\"twitter:label1\" content=\"Estimeret l\u00e6setid\" \/>\n\t<meta name=\"twitter:data1\" content=\"1 minut\" \/>\n<script type=\"application\/ld+json\" class=\"yoast-schema-graph\">{\"@context\":\"https:\/\/schema.org\",\"@graph\":[{\"@type\":\"WebPage\",\"@id\":\"https:\/\/test.arctic.klean.it\/udflugter\/restaurant-unicorn-catchneat\/\",\"url\":\"https:\/\/test.arctic.klean.it\/udflugter\/restaurant-unicorn-catchneat\/\",\"name\":\"Restaurant Unicorn - Fisk-og-Spis - Arctic Excursions\",\"isPartOf\":{\"@id\":\"https:\/\/test.arctic.klean.it\/#website\"},\"primaryImageOfPage\":{\"@id\":\"https:\/\/test.arctic.klean.it\/udflugter\/restaurant-unicorn-catchneat\/#primaryimage\"},\"image\":{\"@id\":\"https:\/\/test.arctic.klean.it\/udflugter\/restaurant-unicorn-catchneat\/#primaryimage\"},\"thumbnailUrl\":\"https:\/\/test.arctic.klean.it\/wp-content\/uploads\/2022\/11\/Unicorn-CatchnEat-Lasse-Kyed-66-of-123-scaled.jpg\",\"datePublished\":\"2022-12-14T12:15:08+00:00\",\"dateModified\":\"2023-04-17T13:36:37+00:00\",\"breadcrumb\":{\"@id\":\"https:\/\/test.arctic.klean.it\/udflugter\/restaurant-unicorn-catchneat\/#breadcrumb\"},\"inLanguage\":\"da-DK\",\"potentialAction\":[{\"@type\":\"ReadAction\",\"target\":[\"https:\/\/test.arctic.klean.it\/udflugter\/restaurant-unicorn-catchneat\/\"]}]},{\"@type\":\"ImageObject\",\"inLanguage\":\"da-DK\",\"@id\":\"https:\/\/test.arctic.klean.it\/udflugter\/restaurant-unicorn-catchneat\/#primaryimage\",\"url\":\"https:\/\/test.arctic.klean.it\/wp-content\/uploads\/2022\/11\/Unicorn-CatchnEat-Lasse-Kyed-66-of-123-scaled.jpg\",\"contentUrl\":\"https:\/\/test.arctic.klean.it\/wp-content\/uploads\/2022\/11\/Unicorn-CatchnEat-Lasse-Kyed-66-of-123-scaled.jpg\",\"width\":2560,\"height\":1707},{\"@type\":\"BreadcrumbList\",\"@id\":\"https:\/\/test.arctic.klean.it\/udflugter\/restaurant-unicorn-catchneat\/#breadcrumb\",\"itemListElement\":[{\"@type\":\"ListItem\",\"position\":1,\"name\":\"Udflugter i Gr\u00f8nland\",\"item\":\"https:\/\/test.arctic.klean.it\/da\/udflugter\/\"},{\"@type\":\"ListItem\",\"position\":2,\"name\":\"Restaurant Unicorn &#8211; Fisk-og-Spis\"}]},{\"@type\":\"WebSite\",\"@id\":\"https:\/\/test.arctic.klean.it\/#website\",\"url\":\"https:\/\/test.arctic.klean.it\/\",\"name\":\"Arctic Excursions\",\"description\":\"New adventures. Every day.\",\"potentialAction\":[{\"@type\":\"SearchAction\",\"target\":{\"@type\":\"EntryPoint\",\"urlTemplate\":\"https:\/\/test.arctic.klean.it\/?s={search_term_string}\"},\"query-input\":{\"@type\":\"PropertyValueSpecification\",\"valueRequired\":true,\"valueName\":\"search_term_string\"}}],\"inLanguage\":\"da-DK\"}]}<\/script>\n<!-- \/ Yoast SEO plugin. -->","yoast_head_json":{"title":"Arctic Excursions","robots":{"index":"index","follow":"follow","max-snippet":"max-snippet:-1","max-image-preview":"max-image-preview:large","max-video-preview":"max-video-preview:-1"},"canonical":"https:\/\/test.arctic.klean.it\/udflugter\/restaurant-unicorn-catchneat\/","og_locale":"da_DK","og_type":"article","og_title":"Restaurant Unicorn - Fisk-og-Spis - Arctic Excursions","og_description":"Oplev at fiske i fjorden og f\u00e5 den tilberedt p\u00e5 en restaurant","og_url":"https:\/\/test.arctic.klean.it\/udflugter\/restaurant-unicorn-catchneat\/","og_site_name":"Arctic Excursions","article_modified_time":"2023-04-17T13:36:37+00:00","og_image":[{"width":2560,"height":1707,"url":"https:\/\/test.arctic.klean.it\/wp-content\/uploads\/2022\/11\/Unicorn-CatchnEat-Lasse-Kyed-66-of-123-scaled.jpg","type":"image\/jpeg"}],"twitter_card":"summary_large_image","twitter_misc":{"Estimeret l\u00e6setid":"1 minut"},"schema":{"@context":"https:\/\/schema.org","@graph":[{"@type":"WebPage","@id":"https:\/\/test.arctic.klean.it\/udflugter\/restaurant-unicorn-catchneat\/","url":"https:\/\/test.arctic.klean.it\/udflugter\/restaurant-unicorn-catchneat\/","name":"Restaurant Unicorn - Fisk-og-Spis - Arctic Excursions","isPartOf":{"@id":"https:\/\/test.arctic.klean.it\/#website"},"primaryImageOfPage":{"@id":"https:\/\/test.arctic.klean.it\/udflugter\/restaurant-unicorn-catchneat\/#primaryimage"},"image":{"@id":"https:\/\/test.arctic.klean.it\/udflugter\/restaurant-unicorn-catchneat\/#primaryimage"},"thumbnailUrl":"https:\/\/test.arctic.klean.it\/wp-content\/uploads\/2022\/11\/Unicorn-CatchnEat-Lasse-Kyed-66-of-123-scaled.jpg","datePublished":"2022-12-14T12:15:08+00:00","dateModified":"2023-04-17T13:36:37+00:00","breadcrumb":{"@id":"https:\/\/test.arctic.klean.it\/udflugter\/restaurant-unicorn-catchneat\/#breadcrumb"},"inLanguage":"da-DK","potentialAction":[{"@type":"ReadAction","target":["https:\/\/test.arctic.klean.it\/udflugter\/restaurant-unicorn-catchneat\/"]}]},{"@type":"ImageObject","inLanguage":"da-DK","@id":"https:\/\/test.arctic.klean.it\/udflugter\/restaurant-unicorn-catchneat\/#primaryimage","url":"https:\/\/test.arctic.klean.it\/wp-content\/uploads\/2022\/11\/Unicorn-CatchnEat-Lasse-Kyed-66-of-123-scaled.jpg","contentUrl":"https:\/\/test.arctic.klean.it\/wp-content\/uploads\/2022\/11\/Unicorn-CatchnEat-Lasse-Kyed-66-of-123-scaled.jpg","width":2560,"height":1707},{"@type":"BreadcrumbList","@id":"https:\/\/test.arctic.klean.it\/udflugter\/restaurant-unicorn-catchneat\/#breadcrumb","itemListElement":[{"@type":"ListItem","position":1,"name":"Udflugter i Gr\u00f8nland","item":"https:\/\/test.arctic.klean.it\/da\/udflugter\/"},{"@type":"ListItem","position":2,"name":"Restaurant Unicorn &#8211; Fisk-og-Spis"}]},{"@type":"WebSite","@id":"https:\/\/test.arctic.klean.it\/#website","url":"https:\/\/test.arctic.klean.it\/","name":"Arctic Excursions","description":"New adventures. Every day.","potentialAction":[{"@type":"SearchAction","target":{"@type":"EntryPoint","urlTemplate":"https:\/\/test.arctic.klean.it\/?s={search_term_string}"},"query-input":{"@type":"PropertyValueSpecification","valueRequired":true,"valueName":"search_term_string"}}],"inLanguage":"da-DK"}]}},"_links":{"self":[{"href":"https:\/\/test.arctic.klean.it\/da\/wp-json\/wp\/v2\/product\/5018","targetHints":{"allow":["GET"]}}],"collection":[{"href":"https:\/\/test.arctic.klean.it\/da\/wp-json\/wp\/v2\/product"}],"about":[{"href":"https:\/\/test.arctic.klean.it\/da\/wp-json\/wp\/v2\/types\/product"}],"replies":[{"embeddable":true,"href":"https:\/\/test.arctic.klean.it\/da\/wp-json\/wp\/v2\/comments?post=5018"}],"wp:featuredmedia":[{"embeddable":true,"href":"https:\/\/test.arctic.klean.it\/da\/wp-json\/wp\/v2\/media\/4984"}],"wp:attachment":[{"href":"https:\/\/test.arctic.klean.it\/da\/wp-json\/wp\/v2\/media?parent=5018"}],"wp:term":[{"taxonomy":"product_brand","embeddable":true,"href":"https:\/\/test.arctic.klean.it\/da\/wp-json\/wp\/v2\/product_brand?post=5018"},{"taxonomy":"product_cat","embeddable":true,"href":"https:\/\/test.arctic.klean.it\/da\/wp-json\/wp\/v2\/product_cat?post=5018"},{"taxonomy":"product_tag","embeddable":true,"href":"https:\/\/test.arctic.klean.it\/da\/wp-json\/wp\/v2\/product_tag?post=5018"}],"curies":[{"name":"wp","href":"https:\/\/api.w.org\/{rel}","templated":true}]}}