{"id":5027,"date":"2022-12-13T12:37:11","date_gmt":"2022-12-13T10:37:11","guid":{"rendered":"https:\/\/test.arctic.klean.it\/?post_type=product&#038;p=5027"},"modified":"2023-04-17T15:37:22","modified_gmt":"2023-04-17T13:37:22","slug":"nordlystur-2","status":"publish","type":"product","link":"https:\/\/test.arctic.klean.it\/da\/udflugter\/nordlystur-2\/","title":{"rendered":"Nordlystur"},"content":{"rendered":"<p>Tag med os p\u00e5 en nordlystur ude i havet, hvor m\u00f8rket virkelig kan m\u00e6rkes og nordlyses farver er meget mere tydlige. <\/p>\n<p>Nordlyset er en naturligt f\u00e6nomen og derfor kan det v\u00e6re sv\u00e6rt at forudsige hvorn\u00e5r de dukker op i himlen. Men klar himmel og m\u00f8rke er gode foruds\u00e6tninger for nordlys. <\/p>\n<p>Derfor kan vi ikke garantere, at man f\u00e5r oplevet nordlys p\u00e5 denne b\u00e5dtur. <\/p>\n<p>Hvis der er overskyet kan vi v\u00e6re n\u00f8dt til at annullere turen i sidste \u00f8jeblik. Det er derfor vigtigt at f\u00f8lge med vejret i l\u00f8bet af dagen. <\/p>\n<p>Der er toilet ombord p\u00e5 b\u00e5den.<\/p>\n<p><b>Varighed:<\/b> 3 timer<br \/>\n<b>S\u00e6son:<\/b> 15 august \u2013 15 april<br \/>\n<b>Sprog:<\/b> Engelsk, dansk<br \/>\n<b>Inkluderet:<\/b> Kaffe, te og varm kakao<\/p>\n","protected":false},"excerpt":{"rendered":"<p>Kom med p\u00e5 den perfekte m\u00e5de at opleve nordlyset p\u00e5, v\u00e6k fra alt gadelys p\u00e5 en b\u00e5d uge i det \u00e5bne hav.<\/p>\n","protected":false},"featured_media":5021,"comment_status":"open","ping_status":"closed","template":"","meta":{"_acf_changed":false},"product_brand":[],"product_cat":[170],"product_tag":[],"class_list":{"0":"post-5027","1":"product","2":"type-product","3":"status-publish","4":"has-post-thumbnail","6":"product_cat-udflugt","7":"pa_dato-369","8":"pa_dato-344","9":"pa_tidspunkt-255","10":"tour_location-nuuk-da","11":"tour_type-baadture","12":"tour_operator-nuuk-water-taxi","14":"first","15":"outofstock","16":"shipping-taxable","17":"product-type-variable"},"acf":[],"yoast_head":"<!-- This site is optimized with the Yoast SEO plugin v25.2 - https:\/\/yoast.com\/wordpress\/plugins\/seo\/ -->\n<title>Arctic Excursions<\/title>\n<meta name=\"robots\" content=\"index, follow, max-snippet:-1, max-image-preview:large, max-video-preview:-1\" \/>\n<link rel=\"canonical\" href=\"https:\/\/test.arctic.klean.it\/udflugter\/nordlystur\/\" \/>\n<meta property=\"og:locale\" content=\"da_DK\" \/>\n<meta property=\"og:type\" content=\"article\" \/>\n<meta property=\"og:title\" content=\"Nordlystur - Arctic Excursions\" \/>\n<meta property=\"og:description\" content=\"Kom med p\u00e5 den perfekte m\u00e5de at opleve nordlyset p\u00e5, v\u00e6k fra alt gadelys p\u00e5 en b\u00e5d uge i det \u00e5bne hav.\" \/>\n<meta property=\"og:url\" content=\"https:\/\/test.arctic.klean.it\/udflugter\/nordlystur\/\" \/>\n<meta property=\"og:site_name\" content=\"Arctic Excursions\" \/>\n<meta property=\"article:modified_time\" content=\"2023-04-17T13:37:22+00:00\" \/>\n<meta property=\"og:image\" content=\"https:\/\/test.arctic.klean.it\/wp-content\/uploads\/2022\/11\/Kapisillit-september-Lasse-Kyed-2037-scaled.jpg\" \/>\n\t<meta property=\"og:image:width\" content=\"2560\" \/>\n\t<meta property=\"og:image:height\" content=\"1707\" \/>\n\t<meta property=\"og:image:type\" content=\"image\/jpeg\" \/>\n<meta name=\"twitter:card\" content=\"summary_large_image\" \/>\n<meta name=\"twitter:label1\" content=\"Estimeret l\u00e6setid\" \/>\n\t<meta name=\"twitter:data1\" content=\"1 minut\" \/>\n<script type=\"application\/ld+json\" class=\"yoast-schema-graph\">{\"@context\":\"https:\/\/schema.org\",\"@graph\":[{\"@type\":\"WebPage\",\"@id\":\"https:\/\/test.arctic.klean.it\/udflugter\/nordlystur\/\",\"url\":\"https:\/\/test.arctic.klean.it\/udflugter\/nordlystur\/\",\"name\":\"Nordlystur - Arctic Excursions\",\"isPartOf\":{\"@id\":\"https:\/\/test.arctic.klean.it\/#website\"},\"primaryImageOfPage\":{\"@id\":\"https:\/\/test.arctic.klean.it\/udflugter\/nordlystur\/#primaryimage\"},\"image\":{\"@id\":\"https:\/\/test.arctic.klean.it\/udflugter\/nordlystur\/#primaryimage\"},\"thumbnailUrl\":\"https:\/\/test.arctic.klean.it\/wp-content\/uploads\/2022\/11\/Kapisillit-september-Lasse-Kyed-2037-scaled.jpg\",\"datePublished\":\"2022-12-13T10:37:11+00:00\",\"dateModified\":\"2023-04-17T13:37:22+00:00\",\"breadcrumb\":{\"@id\":\"https:\/\/test.arctic.klean.it\/udflugter\/nordlystur\/#breadcrumb\"},\"inLanguage\":\"da-DK\",\"potentialAction\":[{\"@type\":\"ReadAction\",\"target\":[\"https:\/\/test.arctic.klean.it\/udflugter\/nordlystur\/\"]}]},{\"@type\":\"ImageObject\",\"inLanguage\":\"da-DK\",\"@id\":\"https:\/\/test.arctic.klean.it\/udflugter\/nordlystur\/#primaryimage\",\"url\":\"https:\/\/test.arctic.klean.it\/wp-content\/uploads\/2022\/11\/Kapisillit-september-Lasse-Kyed-2037-scaled.jpg\",\"contentUrl\":\"https:\/\/test.arctic.klean.it\/wp-content\/uploads\/2022\/11\/Kapisillit-september-Lasse-Kyed-2037-scaled.jpg\",\"width\":2560,\"height\":1707},{\"@type\":\"BreadcrumbList\",\"@id\":\"https:\/\/test.arctic.klean.it\/udflugter\/nordlystur\/#breadcrumb\",\"itemListElement\":[{\"@type\":\"ListItem\",\"position\":1,\"name\":\"Udflugter i Gr\u00f8nland\",\"item\":\"https:\/\/test.arctic.klean.it\/da\/udflugter\/\"},{\"@type\":\"ListItem\",\"position\":2,\"name\":\"Nordlystur\"}]},{\"@type\":\"WebSite\",\"@id\":\"https:\/\/test.arctic.klean.it\/#website\",\"url\":\"https:\/\/test.arctic.klean.it\/\",\"name\":\"Arctic Excursions\",\"description\":\"New adventures. Every day.\",\"potentialAction\":[{\"@type\":\"SearchAction\",\"target\":{\"@type\":\"EntryPoint\",\"urlTemplate\":\"https:\/\/test.arctic.klean.it\/?s={search_term_string}\"},\"query-input\":{\"@type\":\"PropertyValueSpecification\",\"valueRequired\":true,\"valueName\":\"search_term_string\"}}],\"inLanguage\":\"da-DK\"}]}<\/script>\n<!-- \/ Yoast SEO plugin. -->","yoast_head_json":{"title":"Arctic Excursions","robots":{"index":"index","follow":"follow","max-snippet":"max-snippet:-1","max-image-preview":"max-image-preview:large","max-video-preview":"max-video-preview:-1"},"canonical":"https:\/\/test.arctic.klean.it\/udflugter\/nordlystur\/","og_locale":"da_DK","og_type":"article","og_title":"Nordlystur - Arctic Excursions","og_description":"Kom med p\u00e5 den perfekte m\u00e5de at opleve nordlyset p\u00e5, v\u00e6k fra alt gadelys p\u00e5 en b\u00e5d uge i det \u00e5bne hav.","og_url":"https:\/\/test.arctic.klean.it\/udflugter\/nordlystur\/","og_site_name":"Arctic Excursions","article_modified_time":"2023-04-17T13:37:22+00:00","og_image":[{"width":2560,"height":1707,"url":"https:\/\/test.arctic.klean.it\/wp-content\/uploads\/2022\/11\/Kapisillit-september-Lasse-Kyed-2037-scaled.jpg","type":"image\/jpeg"}],"twitter_card":"summary_large_image","twitter_misc":{"Estimeret l\u00e6setid":"1 minut"},"schema":{"@context":"https:\/\/schema.org","@graph":[{"@type":"WebPage","@id":"https:\/\/test.arctic.klean.it\/udflugter\/nordlystur\/","url":"https:\/\/test.arctic.klean.it\/udflugter\/nordlystur\/","name":"Nordlystur - Arctic Excursions","isPartOf":{"@id":"https:\/\/test.arctic.klean.it\/#website"},"primaryImageOfPage":{"@id":"https:\/\/test.arctic.klean.it\/udflugter\/nordlystur\/#primaryimage"},"image":{"@id":"https:\/\/test.arctic.klean.it\/udflugter\/nordlystur\/#primaryimage"},"thumbnailUrl":"https:\/\/test.arctic.klean.it\/wp-content\/uploads\/2022\/11\/Kapisillit-september-Lasse-Kyed-2037-scaled.jpg","datePublished":"2022-12-13T10:37:11+00:00","dateModified":"2023-04-17T13:37:22+00:00","breadcrumb":{"@id":"https:\/\/test.arctic.klean.it\/udflugter\/nordlystur\/#breadcrumb"},"inLanguage":"da-DK","potentialAction":[{"@type":"ReadAction","target":["https:\/\/test.arctic.klean.it\/udflugter\/nordlystur\/"]}]},{"@type":"ImageObject","inLanguage":"da-DK","@id":"https:\/\/test.arctic.klean.it\/udflugter\/nordlystur\/#primaryimage","url":"https:\/\/test.arctic.klean.it\/wp-content\/uploads\/2022\/11\/Kapisillit-september-Lasse-Kyed-2037-scaled.jpg","contentUrl":"https:\/\/test.arctic.klean.it\/wp-content\/uploads\/2022\/11\/Kapisillit-september-Lasse-Kyed-2037-scaled.jpg","width":2560,"height":1707},{"@type":"BreadcrumbList","@id":"https:\/\/test.arctic.klean.it\/udflugter\/nordlystur\/#breadcrumb","itemListElement":[{"@type":"ListItem","position":1,"name":"Udflugter i Gr\u00f8nland","item":"https:\/\/test.arctic.klean.it\/da\/udflugter\/"},{"@type":"ListItem","position":2,"name":"Nordlystur"}]},{"@type":"WebSite","@id":"https:\/\/test.arctic.klean.it\/#website","url":"https:\/\/test.arctic.klean.it\/","name":"Arctic Excursions","description":"New adventures. Every day.","potentialAction":[{"@type":"SearchAction","target":{"@type":"EntryPoint","urlTemplate":"https:\/\/test.arctic.klean.it\/?s={search_term_string}"},"query-input":{"@type":"PropertyValueSpecification","valueRequired":true,"valueName":"search_term_string"}}],"inLanguage":"da-DK"}]}},"_links":{"self":[{"href":"https:\/\/test.arctic.klean.it\/da\/wp-json\/wp\/v2\/product\/5027","targetHints":{"allow":["GET"]}}],"collection":[{"href":"https:\/\/test.arctic.klean.it\/da\/wp-json\/wp\/v2\/product"}],"about":[{"href":"https:\/\/test.arctic.klean.it\/da\/wp-json\/wp\/v2\/types\/product"}],"replies":[{"embeddable":true,"href":"https:\/\/test.arctic.klean.it\/da\/wp-json\/wp\/v2\/comments?post=5027"}],"wp:featuredmedia":[{"embeddable":true,"href":"https:\/\/test.arctic.klean.it\/da\/wp-json\/wp\/v2\/media\/5021"}],"wp:attachment":[{"href":"https:\/\/test.arctic.klean.it\/da\/wp-json\/wp\/v2\/media?parent=5027"}],"wp:term":[{"taxonomy":"product_brand","embeddable":true,"href":"https:\/\/test.arctic.klean.it\/da\/wp-json\/wp\/v2\/product_brand?post=5027"},{"taxonomy":"product_cat","embeddable":true,"href":"https:\/\/test.arctic.klean.it\/da\/wp-json\/wp\/v2\/product_cat?post=5027"},{"taxonomy":"product_tag","embeddable":true,"href":"https:\/\/test.arctic.klean.it\/da\/wp-json\/wp\/v2\/product_tag?post=5027"}],"curies":[{"name":"wp","href":"https:\/\/api.w.org\/{rel}","templated":true}]}}