{"id":5040,"date":"2022-12-05T11:06:01","date_gmt":"2022-12-05T09:06:01","guid":{"rendered":"https:\/\/test.arctic.klean.it\/?post_type=product&#038;p=5040"},"modified":"2023-05-12T18:29:40","modified_gmt":"2023-05-12T16:29:40","slug":"deep-sea-fishing","status":"publish","type":"product","link":"https:\/\/test.arctic.klean.it\/da\/udflugter\/deep-sea-fishing\/","title":{"rendered":"Dybhavsfiskeri"},"content":{"rendered":"<p>De fisk man fanger kan variere lidt alt efter s\u00e6son, men der er altid gode changer for at fange r\u00f8dfisk og torsk p\u00e5 denne fisketur. <\/p>\n<p>Skipperen kender alle de gode fiskeomr\u00e5der og alt afh\u00e6nge af vejr, v\u00e6lger skipperen hvor det er bedst at fiske p\u00e5 selve dagen. <\/p>\n<p>Vi fisker efter r\u00f8dfisk &#038; torsk. <\/p>\n<p>B\u00e5den vi sejler med er en lukket b\u00e5d med opvarmet kabine og toilet. <\/p>\n<p>Vi bruger h\u00e5ndsnellere til fiskeri oplevelsen, men man m\u00e5 selvf\u00f8lgelig medbringe sit eget fiskeudstyr.<\/p>\n<p>Venligst hver opm\u00e6rksom p\u00e5 at vi ikke giver fangst garanti p\u00e5 denne tur. <\/p>\n<p>Der er toilet ombord.<\/p>\n<p><b>Varighed:<\/b> 3 timer<br \/>\n<b>S\u00e6son:<\/b> Hele \u00e5ret<br \/>\n<b>Sprog:<\/b> Engelsk, dansk<br \/>\n<b>Inkluderet:<\/b> Kaffe, te og varm kakao<\/p>\n","protected":false},"excerpt":{"rendered":"<p>P\u00e5 denne tur fisker vi efter forskellige fiskearter. <\/p>\n","protected":false},"featured_media":5030,"comment_status":"open","ping_status":"closed","template":"","meta":{"_acf_changed":false},"product_brand":[],"product_cat":[170],"product_tag":[159],"class_list":{"0":"post-5040","1":"product","2":"type-product","3":"status-publish","4":"has-post-thumbnail","6":"product_cat-udflugt","7":"product_tag-1-da","8":"pa_dato-335","9":"pa_dato-375","10":"pa_dato-635","11":"pa_tidspunkt-72","12":"pa_tidspunkt-40","13":"tour_location-nuuk-da","14":"tour_type-baadture","15":"tour_operator-nuuk-water-taxi","17":"first","18":"outofstock","19":"shipping-taxable","20":"product-type-variable"},"acf":[],"yoast_head":"<!-- This site is optimized with the Yoast SEO plugin v25.2 - https:\/\/yoast.com\/wordpress\/plugins\/seo\/ -->\n<title>Arctic Excursions<\/title>\n<meta name=\"robots\" content=\"index, follow, max-snippet:-1, max-image-preview:large, max-video-preview:-1\" \/>\n<link rel=\"canonical\" href=\"https:\/\/test.arctic.klean.it\/udflugter\/deep-sea-fishing\/\" \/>\n<meta property=\"og:locale\" content=\"da_DK\" \/>\n<meta property=\"og:type\" content=\"article\" \/>\n<meta property=\"og:title\" content=\"Dybhavsfiskeri - Arctic Excursions\" \/>\n<meta property=\"og:description\" content=\"P\u00e5 denne tur fisker vi efter forskellige fiskearter.\" \/>\n<meta property=\"og:url\" content=\"https:\/\/test.arctic.klean.it\/udflugter\/deep-sea-fishing\/\" \/>\n<meta property=\"og:site_name\" content=\"Arctic Excursions\" \/>\n<meta property=\"article:modified_time\" content=\"2023-05-12T16:29:40+00:00\" \/>\n<meta property=\"og:image\" content=\"https:\/\/test.arctic.klean.it\/wp-content\/uploads\/2022\/11\/received_166328084351488.jpeg\" \/>\n\t<meta property=\"og:image:width\" content=\"1536\" \/>\n\t<meta property=\"og:image:height\" content=\"2048\" \/>\n\t<meta property=\"og:image:type\" content=\"image\/jpeg\" \/>\n<meta name=\"twitter:card\" content=\"summary_large_image\" \/>\n<meta name=\"twitter:label1\" content=\"Estimeret l\u00e6setid\" \/>\n\t<meta name=\"twitter:data1\" content=\"1 minut\" \/>\n<script type=\"application\/ld+json\" class=\"yoast-schema-graph\">{\"@context\":\"https:\/\/schema.org\",\"@graph\":[{\"@type\":\"WebPage\",\"@id\":\"https:\/\/test.arctic.klean.it\/udflugter\/deep-sea-fishing\/\",\"url\":\"https:\/\/test.arctic.klean.it\/udflugter\/deep-sea-fishing\/\",\"name\":\"Dybhavsfiskeri - Arctic Excursions\",\"isPartOf\":{\"@id\":\"https:\/\/test.arctic.klean.it\/#website\"},\"primaryImageOfPage\":{\"@id\":\"https:\/\/test.arctic.klean.it\/udflugter\/deep-sea-fishing\/#primaryimage\"},\"image\":{\"@id\":\"https:\/\/test.arctic.klean.it\/udflugter\/deep-sea-fishing\/#primaryimage\"},\"thumbnailUrl\":\"https:\/\/test.arctic.klean.it\/wp-content\/uploads\/2022\/11\/received_166328084351488.jpeg\",\"datePublished\":\"2022-12-05T09:06:01+00:00\",\"dateModified\":\"2023-05-12T16:29:40+00:00\",\"breadcrumb\":{\"@id\":\"https:\/\/test.arctic.klean.it\/udflugter\/deep-sea-fishing\/#breadcrumb\"},\"inLanguage\":\"da-DK\",\"potentialAction\":[{\"@type\":\"ReadAction\",\"target\":[\"https:\/\/test.arctic.klean.it\/udflugter\/deep-sea-fishing\/\"]}]},{\"@type\":\"ImageObject\",\"inLanguage\":\"da-DK\",\"@id\":\"https:\/\/test.arctic.klean.it\/udflugter\/deep-sea-fishing\/#primaryimage\",\"url\":\"https:\/\/test.arctic.klean.it\/wp-content\/uploads\/2022\/11\/received_166328084351488.jpeg\",\"contentUrl\":\"https:\/\/test.arctic.klean.it\/wp-content\/uploads\/2022\/11\/received_166328084351488.jpeg\",\"width\":1536,\"height\":2048},{\"@type\":\"BreadcrumbList\",\"@id\":\"https:\/\/test.arctic.klean.it\/udflugter\/deep-sea-fishing\/#breadcrumb\",\"itemListElement\":[{\"@type\":\"ListItem\",\"position\":1,\"name\":\"Udflugter i Gr\u00f8nland\",\"item\":\"https:\/\/test.arctic.klean.it\/da\/udflugter\/\"},{\"@type\":\"ListItem\",\"position\":2,\"name\":\"Dybhavsfiskeri\"}]},{\"@type\":\"WebSite\",\"@id\":\"https:\/\/test.arctic.klean.it\/#website\",\"url\":\"https:\/\/test.arctic.klean.it\/\",\"name\":\"Arctic Excursions\",\"description\":\"New adventures. Every day.\",\"potentialAction\":[{\"@type\":\"SearchAction\",\"target\":{\"@type\":\"EntryPoint\",\"urlTemplate\":\"https:\/\/test.arctic.klean.it\/?s={search_term_string}\"},\"query-input\":{\"@type\":\"PropertyValueSpecification\",\"valueRequired\":true,\"valueName\":\"search_term_string\"}}],\"inLanguage\":\"da-DK\"}]}<\/script>\n<!-- \/ Yoast SEO plugin. -->","yoast_head_json":{"title":"Arctic Excursions","robots":{"index":"index","follow":"follow","max-snippet":"max-snippet:-1","max-image-preview":"max-image-preview:large","max-video-preview":"max-video-preview:-1"},"canonical":"https:\/\/test.arctic.klean.it\/udflugter\/deep-sea-fishing\/","og_locale":"da_DK","og_type":"article","og_title":"Dybhavsfiskeri - Arctic Excursions","og_description":"P\u00e5 denne tur fisker vi efter forskellige fiskearter.","og_url":"https:\/\/test.arctic.klean.it\/udflugter\/deep-sea-fishing\/","og_site_name":"Arctic Excursions","article_modified_time":"2023-05-12T16:29:40+00:00","og_image":[{"width":1536,"height":2048,"url":"https:\/\/test.arctic.klean.it\/wp-content\/uploads\/2022\/11\/received_166328084351488.jpeg","type":"image\/jpeg"}],"twitter_card":"summary_large_image","twitter_misc":{"Estimeret l\u00e6setid":"1 minut"},"schema":{"@context":"https:\/\/schema.org","@graph":[{"@type":"WebPage","@id":"https:\/\/test.arctic.klean.it\/udflugter\/deep-sea-fishing\/","url":"https:\/\/test.arctic.klean.it\/udflugter\/deep-sea-fishing\/","name":"Dybhavsfiskeri - Arctic Excursions","isPartOf":{"@id":"https:\/\/test.arctic.klean.it\/#website"},"primaryImageOfPage":{"@id":"https:\/\/test.arctic.klean.it\/udflugter\/deep-sea-fishing\/#primaryimage"},"image":{"@id":"https:\/\/test.arctic.klean.it\/udflugter\/deep-sea-fishing\/#primaryimage"},"thumbnailUrl":"https:\/\/test.arctic.klean.it\/wp-content\/uploads\/2022\/11\/received_166328084351488.jpeg","datePublished":"2022-12-05T09:06:01+00:00","dateModified":"2023-05-12T16:29:40+00:00","breadcrumb":{"@id":"https:\/\/test.arctic.klean.it\/udflugter\/deep-sea-fishing\/#breadcrumb"},"inLanguage":"da-DK","potentialAction":[{"@type":"ReadAction","target":["https:\/\/test.arctic.klean.it\/udflugter\/deep-sea-fishing\/"]}]},{"@type":"ImageObject","inLanguage":"da-DK","@id":"https:\/\/test.arctic.klean.it\/udflugter\/deep-sea-fishing\/#primaryimage","url":"https:\/\/test.arctic.klean.it\/wp-content\/uploads\/2022\/11\/received_166328084351488.jpeg","contentUrl":"https:\/\/test.arctic.klean.it\/wp-content\/uploads\/2022\/11\/received_166328084351488.jpeg","width":1536,"height":2048},{"@type":"BreadcrumbList","@id":"https:\/\/test.arctic.klean.it\/udflugter\/deep-sea-fishing\/#breadcrumb","itemListElement":[{"@type":"ListItem","position":1,"name":"Udflugter i Gr\u00f8nland","item":"https:\/\/test.arctic.klean.it\/da\/udflugter\/"},{"@type":"ListItem","position":2,"name":"Dybhavsfiskeri"}]},{"@type":"WebSite","@id":"https:\/\/test.arctic.klean.it\/#website","url":"https:\/\/test.arctic.klean.it\/","name":"Arctic Excursions","description":"New adventures. Every day.","potentialAction":[{"@type":"SearchAction","target":{"@type":"EntryPoint","urlTemplate":"https:\/\/test.arctic.klean.it\/?s={search_term_string}"},"query-input":{"@type":"PropertyValueSpecification","valueRequired":true,"valueName":"search_term_string"}}],"inLanguage":"da-DK"}]}},"_links":{"self":[{"href":"https:\/\/test.arctic.klean.it\/da\/wp-json\/wp\/v2\/product\/5040","targetHints":{"allow":["GET"]}}],"collection":[{"href":"https:\/\/test.arctic.klean.it\/da\/wp-json\/wp\/v2\/product"}],"about":[{"href":"https:\/\/test.arctic.klean.it\/da\/wp-json\/wp\/v2\/types\/product"}],"replies":[{"embeddable":true,"href":"https:\/\/test.arctic.klean.it\/da\/wp-json\/wp\/v2\/comments?post=5040"}],"wp:featuredmedia":[{"embeddable":true,"href":"https:\/\/test.arctic.klean.it\/da\/wp-json\/wp\/v2\/media\/5030"}],"wp:attachment":[{"href":"https:\/\/test.arctic.klean.it\/da\/wp-json\/wp\/v2\/media?parent=5040"}],"wp:term":[{"taxonomy":"product_brand","embeddable":true,"href":"https:\/\/test.arctic.klean.it\/da\/wp-json\/wp\/v2\/product_brand?post=5040"},{"taxonomy":"product_cat","embeddable":true,"href":"https:\/\/test.arctic.klean.it\/da\/wp-json\/wp\/v2\/product_cat?post=5040"},{"taxonomy":"product_tag","embeddable":true,"href":"https:\/\/test.arctic.klean.it\/da\/wp-json\/wp\/v2\/product_tag?post=5040"}],"curies":[{"name":"wp","href":"https:\/\/api.w.org\/{rel}","templated":true}]}}