{"id":5053,"date":"2022-12-06T12:36:06","date_gmt":"2022-12-06T10:36:06","guid":{"rendered":"https:\/\/test.arctic.klean.it\/?post_type=product&#038;p=5053"},"modified":"2023-05-01T11:30:42","modified_gmt":"2023-05-01T09:30:42","slug":"fjordeventyr","status":"publish","type":"product","link":"https:\/\/test.arctic.klean.it\/da\/udflugter\/fjordeventyr\/","title":{"rendered":"Fjordeventyr"},"content":{"rendered":"<p>Vi har planlagt en rute p\u00e5 forh\u00e5nd og typisk sejler vi rundt om Sermitsiaq, men hvis vi skulle spotte noget sp\u00e6ndende dyreliv eller flotte isbjerge s\u00e5 fokuserer vi p\u00e5 det. <\/p>\n<p>Nyd stilheden og oplev fjorden uden afbrydelser, uden telefonsignal i den vilde natur. <\/p>\n<p>Vi g\u00e5r typisk i fodsporene p\u00e5 inuitterne, da vores sejle rute er omkring de bedste fangstomr\u00e5der. <\/p>\n<p>Vi inviterer dig p\u00e5 en kort b\u00e5dtur men fuld med oplevelser og eventyr i den smukke Nuuk fjord. <\/p>\n<p>Denne b\u00e5dtur er perfekt til familier med b\u00f8rn, da selve sejlturen ikke er for lang. <\/p>\n<p>Der er toilet ombord.<\/p>\n<p><b>Varighed:<\/b> 2 timer<\/p>\n<p><b>S\u00e6son:<\/b> Hele \u00e5ret<\/p>\n<p><b>Sprog:<\/b> Engelsk, dansk <\/p>\n<p><b>Inkluderet:<\/b> Kaffe, te og varm kakao<\/p>\n","protected":false},"excerpt":{"rendered":"<p>Kom med p\u00e5 vores fjord eventyr og oplev den smukke natur i Nuuk fjord<\/p>\n","protected":false},"featured_media":5045,"comment_status":"open","ping_status":"closed","template":"","meta":{"_acf_changed":false},"product_brand":[],"product_cat":[170],"product_tag":[159],"class_list":{"0":"post-5053","1":"product","2":"type-product","3":"status-publish","4":"has-post-thumbnail","6":"product_cat-udflugt","7":"product_tag-1-da","8":"pa_dato-404","9":"pa_dato-377","10":"pa_dato-380","11":"pa_tidspunkt-317","12":"pa_tidspunkt-27","13":"pa_tidspunkt-60","14":"tour_location-nuuk-da","15":"tour_type-baadture","16":"tour_operator-nuuk-water-taxi","18":"first","19":"outofstock","20":"shipping-taxable","21":"product-type-variable"},"acf":[],"yoast_head":"<!-- This site is optimized with the Yoast SEO plugin v25.2 - https:\/\/yoast.com\/wordpress\/plugins\/seo\/ -->\n<title>Arctic Excursions<\/title>\n<meta name=\"robots\" content=\"index, follow, max-snippet:-1, max-image-preview:large, max-video-preview:-1\" \/>\n<link rel=\"canonical\" href=\"https:\/\/test.arctic.klean.it\/udflugter\/fjord-eventyr\/\" \/>\n<meta property=\"og:locale\" content=\"da_DK\" \/>\n<meta property=\"og:type\" content=\"article\" \/>\n<meta property=\"og:title\" content=\"Fjordeventyr - Arctic Excursions\" \/>\n<meta property=\"og:description\" content=\"Kom med p\u00e5 vores fjord eventyr og oplev den smukke natur i Nuuk fjord\" \/>\n<meta property=\"og:url\" content=\"https:\/\/test.arctic.klean.it\/udflugter\/fjord-eventyr\/\" \/>\n<meta property=\"og:site_name\" content=\"Arctic Excursions\" \/>\n<meta property=\"article:modified_time\" content=\"2023-05-01T09:30:42+00:00\" \/>\n<meta property=\"og:image\" content=\"https:\/\/test.arctic.klean.it\/wp-content\/uploads\/2022\/11\/Icefiord-Cruise-september-Lasse-16-of-70-scaled.jpg\" \/>\n\t<meta property=\"og:image:width\" content=\"2560\" \/>\n\t<meta property=\"og:image:height\" content=\"1707\" \/>\n\t<meta property=\"og:image:type\" content=\"image\/jpeg\" \/>\n<meta name=\"twitter:card\" content=\"summary_large_image\" \/>\n<meta name=\"twitter:label1\" content=\"Estimeret l\u00e6setid\" \/>\n\t<meta name=\"twitter:data1\" content=\"1 minut\" \/>\n<script type=\"application\/ld+json\" class=\"yoast-schema-graph\">{\"@context\":\"https:\/\/schema.org\",\"@graph\":[{\"@type\":\"WebPage\",\"@id\":\"https:\/\/test.arctic.klean.it\/udflugter\/fjord-eventyr\/\",\"url\":\"https:\/\/test.arctic.klean.it\/udflugter\/fjord-eventyr\/\",\"name\":\"Fjordeventyr - Arctic Excursions\",\"isPartOf\":{\"@id\":\"https:\/\/test.arctic.klean.it\/#website\"},\"primaryImageOfPage\":{\"@id\":\"https:\/\/test.arctic.klean.it\/udflugter\/fjord-eventyr\/#primaryimage\"},\"image\":{\"@id\":\"https:\/\/test.arctic.klean.it\/udflugter\/fjord-eventyr\/#primaryimage\"},\"thumbnailUrl\":\"https:\/\/test.arctic.klean.it\/wp-content\/uploads\/2022\/11\/Icefiord-Cruise-september-Lasse-16-of-70-scaled.jpg\",\"datePublished\":\"2022-12-06T10:36:06+00:00\",\"dateModified\":\"2023-05-01T09:30:42+00:00\",\"breadcrumb\":{\"@id\":\"https:\/\/test.arctic.klean.it\/udflugter\/fjord-eventyr\/#breadcrumb\"},\"inLanguage\":\"da-DK\",\"potentialAction\":[{\"@type\":\"ReadAction\",\"target\":[\"https:\/\/test.arctic.klean.it\/udflugter\/fjord-eventyr\/\"]}]},{\"@type\":\"ImageObject\",\"inLanguage\":\"da-DK\",\"@id\":\"https:\/\/test.arctic.klean.it\/udflugter\/fjord-eventyr\/#primaryimage\",\"url\":\"https:\/\/test.arctic.klean.it\/wp-content\/uploads\/2022\/11\/Icefiord-Cruise-september-Lasse-16-of-70-scaled.jpg\",\"contentUrl\":\"https:\/\/test.arctic.klean.it\/wp-content\/uploads\/2022\/11\/Icefiord-Cruise-september-Lasse-16-of-70-scaled.jpg\",\"width\":2560,\"height\":1707},{\"@type\":\"BreadcrumbList\",\"@id\":\"https:\/\/test.arctic.klean.it\/udflugter\/fjord-eventyr\/#breadcrumb\",\"itemListElement\":[{\"@type\":\"ListItem\",\"position\":1,\"name\":\"Udflugter i Gr\u00f8nland\",\"item\":\"https:\/\/test.arctic.klean.it\/da\/udflugter\/\"},{\"@type\":\"ListItem\",\"position\":2,\"name\":\"Fjordeventyr\"}]},{\"@type\":\"WebSite\",\"@id\":\"https:\/\/test.arctic.klean.it\/#website\",\"url\":\"https:\/\/test.arctic.klean.it\/\",\"name\":\"Arctic Excursions\",\"description\":\"New adventures. Every day.\",\"potentialAction\":[{\"@type\":\"SearchAction\",\"target\":{\"@type\":\"EntryPoint\",\"urlTemplate\":\"https:\/\/test.arctic.klean.it\/?s={search_term_string}\"},\"query-input\":{\"@type\":\"PropertyValueSpecification\",\"valueRequired\":true,\"valueName\":\"search_term_string\"}}],\"inLanguage\":\"da-DK\"}]}<\/script>\n<!-- \/ Yoast SEO plugin. -->","yoast_head_json":{"title":"Arctic Excursions","robots":{"index":"index","follow":"follow","max-snippet":"max-snippet:-1","max-image-preview":"max-image-preview:large","max-video-preview":"max-video-preview:-1"},"canonical":"https:\/\/test.arctic.klean.it\/udflugter\/fjord-eventyr\/","og_locale":"da_DK","og_type":"article","og_title":"Fjordeventyr - Arctic Excursions","og_description":"Kom med p\u00e5 vores fjord eventyr og oplev den smukke natur i Nuuk fjord","og_url":"https:\/\/test.arctic.klean.it\/udflugter\/fjord-eventyr\/","og_site_name":"Arctic Excursions","article_modified_time":"2023-05-01T09:30:42+00:00","og_image":[{"width":2560,"height":1707,"url":"https:\/\/test.arctic.klean.it\/wp-content\/uploads\/2022\/11\/Icefiord-Cruise-september-Lasse-16-of-70-scaled.jpg","type":"image\/jpeg"}],"twitter_card":"summary_large_image","twitter_misc":{"Estimeret l\u00e6setid":"1 minut"},"schema":{"@context":"https:\/\/schema.org","@graph":[{"@type":"WebPage","@id":"https:\/\/test.arctic.klean.it\/udflugter\/fjord-eventyr\/","url":"https:\/\/test.arctic.klean.it\/udflugter\/fjord-eventyr\/","name":"Fjordeventyr - Arctic Excursions","isPartOf":{"@id":"https:\/\/test.arctic.klean.it\/#website"},"primaryImageOfPage":{"@id":"https:\/\/test.arctic.klean.it\/udflugter\/fjord-eventyr\/#primaryimage"},"image":{"@id":"https:\/\/test.arctic.klean.it\/udflugter\/fjord-eventyr\/#primaryimage"},"thumbnailUrl":"https:\/\/test.arctic.klean.it\/wp-content\/uploads\/2022\/11\/Icefiord-Cruise-september-Lasse-16-of-70-scaled.jpg","datePublished":"2022-12-06T10:36:06+00:00","dateModified":"2023-05-01T09:30:42+00:00","breadcrumb":{"@id":"https:\/\/test.arctic.klean.it\/udflugter\/fjord-eventyr\/#breadcrumb"},"inLanguage":"da-DK","potentialAction":[{"@type":"ReadAction","target":["https:\/\/test.arctic.klean.it\/udflugter\/fjord-eventyr\/"]}]},{"@type":"ImageObject","inLanguage":"da-DK","@id":"https:\/\/test.arctic.klean.it\/udflugter\/fjord-eventyr\/#primaryimage","url":"https:\/\/test.arctic.klean.it\/wp-content\/uploads\/2022\/11\/Icefiord-Cruise-september-Lasse-16-of-70-scaled.jpg","contentUrl":"https:\/\/test.arctic.klean.it\/wp-content\/uploads\/2022\/11\/Icefiord-Cruise-september-Lasse-16-of-70-scaled.jpg","width":2560,"height":1707},{"@type":"BreadcrumbList","@id":"https:\/\/test.arctic.klean.it\/udflugter\/fjord-eventyr\/#breadcrumb","itemListElement":[{"@type":"ListItem","position":1,"name":"Udflugter i Gr\u00f8nland","item":"https:\/\/test.arctic.klean.it\/da\/udflugter\/"},{"@type":"ListItem","position":2,"name":"Fjordeventyr"}]},{"@type":"WebSite","@id":"https:\/\/test.arctic.klean.it\/#website","url":"https:\/\/test.arctic.klean.it\/","name":"Arctic Excursions","description":"New adventures. Every day.","potentialAction":[{"@type":"SearchAction","target":{"@type":"EntryPoint","urlTemplate":"https:\/\/test.arctic.klean.it\/?s={search_term_string}"},"query-input":{"@type":"PropertyValueSpecification","valueRequired":true,"valueName":"search_term_string"}}],"inLanguage":"da-DK"}]}},"_links":{"self":[{"href":"https:\/\/test.arctic.klean.it\/da\/wp-json\/wp\/v2\/product\/5053","targetHints":{"allow":["GET"]}}],"collection":[{"href":"https:\/\/test.arctic.klean.it\/da\/wp-json\/wp\/v2\/product"}],"about":[{"href":"https:\/\/test.arctic.klean.it\/da\/wp-json\/wp\/v2\/types\/product"}],"replies":[{"embeddable":true,"href":"https:\/\/test.arctic.klean.it\/da\/wp-json\/wp\/v2\/comments?post=5053"}],"wp:featuredmedia":[{"embeddable":true,"href":"https:\/\/test.arctic.klean.it\/da\/wp-json\/wp\/v2\/media\/5045"}],"wp:attachment":[{"href":"https:\/\/test.arctic.klean.it\/da\/wp-json\/wp\/v2\/media?parent=5053"}],"wp:term":[{"taxonomy":"product_brand","embeddable":true,"href":"https:\/\/test.arctic.klean.it\/da\/wp-json\/wp\/v2\/product_brand?post=5053"},{"taxonomy":"product_cat","embeddable":true,"href":"https:\/\/test.arctic.klean.it\/da\/wp-json\/wp\/v2\/product_cat?post=5053"},{"taxonomy":"product_tag","embeddable":true,"href":"https:\/\/test.arctic.klean.it\/da\/wp-json\/wp\/v2\/product_tag?post=5053"}],"curies":[{"name":"wp","href":"https:\/\/api.w.org\/{rel}","templated":true}]}}