{"id":5069,"date":"2022-12-12T14:43:25","date_gmt":"2022-12-12T12:43:25","guid":{"rendered":"https:\/\/test.arctic.klean.it\/?post_type=product&#038;p=5069"},"modified":"2023-05-12T18:31:09","modified_gmt":"2023-05-12T16:31:09","slug":"kapisillit-bygdebesoeg","status":"publish","type":"product","link":"https:\/\/test.arctic.klean.it\/da\/udflugter\/kapisillit-bygdebesoeg\/","title":{"rendered":"Kapisillit Bygdebes\u00f8g"},"content":{"rendered":"<p>Den f\u00f8rste del p\u00e5 sejlturen sejler vi til Qooqqut som tager ca. 1 time og stedet er et meget popul\u00e6rt restaurant Qooqqut Nuan og mange lokale har sommerhuse og telt omr\u00e5der i Qooqqut.<\/p>\n<p>Vi g\u00e5r af b\u00e5den og g\u00e5 lidt rundt i Qooqqut inden vi sejler videre mod Kapisillit.<\/p>\n<p>Selve sejlturen fra Qooqqut til Kapisillit tager ca. 1 time.<\/p>\n<p>N\u00e5r vi ankommer til Kapisillit g\u00e5r man rundt i bygden for at se kirken og den lokale folkeskole.<\/p>\n<p>Der er toilet ombord p\u00e5 b\u00e5den.<\/p>\n<p><b>Varighed:<\/b> 7 timer<br \/>\n<b>S\u00e6son:<\/b> Oktober &#8211; maj<br \/>\n<b>Sprog:<\/b> Engelsk, dansk<br \/>\n<b>Inkluderet:<\/b> Kaffe, te og varm kakao<\/p>\n","protected":false},"excerpt":{"rendered":"<p>P\u00e5 denne tur oplever man bygdebes\u00f8g til Kapisillit som er lidt l\u00e6ngere sejltur inden i fjorden.<\/p>\n","protected":false},"featured_media":5063,"comment_status":"open","ping_status":"closed","template":"","meta":{"_acf_changed":false},"product_brand":[],"product_cat":[170],"product_tag":[159],"class_list":{"0":"post-5069","1":"product","2":"type-product","3":"status-publish","4":"has-post-thumbnail","6":"product_cat-udflugt","7":"product_tag-1-da","8":"pa_dato-344","9":"pa_dato-638","10":"pa_tidspunkt-40","11":"tour_location-nuuk-da","12":"tour_type-baadture","13":"tour_operator-nuuk-water-taxi","15":"first","16":"outofstock","17":"shipping-taxable","18":"product-type-variable"},"acf":[],"yoast_head":"<!-- This site is optimized with the Yoast SEO plugin v25.2 - https:\/\/yoast.com\/wordpress\/plugins\/seo\/ -->\n<title>Arctic Excursions<\/title>\n<meta name=\"robots\" content=\"index, follow, max-snippet:-1, max-image-preview:large, max-video-preview:-1\" \/>\n<link rel=\"canonical\" href=\"https:\/\/test.arctic.klean.it\/udflugter\/kapisillit-bygdebesoeg\/\" \/>\n<meta property=\"og:locale\" content=\"da_DK\" \/>\n<meta property=\"og:type\" content=\"article\" \/>\n<meta property=\"og:title\" content=\"Kapisillit Bygdebes\u00f8g - Arctic Excursions\" \/>\n<meta property=\"og:description\" content=\"P\u00e5 denne tur oplever man bygdebes\u00f8g til Kapisillit som er lidt l\u00e6ngere sejltur inden i fjorden.\" \/>\n<meta property=\"og:url\" content=\"https:\/\/test.arctic.klean.it\/udflugter\/kapisillit-bygdebesoeg\/\" \/>\n<meta property=\"og:site_name\" content=\"Arctic Excursions\" \/>\n<meta property=\"article:modified_time\" content=\"2023-05-12T16:31:09+00:00\" \/>\n<meta property=\"og:image\" content=\"https:\/\/test.arctic.klean.it\/wp-content\/uploads\/2022\/11\/DJI_0005-scaled.jpg\" \/>\n\t<meta property=\"og:image:width\" content=\"1919\" \/>\n\t<meta property=\"og:image:height\" content=\"2560\" \/>\n\t<meta property=\"og:image:type\" content=\"image\/jpeg\" \/>\n<meta name=\"twitter:card\" content=\"summary_large_image\" \/>\n<meta name=\"twitter:label1\" content=\"Estimeret l\u00e6setid\" \/>\n\t<meta name=\"twitter:data1\" content=\"1 minut\" \/>\n<script type=\"application\/ld+json\" class=\"yoast-schema-graph\">{\"@context\":\"https:\/\/schema.org\",\"@graph\":[{\"@type\":\"WebPage\",\"@id\":\"https:\/\/test.arctic.klean.it\/udflugter\/kapisillit-bygdebesoeg\/\",\"url\":\"https:\/\/test.arctic.klean.it\/udflugter\/kapisillit-bygdebesoeg\/\",\"name\":\"Kapisillit Bygdebes\u00f8g - Arctic Excursions\",\"isPartOf\":{\"@id\":\"https:\/\/test.arctic.klean.it\/#website\"},\"primaryImageOfPage\":{\"@id\":\"https:\/\/test.arctic.klean.it\/udflugter\/kapisillit-bygdebesoeg\/#primaryimage\"},\"image\":{\"@id\":\"https:\/\/test.arctic.klean.it\/udflugter\/kapisillit-bygdebesoeg\/#primaryimage\"},\"thumbnailUrl\":\"https:\/\/test.arctic.klean.it\/wp-content\/uploads\/2022\/11\/DJI_0005-scaled.jpg\",\"datePublished\":\"2022-12-12T12:43:25+00:00\",\"dateModified\":\"2023-05-12T16:31:09+00:00\",\"breadcrumb\":{\"@id\":\"https:\/\/test.arctic.klean.it\/udflugter\/kapisillit-bygdebesoeg\/#breadcrumb\"},\"inLanguage\":\"da-DK\",\"potentialAction\":[{\"@type\":\"ReadAction\",\"target\":[\"https:\/\/test.arctic.klean.it\/udflugter\/kapisillit-bygdebesoeg\/\"]}]},{\"@type\":\"ImageObject\",\"inLanguage\":\"da-DK\",\"@id\":\"https:\/\/test.arctic.klean.it\/udflugter\/kapisillit-bygdebesoeg\/#primaryimage\",\"url\":\"https:\/\/test.arctic.klean.it\/wp-content\/uploads\/2022\/11\/DJI_0005-scaled.jpg\",\"contentUrl\":\"https:\/\/test.arctic.klean.it\/wp-content\/uploads\/2022\/11\/DJI_0005-scaled.jpg\",\"width\":1919,\"height\":2560},{\"@type\":\"BreadcrumbList\",\"@id\":\"https:\/\/test.arctic.klean.it\/udflugter\/kapisillit-bygdebesoeg\/#breadcrumb\",\"itemListElement\":[{\"@type\":\"ListItem\",\"position\":1,\"name\":\"Udflugter i Gr\u00f8nland\",\"item\":\"https:\/\/test.arctic.klean.it\/da\/udflugter\/\"},{\"@type\":\"ListItem\",\"position\":2,\"name\":\"Kapisillit Bygdebes\u00f8g\"}]},{\"@type\":\"WebSite\",\"@id\":\"https:\/\/test.arctic.klean.it\/#website\",\"url\":\"https:\/\/test.arctic.klean.it\/\",\"name\":\"Arctic Excursions\",\"description\":\"New adventures. Every day.\",\"potentialAction\":[{\"@type\":\"SearchAction\",\"target\":{\"@type\":\"EntryPoint\",\"urlTemplate\":\"https:\/\/test.arctic.klean.it\/?s={search_term_string}\"},\"query-input\":{\"@type\":\"PropertyValueSpecification\",\"valueRequired\":true,\"valueName\":\"search_term_string\"}}],\"inLanguage\":\"da-DK\"}]}<\/script>\n<!-- \/ Yoast SEO plugin. -->","yoast_head_json":{"title":"Arctic Excursions","robots":{"index":"index","follow":"follow","max-snippet":"max-snippet:-1","max-image-preview":"max-image-preview:large","max-video-preview":"max-video-preview:-1"},"canonical":"https:\/\/test.arctic.klean.it\/udflugter\/kapisillit-bygdebesoeg\/","og_locale":"da_DK","og_type":"article","og_title":"Kapisillit Bygdebes\u00f8g - Arctic Excursions","og_description":"P\u00e5 denne tur oplever man bygdebes\u00f8g til Kapisillit som er lidt l\u00e6ngere sejltur inden i fjorden.","og_url":"https:\/\/test.arctic.klean.it\/udflugter\/kapisillit-bygdebesoeg\/","og_site_name":"Arctic Excursions","article_modified_time":"2023-05-12T16:31:09+00:00","og_image":[{"width":1919,"height":2560,"url":"https:\/\/test.arctic.klean.it\/wp-content\/uploads\/2022\/11\/DJI_0005-scaled.jpg","type":"image\/jpeg"}],"twitter_card":"summary_large_image","twitter_misc":{"Estimeret l\u00e6setid":"1 minut"},"schema":{"@context":"https:\/\/schema.org","@graph":[{"@type":"WebPage","@id":"https:\/\/test.arctic.klean.it\/udflugter\/kapisillit-bygdebesoeg\/","url":"https:\/\/test.arctic.klean.it\/udflugter\/kapisillit-bygdebesoeg\/","name":"Kapisillit Bygdebes\u00f8g - Arctic Excursions","isPartOf":{"@id":"https:\/\/test.arctic.klean.it\/#website"},"primaryImageOfPage":{"@id":"https:\/\/test.arctic.klean.it\/udflugter\/kapisillit-bygdebesoeg\/#primaryimage"},"image":{"@id":"https:\/\/test.arctic.klean.it\/udflugter\/kapisillit-bygdebesoeg\/#primaryimage"},"thumbnailUrl":"https:\/\/test.arctic.klean.it\/wp-content\/uploads\/2022\/11\/DJI_0005-scaled.jpg","datePublished":"2022-12-12T12:43:25+00:00","dateModified":"2023-05-12T16:31:09+00:00","breadcrumb":{"@id":"https:\/\/test.arctic.klean.it\/udflugter\/kapisillit-bygdebesoeg\/#breadcrumb"},"inLanguage":"da-DK","potentialAction":[{"@type":"ReadAction","target":["https:\/\/test.arctic.klean.it\/udflugter\/kapisillit-bygdebesoeg\/"]}]},{"@type":"ImageObject","inLanguage":"da-DK","@id":"https:\/\/test.arctic.klean.it\/udflugter\/kapisillit-bygdebesoeg\/#primaryimage","url":"https:\/\/test.arctic.klean.it\/wp-content\/uploads\/2022\/11\/DJI_0005-scaled.jpg","contentUrl":"https:\/\/test.arctic.klean.it\/wp-content\/uploads\/2022\/11\/DJI_0005-scaled.jpg","width":1919,"height":2560},{"@type":"BreadcrumbList","@id":"https:\/\/test.arctic.klean.it\/udflugter\/kapisillit-bygdebesoeg\/#breadcrumb","itemListElement":[{"@type":"ListItem","position":1,"name":"Udflugter i Gr\u00f8nland","item":"https:\/\/test.arctic.klean.it\/da\/udflugter\/"},{"@type":"ListItem","position":2,"name":"Kapisillit Bygdebes\u00f8g"}]},{"@type":"WebSite","@id":"https:\/\/test.arctic.klean.it\/#website","url":"https:\/\/test.arctic.klean.it\/","name":"Arctic Excursions","description":"New adventures. Every day.","potentialAction":[{"@type":"SearchAction","target":{"@type":"EntryPoint","urlTemplate":"https:\/\/test.arctic.klean.it\/?s={search_term_string}"},"query-input":{"@type":"PropertyValueSpecification","valueRequired":true,"valueName":"search_term_string"}}],"inLanguage":"da-DK"}]}},"_links":{"self":[{"href":"https:\/\/test.arctic.klean.it\/da\/wp-json\/wp\/v2\/product\/5069","targetHints":{"allow":["GET"]}}],"collection":[{"href":"https:\/\/test.arctic.klean.it\/da\/wp-json\/wp\/v2\/product"}],"about":[{"href":"https:\/\/test.arctic.klean.it\/da\/wp-json\/wp\/v2\/types\/product"}],"replies":[{"embeddable":true,"href":"https:\/\/test.arctic.klean.it\/da\/wp-json\/wp\/v2\/comments?post=5069"}],"wp:featuredmedia":[{"embeddable":true,"href":"https:\/\/test.arctic.klean.it\/da\/wp-json\/wp\/v2\/media\/5063"}],"wp:attachment":[{"href":"https:\/\/test.arctic.klean.it\/da\/wp-json\/wp\/v2\/media?parent=5069"}],"wp:term":[{"taxonomy":"product_brand","embeddable":true,"href":"https:\/\/test.arctic.klean.it\/da\/wp-json\/wp\/v2\/product_brand?post=5069"},{"taxonomy":"product_cat","embeddable":true,"href":"https:\/\/test.arctic.klean.it\/da\/wp-json\/wp\/v2\/product_cat?post=5069"},{"taxonomy":"product_tag","embeddable":true,"href":"https:\/\/test.arctic.klean.it\/da\/wp-json\/wp\/v2\/product_tag?post=5069"}],"curies":[{"name":"wp","href":"https:\/\/api.w.org\/{rel}","templated":true}]}}