{"id":5127,"date":"2022-11-30T14:41:00","date_gmt":"2022-11-30T12:41:00","guid":{"rendered":"https:\/\/test.arctic.klean.it\/?post_type=product&#038;p=5127"},"modified":"2023-08-15T10:45:27","modified_gmt":"2023-08-15T08:45:27","slug":"settlement-visit-with-restaurant-h8-snowshoe-hiking","status":"publish","type":"product","link":"https:\/\/test.arctic.klean.it\/da\/udflugter\/settlement-visit-with-restaurant-h8-snowshoe-hiking\/","title":{"rendered":"Bygdebes\u00f8g med Restaurant H8 &#038; Sneskovandring"},"content":{"rendered":"<p>Tag med os p\u00e5 denne sk\u00f8nne tur til en af Diskobugtens bygder; Oqaatsut, eller Rodebay, som den ogs\u00e5 kaldes. Oqaatsut ligger ca. 20 kilometer nord for Ilulissat og er placeret p\u00e5 en halv\u00f8, som skaber den smukkeste udsigt over drivende isbjerge i Diskobugten, den isede bugt og det snekl\u00e6dte fjeldlandskab. <\/p>\n<p>Turen starter med en b\u00e5dtur fra Ilulissat til Oqaatsut. N\u00e5r vi n\u00e5r til Oqaatsut stiger vi af b\u00e5den p\u00e5 den tykke is i bugten og g\u00e5r ca. 150 meter over den frosne bugt til Oqaatsut. Isen er s\u00e5 tyk, at det er helt sikkert at g\u00e5 p\u00e5 den, og guiderne hj\u00e6lper alle hele vejen.<\/p>\n<p>Sammen med guiden f\u00e5r vi snesko og vandrestave, hvorefter vi er klar til at drage ud i den tykke sne og se det uber\u00f8rte landskab ved Oqaatsut. Vi stopper ved et af de mange udkigspunkter og nyder lidt varmt at drikke. <\/p>\n<p>Efter vandreturen varmer vi op igen i Restaurant H8, hvor der vil blive serveret en sk\u00f8n, hjemmelavet frokost eller aftensmad, lavet af nogle af Gr\u00f8nlands fantastiske r\u00e5varer. <\/p>\n<p>Der vil ogs\u00e5 v\u00e6re mulighed for at g\u00e5 p\u00e5 opdagelse i bygden, hvor du blandt andet kan se den lille butik, kirken eller bare nyde den smukke bygd med de mange farverige huse. <\/p>\n<p>Efter en begivenhedsrig dag i Oqaatsut med vandring og restaurantbes\u00f8g, g\u00e5r turen tilbage til Ilulissat igen med b\u00e5den. <\/p>\n<p>Udflugten varer ca 6 timer totalt. B\u00e5dtur frem og tilbage, sneskovandring og frokost\/aftensmad er inkluderet i prisen. <\/p>\n<p>Vi gl\u00e6der os til at se dig en til en eventyrlig dag i Oqaatsut! <\/p>\n<p>Billeder:<br \/>\nHeader: Aningaaq R Carlsen &#8211; Visit Greenland<br \/>\nInde i restauranten: Anja Zurbruegg<\/p>\n","protected":false},"excerpt":{"rendered":"<p>Oplev en gr\u00f8nlandsk bygd, sneskovandring gennem et uber\u00f8rt vinterlandskab og nyd et fantastisk m\u00e5ltid i historiske Restaurant H8! <\/p>\n","protected":false},"featured_media":5079,"comment_status":"open","ping_status":"closed","template":"","meta":{"_acf_changed":false},"product_brand":[],"product_cat":[170],"product_tag":[160],"class_list":{"0":"post-5127","1":"product","2":"type-product","3":"status-publish","4":"has-post-thumbnail","6":"product_cat-udflugt","7":"product_tag-2-da","8":"pa_dato-343","9":"pa_dato-369","10":"pa_dato-370","11":"pa_dato-371","12":"pa_dato-344","13":"pa_dato-346","14":"pa_dato-372","15":"pa_dato-373","16":"pa_dato-374","17":"pa_dato-347","18":"pa_dato-349","19":"pa_dato-375","20":"pa_dato-376","21":"pa_dato-377","22":"pa_dato-350","23":"pa_dato-352","24":"pa_dato-378","25":"pa_dato-379","26":"pa_dato-380","27":"pa_dato-353","28":"pa_dato-355","29":"pa_dato-381","30":"pa_dato-382","31":"pa_dato-356","32":"pa_dato-357","33":"pa_dato-416","34":"pa_dato-358","35":"pa_dato-384","36":"pa_dato-385","37":"pa_dato-386","38":"pa_tidspunkt-38","39":"pa_tidspunkt-308","40":"tour_location-ilulissat-da","41":"tour_type-baadture","42":"tour_operator-albatros-arctic-circle","44":"first","45":"outofstock","46":"shipping-taxable","47":"product-type-variable"},"acf":[],"yoast_head":"<!-- This site is optimized with the Yoast SEO plugin v25.2 - https:\/\/yoast.com\/wordpress\/plugins\/seo\/ -->\n<title>Arctic Excursions<\/title>\n<meta name=\"robots\" content=\"index, follow, max-snippet:-1, max-image-preview:large, max-video-preview:-1\" \/>\n<link rel=\"canonical\" href=\"https:\/\/test.arctic.klean.it\/udflugter\/settlement-visit-with-restaurant-h8-snowshoe-hiking\/\" \/>\n<meta property=\"og:locale\" content=\"da_DK\" \/>\n<meta property=\"og:type\" content=\"article\" \/>\n<meta property=\"og:title\" content=\"Bygdebes\u00f8g med Restaurant H8 &amp; Sneskovandring - Arctic Excursions\" \/>\n<meta property=\"og:description\" content=\"Oplev en gr\u00f8nlandsk bygd, sneskovandring gennem et uber\u00f8rt vinterlandskab og nyd et fantastisk m\u00e5ltid i historiske Restaurant H8!\" \/>\n<meta property=\"og:url\" content=\"https:\/\/test.arctic.klean.it\/udflugter\/settlement-visit-with-restaurant-h8-snowshoe-hiking\/\" \/>\n<meta property=\"og:site_name\" content=\"Arctic Excursions\" \/>\n<meta property=\"article:modified_time\" content=\"2023-08-15T08:45:27+00:00\" \/>\n<meta property=\"og:image\" content=\"https:\/\/test.arctic.klean.it\/wp-content\/uploads\/2022\/11\/Hikers-On-Viewpoint-In-Winter.-Photo-Aningaaq-R.-Carlsen-Visit-Greenland-scaled.jpg\" \/>\n\t<meta property=\"og:image:width\" content=\"2560\" \/>\n\t<meta property=\"og:image:height\" content=\"1707\" \/>\n\t<meta property=\"og:image:type\" content=\"image\/jpeg\" \/>\n<meta name=\"twitter:card\" content=\"summary_large_image\" \/>\n<meta name=\"twitter:label1\" content=\"Estimeret l\u00e6setid\" \/>\n\t<meta name=\"twitter:data1\" content=\"1 minut\" \/>\n<script type=\"application\/ld+json\" class=\"yoast-schema-graph\">{\"@context\":\"https:\/\/schema.org\",\"@graph\":[{\"@type\":\"WebPage\",\"@id\":\"https:\/\/test.arctic.klean.it\/udflugter\/settlement-visit-with-restaurant-h8-snowshoe-hiking\/\",\"url\":\"https:\/\/test.arctic.klean.it\/udflugter\/settlement-visit-with-restaurant-h8-snowshoe-hiking\/\",\"name\":\"Bygdebes\u00f8g med Restaurant H8 & Sneskovandring - Arctic Excursions\",\"isPartOf\":{\"@id\":\"https:\/\/test.arctic.klean.it\/#website\"},\"primaryImageOfPage\":{\"@id\":\"https:\/\/test.arctic.klean.it\/udflugter\/settlement-visit-with-restaurant-h8-snowshoe-hiking\/#primaryimage\"},\"image\":{\"@id\":\"https:\/\/test.arctic.klean.it\/udflugter\/settlement-visit-with-restaurant-h8-snowshoe-hiking\/#primaryimage\"},\"thumbnailUrl\":\"https:\/\/test.arctic.klean.it\/wp-content\/uploads\/2022\/11\/Hikers-On-Viewpoint-In-Winter.-Photo-Aningaaq-R.-Carlsen-Visit-Greenland-scaled.jpg\",\"datePublished\":\"2022-11-30T12:41:00+00:00\",\"dateModified\":\"2023-08-15T08:45:27+00:00\",\"breadcrumb\":{\"@id\":\"https:\/\/test.arctic.klean.it\/udflugter\/settlement-visit-with-restaurant-h8-snowshoe-hiking\/#breadcrumb\"},\"inLanguage\":\"da-DK\",\"potentialAction\":[{\"@type\":\"ReadAction\",\"target\":[\"https:\/\/test.arctic.klean.it\/udflugter\/settlement-visit-with-restaurant-h8-snowshoe-hiking\/\"]}]},{\"@type\":\"ImageObject\",\"inLanguage\":\"da-DK\",\"@id\":\"https:\/\/test.arctic.klean.it\/udflugter\/settlement-visit-with-restaurant-h8-snowshoe-hiking\/#primaryimage\",\"url\":\"https:\/\/test.arctic.klean.it\/wp-content\/uploads\/2022\/11\/Hikers-On-Viewpoint-In-Winter.-Photo-Aningaaq-R.-Carlsen-Visit-Greenland-scaled.jpg\",\"contentUrl\":\"https:\/\/test.arctic.klean.it\/wp-content\/uploads\/2022\/11\/Hikers-On-Viewpoint-In-Winter.-Photo-Aningaaq-R.-Carlsen-Visit-Greenland-scaled.jpg\",\"width\":2560,\"height\":1707,\"caption\":\"Crediting is required when using photos from our galleries. This means you have to credit both the photographer and Visit Greenland (http:\/\/vg.gl\/accr) Photo by Aningaaq R Carlsen - Visit Greenland This photo is licensed under Visit Greenland License Agreement. Please refer to the license agreement for more info about the rights of use associated with the image. Download the agreement here: http:\/\/vg.gl\/vglicense When downloading or sharing this image you enter into an agreement with Visit Greenland A\/S about the use of the image under this license. If you want to apply for extended user rights for downloads on this database please read these guidelines: http:\/\/vg.gl\/guidel\"},{\"@type\":\"BreadcrumbList\",\"@id\":\"https:\/\/test.arctic.klean.it\/udflugter\/settlement-visit-with-restaurant-h8-snowshoe-hiking\/#breadcrumb\",\"itemListElement\":[{\"@type\":\"ListItem\",\"position\":1,\"name\":\"Udflugter i Gr\u00f8nland\",\"item\":\"https:\/\/test.arctic.klean.it\/da\/udflugter\/\"},{\"@type\":\"ListItem\",\"position\":2,\"name\":\"Bygdebes\u00f8g med Restaurant H8 &#038; Sneskovandring\"}]},{\"@type\":\"WebSite\",\"@id\":\"https:\/\/test.arctic.klean.it\/#website\",\"url\":\"https:\/\/test.arctic.klean.it\/\",\"name\":\"Arctic Excursions\",\"description\":\"New adventures. Every day.\",\"potentialAction\":[{\"@type\":\"SearchAction\",\"target\":{\"@type\":\"EntryPoint\",\"urlTemplate\":\"https:\/\/test.arctic.klean.it\/?s={search_term_string}\"},\"query-input\":{\"@type\":\"PropertyValueSpecification\",\"valueRequired\":true,\"valueName\":\"search_term_string\"}}],\"inLanguage\":\"da-DK\"}]}<\/script>\n<!-- \/ Yoast SEO plugin. -->","yoast_head_json":{"title":"Arctic Excursions","robots":{"index":"index","follow":"follow","max-snippet":"max-snippet:-1","max-image-preview":"max-image-preview:large","max-video-preview":"max-video-preview:-1"},"canonical":"https:\/\/test.arctic.klean.it\/udflugter\/settlement-visit-with-restaurant-h8-snowshoe-hiking\/","og_locale":"da_DK","og_type":"article","og_title":"Bygdebes\u00f8g med Restaurant H8 & Sneskovandring - Arctic Excursions","og_description":"Oplev en gr\u00f8nlandsk bygd, sneskovandring gennem et uber\u00f8rt vinterlandskab og nyd et fantastisk m\u00e5ltid i historiske Restaurant H8!","og_url":"https:\/\/test.arctic.klean.it\/udflugter\/settlement-visit-with-restaurant-h8-snowshoe-hiking\/","og_site_name":"Arctic Excursions","article_modified_time":"2023-08-15T08:45:27+00:00","og_image":[{"width":2560,"height":1707,"url":"https:\/\/test.arctic.klean.it\/wp-content\/uploads\/2022\/11\/Hikers-On-Viewpoint-In-Winter.-Photo-Aningaaq-R.-Carlsen-Visit-Greenland-scaled.jpg","type":"image\/jpeg"}],"twitter_card":"summary_large_image","twitter_misc":{"Estimeret l\u00e6setid":"1 minut"},"schema":{"@context":"https:\/\/schema.org","@graph":[{"@type":"WebPage","@id":"https:\/\/test.arctic.klean.it\/udflugter\/settlement-visit-with-restaurant-h8-snowshoe-hiking\/","url":"https:\/\/test.arctic.klean.it\/udflugter\/settlement-visit-with-restaurant-h8-snowshoe-hiking\/","name":"Bygdebes\u00f8g med Restaurant H8 & Sneskovandring - Arctic Excursions","isPartOf":{"@id":"https:\/\/test.arctic.klean.it\/#website"},"primaryImageOfPage":{"@id":"https:\/\/test.arctic.klean.it\/udflugter\/settlement-visit-with-restaurant-h8-snowshoe-hiking\/#primaryimage"},"image":{"@id":"https:\/\/test.arctic.klean.it\/udflugter\/settlement-visit-with-restaurant-h8-snowshoe-hiking\/#primaryimage"},"thumbnailUrl":"https:\/\/test.arctic.klean.it\/wp-content\/uploads\/2022\/11\/Hikers-On-Viewpoint-In-Winter.-Photo-Aningaaq-R.-Carlsen-Visit-Greenland-scaled.jpg","datePublished":"2022-11-30T12:41:00+00:00","dateModified":"2023-08-15T08:45:27+00:00","breadcrumb":{"@id":"https:\/\/test.arctic.klean.it\/udflugter\/settlement-visit-with-restaurant-h8-snowshoe-hiking\/#breadcrumb"},"inLanguage":"da-DK","potentialAction":[{"@type":"ReadAction","target":["https:\/\/test.arctic.klean.it\/udflugter\/settlement-visit-with-restaurant-h8-snowshoe-hiking\/"]}]},{"@type":"ImageObject","inLanguage":"da-DK","@id":"https:\/\/test.arctic.klean.it\/udflugter\/settlement-visit-with-restaurant-h8-snowshoe-hiking\/#primaryimage","url":"https:\/\/test.arctic.klean.it\/wp-content\/uploads\/2022\/11\/Hikers-On-Viewpoint-In-Winter.-Photo-Aningaaq-R.-Carlsen-Visit-Greenland-scaled.jpg","contentUrl":"https:\/\/test.arctic.klean.it\/wp-content\/uploads\/2022\/11\/Hikers-On-Viewpoint-In-Winter.-Photo-Aningaaq-R.-Carlsen-Visit-Greenland-scaled.jpg","width":2560,"height":1707,"caption":"Crediting is required when using photos from our galleries. This means you have to credit both the photographer and Visit Greenland (http:\/\/vg.gl\/accr) Photo by Aningaaq R Carlsen - Visit Greenland This photo is licensed under Visit Greenland License Agreement. Please refer to the license agreement for more info about the rights of use associated with the image. Download the agreement here: http:\/\/vg.gl\/vglicense When downloading or sharing this image you enter into an agreement with Visit Greenland A\/S about the use of the image under this license. If you want to apply for extended user rights for downloads on this database please read these guidelines: http:\/\/vg.gl\/guidel"},{"@type":"BreadcrumbList","@id":"https:\/\/test.arctic.klean.it\/udflugter\/settlement-visit-with-restaurant-h8-snowshoe-hiking\/#breadcrumb","itemListElement":[{"@type":"ListItem","position":1,"name":"Udflugter i Gr\u00f8nland","item":"https:\/\/test.arctic.klean.it\/da\/udflugter\/"},{"@type":"ListItem","position":2,"name":"Bygdebes\u00f8g med Restaurant H8 &#038; Sneskovandring"}]},{"@type":"WebSite","@id":"https:\/\/test.arctic.klean.it\/#website","url":"https:\/\/test.arctic.klean.it\/","name":"Arctic Excursions","description":"New adventures. Every day.","potentialAction":[{"@type":"SearchAction","target":{"@type":"EntryPoint","urlTemplate":"https:\/\/test.arctic.klean.it\/?s={search_term_string}"},"query-input":{"@type":"PropertyValueSpecification","valueRequired":true,"valueName":"search_term_string"}}],"inLanguage":"da-DK"}]}},"_links":{"self":[{"href":"https:\/\/test.arctic.klean.it\/da\/wp-json\/wp\/v2\/product\/5127","targetHints":{"allow":["GET"]}}],"collection":[{"href":"https:\/\/test.arctic.klean.it\/da\/wp-json\/wp\/v2\/product"}],"about":[{"href":"https:\/\/test.arctic.klean.it\/da\/wp-json\/wp\/v2\/types\/product"}],"replies":[{"embeddable":true,"href":"https:\/\/test.arctic.klean.it\/da\/wp-json\/wp\/v2\/comments?post=5127"}],"wp:featuredmedia":[{"embeddable":true,"href":"https:\/\/test.arctic.klean.it\/da\/wp-json\/wp\/v2\/media\/5079"}],"wp:attachment":[{"href":"https:\/\/test.arctic.klean.it\/da\/wp-json\/wp\/v2\/media?parent=5127"}],"wp:term":[{"taxonomy":"product_brand","embeddable":true,"href":"https:\/\/test.arctic.klean.it\/da\/wp-json\/wp\/v2\/product_brand?post=5127"},{"taxonomy":"product_cat","embeddable":true,"href":"https:\/\/test.arctic.klean.it\/da\/wp-json\/wp\/v2\/product_cat?post=5127"},{"taxonomy":"product_tag","embeddable":true,"href":"https:\/\/test.arctic.klean.it\/da\/wp-json\/wp\/v2\/product_tag?post=5127"}],"curies":[{"name":"wp","href":"https:\/\/api.w.org\/{rel}","templated":true}]}}