{"id":5288,"date":"2022-12-05T10:44:15","date_gmt":"2022-12-05T08:44:15","guid":{"rendered":"https:\/\/test.arctic.klean.it\/?post_type=product&#038;p=5288"},"modified":"2023-01-25T14:38:41","modified_gmt":"2023-01-25T12:38:41","slug":"den-flotte-udsigt-over-unesco-verdensarv-ilulissat-fjord","status":"publish","type":"product","link":"https:\/\/test.arctic.klean.it\/da\/udflugter\/den-flotte-udsigt-over-unesco-verdensarv-ilulissat-fjord\/","title":{"rendered":"Den flotte udsigt over UNESCO verdensarv Ilulissat fjord!"},"content":{"rendered":"<p>Vi starter med at krydse sletten bag Ilulissat, inden vi k\u00f8rer over fjeldet \u201cAkinnaq avannarleq\u201d. Her er der ca. 350 h\u00f8jdemeter, hvor man p\u00e5 de stejleste bakker m\u00e5 g\u00e5 bag sl\u00e6den. <\/p>\n<p>Det er dermed vigtigt, at man er i god form for at kunne deltage p\u00e5 denne tur.<br \/>\nEfter den f\u00f8rste bakke \u00e5bner baglandet sig med masser af s\u00f8er og \u00f8de fjelde.<\/p>\n<p>Vi k\u00f8rer ud til omr\u00e5det \u00b4Nalluarsuk\u00b4 (udsigten over Ilulissat isfjord) hvor vi stopper i ca. 10-15 minutter og f\u00e5r noget varmt at drikke (kaffe\/the) og vender om, hvor vi k\u00f8rer i det samme spor tilbage mod Ilulissat.<\/p>\n<p>Et af h\u00f8jdepunkterne er turen ned ad Store Akinnaq, hvor vi med fantastisk udsigt over byen og Diskobugten, suser ned ad det snekl\u00e6dte fjeld.<\/p>\n<p>Man sidder to p\u00e5 hver sl\u00e6de, udover kusken. Hvis du har booket turen alene, kan det v\u00e6re, at du skal dele sl\u00e6de med en anden deltager.<\/p>\n<p>Hvis du har problemer med ryg eller nakke, eller hvis du ikke er i god fysisk form, er denne tur ikke det rigtige for dig.<\/p>\n<p>Alle deltagere skal v\u00e6re mindst 12 \u00e5r gamle.<\/p>\n","protected":false},"excerpt":{"rendered":"<p>En 4 timers hundesl\u00e6detur er for dig, der gerne vil til en uforglemmeligt sjov oplevelse&#8230;<\/p>\n","protected":false},"featured_media":5238,"comment_status":"open","ping_status":"closed","template":"","meta":{"_acf_changed":false},"product_brand":[],"product_cat":[170],"product_tag":[161],"class_list":{"0":"post-5288","1":"product","2":"type-product","3":"status-publish","4":"has-post-thumbnail","6":"product_cat-udflugt","7":"product_tag-3-da","8":"pa_dato-330","9":"pa_dato-458","10":"pa_dato-447","11":"pa_dato-516","12":"pa_dato-517","13":"pa_dato-518","14":"pa_dato-519","15":"pa_dato-520","16":"pa_dato-508","17":"pa_tidspunkt-72","18":"tour_location-ilulissat-da","19":"tour_type-hundeslaede","20":"tour_operator-wonderful-ilulissat","22":"first","23":"outofstock","24":"shipping-taxable","25":"product-type-variable"},"acf":[],"yoast_head":"<!-- This site is optimized with the Yoast SEO plugin v25.2 - https:\/\/yoast.com\/wordpress\/plugins\/seo\/ -->\n<title>Arctic Excursions<\/title>\n<meta name=\"robots\" content=\"index, follow, max-snippet:-1, max-image-preview:large, max-video-preview:-1\" \/>\n<link rel=\"canonical\" href=\"https:\/\/test.arctic.klean.it\/udflugter\/the-beautiful-view-of-the-unesco-world-heritage-ilulissat-fjord\/\" \/>\n<meta property=\"og:locale\" content=\"da_DK\" \/>\n<meta property=\"og:type\" content=\"article\" \/>\n<meta property=\"og:title\" content=\"Den flotte udsigt over UNESCO verdensarv Ilulissat fjord! - Arctic Excursions\" \/>\n<meta property=\"og:description\" content=\"En 4 timers hundesl\u00e6detur er for dig, der gerne vil til en uforglemmeligt sjov oplevelse...\" \/>\n<meta property=\"og:url\" content=\"https:\/\/test.arctic.klean.it\/udflugter\/the-beautiful-view-of-the-unesco-world-heritage-ilulissat-fjord\/\" \/>\n<meta property=\"og:site_name\" content=\"Arctic Excursions\" \/>\n<meta property=\"article:modified_time\" content=\"2023-01-25T12:38:41+00:00\" \/>\n<meta property=\"og:image\" content=\"https:\/\/test.arctic.klean.it\/wp-content\/uploads\/2022\/11\/wonderful4.jpg\" \/>\n\t<meta property=\"og:image:width\" content=\"206\" \/>\n\t<meta property=\"og:image:height\" content=\"206\" \/>\n\t<meta property=\"og:image:type\" content=\"image\/jpeg\" \/>\n<meta name=\"twitter:card\" content=\"summary_large_image\" \/>\n<meta name=\"twitter:label1\" content=\"Estimeret l\u00e6setid\" \/>\n\t<meta name=\"twitter:data1\" content=\"1 minut\" \/>\n<script type=\"application\/ld+json\" class=\"yoast-schema-graph\">{\"@context\":\"https:\/\/schema.org\",\"@graph\":[{\"@type\":\"WebPage\",\"@id\":\"https:\/\/test.arctic.klean.it\/udflugter\/the-beautiful-view-of-the-unesco-world-heritage-ilulissat-fjord\/\",\"url\":\"https:\/\/test.arctic.klean.it\/udflugter\/the-beautiful-view-of-the-unesco-world-heritage-ilulissat-fjord\/\",\"name\":\"Den flotte udsigt over UNESCO verdensarv Ilulissat fjord! - Arctic Excursions\",\"isPartOf\":{\"@id\":\"https:\/\/test.arctic.klean.it\/#website\"},\"primaryImageOfPage\":{\"@id\":\"https:\/\/test.arctic.klean.it\/udflugter\/the-beautiful-view-of-the-unesco-world-heritage-ilulissat-fjord\/#primaryimage\"},\"image\":{\"@id\":\"https:\/\/test.arctic.klean.it\/udflugter\/the-beautiful-view-of-the-unesco-world-heritage-ilulissat-fjord\/#primaryimage\"},\"thumbnailUrl\":\"https:\/\/test.arctic.klean.it\/wp-content\/uploads\/2022\/11\/wonderful4.jpg\",\"datePublished\":\"2022-12-05T08:44:15+00:00\",\"dateModified\":\"2023-01-25T12:38:41+00:00\",\"breadcrumb\":{\"@id\":\"https:\/\/test.arctic.klean.it\/udflugter\/the-beautiful-view-of-the-unesco-world-heritage-ilulissat-fjord\/#breadcrumb\"},\"inLanguage\":\"da-DK\",\"potentialAction\":[{\"@type\":\"ReadAction\",\"target\":[\"https:\/\/test.arctic.klean.it\/udflugter\/the-beautiful-view-of-the-unesco-world-heritage-ilulissat-fjord\/\"]}]},{\"@type\":\"ImageObject\",\"inLanguage\":\"da-DK\",\"@id\":\"https:\/\/test.arctic.klean.it\/udflugter\/the-beautiful-view-of-the-unesco-world-heritage-ilulissat-fjord\/#primaryimage\",\"url\":\"https:\/\/test.arctic.klean.it\/wp-content\/uploads\/2022\/11\/wonderful4.jpg\",\"contentUrl\":\"https:\/\/test.arctic.klean.it\/wp-content\/uploads\/2022\/11\/wonderful4.jpg\",\"width\":206,\"height\":206},{\"@type\":\"BreadcrumbList\",\"@id\":\"https:\/\/test.arctic.klean.it\/udflugter\/the-beautiful-view-of-the-unesco-world-heritage-ilulissat-fjord\/#breadcrumb\",\"itemListElement\":[{\"@type\":\"ListItem\",\"position\":1,\"name\":\"Udflugter i Gr\u00f8nland\",\"item\":\"https:\/\/test.arctic.klean.it\/da\/udflugter\/\"},{\"@type\":\"ListItem\",\"position\":2,\"name\":\"Den flotte udsigt over UNESCO verdensarv Ilulissat fjord!\"}]},{\"@type\":\"WebSite\",\"@id\":\"https:\/\/test.arctic.klean.it\/#website\",\"url\":\"https:\/\/test.arctic.klean.it\/\",\"name\":\"Arctic Excursions\",\"description\":\"New adventures. Every day.\",\"potentialAction\":[{\"@type\":\"SearchAction\",\"target\":{\"@type\":\"EntryPoint\",\"urlTemplate\":\"https:\/\/test.arctic.klean.it\/?s={search_term_string}\"},\"query-input\":{\"@type\":\"PropertyValueSpecification\",\"valueRequired\":true,\"valueName\":\"search_term_string\"}}],\"inLanguage\":\"da-DK\"}]}<\/script>\n<!-- \/ Yoast SEO plugin. -->","yoast_head_json":{"title":"Arctic Excursions","robots":{"index":"index","follow":"follow","max-snippet":"max-snippet:-1","max-image-preview":"max-image-preview:large","max-video-preview":"max-video-preview:-1"},"canonical":"https:\/\/test.arctic.klean.it\/udflugter\/the-beautiful-view-of-the-unesco-world-heritage-ilulissat-fjord\/","og_locale":"da_DK","og_type":"article","og_title":"Den flotte udsigt over UNESCO verdensarv Ilulissat fjord! - Arctic Excursions","og_description":"En 4 timers hundesl\u00e6detur er for dig, der gerne vil til en uforglemmeligt sjov oplevelse...","og_url":"https:\/\/test.arctic.klean.it\/udflugter\/the-beautiful-view-of-the-unesco-world-heritage-ilulissat-fjord\/","og_site_name":"Arctic Excursions","article_modified_time":"2023-01-25T12:38:41+00:00","og_image":[{"width":206,"height":206,"url":"https:\/\/test.arctic.klean.it\/wp-content\/uploads\/2022\/11\/wonderful4.jpg","type":"image\/jpeg"}],"twitter_card":"summary_large_image","twitter_misc":{"Estimeret l\u00e6setid":"1 minut"},"schema":{"@context":"https:\/\/schema.org","@graph":[{"@type":"WebPage","@id":"https:\/\/test.arctic.klean.it\/udflugter\/the-beautiful-view-of-the-unesco-world-heritage-ilulissat-fjord\/","url":"https:\/\/test.arctic.klean.it\/udflugter\/the-beautiful-view-of-the-unesco-world-heritage-ilulissat-fjord\/","name":"Den flotte udsigt over UNESCO verdensarv Ilulissat fjord! - Arctic Excursions","isPartOf":{"@id":"https:\/\/test.arctic.klean.it\/#website"},"primaryImageOfPage":{"@id":"https:\/\/test.arctic.klean.it\/udflugter\/the-beautiful-view-of-the-unesco-world-heritage-ilulissat-fjord\/#primaryimage"},"image":{"@id":"https:\/\/test.arctic.klean.it\/udflugter\/the-beautiful-view-of-the-unesco-world-heritage-ilulissat-fjord\/#primaryimage"},"thumbnailUrl":"https:\/\/test.arctic.klean.it\/wp-content\/uploads\/2022\/11\/wonderful4.jpg","datePublished":"2022-12-05T08:44:15+00:00","dateModified":"2023-01-25T12:38:41+00:00","breadcrumb":{"@id":"https:\/\/test.arctic.klean.it\/udflugter\/the-beautiful-view-of-the-unesco-world-heritage-ilulissat-fjord\/#breadcrumb"},"inLanguage":"da-DK","potentialAction":[{"@type":"ReadAction","target":["https:\/\/test.arctic.klean.it\/udflugter\/the-beautiful-view-of-the-unesco-world-heritage-ilulissat-fjord\/"]}]},{"@type":"ImageObject","inLanguage":"da-DK","@id":"https:\/\/test.arctic.klean.it\/udflugter\/the-beautiful-view-of-the-unesco-world-heritage-ilulissat-fjord\/#primaryimage","url":"https:\/\/test.arctic.klean.it\/wp-content\/uploads\/2022\/11\/wonderful4.jpg","contentUrl":"https:\/\/test.arctic.klean.it\/wp-content\/uploads\/2022\/11\/wonderful4.jpg","width":206,"height":206},{"@type":"BreadcrumbList","@id":"https:\/\/test.arctic.klean.it\/udflugter\/the-beautiful-view-of-the-unesco-world-heritage-ilulissat-fjord\/#breadcrumb","itemListElement":[{"@type":"ListItem","position":1,"name":"Udflugter i Gr\u00f8nland","item":"https:\/\/test.arctic.klean.it\/da\/udflugter\/"},{"@type":"ListItem","position":2,"name":"Den flotte udsigt over UNESCO verdensarv Ilulissat fjord!"}]},{"@type":"WebSite","@id":"https:\/\/test.arctic.klean.it\/#website","url":"https:\/\/test.arctic.klean.it\/","name":"Arctic Excursions","description":"New adventures. Every day.","potentialAction":[{"@type":"SearchAction","target":{"@type":"EntryPoint","urlTemplate":"https:\/\/test.arctic.klean.it\/?s={search_term_string}"},"query-input":{"@type":"PropertyValueSpecification","valueRequired":true,"valueName":"search_term_string"}}],"inLanguage":"da-DK"}]}},"_links":{"self":[{"href":"https:\/\/test.arctic.klean.it\/da\/wp-json\/wp\/v2\/product\/5288","targetHints":{"allow":["GET"]}}],"collection":[{"href":"https:\/\/test.arctic.klean.it\/da\/wp-json\/wp\/v2\/product"}],"about":[{"href":"https:\/\/test.arctic.klean.it\/da\/wp-json\/wp\/v2\/types\/product"}],"replies":[{"embeddable":true,"href":"https:\/\/test.arctic.klean.it\/da\/wp-json\/wp\/v2\/comments?post=5288"}],"wp:featuredmedia":[{"embeddable":true,"href":"https:\/\/test.arctic.klean.it\/da\/wp-json\/wp\/v2\/media\/5238"}],"wp:attachment":[{"href":"https:\/\/test.arctic.klean.it\/da\/wp-json\/wp\/v2\/media?parent=5288"}],"wp:term":[{"taxonomy":"product_brand","embeddable":true,"href":"https:\/\/test.arctic.klean.it\/da\/wp-json\/wp\/v2\/product_brand?post=5288"},{"taxonomy":"product_cat","embeddable":true,"href":"https:\/\/test.arctic.klean.it\/da\/wp-json\/wp\/v2\/product_cat?post=5288"},{"taxonomy":"product_tag","embeddable":true,"href":"https:\/\/test.arctic.klean.it\/da\/wp-json\/wp\/v2\/product_tag?post=5288"}],"curies":[{"name":"wp","href":"https:\/\/api.w.org\/{rel}","templated":true}]}}