{"id":5325,"date":"2022-12-14T14:42:42","date_gmt":"2022-12-14T12:42:42","guid":{"rendered":"https:\/\/test.arctic.klean.it\/?post_type=product&#038;p=5325"},"modified":"2023-05-12T18:30:26","modified_gmt":"2023-05-12T16:30:26","slug":"hvalsafari-4","status":"publish","type":"product","link":"https:\/\/test.arctic.klean.it\/da\/udflugter\/hvalsafari-4\/","title":{"rendered":"Hvalsafari"},"content":{"rendered":"<p>P\u00e5 denne tur pr\u00f8ver vi at finde pukkelhvaler, som kommer om sommeren til Nuuks fjordsystem. <\/p>\n<p>Som noget helt unikt er Nuuk det eneste sted i Gr\u00f8nland, hvor pukkelhvalerne er fredet. <\/p>\n<p>Vi kan selvf\u00f8lgelig ikke garantere, at vi kommer til at se pukkelhvaler p\u00e5 selve turen. <\/p>\n<p>Men vi kan garantere dig for, at vi pr\u00f8ver at finde dem til jer p\u00e5 de forskellige gode omr\u00e5der, som skipperen kender. <\/p>\n<p>Der er toilet ombord<\/p>\n<p><b>Varighed:<\/b> 3 timer<br \/>\n<b>S\u00e6son:<\/b> 15 maj \u2013 31 september<br \/>\n<b>Sprog:<\/b> Engelsk, dansk<br \/>\n<b>Inkluderet:<\/b> Kaffe, te og varm kakao<\/p>\n","protected":false},"excerpt":{"rendered":"<p>Tag med os p\u00e5 en hvalsafari p\u00e5 3 timer i Nuuks fjordsystem. <\/p>\n","protected":false},"featured_media":5072,"comment_status":"open","ping_status":"closed","template":"","meta":{"_acf_changed":false},"product_brand":[],"product_cat":[170],"product_tag":[],"class_list":{"0":"post-5325","1":"product","2":"type-product","3":"status-publish","4":"has-post-thumbnail","6":"product_cat-udflugt","7":"pa_dato-389","8":"pa_dato-634","9":"pa_tidspunkt-57","10":"pa_tidspunkt-110","11":"tour_location-nuuk-da","12":"tour_type-baadture","13":"tour_operator-nuuk-water-taxi","15":"first","16":"outofstock","17":"shipping-taxable","18":"product-type-variable"},"acf":[],"yoast_head":"<!-- This site is optimized with the Yoast SEO plugin v25.2 - https:\/\/yoast.com\/wordpress\/plugins\/seo\/ -->\n<title>Arctic Excursions<\/title>\n<meta name=\"robots\" content=\"index, follow, max-snippet:-1, max-image-preview:large, max-video-preview:-1\" \/>\n<link rel=\"canonical\" href=\"https:\/\/test.arctic.klean.it\/udflugter\/whale-safari-2\/\" \/>\n<meta property=\"og:locale\" content=\"da_DK\" \/>\n<meta property=\"og:type\" content=\"article\" \/>\n<meta property=\"og:title\" content=\"Hvalsafari - Arctic Excursions\" \/>\n<meta property=\"og:description\" content=\"Tag med os p\u00e5 en hvalsafari p\u00e5 3 timer i Nuuks fjordsystem.\" \/>\n<meta property=\"og:url\" content=\"https:\/\/test.arctic.klean.it\/udflugter\/whale-safari-2\/\" \/>\n<meta property=\"og:site_name\" content=\"Arctic Excursions\" \/>\n<meta property=\"article:modified_time\" content=\"2023-05-12T16:30:26+00:00\" \/>\n<meta property=\"og:image\" content=\"https:\/\/test.arctic.klean.it\/wp-content\/uploads\/2022\/11\/Whale-Near-Nuuk-Water-Taxi.-Photo-Aningaaq-R.-Carlsen-Visit-Greenland-1024x683.jpg\" \/>\n\t<meta property=\"og:image:width\" content=\"1024\" \/>\n\t<meta property=\"og:image:height\" content=\"683\" \/>\n\t<meta property=\"og:image:type\" content=\"image\/jpeg\" \/>\n<meta name=\"twitter:card\" content=\"summary_large_image\" \/>\n<script type=\"application\/ld+json\" class=\"yoast-schema-graph\">{\"@context\":\"https:\/\/schema.org\",\"@graph\":[{\"@type\":\"WebPage\",\"@id\":\"https:\/\/test.arctic.klean.it\/udflugter\/whale-safari-2\/\",\"url\":\"https:\/\/test.arctic.klean.it\/udflugter\/whale-safari-2\/\",\"name\":\"Hvalsafari - Arctic Excursions\",\"isPartOf\":{\"@id\":\"https:\/\/test.arctic.klean.it\/#website\"},\"primaryImageOfPage\":{\"@id\":\"https:\/\/test.arctic.klean.it\/udflugter\/whale-safari-2\/#primaryimage\"},\"image\":{\"@id\":\"https:\/\/test.arctic.klean.it\/udflugter\/whale-safari-2\/#primaryimage\"},\"thumbnailUrl\":\"https:\/\/test.arctic.klean.it\/wp-content\/uploads\/2022\/11\/Whale-Near-Nuuk-Water-Taxi.-Photo-Aningaaq-R.-Carlsen-Visit-Greenland.jpg\",\"datePublished\":\"2022-12-14T12:42:42+00:00\",\"dateModified\":\"2023-05-12T16:30:26+00:00\",\"breadcrumb\":{\"@id\":\"https:\/\/test.arctic.klean.it\/udflugter\/whale-safari-2\/#breadcrumb\"},\"inLanguage\":\"da-DK\",\"potentialAction\":[{\"@type\":\"ReadAction\",\"target\":[\"https:\/\/test.arctic.klean.it\/udflugter\/whale-safari-2\/\"]}]},{\"@type\":\"ImageObject\",\"inLanguage\":\"da-DK\",\"@id\":\"https:\/\/test.arctic.klean.it\/udflugter\/whale-safari-2\/#primaryimage\",\"url\":\"https:\/\/test.arctic.klean.it\/wp-content\/uploads\/2022\/11\/Whale-Near-Nuuk-Water-Taxi.-Photo-Aningaaq-R.-Carlsen-Visit-Greenland.jpg\",\"contentUrl\":\"https:\/\/test.arctic.klean.it\/wp-content\/uploads\/2022\/11\/Whale-Near-Nuuk-Water-Taxi.-Photo-Aningaaq-R.-Carlsen-Visit-Greenland.jpg\",\"width\":2400,\"height\":1600,\"caption\":\"Crediting is required when using photos from our galleries. This means you have to credit both the photographer and Visit Greenland (http:\/\/vg.gl\/accr) Photo by Aningaaq R Carlsen - Visit Greenland This photo is licensed under Visit Greenland License Agreement. Please refer to the license agreement for more info about the rights of use associated with the image. Download the agreement here: http:\/\/vg.gl\/vglicense When downloading or sharing this image you enter into an agreement with Visit Greenland A\/S about the use of the image under this license. If you want to apply for extended user rights for downloads on this database please read these guidelines: http:\/\/vg.gl\/guidel\"},{\"@type\":\"BreadcrumbList\",\"@id\":\"https:\/\/test.arctic.klean.it\/udflugter\/whale-safari-2\/#breadcrumb\",\"itemListElement\":[{\"@type\":\"ListItem\",\"position\":1,\"name\":\"Udflugter i Gr\u00f8nland\",\"item\":\"https:\/\/test.arctic.klean.it\/da\/udflugter\/\"},{\"@type\":\"ListItem\",\"position\":2,\"name\":\"Hvalsafari\"}]},{\"@type\":\"WebSite\",\"@id\":\"https:\/\/test.arctic.klean.it\/#website\",\"url\":\"https:\/\/test.arctic.klean.it\/\",\"name\":\"Arctic Excursions\",\"description\":\"New adventures. Every day.\",\"potentialAction\":[{\"@type\":\"SearchAction\",\"target\":{\"@type\":\"EntryPoint\",\"urlTemplate\":\"https:\/\/test.arctic.klean.it\/?s={search_term_string}\"},\"query-input\":{\"@type\":\"PropertyValueSpecification\",\"valueRequired\":true,\"valueName\":\"search_term_string\"}}],\"inLanguage\":\"da-DK\"}]}<\/script>\n<!-- \/ Yoast SEO plugin. -->","yoast_head_json":{"title":"Arctic Excursions","robots":{"index":"index","follow":"follow","max-snippet":"max-snippet:-1","max-image-preview":"max-image-preview:large","max-video-preview":"max-video-preview:-1"},"canonical":"https:\/\/test.arctic.klean.it\/udflugter\/whale-safari-2\/","og_locale":"da_DK","og_type":"article","og_title":"Hvalsafari - Arctic Excursions","og_description":"Tag med os p\u00e5 en hvalsafari p\u00e5 3 timer i Nuuks fjordsystem.","og_url":"https:\/\/test.arctic.klean.it\/udflugter\/whale-safari-2\/","og_site_name":"Arctic Excursions","article_modified_time":"2023-05-12T16:30:26+00:00","og_image":[{"width":1024,"height":683,"url":"https:\/\/test.arctic.klean.it\/wp-content\/uploads\/2022\/11\/Whale-Near-Nuuk-Water-Taxi.-Photo-Aningaaq-R.-Carlsen-Visit-Greenland-1024x683.jpg","type":"image\/jpeg"}],"twitter_card":"summary_large_image","schema":{"@context":"https:\/\/schema.org","@graph":[{"@type":"WebPage","@id":"https:\/\/test.arctic.klean.it\/udflugter\/whale-safari-2\/","url":"https:\/\/test.arctic.klean.it\/udflugter\/whale-safari-2\/","name":"Hvalsafari - Arctic Excursions","isPartOf":{"@id":"https:\/\/test.arctic.klean.it\/#website"},"primaryImageOfPage":{"@id":"https:\/\/test.arctic.klean.it\/udflugter\/whale-safari-2\/#primaryimage"},"image":{"@id":"https:\/\/test.arctic.klean.it\/udflugter\/whale-safari-2\/#primaryimage"},"thumbnailUrl":"https:\/\/test.arctic.klean.it\/wp-content\/uploads\/2022\/11\/Whale-Near-Nuuk-Water-Taxi.-Photo-Aningaaq-R.-Carlsen-Visit-Greenland.jpg","datePublished":"2022-12-14T12:42:42+00:00","dateModified":"2023-05-12T16:30:26+00:00","breadcrumb":{"@id":"https:\/\/test.arctic.klean.it\/udflugter\/whale-safari-2\/#breadcrumb"},"inLanguage":"da-DK","potentialAction":[{"@type":"ReadAction","target":["https:\/\/test.arctic.klean.it\/udflugter\/whale-safari-2\/"]}]},{"@type":"ImageObject","inLanguage":"da-DK","@id":"https:\/\/test.arctic.klean.it\/udflugter\/whale-safari-2\/#primaryimage","url":"https:\/\/test.arctic.klean.it\/wp-content\/uploads\/2022\/11\/Whale-Near-Nuuk-Water-Taxi.-Photo-Aningaaq-R.-Carlsen-Visit-Greenland.jpg","contentUrl":"https:\/\/test.arctic.klean.it\/wp-content\/uploads\/2022\/11\/Whale-Near-Nuuk-Water-Taxi.-Photo-Aningaaq-R.-Carlsen-Visit-Greenland.jpg","width":2400,"height":1600,"caption":"Crediting is required when using photos from our galleries. This means you have to credit both the photographer and Visit Greenland (http:\/\/vg.gl\/accr) Photo by Aningaaq R Carlsen - Visit Greenland This photo is licensed under Visit Greenland License Agreement. Please refer to the license agreement for more info about the rights of use associated with the image. Download the agreement here: http:\/\/vg.gl\/vglicense When downloading or sharing this image you enter into an agreement with Visit Greenland A\/S about the use of the image under this license. If you want to apply for extended user rights for downloads on this database please read these guidelines: http:\/\/vg.gl\/guidel"},{"@type":"BreadcrumbList","@id":"https:\/\/test.arctic.klean.it\/udflugter\/whale-safari-2\/#breadcrumb","itemListElement":[{"@type":"ListItem","position":1,"name":"Udflugter i Gr\u00f8nland","item":"https:\/\/test.arctic.klean.it\/da\/udflugter\/"},{"@type":"ListItem","position":2,"name":"Hvalsafari"}]},{"@type":"WebSite","@id":"https:\/\/test.arctic.klean.it\/#website","url":"https:\/\/test.arctic.klean.it\/","name":"Arctic Excursions","description":"New adventures. Every day.","potentialAction":[{"@type":"SearchAction","target":{"@type":"EntryPoint","urlTemplate":"https:\/\/test.arctic.klean.it\/?s={search_term_string}"},"query-input":{"@type":"PropertyValueSpecification","valueRequired":true,"valueName":"search_term_string"}}],"inLanguage":"da-DK"}]}},"_links":{"self":[{"href":"https:\/\/test.arctic.klean.it\/da\/wp-json\/wp\/v2\/product\/5325","targetHints":{"allow":["GET"]}}],"collection":[{"href":"https:\/\/test.arctic.klean.it\/da\/wp-json\/wp\/v2\/product"}],"about":[{"href":"https:\/\/test.arctic.klean.it\/da\/wp-json\/wp\/v2\/types\/product"}],"replies":[{"embeddable":true,"href":"https:\/\/test.arctic.klean.it\/da\/wp-json\/wp\/v2\/comments?post=5325"}],"wp:featuredmedia":[{"embeddable":true,"href":"https:\/\/test.arctic.klean.it\/da\/wp-json\/wp\/v2\/media\/5072"}],"wp:attachment":[{"href":"https:\/\/test.arctic.klean.it\/da\/wp-json\/wp\/v2\/media?parent=5325"}],"wp:term":[{"taxonomy":"product_brand","embeddable":true,"href":"https:\/\/test.arctic.klean.it\/da\/wp-json\/wp\/v2\/product_brand?post=5325"},{"taxonomy":"product_cat","embeddable":true,"href":"https:\/\/test.arctic.klean.it\/da\/wp-json\/wp\/v2\/product_cat?post=5325"},{"taxonomy":"product_tag","embeddable":true,"href":"https:\/\/test.arctic.klean.it\/da\/wp-json\/wp\/v2\/product_tag?post=5325"}],"curies":[{"name":"wp","href":"https:\/\/api.w.org\/{rel}","templated":true}]}}