{"id":5539,"date":"2022-12-13T12:41:40","date_gmt":"2022-12-13T10:41:40","guid":{"rendered":"https:\/\/test.arctic.klean.it\/?post_type=product&#038;p=5539"},"modified":"2023-04-17T15:37:06","modified_gmt":"2023-04-17T13:37:06","slug":"paddleboarding-og-kajak-blandt-isbjerge","status":"publish","type":"product","link":"https:\/\/test.arctic.klean.it\/da\/udflugter\/paddleboarding-og-kajak-blandt-isbjerge\/","title":{"rendered":"Paddleboarding og Kajak blandt Isbjerge"},"content":{"rendered":"<p>Vi s\u00f8ger for alt udstyr, det eneste du skal g\u00f8re, er at komme til tiden.<\/p>\n<p>Vi sejler hen til isfjorden. Selve b\u00e5dturen er ca. 2 timer og vi bruger ca. 2 timer p\u00e5 at SUP eller kajak. <\/p>\n<p>Vi stiller b\u00e5de kajakker og paddleboards til r\u00e5dighed. <\/p>\n<p>Vores b\u00e5d holder sig i n\u00e6rheden som sikkerhedsfart\u00f8j, imens I ror i kajak eller paddleboarder blandt isbjergene.<\/p>\n<p>Der er selvf\u00f8lgelig en guide med til at hj\u00e6lpe med alt det praktiske og giver gode r\u00e5d til jer.<\/p>\n<p>Bem\u00e6rk venligst at str\u00f8mmen kan v\u00e6re st\u00e6rk. Det er derfor vigtigt at ikke at tage for langt ud p\u00e5 havet.<\/p>\n<p>Hvis vi er heldige kan vi se dyreliv under sejlturen. <\/p>\n<p><b>Varighed:<\/b> 6 timer<br \/>\n<b>S\u00e6son:<\/b> Maj &#8211; september<br \/>\n<b>Sprog:<\/b> Engelsk, dansk<\/p>\n","protected":false},"excerpt":{"rendered":"<p>Tag med os p\u00e5 denne SUP eller Kajak blandt isbjerge ved Nuuk<\/p>\n","protected":false},"featured_media":5534,"comment_status":"open","ping_status":"closed","template":"","meta":{"_acf_changed":false},"product_brand":[],"product_cat":[170],"product_tag":[],"class_list":{"0":"post-5539","1":"product","2":"type-product","3":"status-publish","4":"has-post-thumbnail","6":"product_cat-udflugt","7":"tour_location-nuuk-da","8":"tour_type-baadture","9":"tour_operator-nuuk-water-taxi","11":"first","12":"outofstock","13":"shipping-taxable","14":"product-type-variable"},"acf":[],"yoast_head":"<!-- This site is optimized with the Yoast SEO plugin v25.2 - https:\/\/yoast.com\/wordpress\/plugins\/seo\/ -->\n<title>Arctic Excursions<\/title>\n<meta name=\"robots\" content=\"index, follow, max-snippet:-1, max-image-preview:large, max-video-preview:-1\" \/>\n<link rel=\"canonical\" href=\"https:\/\/test.arctic.klean.it\/udflugter\/paddleboarding-og-kayak-blandt-isbjerge\/\" \/>\n<meta property=\"og:locale\" content=\"da_DK\" \/>\n<meta property=\"og:type\" content=\"article\" \/>\n<meta property=\"og:title\" content=\"Paddleboarding og Kajak blandt Isbjerge - Arctic Excursions\" \/>\n<meta property=\"og:description\" content=\"Tag med os p\u00e5 denne SUP eller Kajak blandt isbjerge ved Nuuk\" \/>\n<meta property=\"og:url\" content=\"https:\/\/test.arctic.klean.it\/udflugter\/paddleboarding-og-kayak-blandt-isbjerge\/\" \/>\n<meta property=\"og:site_name\" content=\"Arctic Excursions\" \/>\n<meta property=\"article:modified_time\" content=\"2023-04-17T13:37:06+00:00\" \/>\n<meta property=\"og:image\" content=\"https:\/\/test.arctic.klean.it\/wp-content\/uploads\/2022\/12\/image00050.jpeg\" \/>\n\t<meta property=\"og:image:width\" content=\"2087\" \/>\n\t<meta property=\"og:image:height\" content=\"2087\" \/>\n\t<meta property=\"og:image:type\" content=\"image\/jpeg\" \/>\n<meta name=\"twitter:card\" content=\"summary_large_image\" \/>\n<meta name=\"twitter:label1\" content=\"Estimeret l\u00e6setid\" \/>\n\t<meta name=\"twitter:data1\" content=\"1 minut\" \/>\n<script type=\"application\/ld+json\" class=\"yoast-schema-graph\">{\"@context\":\"https:\/\/schema.org\",\"@graph\":[{\"@type\":\"WebPage\",\"@id\":\"https:\/\/test.arctic.klean.it\/udflugter\/paddleboarding-og-kayak-blandt-isbjerge\/\",\"url\":\"https:\/\/test.arctic.klean.it\/udflugter\/paddleboarding-og-kayak-blandt-isbjerge\/\",\"name\":\"Paddleboarding og Kajak blandt Isbjerge - Arctic Excursions\",\"isPartOf\":{\"@id\":\"https:\/\/test.arctic.klean.it\/#website\"},\"primaryImageOfPage\":{\"@id\":\"https:\/\/test.arctic.klean.it\/udflugter\/paddleboarding-og-kayak-blandt-isbjerge\/#primaryimage\"},\"image\":{\"@id\":\"https:\/\/test.arctic.klean.it\/udflugter\/paddleboarding-og-kayak-blandt-isbjerge\/#primaryimage\"},\"thumbnailUrl\":\"https:\/\/test.arctic.klean.it\/wp-content\/uploads\/2022\/12\/image00050.jpeg\",\"datePublished\":\"2022-12-13T10:41:40+00:00\",\"dateModified\":\"2023-04-17T13:37:06+00:00\",\"breadcrumb\":{\"@id\":\"https:\/\/test.arctic.klean.it\/udflugter\/paddleboarding-og-kayak-blandt-isbjerge\/#breadcrumb\"},\"inLanguage\":\"da-DK\",\"potentialAction\":[{\"@type\":\"ReadAction\",\"target\":[\"https:\/\/test.arctic.klean.it\/udflugter\/paddleboarding-og-kayak-blandt-isbjerge\/\"]}]},{\"@type\":\"ImageObject\",\"inLanguage\":\"da-DK\",\"@id\":\"https:\/\/test.arctic.klean.it\/udflugter\/paddleboarding-og-kayak-blandt-isbjerge\/#primaryimage\",\"url\":\"https:\/\/test.arctic.klean.it\/wp-content\/uploads\/2022\/12\/image00050.jpeg\",\"contentUrl\":\"https:\/\/test.arctic.klean.it\/wp-content\/uploads\/2022\/12\/image00050.jpeg\",\"width\":2087,\"height\":2087},{\"@type\":\"BreadcrumbList\",\"@id\":\"https:\/\/test.arctic.klean.it\/udflugter\/paddleboarding-og-kayak-blandt-isbjerge\/#breadcrumb\",\"itemListElement\":[{\"@type\":\"ListItem\",\"position\":1,\"name\":\"Udflugter i Gr\u00f8nland\",\"item\":\"https:\/\/test.arctic.klean.it\/da\/udflugter\/\"},{\"@type\":\"ListItem\",\"position\":2,\"name\":\"Paddleboarding og Kajak blandt Isbjerge\"}]},{\"@type\":\"WebSite\",\"@id\":\"https:\/\/test.arctic.klean.it\/#website\",\"url\":\"https:\/\/test.arctic.klean.it\/\",\"name\":\"Arctic Excursions\",\"description\":\"New adventures. Every day.\",\"potentialAction\":[{\"@type\":\"SearchAction\",\"target\":{\"@type\":\"EntryPoint\",\"urlTemplate\":\"https:\/\/test.arctic.klean.it\/?s={search_term_string}\"},\"query-input\":{\"@type\":\"PropertyValueSpecification\",\"valueRequired\":true,\"valueName\":\"search_term_string\"}}],\"inLanguage\":\"da-DK\"}]}<\/script>\n<!-- \/ Yoast SEO plugin. -->","yoast_head_json":{"title":"Arctic Excursions","robots":{"index":"index","follow":"follow","max-snippet":"max-snippet:-1","max-image-preview":"max-image-preview:large","max-video-preview":"max-video-preview:-1"},"canonical":"https:\/\/test.arctic.klean.it\/udflugter\/paddleboarding-og-kayak-blandt-isbjerge\/","og_locale":"da_DK","og_type":"article","og_title":"Paddleboarding og Kajak blandt Isbjerge - Arctic Excursions","og_description":"Tag med os p\u00e5 denne SUP eller Kajak blandt isbjerge ved Nuuk","og_url":"https:\/\/test.arctic.klean.it\/udflugter\/paddleboarding-og-kayak-blandt-isbjerge\/","og_site_name":"Arctic Excursions","article_modified_time":"2023-04-17T13:37:06+00:00","og_image":[{"width":2087,"height":2087,"url":"https:\/\/test.arctic.klean.it\/wp-content\/uploads\/2022\/12\/image00050.jpeg","type":"image\/jpeg"}],"twitter_card":"summary_large_image","twitter_misc":{"Estimeret l\u00e6setid":"1 minut"},"schema":{"@context":"https:\/\/schema.org","@graph":[{"@type":"WebPage","@id":"https:\/\/test.arctic.klean.it\/udflugter\/paddleboarding-og-kayak-blandt-isbjerge\/","url":"https:\/\/test.arctic.klean.it\/udflugter\/paddleboarding-og-kayak-blandt-isbjerge\/","name":"Paddleboarding og Kajak blandt Isbjerge - Arctic Excursions","isPartOf":{"@id":"https:\/\/test.arctic.klean.it\/#website"},"primaryImageOfPage":{"@id":"https:\/\/test.arctic.klean.it\/udflugter\/paddleboarding-og-kayak-blandt-isbjerge\/#primaryimage"},"image":{"@id":"https:\/\/test.arctic.klean.it\/udflugter\/paddleboarding-og-kayak-blandt-isbjerge\/#primaryimage"},"thumbnailUrl":"https:\/\/test.arctic.klean.it\/wp-content\/uploads\/2022\/12\/image00050.jpeg","datePublished":"2022-12-13T10:41:40+00:00","dateModified":"2023-04-17T13:37:06+00:00","breadcrumb":{"@id":"https:\/\/test.arctic.klean.it\/udflugter\/paddleboarding-og-kayak-blandt-isbjerge\/#breadcrumb"},"inLanguage":"da-DK","potentialAction":[{"@type":"ReadAction","target":["https:\/\/test.arctic.klean.it\/udflugter\/paddleboarding-og-kayak-blandt-isbjerge\/"]}]},{"@type":"ImageObject","inLanguage":"da-DK","@id":"https:\/\/test.arctic.klean.it\/udflugter\/paddleboarding-og-kayak-blandt-isbjerge\/#primaryimage","url":"https:\/\/test.arctic.klean.it\/wp-content\/uploads\/2022\/12\/image00050.jpeg","contentUrl":"https:\/\/test.arctic.klean.it\/wp-content\/uploads\/2022\/12\/image00050.jpeg","width":2087,"height":2087},{"@type":"BreadcrumbList","@id":"https:\/\/test.arctic.klean.it\/udflugter\/paddleboarding-og-kayak-blandt-isbjerge\/#breadcrumb","itemListElement":[{"@type":"ListItem","position":1,"name":"Udflugter i Gr\u00f8nland","item":"https:\/\/test.arctic.klean.it\/da\/udflugter\/"},{"@type":"ListItem","position":2,"name":"Paddleboarding og Kajak blandt Isbjerge"}]},{"@type":"WebSite","@id":"https:\/\/test.arctic.klean.it\/#website","url":"https:\/\/test.arctic.klean.it\/","name":"Arctic Excursions","description":"New adventures. Every day.","potentialAction":[{"@type":"SearchAction","target":{"@type":"EntryPoint","urlTemplate":"https:\/\/test.arctic.klean.it\/?s={search_term_string}"},"query-input":{"@type":"PropertyValueSpecification","valueRequired":true,"valueName":"search_term_string"}}],"inLanguage":"da-DK"}]}},"_links":{"self":[{"href":"https:\/\/test.arctic.klean.it\/da\/wp-json\/wp\/v2\/product\/5539","targetHints":{"allow":["GET"]}}],"collection":[{"href":"https:\/\/test.arctic.klean.it\/da\/wp-json\/wp\/v2\/product"}],"about":[{"href":"https:\/\/test.arctic.klean.it\/da\/wp-json\/wp\/v2\/types\/product"}],"replies":[{"embeddable":true,"href":"https:\/\/test.arctic.klean.it\/da\/wp-json\/wp\/v2\/comments?post=5539"}],"wp:featuredmedia":[{"embeddable":true,"href":"https:\/\/test.arctic.klean.it\/da\/wp-json\/wp\/v2\/media\/5534"}],"wp:attachment":[{"href":"https:\/\/test.arctic.klean.it\/da\/wp-json\/wp\/v2\/media?parent=5539"}],"wp:term":[{"taxonomy":"product_brand","embeddable":true,"href":"https:\/\/test.arctic.klean.it\/da\/wp-json\/wp\/v2\/product_brand?post=5539"},{"taxonomy":"product_cat","embeddable":true,"href":"https:\/\/test.arctic.klean.it\/da\/wp-json\/wp\/v2\/product_cat?post=5539"},{"taxonomy":"product_tag","embeddable":true,"href":"https:\/\/test.arctic.klean.it\/da\/wp-json\/wp\/v2\/product_tag?post=5539"}],"curies":[{"name":"wp","href":"https:\/\/api.w.org\/{rel}","templated":true}]}}