{"id":5558,"date":"2022-12-09T11:55:39","date_gmt":"2022-12-09T09:55:39","guid":{"rendered":"https:\/\/test.arctic.klean.it\/?post_type=product&#038;p=5558"},"modified":"2023-04-17T15:37:39","modified_gmt":"2023-04-17T13:37:39","slug":"kajak-skole","status":"publish","type":"product","link":"https:\/\/test.arctic.klean.it\/da\/udflugter\/kajak-skole\/","title":{"rendered":"Kajakskole"},"content":{"rendered":"<p>Vi har en guide som, fungerer som kajakinstrukt\u00f8r. Vi kommer selvf\u00f8lgelig med nogle gode tips til, hvordan man bedst ror og holder balancen i kajakken ude i det \u00e5bne hav.<\/p>\n<p>Vi s\u00f8rger for alt udstyr, det eneste du skal g\u00f8re, er at komme til tiden.<\/p>\n<p>Guiden fort\u00e6ller om kajakkens historie og introducerer sig selv. Derefter tager man alt udstyr p\u00e5, t\u00f8rdragt, sko og handsker.<\/p>\n<p>Bem\u00e6rk venligst at det er en god id\u00e9 at have ulddragt under det alm. t\u00f8j.<\/p>\n<p>Kajakinstrukt\u00f8ren vil hj\u00e6lpe dig til at starte med, og n\u00e5r du f\u00f8ler dig tryg og har f\u00e5et godt styr p\u00e5 at kunne navigere kajakken, kan du padle hen til isskosser i n\u00e6rheden.<\/p>\n<p>Vi udleverer et certifikat, som viser at du har best\u00e5et vores kajakskole.<\/p>\n<p><b>Varighed:<\/b> 2 timer<br \/>\n<b>S\u00e6son:<\/b> Maj &#8211; september<br \/>\n<b>Sprog:<\/b> Engelsk, dansk<\/p>\n","protected":false},"excerpt":{"rendered":"<p>Tag med tilbage p\u00e5 skoleb\u00e6nken &#8211; P\u00e5 denne tur kan du l\u00e6re, hvordan man ror kajak.<\/p>\n","protected":false},"featured_media":5552,"comment_status":"open","ping_status":"closed","template":"","meta":{"_acf_changed":false},"product_brand":[],"product_cat":[170],"product_tag":[160],"class_list":{"0":"post-5558","1":"product","2":"type-product","3":"status-publish","4":"has-post-thumbnail","6":"product_cat-udflugt","7":"product_tag-2-da","8":"tour_location-nuuk-da","9":"tour_type-baadture","10":"tour_operator-nuuk-water-taxi","12":"first","13":"outofstock","14":"shipping-taxable","15":"product-type-variable"},"acf":[],"yoast_head":"<!-- This site is optimized with the Yoast SEO plugin v25.2 - https:\/\/yoast.com\/wordpress\/plugins\/seo\/ -->\n<title>Arctic Excursions<\/title>\n<meta name=\"robots\" content=\"index, follow, max-snippet:-1, max-image-preview:large, max-video-preview:-1\" \/>\n<link rel=\"canonical\" href=\"https:\/\/test.arctic.klean.it\/udflugter\/kayak-school\/\" \/>\n<meta property=\"og:locale\" content=\"da_DK\" \/>\n<meta property=\"og:type\" content=\"article\" \/>\n<meta property=\"og:title\" content=\"Kajakskole - Arctic Excursions\" \/>\n<meta property=\"og:description\" content=\"Tag med tilbage p\u00e5 skoleb\u00e6nken - P\u00e5 denne tur kan du l\u00e6re, hvordan man ror kajak.\" \/>\n<meta property=\"og:url\" content=\"https:\/\/test.arctic.klean.it\/udflugter\/kayak-school\/\" \/>\n<meta property=\"og:site_name\" content=\"Arctic Excursions\" \/>\n<meta property=\"article:modified_time\" content=\"2023-04-17T13:37:39+00:00\" \/>\n<meta property=\"og:image\" content=\"https:\/\/test.arctic.klean.it\/wp-content\/uploads\/2022\/12\/image00011-scaled.jpeg\" \/>\n\t<meta property=\"og:image:width\" content=\"2560\" \/>\n\t<meta property=\"og:image:height\" content=\"1920\" \/>\n\t<meta property=\"og:image:type\" content=\"image\/jpeg\" \/>\n<meta name=\"twitter:card\" content=\"summary_large_image\" \/>\n<meta name=\"twitter:label1\" content=\"Estimeret l\u00e6setid\" \/>\n\t<meta name=\"twitter:data1\" content=\"1 minut\" \/>\n<script type=\"application\/ld+json\" class=\"yoast-schema-graph\">{\"@context\":\"https:\/\/schema.org\",\"@graph\":[{\"@type\":\"WebPage\",\"@id\":\"https:\/\/test.arctic.klean.it\/udflugter\/kayak-school\/\",\"url\":\"https:\/\/test.arctic.klean.it\/udflugter\/kayak-school\/\",\"name\":\"Kajakskole - Arctic Excursions\",\"isPartOf\":{\"@id\":\"https:\/\/test.arctic.klean.it\/#website\"},\"primaryImageOfPage\":{\"@id\":\"https:\/\/test.arctic.klean.it\/udflugter\/kayak-school\/#primaryimage\"},\"image\":{\"@id\":\"https:\/\/test.arctic.klean.it\/udflugter\/kayak-school\/#primaryimage\"},\"thumbnailUrl\":\"https:\/\/test.arctic.klean.it\/wp-content\/uploads\/2022\/12\/image00011-scaled.jpeg\",\"datePublished\":\"2022-12-09T09:55:39+00:00\",\"dateModified\":\"2023-04-17T13:37:39+00:00\",\"breadcrumb\":{\"@id\":\"https:\/\/test.arctic.klean.it\/udflugter\/kayak-school\/#breadcrumb\"},\"inLanguage\":\"da-DK\",\"potentialAction\":[{\"@type\":\"ReadAction\",\"target\":[\"https:\/\/test.arctic.klean.it\/udflugter\/kayak-school\/\"]}]},{\"@type\":\"ImageObject\",\"inLanguage\":\"da-DK\",\"@id\":\"https:\/\/test.arctic.klean.it\/udflugter\/kayak-school\/#primaryimage\",\"url\":\"https:\/\/test.arctic.klean.it\/wp-content\/uploads\/2022\/12\/image00011-scaled.jpeg\",\"contentUrl\":\"https:\/\/test.arctic.klean.it\/wp-content\/uploads\/2022\/12\/image00011-scaled.jpeg\",\"width\":2560,\"height\":1920},{\"@type\":\"BreadcrumbList\",\"@id\":\"https:\/\/test.arctic.klean.it\/udflugter\/kayak-school\/#breadcrumb\",\"itemListElement\":[{\"@type\":\"ListItem\",\"position\":1,\"name\":\"Udflugter i Gr\u00f8nland\",\"item\":\"https:\/\/test.arctic.klean.it\/da\/udflugter\/\"},{\"@type\":\"ListItem\",\"position\":2,\"name\":\"Kajakskole\"}]},{\"@type\":\"WebSite\",\"@id\":\"https:\/\/test.arctic.klean.it\/#website\",\"url\":\"https:\/\/test.arctic.klean.it\/\",\"name\":\"Arctic Excursions\",\"description\":\"New adventures. Every day.\",\"potentialAction\":[{\"@type\":\"SearchAction\",\"target\":{\"@type\":\"EntryPoint\",\"urlTemplate\":\"https:\/\/test.arctic.klean.it\/?s={search_term_string}\"},\"query-input\":{\"@type\":\"PropertyValueSpecification\",\"valueRequired\":true,\"valueName\":\"search_term_string\"}}],\"inLanguage\":\"da-DK\"}]}<\/script>\n<!-- \/ Yoast SEO plugin. -->","yoast_head_json":{"title":"Arctic Excursions","robots":{"index":"index","follow":"follow","max-snippet":"max-snippet:-1","max-image-preview":"max-image-preview:large","max-video-preview":"max-video-preview:-1"},"canonical":"https:\/\/test.arctic.klean.it\/udflugter\/kayak-school\/","og_locale":"da_DK","og_type":"article","og_title":"Kajakskole - Arctic Excursions","og_description":"Tag med tilbage p\u00e5 skoleb\u00e6nken - P\u00e5 denne tur kan du l\u00e6re, hvordan man ror kajak.","og_url":"https:\/\/test.arctic.klean.it\/udflugter\/kayak-school\/","og_site_name":"Arctic Excursions","article_modified_time":"2023-04-17T13:37:39+00:00","og_image":[{"width":2560,"height":1920,"url":"https:\/\/test.arctic.klean.it\/wp-content\/uploads\/2022\/12\/image00011-scaled.jpeg","type":"image\/jpeg"}],"twitter_card":"summary_large_image","twitter_misc":{"Estimeret l\u00e6setid":"1 minut"},"schema":{"@context":"https:\/\/schema.org","@graph":[{"@type":"WebPage","@id":"https:\/\/test.arctic.klean.it\/udflugter\/kayak-school\/","url":"https:\/\/test.arctic.klean.it\/udflugter\/kayak-school\/","name":"Kajakskole - Arctic Excursions","isPartOf":{"@id":"https:\/\/test.arctic.klean.it\/#website"},"primaryImageOfPage":{"@id":"https:\/\/test.arctic.klean.it\/udflugter\/kayak-school\/#primaryimage"},"image":{"@id":"https:\/\/test.arctic.klean.it\/udflugter\/kayak-school\/#primaryimage"},"thumbnailUrl":"https:\/\/test.arctic.klean.it\/wp-content\/uploads\/2022\/12\/image00011-scaled.jpeg","datePublished":"2022-12-09T09:55:39+00:00","dateModified":"2023-04-17T13:37:39+00:00","breadcrumb":{"@id":"https:\/\/test.arctic.klean.it\/udflugter\/kayak-school\/#breadcrumb"},"inLanguage":"da-DK","potentialAction":[{"@type":"ReadAction","target":["https:\/\/test.arctic.klean.it\/udflugter\/kayak-school\/"]}]},{"@type":"ImageObject","inLanguage":"da-DK","@id":"https:\/\/test.arctic.klean.it\/udflugter\/kayak-school\/#primaryimage","url":"https:\/\/test.arctic.klean.it\/wp-content\/uploads\/2022\/12\/image00011-scaled.jpeg","contentUrl":"https:\/\/test.arctic.klean.it\/wp-content\/uploads\/2022\/12\/image00011-scaled.jpeg","width":2560,"height":1920},{"@type":"BreadcrumbList","@id":"https:\/\/test.arctic.klean.it\/udflugter\/kayak-school\/#breadcrumb","itemListElement":[{"@type":"ListItem","position":1,"name":"Udflugter i Gr\u00f8nland","item":"https:\/\/test.arctic.klean.it\/da\/udflugter\/"},{"@type":"ListItem","position":2,"name":"Kajakskole"}]},{"@type":"WebSite","@id":"https:\/\/test.arctic.klean.it\/#website","url":"https:\/\/test.arctic.klean.it\/","name":"Arctic Excursions","description":"New adventures. Every day.","potentialAction":[{"@type":"SearchAction","target":{"@type":"EntryPoint","urlTemplate":"https:\/\/test.arctic.klean.it\/?s={search_term_string}"},"query-input":{"@type":"PropertyValueSpecification","valueRequired":true,"valueName":"search_term_string"}}],"inLanguage":"da-DK"}]}},"_links":{"self":[{"href":"https:\/\/test.arctic.klean.it\/da\/wp-json\/wp\/v2\/product\/5558","targetHints":{"allow":["GET"]}}],"collection":[{"href":"https:\/\/test.arctic.klean.it\/da\/wp-json\/wp\/v2\/product"}],"about":[{"href":"https:\/\/test.arctic.klean.it\/da\/wp-json\/wp\/v2\/types\/product"}],"replies":[{"embeddable":true,"href":"https:\/\/test.arctic.klean.it\/da\/wp-json\/wp\/v2\/comments?post=5558"}],"wp:featuredmedia":[{"embeddable":true,"href":"https:\/\/test.arctic.klean.it\/da\/wp-json\/wp\/v2\/media\/5552"}],"wp:attachment":[{"href":"https:\/\/test.arctic.klean.it\/da\/wp-json\/wp\/v2\/media?parent=5558"}],"wp:term":[{"taxonomy":"product_brand","embeddable":true,"href":"https:\/\/test.arctic.klean.it\/da\/wp-json\/wp\/v2\/product_brand?post=5558"},{"taxonomy":"product_cat","embeddable":true,"href":"https:\/\/test.arctic.klean.it\/da\/wp-json\/wp\/v2\/product_cat?post=5558"},{"taxonomy":"product_tag","embeddable":true,"href":"https:\/\/test.arctic.klean.it\/da\/wp-json\/wp\/v2\/product_tag?post=5558"}],"curies":[{"name":"wp","href":"https:\/\/api.w.org\/{rel}","templated":true}]}}