{"id":5572,"date":"2022-12-13T11:55:14","date_gmt":"2022-12-13T09:55:14","guid":{"rendered":"https:\/\/test.arctic.klean.it\/?post_type=product&#038;p=5572"},"modified":"2023-04-17T15:37:31","modified_gmt":"2023-04-17T13:37:31","slug":"kayak-tour-by-nuuk","status":"publish","type":"product","link":"https:\/\/test.arctic.klean.it\/da\/udflugter\/kayak-tour-by-nuuk\/","title":{"rendered":"Kajaktur langs Nuuks kyst"},"content":{"rendered":"<p>Vi s\u00f8ger for alt udstyr, det eneste du skal g\u00f8re, er at komme til tiden.<\/p>\n<p>Inden vi starter turen med kajak, s\u00e5 giver vores kajakinstrukt\u00f8r en kort instruks og hj\u00e6lper med at indstiller fodpedalerne s\u00e5 de passer til jer. <\/p>\n<p>N\u00e5r alle er klar med deres udstyr, s\u00e5 g\u00e5r vi hen til vandet hvor vi skal ro mod Myggedalen. Bem\u00e6rk venligst at der kan komme forbipasserende b\u00e5de som kan skabe nogle b\u00f8lger. <\/p>\n<p>Vi anbefaler derfor kun denne tur til erfarne g\u00e6ster.<\/p>\n<p>Der bruges ca. 2 timer i kajak og husk lige at g\u00e5 forbi toilettet, inden turen starter.<\/p>\n<p>Vi har en lokal kajakinstrukt\u00f8r, som har mange \u00e5rs erfaring i det gr\u00f8nlandske hav. <\/p>\n<p><b>Varighed:<\/b> 3 timer<br \/>\n<b>S\u00e6son:<\/b> Maj \u2013 september<br \/>\n<b>Sv\u00e6rhedsgrad:<\/b> Level 3<br \/>\n<b>Minimumsalder:<\/b> 14 \u00e5r<br \/>\n<b>Sprog:<\/b> Engelsk, dansk<\/p>\n","protected":false},"excerpt":{"rendered":"<p>P\u00e5 denne udflugt skal man have erfaring med kajak for at kunne deltage til turen. <\/p>\n","protected":false},"featured_media":5568,"comment_status":"open","ping_status":"closed","template":"","meta":{"_acf_changed":false},"product_brand":[],"product_cat":[170],"product_tag":[],"class_list":{"0":"post-5572","1":"product","2":"type-product","3":"status-publish","4":"has-post-thumbnail","6":"product_cat-udflugt","7":"tour_location-nuuk-da","8":"tour_type-baadture","9":"tour_operator-nuuk-water-taxi","11":"first","12":"outofstock","13":"shipping-taxable","14":"product-type-variable"},"acf":[],"yoast_head":"<!-- This site is optimized with the Yoast SEO plugin v25.2 - https:\/\/yoast.com\/wordpress\/plugins\/seo\/ -->\n<title>Arctic Excursions<\/title>\n<meta name=\"robots\" content=\"index, follow, max-snippet:-1, max-image-preview:large, max-video-preview:-1\" \/>\n<link rel=\"canonical\" href=\"https:\/\/test.arctic.klean.it\/udflugter\/kayak-tour-in-nuuk\/\" \/>\n<meta property=\"og:locale\" content=\"da_DK\" \/>\n<meta property=\"og:type\" content=\"article\" \/>\n<meta property=\"og:title\" content=\"Kajaktur langs Nuuks kyst - Arctic Excursions\" \/>\n<meta property=\"og:description\" content=\"P\u00e5 denne udflugt skal man have erfaring med kajak for at kunne deltage til turen.\" \/>\n<meta property=\"og:url\" content=\"https:\/\/test.arctic.klean.it\/udflugter\/kayak-tour-in-nuuk\/\" \/>\n<meta property=\"og:site_name\" content=\"Arctic Excursions\" \/>\n<meta property=\"article:modified_time\" content=\"2023-04-17T13:37:31+00:00\" \/>\n<meta property=\"og:image\" content=\"https:\/\/test.arctic.klean.it\/wp-content\/uploads\/2022\/12\/Kajak-Kolonihavnen-Lasse-9-of-15-scaled.jpg\" \/>\n\t<meta property=\"og:image:width\" content=\"1707\" \/>\n\t<meta property=\"og:image:height\" content=\"2560\" \/>\n\t<meta property=\"og:image:type\" content=\"image\/jpeg\" \/>\n<meta name=\"twitter:card\" content=\"summary_large_image\" \/>\n<meta name=\"twitter:label1\" content=\"Estimeret l\u00e6setid\" \/>\n\t<meta name=\"twitter:data1\" content=\"1 minut\" \/>\n<script type=\"application\/ld+json\" class=\"yoast-schema-graph\">{\"@context\":\"https:\/\/schema.org\",\"@graph\":[{\"@type\":\"WebPage\",\"@id\":\"https:\/\/test.arctic.klean.it\/udflugter\/kayak-tour-in-nuuk\/\",\"url\":\"https:\/\/test.arctic.klean.it\/udflugter\/kayak-tour-in-nuuk\/\",\"name\":\"Kajaktur langs Nuuks kyst - Arctic Excursions\",\"isPartOf\":{\"@id\":\"https:\/\/test.arctic.klean.it\/#website\"},\"primaryImageOfPage\":{\"@id\":\"https:\/\/test.arctic.klean.it\/udflugter\/kayak-tour-in-nuuk\/#primaryimage\"},\"image\":{\"@id\":\"https:\/\/test.arctic.klean.it\/udflugter\/kayak-tour-in-nuuk\/#primaryimage\"},\"thumbnailUrl\":\"https:\/\/test.arctic.klean.it\/wp-content\/uploads\/2022\/12\/Kajak-Kolonihavnen-Lasse-9-of-15-scaled.jpg\",\"datePublished\":\"2022-12-13T09:55:14+00:00\",\"dateModified\":\"2023-04-17T13:37:31+00:00\",\"breadcrumb\":{\"@id\":\"https:\/\/test.arctic.klean.it\/udflugter\/kayak-tour-in-nuuk\/#breadcrumb\"},\"inLanguage\":\"da-DK\",\"potentialAction\":[{\"@type\":\"ReadAction\",\"target\":[\"https:\/\/test.arctic.klean.it\/udflugter\/kayak-tour-in-nuuk\/\"]}]},{\"@type\":\"ImageObject\",\"inLanguage\":\"da-DK\",\"@id\":\"https:\/\/test.arctic.klean.it\/udflugter\/kayak-tour-in-nuuk\/#primaryimage\",\"url\":\"https:\/\/test.arctic.klean.it\/wp-content\/uploads\/2022\/12\/Kajak-Kolonihavnen-Lasse-9-of-15-scaled.jpg\",\"contentUrl\":\"https:\/\/test.arctic.klean.it\/wp-content\/uploads\/2022\/12\/Kajak-Kolonihavnen-Lasse-9-of-15-scaled.jpg\",\"width\":1707,\"height\":2560},{\"@type\":\"BreadcrumbList\",\"@id\":\"https:\/\/test.arctic.klean.it\/udflugter\/kayak-tour-in-nuuk\/#breadcrumb\",\"itemListElement\":[{\"@type\":\"ListItem\",\"position\":1,\"name\":\"Udflugter i Gr\u00f8nland\",\"item\":\"https:\/\/test.arctic.klean.it\/da\/udflugter\/\"},{\"@type\":\"ListItem\",\"position\":2,\"name\":\"Kajaktur langs Nuuks kyst\"}]},{\"@type\":\"WebSite\",\"@id\":\"https:\/\/test.arctic.klean.it\/#website\",\"url\":\"https:\/\/test.arctic.klean.it\/\",\"name\":\"Arctic Excursions\",\"description\":\"New adventures. Every day.\",\"potentialAction\":[{\"@type\":\"SearchAction\",\"target\":{\"@type\":\"EntryPoint\",\"urlTemplate\":\"https:\/\/test.arctic.klean.it\/?s={search_term_string}\"},\"query-input\":{\"@type\":\"PropertyValueSpecification\",\"valueRequired\":true,\"valueName\":\"search_term_string\"}}],\"inLanguage\":\"da-DK\"}]}<\/script>\n<!-- \/ Yoast SEO plugin. -->","yoast_head_json":{"title":"Arctic Excursions","robots":{"index":"index","follow":"follow","max-snippet":"max-snippet:-1","max-image-preview":"max-image-preview:large","max-video-preview":"max-video-preview:-1"},"canonical":"https:\/\/test.arctic.klean.it\/udflugter\/kayak-tour-in-nuuk\/","og_locale":"da_DK","og_type":"article","og_title":"Kajaktur langs Nuuks kyst - Arctic Excursions","og_description":"P\u00e5 denne udflugt skal man have erfaring med kajak for at kunne deltage til turen.","og_url":"https:\/\/test.arctic.klean.it\/udflugter\/kayak-tour-in-nuuk\/","og_site_name":"Arctic Excursions","article_modified_time":"2023-04-17T13:37:31+00:00","og_image":[{"width":1707,"height":2560,"url":"https:\/\/test.arctic.klean.it\/wp-content\/uploads\/2022\/12\/Kajak-Kolonihavnen-Lasse-9-of-15-scaled.jpg","type":"image\/jpeg"}],"twitter_card":"summary_large_image","twitter_misc":{"Estimeret l\u00e6setid":"1 minut"},"schema":{"@context":"https:\/\/schema.org","@graph":[{"@type":"WebPage","@id":"https:\/\/test.arctic.klean.it\/udflugter\/kayak-tour-in-nuuk\/","url":"https:\/\/test.arctic.klean.it\/udflugter\/kayak-tour-in-nuuk\/","name":"Kajaktur langs Nuuks kyst - Arctic Excursions","isPartOf":{"@id":"https:\/\/test.arctic.klean.it\/#website"},"primaryImageOfPage":{"@id":"https:\/\/test.arctic.klean.it\/udflugter\/kayak-tour-in-nuuk\/#primaryimage"},"image":{"@id":"https:\/\/test.arctic.klean.it\/udflugter\/kayak-tour-in-nuuk\/#primaryimage"},"thumbnailUrl":"https:\/\/test.arctic.klean.it\/wp-content\/uploads\/2022\/12\/Kajak-Kolonihavnen-Lasse-9-of-15-scaled.jpg","datePublished":"2022-12-13T09:55:14+00:00","dateModified":"2023-04-17T13:37:31+00:00","breadcrumb":{"@id":"https:\/\/test.arctic.klean.it\/udflugter\/kayak-tour-in-nuuk\/#breadcrumb"},"inLanguage":"da-DK","potentialAction":[{"@type":"ReadAction","target":["https:\/\/test.arctic.klean.it\/udflugter\/kayak-tour-in-nuuk\/"]}]},{"@type":"ImageObject","inLanguage":"da-DK","@id":"https:\/\/test.arctic.klean.it\/udflugter\/kayak-tour-in-nuuk\/#primaryimage","url":"https:\/\/test.arctic.klean.it\/wp-content\/uploads\/2022\/12\/Kajak-Kolonihavnen-Lasse-9-of-15-scaled.jpg","contentUrl":"https:\/\/test.arctic.klean.it\/wp-content\/uploads\/2022\/12\/Kajak-Kolonihavnen-Lasse-9-of-15-scaled.jpg","width":1707,"height":2560},{"@type":"BreadcrumbList","@id":"https:\/\/test.arctic.klean.it\/udflugter\/kayak-tour-in-nuuk\/#breadcrumb","itemListElement":[{"@type":"ListItem","position":1,"name":"Udflugter i Gr\u00f8nland","item":"https:\/\/test.arctic.klean.it\/da\/udflugter\/"},{"@type":"ListItem","position":2,"name":"Kajaktur langs Nuuks kyst"}]},{"@type":"WebSite","@id":"https:\/\/test.arctic.klean.it\/#website","url":"https:\/\/test.arctic.klean.it\/","name":"Arctic Excursions","description":"New adventures. Every day.","potentialAction":[{"@type":"SearchAction","target":{"@type":"EntryPoint","urlTemplate":"https:\/\/test.arctic.klean.it\/?s={search_term_string}"},"query-input":{"@type":"PropertyValueSpecification","valueRequired":true,"valueName":"search_term_string"}}],"inLanguage":"da-DK"}]}},"_links":{"self":[{"href":"https:\/\/test.arctic.klean.it\/da\/wp-json\/wp\/v2\/product\/5572","targetHints":{"allow":["GET"]}}],"collection":[{"href":"https:\/\/test.arctic.klean.it\/da\/wp-json\/wp\/v2\/product"}],"about":[{"href":"https:\/\/test.arctic.klean.it\/da\/wp-json\/wp\/v2\/types\/product"}],"replies":[{"embeddable":true,"href":"https:\/\/test.arctic.klean.it\/da\/wp-json\/wp\/v2\/comments?post=5572"}],"wp:featuredmedia":[{"embeddable":true,"href":"https:\/\/test.arctic.klean.it\/da\/wp-json\/wp\/v2\/media\/5568"}],"wp:attachment":[{"href":"https:\/\/test.arctic.klean.it\/da\/wp-json\/wp\/v2\/media?parent=5572"}],"wp:term":[{"taxonomy":"product_brand","embeddable":true,"href":"https:\/\/test.arctic.klean.it\/da\/wp-json\/wp\/v2\/product_brand?post=5572"},{"taxonomy":"product_cat","embeddable":true,"href":"https:\/\/test.arctic.klean.it\/da\/wp-json\/wp\/v2\/product_cat?post=5572"},{"taxonomy":"product_tag","embeddable":true,"href":"https:\/\/test.arctic.klean.it\/da\/wp-json\/wp\/v2\/product_tag?post=5572"}],"curies":[{"name":"wp","href":"https:\/\/api.w.org\/{rel}","templated":true}]}}