{"id":5687,"date":"2022-12-09T11:34:00","date_gmt":"2022-12-09T09:34:00","guid":{"rendered":"https:\/\/test.arctic.klean.it\/?post_type=product&#038;p=5687"},"modified":"2023-05-12T18:29:07","modified_gmt":"2023-05-12T16:29:07","slug":"byrundtur","status":"publish","type":"product","link":"https:\/\/test.arctic.klean.it\/da\/udflugter\/byrundtur\/","title":{"rendered":"Byrundtur"},"content":{"rendered":"<p>Vores lokal guide vil tage dig med ud p\u00e5 en fin 2 timers g\u00e5tur og vise dig byen og fort\u00e6lle dig om Nuuks historie.<\/p>\n<p>Der vil v\u00e6re flere forskellige stoppesteder s\u00e5som ved parlamentet, nogle af vores historiske statuer, myggedalens udsigtspunkt og ikke mindst en smugkig inde ved Niels Lynges hus som er en tidslomme fra 1950-60&#8217;erne. <\/p>\n<p><b>Varighed:<\/b> 2 timer<\/p>\n<p><b>S\u00e6son:<\/b> Hele \u00e5ret<\/p>\n<p><b>Sprog:<\/b> Dansk, engelsk<\/p>\n","protected":false},"excerpt":{"rendered":"<p>Kom med ud og g\u00e5 en fin tur med finurlige historier om Nuuks rivende udvikling og lidt om hele Gr\u00f8nland.<\/p>\n","protected":false},"featured_media":0,"comment_status":"open","ping_status":"closed","template":"","meta":{"_acf_changed":false},"product_brand":[],"product_cat":[170],"product_tag":[159],"class_list":{"0":"post-5687","1":"product","2":"type-product","3":"status-publish","5":"product_cat-udflugt","6":"product_tag-1-da","7":"pa_dato-412","8":"pa_dato-634","9":"pa_tidspunkt-40","10":"tour_location-nuuk-da","11":"tour_type-vandreture","12":"tour_operator-nuuk-water-taxi","14":"first","15":"outofstock","16":"shipping-taxable","17":"product-type-variable"},"acf":[],"yoast_head":"<!-- This site is optimized with the Yoast SEO plugin v25.2 - https:\/\/yoast.com\/wordpress\/plugins\/seo\/ -->\n<title>Arctic Excursions<\/title>\n<meta name=\"robots\" content=\"index, follow, max-snippet:-1, max-image-preview:large, max-video-preview:-1\" \/>\n<link rel=\"canonical\" href=\"https:\/\/test.arctic.klean.it\/udflugter\/byrundtur\/\" \/>\n<meta property=\"og:locale\" content=\"da_DK\" \/>\n<meta property=\"og:type\" content=\"article\" \/>\n<meta property=\"og:title\" content=\"Byrundtur - Arctic Excursions\" \/>\n<meta property=\"og:description\" content=\"Kom med ud og g\u00e5 en fin tur med finurlige historier om Nuuks rivende udvikling og lidt om hele Gr\u00f8nland.\" \/>\n<meta property=\"og:url\" content=\"https:\/\/test.arctic.klean.it\/udflugter\/byrundtur\/\" \/>\n<meta property=\"og:site_name\" content=\"Arctic Excursions\" \/>\n<meta property=\"article:modified_time\" content=\"2023-05-12T16:29:07+00:00\" \/>\n<meta name=\"twitter:card\" content=\"summary_large_image\" \/>\n<meta name=\"twitter:label1\" content=\"Estimeret l\u00e6setid\" \/>\n\t<meta name=\"twitter:data1\" content=\"1 minut\" \/>\n<script type=\"application\/ld+json\" class=\"yoast-schema-graph\">{\"@context\":\"https:\/\/schema.org\",\"@graph\":[{\"@type\":\"WebPage\",\"@id\":\"https:\/\/test.arctic.klean.it\/udflugter\/byrundtur\/\",\"url\":\"https:\/\/test.arctic.klean.it\/udflugter\/byrundtur\/\",\"name\":\"Byrundtur - Arctic Excursions\",\"isPartOf\":{\"@id\":\"https:\/\/test.arctic.klean.it\/#website\"},\"datePublished\":\"2022-12-09T09:34:00+00:00\",\"dateModified\":\"2023-05-12T16:29:07+00:00\",\"breadcrumb\":{\"@id\":\"https:\/\/test.arctic.klean.it\/udflugter\/byrundtur\/#breadcrumb\"},\"inLanguage\":\"da-DK\",\"potentialAction\":[{\"@type\":\"ReadAction\",\"target\":[\"https:\/\/test.arctic.klean.it\/udflugter\/byrundtur\/\"]}]},{\"@type\":\"BreadcrumbList\",\"@id\":\"https:\/\/test.arctic.klean.it\/udflugter\/byrundtur\/#breadcrumb\",\"itemListElement\":[{\"@type\":\"ListItem\",\"position\":1,\"name\":\"Udflugter i Gr\u00f8nland\",\"item\":\"https:\/\/test.arctic.klean.it\/da\/udflugter\/\"},{\"@type\":\"ListItem\",\"position\":2,\"name\":\"Byrundtur\"}]},{\"@type\":\"WebSite\",\"@id\":\"https:\/\/test.arctic.klean.it\/#website\",\"url\":\"https:\/\/test.arctic.klean.it\/\",\"name\":\"Arctic Excursions\",\"description\":\"New adventures. Every day.\",\"potentialAction\":[{\"@type\":\"SearchAction\",\"target\":{\"@type\":\"EntryPoint\",\"urlTemplate\":\"https:\/\/test.arctic.klean.it\/?s={search_term_string}\"},\"query-input\":{\"@type\":\"PropertyValueSpecification\",\"valueRequired\":true,\"valueName\":\"search_term_string\"}}],\"inLanguage\":\"da-DK\"}]}<\/script>\n<!-- \/ Yoast SEO plugin. -->","yoast_head_json":{"title":"Arctic Excursions","robots":{"index":"index","follow":"follow","max-snippet":"max-snippet:-1","max-image-preview":"max-image-preview:large","max-video-preview":"max-video-preview:-1"},"canonical":"https:\/\/test.arctic.klean.it\/udflugter\/byrundtur\/","og_locale":"da_DK","og_type":"article","og_title":"Byrundtur - Arctic Excursions","og_description":"Kom med ud og g\u00e5 en fin tur med finurlige historier om Nuuks rivende udvikling og lidt om hele Gr\u00f8nland.","og_url":"https:\/\/test.arctic.klean.it\/udflugter\/byrundtur\/","og_site_name":"Arctic Excursions","article_modified_time":"2023-05-12T16:29:07+00:00","twitter_card":"summary_large_image","twitter_misc":{"Estimeret l\u00e6setid":"1 minut"},"schema":{"@context":"https:\/\/schema.org","@graph":[{"@type":"WebPage","@id":"https:\/\/test.arctic.klean.it\/udflugter\/byrundtur\/","url":"https:\/\/test.arctic.klean.it\/udflugter\/byrundtur\/","name":"Byrundtur - Arctic Excursions","isPartOf":{"@id":"https:\/\/test.arctic.klean.it\/#website"},"datePublished":"2022-12-09T09:34:00+00:00","dateModified":"2023-05-12T16:29:07+00:00","breadcrumb":{"@id":"https:\/\/test.arctic.klean.it\/udflugter\/byrundtur\/#breadcrumb"},"inLanguage":"da-DK","potentialAction":[{"@type":"ReadAction","target":["https:\/\/test.arctic.klean.it\/udflugter\/byrundtur\/"]}]},{"@type":"BreadcrumbList","@id":"https:\/\/test.arctic.klean.it\/udflugter\/byrundtur\/#breadcrumb","itemListElement":[{"@type":"ListItem","position":1,"name":"Udflugter i Gr\u00f8nland","item":"https:\/\/test.arctic.klean.it\/da\/udflugter\/"},{"@type":"ListItem","position":2,"name":"Byrundtur"}]},{"@type":"WebSite","@id":"https:\/\/test.arctic.klean.it\/#website","url":"https:\/\/test.arctic.klean.it\/","name":"Arctic Excursions","description":"New adventures. Every day.","potentialAction":[{"@type":"SearchAction","target":{"@type":"EntryPoint","urlTemplate":"https:\/\/test.arctic.klean.it\/?s={search_term_string}"},"query-input":{"@type":"PropertyValueSpecification","valueRequired":true,"valueName":"search_term_string"}}],"inLanguage":"da-DK"}]}},"_links":{"self":[{"href":"https:\/\/test.arctic.klean.it\/da\/wp-json\/wp\/v2\/product\/5687","targetHints":{"allow":["GET"]}}],"collection":[{"href":"https:\/\/test.arctic.klean.it\/da\/wp-json\/wp\/v2\/product"}],"about":[{"href":"https:\/\/test.arctic.klean.it\/da\/wp-json\/wp\/v2\/types\/product"}],"replies":[{"embeddable":true,"href":"https:\/\/test.arctic.klean.it\/da\/wp-json\/wp\/v2\/comments?post=5687"}],"wp:attachment":[{"href":"https:\/\/test.arctic.klean.it\/da\/wp-json\/wp\/v2\/media?parent=5687"}],"wp:term":[{"taxonomy":"product_brand","embeddable":true,"href":"https:\/\/test.arctic.klean.it\/da\/wp-json\/wp\/v2\/product_brand?post=5687"},{"taxonomy":"product_cat","embeddable":true,"href":"https:\/\/test.arctic.klean.it\/da\/wp-json\/wp\/v2\/product_cat?post=5687"},{"taxonomy":"product_tag","embeddable":true,"href":"https:\/\/test.arctic.klean.it\/da\/wp-json\/wp\/v2\/product_tag?post=5687"}],"curies":[{"name":"wp","href":"https:\/\/api.w.org\/{rel}","templated":true}]}}