{"id":6347,"date":"2022-12-15T16:28:07","date_gmt":"2022-12-15T14:28:07","guid":{"rendered":"https:\/\/test.arctic.klean.it\/?post_type=product&#038;p=6347"},"modified":"2023-08-23T14:18:45","modified_gmt":"2023-08-23T12:18:45","slug":"visit-an-ice-cave","status":"publish","type":"product","link":"https:\/\/test.arctic.klean.it\/da\/udflugter\/visit-an-ice-cave\/","title":{"rendered":"Bes\u00f8g en isgrotte"},"content":{"rendered":"<p>P\u00e5 denne tur f\u00e5r du muligheden for at kombinere oplevelsen af de store isbjerge med oplevelsen af at komme ind i en dyb ishule, som er placeret t\u00e6t p\u00e5 Tasiilaq og Kulusuk.<br \/>\nVi sejler hen over Atlanterhavet, og p\u00e5 denne sejltur kommer du til at opleve enorme m\u00e6ngder af isbjerge i alle former og st\u00f8rrelser. Hvis man er heldig, kan man indimellem se pukkelhvaler, v\u00e5gehvaler og finhvaler.<br \/>\nVores f\u00f8rste stop er ved Aputisaq-gletsjeren, hvor vi begynder vores rejse ind i ishulen. Inden vi drager ind i gletsjeren, vil vores gletsjerguide l\u00e6re os om de sikkerhedsf\u00e6rdigheder, som vi f\u00e5r brug for til denne oplevelse. Vi g\u00e5r ca. 20 min under gletsjeren, og du kommer til at opleve en helt ny verden. Efter vores g\u00e5tur under ishulen, vender vi tilbage til b\u00e5den, og sejler stille og roligt tilbage til Tasiilaq.<\/p>\n","protected":false},"excerpt":{"rendered":"<p>Bes\u00f8g en 40 meter dyb isgrotte med Gletsjer-guide <\/p>\n","protected":false},"featured_media":6341,"comment_status":"open","ping_status":"closed","template":"","meta":{"_acf_changed":false},"product_brand":[],"product_cat":[170],"product_tag":[],"class_list":{"0":"post-6347","1":"product","2":"type-product","3":"status-publish","4":"has-post-thumbnail","6":"product_cat-udflugt","7":"pa_dato-537","8":"pa_dato-543","9":"pa_dato-552","10":"pa_dato-521","11":"pa_dato-589","12":"pa_dato-594","13":"pa_dato-511","14":"pa_tidspunkt-72","15":"tour_location-tasiilaq-da","16":"tour_type-baadture","17":"tour_operator-arctic-dream","19":"first","20":"outofstock","21":"shipping-taxable","22":"product-type-variable"},"acf":[],"yoast_head":"<!-- This site is optimized with the Yoast SEO plugin v25.2 - https:\/\/yoast.com\/wordpress\/plugins\/seo\/ -->\n<title>Arctic Excursions<\/title>\n<meta name=\"robots\" content=\"index, follow, max-snippet:-1, max-image-preview:large, max-video-preview:-1\" \/>\n<link rel=\"canonical\" href=\"https:\/\/test.arctic.klean.it\/udflugter\/isgrotte\/\" \/>\n<meta property=\"og:locale\" content=\"da_DK\" \/>\n<meta property=\"og:type\" content=\"article\" \/>\n<meta property=\"og:title\" content=\"Bes\u00f8g en isgrotte - Arctic Excursions\" \/>\n<meta property=\"og:description\" content=\"Bes\u00f8g en 40 meter dyb isgrotte med Gletsjer-guide\" \/>\n<meta property=\"og:url\" content=\"https:\/\/test.arctic.klean.it\/udflugter\/isgrotte\/\" \/>\n<meta property=\"og:site_name\" content=\"Arctic Excursions\" \/>\n<meta property=\"article:modified_time\" content=\"2023-08-23T12:18:45+00:00\" \/>\n<meta property=\"og:image\" content=\"https:\/\/test.arctic.klean.it\/wp-content\/uploads\/2022\/12\/ice-cave-scaled.jpg\" \/>\n\t<meta property=\"og:image:width\" content=\"1707\" \/>\n\t<meta property=\"og:image:height\" content=\"2560\" \/>\n\t<meta property=\"og:image:type\" content=\"image\/jpeg\" \/>\n<meta name=\"twitter:card\" content=\"summary_large_image\" \/>\n<meta name=\"twitter:label1\" content=\"Estimeret l\u00e6setid\" \/>\n\t<meta name=\"twitter:data1\" content=\"1 minut\" \/>\n<script type=\"application\/ld+json\" class=\"yoast-schema-graph\">{\"@context\":\"https:\/\/schema.org\",\"@graph\":[{\"@type\":\"WebPage\",\"@id\":\"https:\/\/test.arctic.klean.it\/udflugter\/isgrotte\/\",\"url\":\"https:\/\/test.arctic.klean.it\/udflugter\/isgrotte\/\",\"name\":\"Bes\u00f8g en isgrotte - Arctic Excursions\",\"isPartOf\":{\"@id\":\"https:\/\/test.arctic.klean.it\/#website\"},\"primaryImageOfPage\":{\"@id\":\"https:\/\/test.arctic.klean.it\/udflugter\/isgrotte\/#primaryimage\"},\"image\":{\"@id\":\"https:\/\/test.arctic.klean.it\/udflugter\/isgrotte\/#primaryimage\"},\"thumbnailUrl\":\"https:\/\/test.arctic.klean.it\/wp-content\/uploads\/2022\/12\/ice-cave-scaled.jpg\",\"datePublished\":\"2022-12-15T14:28:07+00:00\",\"dateModified\":\"2023-08-23T12:18:45+00:00\",\"breadcrumb\":{\"@id\":\"https:\/\/test.arctic.klean.it\/udflugter\/isgrotte\/#breadcrumb\"},\"inLanguage\":\"da-DK\",\"potentialAction\":[{\"@type\":\"ReadAction\",\"target\":[\"https:\/\/test.arctic.klean.it\/udflugter\/isgrotte\/\"]}]},{\"@type\":\"ImageObject\",\"inLanguage\":\"da-DK\",\"@id\":\"https:\/\/test.arctic.klean.it\/udflugter\/isgrotte\/#primaryimage\",\"url\":\"https:\/\/test.arctic.klean.it\/wp-content\/uploads\/2022\/12\/ice-cave-scaled.jpg\",\"contentUrl\":\"https:\/\/test.arctic.klean.it\/wp-content\/uploads\/2022\/12\/ice-cave-scaled.jpg\",\"width\":1707,\"height\":2560},{\"@type\":\"BreadcrumbList\",\"@id\":\"https:\/\/test.arctic.klean.it\/udflugter\/isgrotte\/#breadcrumb\",\"itemListElement\":[{\"@type\":\"ListItem\",\"position\":1,\"name\":\"Udflugter i Gr\u00f8nland\",\"item\":\"https:\/\/test.arctic.klean.it\/da\/udflugter\/\"},{\"@type\":\"ListItem\",\"position\":2,\"name\":\"Bes\u00f8g en isgrotte\"}]},{\"@type\":\"WebSite\",\"@id\":\"https:\/\/test.arctic.klean.it\/#website\",\"url\":\"https:\/\/test.arctic.klean.it\/\",\"name\":\"Arctic Excursions\",\"description\":\"New adventures. Every day.\",\"potentialAction\":[{\"@type\":\"SearchAction\",\"target\":{\"@type\":\"EntryPoint\",\"urlTemplate\":\"https:\/\/test.arctic.klean.it\/?s={search_term_string}\"},\"query-input\":{\"@type\":\"PropertyValueSpecification\",\"valueRequired\":true,\"valueName\":\"search_term_string\"}}],\"inLanguage\":\"da-DK\"}]}<\/script>\n<!-- \/ Yoast SEO plugin. -->","yoast_head_json":{"title":"Arctic Excursions","robots":{"index":"index","follow":"follow","max-snippet":"max-snippet:-1","max-image-preview":"max-image-preview:large","max-video-preview":"max-video-preview:-1"},"canonical":"https:\/\/test.arctic.klean.it\/udflugter\/isgrotte\/","og_locale":"da_DK","og_type":"article","og_title":"Bes\u00f8g en isgrotte - Arctic Excursions","og_description":"Bes\u00f8g en 40 meter dyb isgrotte med Gletsjer-guide","og_url":"https:\/\/test.arctic.klean.it\/udflugter\/isgrotte\/","og_site_name":"Arctic Excursions","article_modified_time":"2023-08-23T12:18:45+00:00","og_image":[{"width":1707,"height":2560,"url":"https:\/\/test.arctic.klean.it\/wp-content\/uploads\/2022\/12\/ice-cave-scaled.jpg","type":"image\/jpeg"}],"twitter_card":"summary_large_image","twitter_misc":{"Estimeret l\u00e6setid":"1 minut"},"schema":{"@context":"https:\/\/schema.org","@graph":[{"@type":"WebPage","@id":"https:\/\/test.arctic.klean.it\/udflugter\/isgrotte\/","url":"https:\/\/test.arctic.klean.it\/udflugter\/isgrotte\/","name":"Bes\u00f8g en isgrotte - Arctic Excursions","isPartOf":{"@id":"https:\/\/test.arctic.klean.it\/#website"},"primaryImageOfPage":{"@id":"https:\/\/test.arctic.klean.it\/udflugter\/isgrotte\/#primaryimage"},"image":{"@id":"https:\/\/test.arctic.klean.it\/udflugter\/isgrotte\/#primaryimage"},"thumbnailUrl":"https:\/\/test.arctic.klean.it\/wp-content\/uploads\/2022\/12\/ice-cave-scaled.jpg","datePublished":"2022-12-15T14:28:07+00:00","dateModified":"2023-08-23T12:18:45+00:00","breadcrumb":{"@id":"https:\/\/test.arctic.klean.it\/udflugter\/isgrotte\/#breadcrumb"},"inLanguage":"da-DK","potentialAction":[{"@type":"ReadAction","target":["https:\/\/test.arctic.klean.it\/udflugter\/isgrotte\/"]}]},{"@type":"ImageObject","inLanguage":"da-DK","@id":"https:\/\/test.arctic.klean.it\/udflugter\/isgrotte\/#primaryimage","url":"https:\/\/test.arctic.klean.it\/wp-content\/uploads\/2022\/12\/ice-cave-scaled.jpg","contentUrl":"https:\/\/test.arctic.klean.it\/wp-content\/uploads\/2022\/12\/ice-cave-scaled.jpg","width":1707,"height":2560},{"@type":"BreadcrumbList","@id":"https:\/\/test.arctic.klean.it\/udflugter\/isgrotte\/#breadcrumb","itemListElement":[{"@type":"ListItem","position":1,"name":"Udflugter i Gr\u00f8nland","item":"https:\/\/test.arctic.klean.it\/da\/udflugter\/"},{"@type":"ListItem","position":2,"name":"Bes\u00f8g en isgrotte"}]},{"@type":"WebSite","@id":"https:\/\/test.arctic.klean.it\/#website","url":"https:\/\/test.arctic.klean.it\/","name":"Arctic Excursions","description":"New adventures. Every day.","potentialAction":[{"@type":"SearchAction","target":{"@type":"EntryPoint","urlTemplate":"https:\/\/test.arctic.klean.it\/?s={search_term_string}"},"query-input":{"@type":"PropertyValueSpecification","valueRequired":true,"valueName":"search_term_string"}}],"inLanguage":"da-DK"}]}},"_links":{"self":[{"href":"https:\/\/test.arctic.klean.it\/da\/wp-json\/wp\/v2\/product\/6347","targetHints":{"allow":["GET"]}}],"collection":[{"href":"https:\/\/test.arctic.klean.it\/da\/wp-json\/wp\/v2\/product"}],"about":[{"href":"https:\/\/test.arctic.klean.it\/da\/wp-json\/wp\/v2\/types\/product"}],"replies":[{"embeddable":true,"href":"https:\/\/test.arctic.klean.it\/da\/wp-json\/wp\/v2\/comments?post=6347"}],"wp:featuredmedia":[{"embeddable":true,"href":"https:\/\/test.arctic.klean.it\/da\/wp-json\/wp\/v2\/media\/6341"}],"wp:attachment":[{"href":"https:\/\/test.arctic.klean.it\/da\/wp-json\/wp\/v2\/media?parent=6347"}],"wp:term":[{"taxonomy":"product_brand","embeddable":true,"href":"https:\/\/test.arctic.klean.it\/da\/wp-json\/wp\/v2\/product_brand?post=6347"},{"taxonomy":"product_cat","embeddable":true,"href":"https:\/\/test.arctic.klean.it\/da\/wp-json\/wp\/v2\/product_cat?post=6347"},{"taxonomy":"product_tag","embeddable":true,"href":"https:\/\/test.arctic.klean.it\/da\/wp-json\/wp\/v2\/product_tag?post=6347"}],"curies":[{"name":"wp","href":"https:\/\/api.w.org\/{rel}","templated":true}]}}