{"id":6427,"date":"2022-12-16T12:20:01","date_gmt":"2022-12-16T10:20:01","guid":{"rendered":"https:\/\/test.arctic.klean.it\/?post_type=product&#038;p=6427"},"modified":"2023-10-10T11:08:17","modified_gmt":"2023-10-10T09:08:17","slug":"summer-adventure","status":"publish","type":"product","link":"https:\/\/test.arctic.klean.it\/da\/udflugter\/summer-adventure\/","title":{"rendered":"Sommereventyr"},"content":{"rendered":"<p>Dag 1: Ankomst til Kulusuk lufthavn, I k\u00f8res til Kulusuk Hotel. Kl. 14 kommer der en guide og m\u00f8der jer for at tage jer p\u00e5 en let hike til Kulusuk bygd og bes\u00f8g p\u00e5 det lokale museum . Kl. 18 er der aftensmad p\u00e5 hotellet.<\/p>\n<p>Dag 2: morgenmad p\u00e5 hotellet. Kl. 10 er der afgang til b\u00e5den der venter- ca. 20 min sejllads er vi ved gletsjeren, her bliver I introduceret til udstyr og sikkerhed, f\u00f8r end vi vandrer 20 min op til indgangen af isgrotten, en smuk 40 meter dyb grotte. Efter ca. 1 time i grotten vandrer vi tilbage til den ventende b\u00e5d.<br \/>\nI b\u00e5den er frokost gjort klar, og vi nyder den ved gletsjer fronten, derefter sejler vi hjem til Tasiilaq for at blive installeret p\u00e5 vores Hostel &#8211; aftensmaden serveres af en lokal kok.<\/p>\n<p>Dag 3: efter morgenmad kl. 9 m\u00f8des alle ved havnen &#8211; b\u00e5den ligger klar. Vi sejler ca 1.5 time til f\u00f8rste stop, Ikateq, en efterladt amerikansk base fra anden verdenskrig, hvor amerikanerne har efterladt gamle lastbiler &#8211; kraner og andet udstyr. Efter ca 1,5 time vender vi tilbage til b\u00e5den for at sejle op til Knud Rasmussen-gletsjeren, p\u00e5 god afstand af fronten g\u00e5r vi i land og spiser frokost, der er ca. 2 timer til at vandre og spise eller bare side og nyde stilheden, brudt af nogen store brag fra gletsjeren, fra is der falder af.<br \/>\nN\u00e5r klokken har rundet 15 er det tid til at sejle hjem. Ca. 2 timer senere er vi hjemme igen i Tasiilaq &#8211; til aftensmad fra den lokale kok.<\/p>\n<p>Dag 4: Efter morgenmad m\u00f8des vi ved b\u00e5den kl. 9. Efter ca. 1 time sejlads har vi f\u00f8rste stop, vi g\u00e5r i land for at se en gammel vinterboplads, da vi har kigget os omkring bopladsen, sejler vi til Tinit bygden med 70 indbyggere, lige p\u00e5 kanten af \u00d8stgr\u00f8nlands st\u00f8rste isfjord, frokosten bliver indtaget lige med udsigt til store isbjerge.<br \/>\nEfter ca 2 timer i bygden sejler vi ind i Isfjorden ud til det \u00e5bne Atlanterhav, vi passerer mange store isbjerge og m\u00e5ske lidt hvaler p\u00e5 vores vej hjem til Tasiilaq.<\/p>\n<p>Dag 5: I dag er en dag i Tasiilaq, der er tid at handle lidt og vi bes\u00f8ger museum og blomster dalen og bes\u00f8ger sl\u00e6dehunde. Dagen sluttes af med en dejlig middag fra vores lokale kok.<\/p>\n<p>Dag 6: Det er tid til at sige farvel efter 5 meget oplevelsesrige dage, vi sejler til kulusuk- hvor din bagage bliver k\u00f8rt til lufthavnen og du g\u00e5r op til lufthavnen, vi siger farvel ved b\u00e5den og siger tak for denne gang.<\/p>\n","protected":false},"excerpt":{"rendered":"<p>Det bedste fra \u00d8stgr\u00f8nland &#8211; St\u00f8rste by i \u00d8stgr\u00f8nland, Tasiilaq &#8211; Isgrotte &#8211; Store isbjerge &#8211; Gletsjer &#8211; Bes\u00f8g Bygd &#8211; Ikateq, amerikansk base &#8211; Kulusuk &#8211; Smag p\u00e5 lokale, friske r\u00e5varer <\/p>\n","protected":false},"featured_media":6412,"comment_status":"open","ping_status":"closed","template":"","meta":{"_acf_changed":false},"product_brand":[],"product_cat":[170],"product_tag":[],"class_list":{"0":"post-6427","1":"product","2":"type-product","3":"status-publish","4":"has-post-thumbnail","6":"product_cat-udflugt","7":"pa_dato-536","8":"pa_dato-542","9":"pa_dato-551","10":"pa_dato-558","11":"pa_dato-588","12":"pa_dato-593","13":"pa_dato-513","14":"pa_dato-599","15":"pa_dato-603","16":"pa_tidspunkt-314","17":"tour_location-tasiilaq-da","18":"tour_type-baadture","19":"tour_operator-arctic-dream","21":"first","22":"outofstock","23":"shipping-taxable","24":"product-type-variable"},"acf":[],"yoast_head":"<!-- This site is optimized with the Yoast SEO plugin v25.2 - https:\/\/yoast.com\/wordpress\/plugins\/seo\/ -->\n<title>Arctic Excursions<\/title>\n<meta name=\"robots\" content=\"index, follow, max-snippet:-1, max-image-preview:large, max-video-preview:-1\" \/>\n<link rel=\"canonical\" href=\"https:\/\/test.arctic.klean.it\/udflugter\/summer-adventure\/\" \/>\n<meta property=\"og:locale\" content=\"da_DK\" \/>\n<meta property=\"og:type\" content=\"article\" \/>\n<meta property=\"og:title\" content=\"Sommereventyr - Arctic Excursions\" \/>\n<meta property=\"og:description\" content=\"Det bedste fra \u00d8stgr\u00f8nland - St\u00f8rste by i \u00d8stgr\u00f8nland, Tasiilaq - Isgrotte - Store isbjerge - Gletsjer - Bes\u00f8g Bygd - Ikateq, amerikansk base - Kulusuk - Smag p\u00e5 lokale, friske r\u00e5varer\" \/>\n<meta property=\"og:url\" content=\"https:\/\/test.arctic.klean.it\/udflugter\/summer-adventure\/\" \/>\n<meta property=\"og:site_name\" content=\"Arctic Excursions\" \/>\n<meta property=\"article:modified_time\" content=\"2023-10-10T09:08:17+00:00\" \/>\n<meta property=\"og:image\" content=\"https:\/\/test.arctic.klean.it\/wp-content\/uploads\/2022\/12\/7T7A8149-2-scaled.jpg\" \/>\n\t<meta property=\"og:image:width\" content=\"2560\" \/>\n\t<meta property=\"og:image:height\" content=\"1707\" \/>\n\t<meta property=\"og:image:type\" content=\"image\/jpeg\" \/>\n<meta name=\"twitter:card\" content=\"summary_large_image\" \/>\n<meta name=\"twitter:label1\" content=\"Estimeret l\u00e6setid\" \/>\n\t<meta name=\"twitter:data1\" content=\"2 minutter\" \/>\n<script type=\"application\/ld+json\" class=\"yoast-schema-graph\">{\"@context\":\"https:\/\/schema.org\",\"@graph\":[{\"@type\":\"WebPage\",\"@id\":\"https:\/\/test.arctic.klean.it\/udflugter\/summer-adventure\/\",\"url\":\"https:\/\/test.arctic.klean.it\/udflugter\/summer-adventure\/\",\"name\":\"Sommereventyr - Arctic Excursions\",\"isPartOf\":{\"@id\":\"https:\/\/test.arctic.klean.it\/#website\"},\"primaryImageOfPage\":{\"@id\":\"https:\/\/test.arctic.klean.it\/udflugter\/summer-adventure\/#primaryimage\"},\"image\":{\"@id\":\"https:\/\/test.arctic.klean.it\/udflugter\/summer-adventure\/#primaryimage\"},\"thumbnailUrl\":\"https:\/\/test.arctic.klean.it\/wp-content\/uploads\/2022\/12\/7T7A8149-2-scaled.jpg\",\"datePublished\":\"2022-12-16T10:20:01+00:00\",\"dateModified\":\"2023-10-10T09:08:17+00:00\",\"breadcrumb\":{\"@id\":\"https:\/\/test.arctic.klean.it\/udflugter\/summer-adventure\/#breadcrumb\"},\"inLanguage\":\"da-DK\",\"potentialAction\":[{\"@type\":\"ReadAction\",\"target\":[\"https:\/\/test.arctic.klean.it\/udflugter\/summer-adventure\/\"]}]},{\"@type\":\"ImageObject\",\"inLanguage\":\"da-DK\",\"@id\":\"https:\/\/test.arctic.klean.it\/udflugter\/summer-adventure\/#primaryimage\",\"url\":\"https:\/\/test.arctic.klean.it\/wp-content\/uploads\/2022\/12\/7T7A8149-2-scaled.jpg\",\"contentUrl\":\"https:\/\/test.arctic.klean.it\/wp-content\/uploads\/2022\/12\/7T7A8149-2-scaled.jpg\",\"width\":2560,\"height\":1707},{\"@type\":\"BreadcrumbList\",\"@id\":\"https:\/\/test.arctic.klean.it\/udflugter\/summer-adventure\/#breadcrumb\",\"itemListElement\":[{\"@type\":\"ListItem\",\"position\":1,\"name\":\"Udflugter i Gr\u00f8nland\",\"item\":\"https:\/\/test.arctic.klean.it\/da\/udflugter\/\"},{\"@type\":\"ListItem\",\"position\":2,\"name\":\"Sommereventyr\"}]},{\"@type\":\"WebSite\",\"@id\":\"https:\/\/test.arctic.klean.it\/#website\",\"url\":\"https:\/\/test.arctic.klean.it\/\",\"name\":\"Arctic Excursions\",\"description\":\"New adventures. Every day.\",\"potentialAction\":[{\"@type\":\"SearchAction\",\"target\":{\"@type\":\"EntryPoint\",\"urlTemplate\":\"https:\/\/test.arctic.klean.it\/?s={search_term_string}\"},\"query-input\":{\"@type\":\"PropertyValueSpecification\",\"valueRequired\":true,\"valueName\":\"search_term_string\"}}],\"inLanguage\":\"da-DK\"}]}<\/script>\n<!-- \/ Yoast SEO plugin. -->","yoast_head_json":{"title":"Arctic Excursions","robots":{"index":"index","follow":"follow","max-snippet":"max-snippet:-1","max-image-preview":"max-image-preview:large","max-video-preview":"max-video-preview:-1"},"canonical":"https:\/\/test.arctic.klean.it\/udflugter\/summer-adventure\/","og_locale":"da_DK","og_type":"article","og_title":"Sommereventyr - Arctic Excursions","og_description":"Det bedste fra \u00d8stgr\u00f8nland - St\u00f8rste by i \u00d8stgr\u00f8nland, Tasiilaq - Isgrotte - Store isbjerge - Gletsjer - Bes\u00f8g Bygd - Ikateq, amerikansk base - Kulusuk - Smag p\u00e5 lokale, friske r\u00e5varer","og_url":"https:\/\/test.arctic.klean.it\/udflugter\/summer-adventure\/","og_site_name":"Arctic Excursions","article_modified_time":"2023-10-10T09:08:17+00:00","og_image":[{"width":2560,"height":1707,"url":"https:\/\/test.arctic.klean.it\/wp-content\/uploads\/2022\/12\/7T7A8149-2-scaled.jpg","type":"image\/jpeg"}],"twitter_card":"summary_large_image","twitter_misc":{"Estimeret l\u00e6setid":"2 minutter"},"schema":{"@context":"https:\/\/schema.org","@graph":[{"@type":"WebPage","@id":"https:\/\/test.arctic.klean.it\/udflugter\/summer-adventure\/","url":"https:\/\/test.arctic.klean.it\/udflugter\/summer-adventure\/","name":"Sommereventyr - Arctic Excursions","isPartOf":{"@id":"https:\/\/test.arctic.klean.it\/#website"},"primaryImageOfPage":{"@id":"https:\/\/test.arctic.klean.it\/udflugter\/summer-adventure\/#primaryimage"},"image":{"@id":"https:\/\/test.arctic.klean.it\/udflugter\/summer-adventure\/#primaryimage"},"thumbnailUrl":"https:\/\/test.arctic.klean.it\/wp-content\/uploads\/2022\/12\/7T7A8149-2-scaled.jpg","datePublished":"2022-12-16T10:20:01+00:00","dateModified":"2023-10-10T09:08:17+00:00","breadcrumb":{"@id":"https:\/\/test.arctic.klean.it\/udflugter\/summer-adventure\/#breadcrumb"},"inLanguage":"da-DK","potentialAction":[{"@type":"ReadAction","target":["https:\/\/test.arctic.klean.it\/udflugter\/summer-adventure\/"]}]},{"@type":"ImageObject","inLanguage":"da-DK","@id":"https:\/\/test.arctic.klean.it\/udflugter\/summer-adventure\/#primaryimage","url":"https:\/\/test.arctic.klean.it\/wp-content\/uploads\/2022\/12\/7T7A8149-2-scaled.jpg","contentUrl":"https:\/\/test.arctic.klean.it\/wp-content\/uploads\/2022\/12\/7T7A8149-2-scaled.jpg","width":2560,"height":1707},{"@type":"BreadcrumbList","@id":"https:\/\/test.arctic.klean.it\/udflugter\/summer-adventure\/#breadcrumb","itemListElement":[{"@type":"ListItem","position":1,"name":"Udflugter i Gr\u00f8nland","item":"https:\/\/test.arctic.klean.it\/da\/udflugter\/"},{"@type":"ListItem","position":2,"name":"Sommereventyr"}]},{"@type":"WebSite","@id":"https:\/\/test.arctic.klean.it\/#website","url":"https:\/\/test.arctic.klean.it\/","name":"Arctic Excursions","description":"New adventures. Every day.","potentialAction":[{"@type":"SearchAction","target":{"@type":"EntryPoint","urlTemplate":"https:\/\/test.arctic.klean.it\/?s={search_term_string}"},"query-input":{"@type":"PropertyValueSpecification","valueRequired":true,"valueName":"search_term_string"}}],"inLanguage":"da-DK"}]}},"_links":{"self":[{"href":"https:\/\/test.arctic.klean.it\/da\/wp-json\/wp\/v2\/product\/6427","targetHints":{"allow":["GET"]}}],"collection":[{"href":"https:\/\/test.arctic.klean.it\/da\/wp-json\/wp\/v2\/product"}],"about":[{"href":"https:\/\/test.arctic.klean.it\/da\/wp-json\/wp\/v2\/types\/product"}],"replies":[{"embeddable":true,"href":"https:\/\/test.arctic.klean.it\/da\/wp-json\/wp\/v2\/comments?post=6427"}],"wp:featuredmedia":[{"embeddable":true,"href":"https:\/\/test.arctic.klean.it\/da\/wp-json\/wp\/v2\/media\/6412"}],"wp:attachment":[{"href":"https:\/\/test.arctic.klean.it\/da\/wp-json\/wp\/v2\/media?parent=6427"}],"wp:term":[{"taxonomy":"product_brand","embeddable":true,"href":"https:\/\/test.arctic.klean.it\/da\/wp-json\/wp\/v2\/product_brand?post=6427"},{"taxonomy":"product_cat","embeddable":true,"href":"https:\/\/test.arctic.klean.it\/da\/wp-json\/wp\/v2\/product_cat?post=6427"},{"taxonomy":"product_tag","embeddable":true,"href":"https:\/\/test.arctic.klean.it\/da\/wp-json\/wp\/v2\/product_tag?post=6427"}],"curies":[{"name":"wp","href":"https:\/\/api.w.org\/{rel}","templated":true}]}}