{"id":6432,"date":"2022-12-15T16:15:42","date_gmt":"2022-12-15T14:15:42","guid":{"rendered":"https:\/\/test.arctic.klean.it\/?post_type=product&#038;p=6432"},"modified":"2023-08-15T10:45:31","modified_gmt":"2023-08-15T08:45:31","slug":"rappeling-tur-ved-roede-elv","status":"publish","type":"product","link":"https:\/\/test.arctic.klean.it\/da\/udflugter\/rappeling-tur-ved-roede-elv\/","title":{"rendered":"Rapelling ved R\u00f8de Elv"},"content":{"rendered":"<p>Kom med p\u00e5 vores rapelling-tur ned fra R\u00f8de Elv<\/p>\n<p>Denne tur er skabt til dig, som gerne vil have lidt mere sp\u00e6nding og eventyr p\u00e5 din rejse. <\/p>\n<p><b>Varighed:<\/b> 2-3 timer<br \/>\n<b>Inkluderet:<\/b> Hjelm<br \/>\n<b>Anbefalet p\u00e5kl\u00e6dning:<\/b> Outdoor t\u00f8j<\/p>\n","protected":false},"excerpt":{"rendered":"<p>Oplev rapelling fra den R\u00f8de Elv<\/p>\n","protected":false},"featured_media":6399,"comment_status":"open","ping_status":"closed","template":"","meta":{"_acf_changed":false},"product_brand":[],"product_cat":[101,170],"product_tag":[],"class_list":{"0":"post-6432","1":"product","2":"type-product","3":"status-publish","4":"has-post-thumbnail","6":"product_cat-tour","7":"product_cat-udflugt","8":"pa_dato-401","9":"pa_dato-569","10":"pa_dato-402","11":"pa_dato-677","12":"pa_dato-439","13":"pa_dato-664","14":"pa_dato-665","15":"pa_tidspunkt-72","16":"pa_tidspunkt-40","17":"pa_tidspunkt-314","18":"tour_location-qeqertarsuaq-da","19":"tour_type-vandreture","20":"tour_operator-qeqertarsuaq-tours","22":"first","23":"outofstock","24":"shipping-taxable","25":"product-type-variable"},"acf":[],"yoast_head":"<!-- This site is optimized with the Yoast SEO plugin v25.2 - https:\/\/yoast.com\/wordpress\/plugins\/seo\/ -->\n<title>Arctic Excursions<\/title>\n<meta name=\"robots\" content=\"index, follow, max-snippet:-1, max-image-preview:large, max-video-preview:-1\" \/>\n<link rel=\"canonical\" href=\"https:\/\/test.arctic.klean.it\/udflugter\/rappeling-tur-ved-roede-elv\/\" \/>\n<meta property=\"og:locale\" content=\"da_DK\" \/>\n<meta property=\"og:type\" content=\"article\" \/>\n<meta property=\"og:title\" content=\"Rapelling ved R\u00f8de Elv - Arctic Excursions\" \/>\n<meta property=\"og:description\" content=\"Oplev rapelling fra den R\u00f8de Elv\" \/>\n<meta property=\"og:url\" content=\"https:\/\/test.arctic.klean.it\/udflugter\/rappeling-tur-ved-roede-elv\/\" \/>\n<meta property=\"og:site_name\" content=\"Arctic Excursions\" \/>\n<meta property=\"article:modified_time\" content=\"2023-08-15T08:45:31+00:00\" \/>\n<meta property=\"og:image\" content=\"https:\/\/test.arctic.klean.it\/wp-content\/uploads\/2022\/12\/received_804245414136235.jpeg\" \/>\n\t<meta property=\"og:image:width\" content=\"1536\" \/>\n\t<meta property=\"og:image:height\" content=\"2048\" \/>\n\t<meta property=\"og:image:type\" content=\"image\/jpeg\" \/>\n<meta name=\"twitter:card\" content=\"summary_large_image\" \/>\n<script type=\"application\/ld+json\" class=\"yoast-schema-graph\">{\"@context\":\"https:\/\/schema.org\",\"@graph\":[{\"@type\":\"WebPage\",\"@id\":\"https:\/\/test.arctic.klean.it\/udflugter\/rappeling-tur-ved-roede-elv\/\",\"url\":\"https:\/\/test.arctic.klean.it\/udflugter\/rappeling-tur-ved-roede-elv\/\",\"name\":\"Rapelling ved R\u00f8de Elv - Arctic Excursions\",\"isPartOf\":{\"@id\":\"https:\/\/test.arctic.klean.it\/#website\"},\"primaryImageOfPage\":{\"@id\":\"https:\/\/test.arctic.klean.it\/udflugter\/rappeling-tur-ved-roede-elv\/#primaryimage\"},\"image\":{\"@id\":\"https:\/\/test.arctic.klean.it\/udflugter\/rappeling-tur-ved-roede-elv\/#primaryimage\"},\"thumbnailUrl\":\"https:\/\/test.arctic.klean.it\/wp-content\/uploads\/2022\/12\/received_804245414136235.jpeg\",\"datePublished\":\"2022-12-15T14:15:42+00:00\",\"dateModified\":\"2023-08-15T08:45:31+00:00\",\"breadcrumb\":{\"@id\":\"https:\/\/test.arctic.klean.it\/udflugter\/rappeling-tur-ved-roede-elv\/#breadcrumb\"},\"inLanguage\":\"da-DK\",\"potentialAction\":[{\"@type\":\"ReadAction\",\"target\":[\"https:\/\/test.arctic.klean.it\/udflugter\/rappeling-tur-ved-roede-elv\/\"]}]},{\"@type\":\"ImageObject\",\"inLanguage\":\"da-DK\",\"@id\":\"https:\/\/test.arctic.klean.it\/udflugter\/rappeling-tur-ved-roede-elv\/#primaryimage\",\"url\":\"https:\/\/test.arctic.klean.it\/wp-content\/uploads\/2022\/12\/received_804245414136235.jpeg\",\"contentUrl\":\"https:\/\/test.arctic.klean.it\/wp-content\/uploads\/2022\/12\/received_804245414136235.jpeg\",\"width\":1536,\"height\":2048},{\"@type\":\"BreadcrumbList\",\"@id\":\"https:\/\/test.arctic.klean.it\/udflugter\/rappeling-tur-ved-roede-elv\/#breadcrumb\",\"itemListElement\":[{\"@type\":\"ListItem\",\"position\":1,\"name\":\"Udflugter i Gr\u00f8nland\",\"item\":\"https:\/\/test.arctic.klean.it\/da\/udflugter\/\"},{\"@type\":\"ListItem\",\"position\":2,\"name\":\"Rapelling ved R\u00f8de Elv\"}]},{\"@type\":\"WebSite\",\"@id\":\"https:\/\/test.arctic.klean.it\/#website\",\"url\":\"https:\/\/test.arctic.klean.it\/\",\"name\":\"Arctic Excursions\",\"description\":\"New adventures. Every day.\",\"potentialAction\":[{\"@type\":\"SearchAction\",\"target\":{\"@type\":\"EntryPoint\",\"urlTemplate\":\"https:\/\/test.arctic.klean.it\/?s={search_term_string}\"},\"query-input\":{\"@type\":\"PropertyValueSpecification\",\"valueRequired\":true,\"valueName\":\"search_term_string\"}}],\"inLanguage\":\"da-DK\"}]}<\/script>\n<!-- \/ Yoast SEO plugin. -->","yoast_head_json":{"title":"Arctic Excursions","robots":{"index":"index","follow":"follow","max-snippet":"max-snippet:-1","max-image-preview":"max-image-preview:large","max-video-preview":"max-video-preview:-1"},"canonical":"https:\/\/test.arctic.klean.it\/udflugter\/rappeling-tur-ved-roede-elv\/","og_locale":"da_DK","og_type":"article","og_title":"Rapelling ved R\u00f8de Elv - Arctic Excursions","og_description":"Oplev rapelling fra den R\u00f8de Elv","og_url":"https:\/\/test.arctic.klean.it\/udflugter\/rappeling-tur-ved-roede-elv\/","og_site_name":"Arctic Excursions","article_modified_time":"2023-08-15T08:45:31+00:00","og_image":[{"width":1536,"height":2048,"url":"https:\/\/test.arctic.klean.it\/wp-content\/uploads\/2022\/12\/received_804245414136235.jpeg","type":"image\/jpeg"}],"twitter_card":"summary_large_image","schema":{"@context":"https:\/\/schema.org","@graph":[{"@type":"WebPage","@id":"https:\/\/test.arctic.klean.it\/udflugter\/rappeling-tur-ved-roede-elv\/","url":"https:\/\/test.arctic.klean.it\/udflugter\/rappeling-tur-ved-roede-elv\/","name":"Rapelling ved R\u00f8de Elv - Arctic Excursions","isPartOf":{"@id":"https:\/\/test.arctic.klean.it\/#website"},"primaryImageOfPage":{"@id":"https:\/\/test.arctic.klean.it\/udflugter\/rappeling-tur-ved-roede-elv\/#primaryimage"},"image":{"@id":"https:\/\/test.arctic.klean.it\/udflugter\/rappeling-tur-ved-roede-elv\/#primaryimage"},"thumbnailUrl":"https:\/\/test.arctic.klean.it\/wp-content\/uploads\/2022\/12\/received_804245414136235.jpeg","datePublished":"2022-12-15T14:15:42+00:00","dateModified":"2023-08-15T08:45:31+00:00","breadcrumb":{"@id":"https:\/\/test.arctic.klean.it\/udflugter\/rappeling-tur-ved-roede-elv\/#breadcrumb"},"inLanguage":"da-DK","potentialAction":[{"@type":"ReadAction","target":["https:\/\/test.arctic.klean.it\/udflugter\/rappeling-tur-ved-roede-elv\/"]}]},{"@type":"ImageObject","inLanguage":"da-DK","@id":"https:\/\/test.arctic.klean.it\/udflugter\/rappeling-tur-ved-roede-elv\/#primaryimage","url":"https:\/\/test.arctic.klean.it\/wp-content\/uploads\/2022\/12\/received_804245414136235.jpeg","contentUrl":"https:\/\/test.arctic.klean.it\/wp-content\/uploads\/2022\/12\/received_804245414136235.jpeg","width":1536,"height":2048},{"@type":"BreadcrumbList","@id":"https:\/\/test.arctic.klean.it\/udflugter\/rappeling-tur-ved-roede-elv\/#breadcrumb","itemListElement":[{"@type":"ListItem","position":1,"name":"Udflugter i Gr\u00f8nland","item":"https:\/\/test.arctic.klean.it\/da\/udflugter\/"},{"@type":"ListItem","position":2,"name":"Rapelling ved R\u00f8de Elv"}]},{"@type":"WebSite","@id":"https:\/\/test.arctic.klean.it\/#website","url":"https:\/\/test.arctic.klean.it\/","name":"Arctic Excursions","description":"New adventures. Every day.","potentialAction":[{"@type":"SearchAction","target":{"@type":"EntryPoint","urlTemplate":"https:\/\/test.arctic.klean.it\/?s={search_term_string}"},"query-input":{"@type":"PropertyValueSpecification","valueRequired":true,"valueName":"search_term_string"}}],"inLanguage":"da-DK"}]}},"_links":{"self":[{"href":"https:\/\/test.arctic.klean.it\/da\/wp-json\/wp\/v2\/product\/6432","targetHints":{"allow":["GET"]}}],"collection":[{"href":"https:\/\/test.arctic.klean.it\/da\/wp-json\/wp\/v2\/product"}],"about":[{"href":"https:\/\/test.arctic.klean.it\/da\/wp-json\/wp\/v2\/types\/product"}],"replies":[{"embeddable":true,"href":"https:\/\/test.arctic.klean.it\/da\/wp-json\/wp\/v2\/comments?post=6432"}],"wp:featuredmedia":[{"embeddable":true,"href":"https:\/\/test.arctic.klean.it\/da\/wp-json\/wp\/v2\/media\/6399"}],"wp:attachment":[{"href":"https:\/\/test.arctic.klean.it\/da\/wp-json\/wp\/v2\/media?parent=6432"}],"wp:term":[{"taxonomy":"product_brand","embeddable":true,"href":"https:\/\/test.arctic.klean.it\/da\/wp-json\/wp\/v2\/product_brand?post=6432"},{"taxonomy":"product_cat","embeddable":true,"href":"https:\/\/test.arctic.klean.it\/da\/wp-json\/wp\/v2\/product_cat?post=6432"},{"taxonomy":"product_tag","embeddable":true,"href":"https:\/\/test.arctic.klean.it\/da\/wp-json\/wp\/v2\/product_tag?post=6432"}],"curies":[{"name":"wp","href":"https:\/\/api.w.org\/{rel}","templated":true}]}}