{"id":6438,"date":"2022-12-15T18:38:54","date_gmt":"2022-12-15T16:38:54","guid":{"rendered":"https:\/\/test.arctic.klean.it\/?post_type=product&#038;p=6438"},"modified":"2023-02-15T14:02:58","modified_gmt":"2023-02-15T12:02:58","slug":"utv-snescooter-tur-til-de-2-vinglas","status":"publish","type":"product","link":"https:\/\/test.arctic.klean.it\/da\/udflugter\/utv-snescooter-tur-til-de-2-vinglas\/","title":{"rendered":"UTV\/Snescooter-tur til De To Vinglas"},"content":{"rendered":"<p>UTV eller snescooter-tur p\u00e5 3 timer til et vidunderligt, gemt sted i baglandet af Qeqertarsuaq.<\/p>\n","protected":false},"excerpt":{"rendered":"<p>Kom med os ud p\u00e5 UTV eller snescooter til et sted, hvor isen er formet som to gigantiske, omvendte vinglas.<\/p>\n<p>Vi tager en snescooter, hvis der er flere end 2 g\u00e6ster, som skal med p\u00e5 turen.<\/p>\n<p><b>Varighed:<\/b> 3 timer<br \/>\n<b>Inkluderet:<\/b> Hjelm<br \/>\n<b>Anbefalet:<\/b> Varmt t\u00f8j<\/p>\n","protected":false},"featured_media":6407,"comment_status":"open","ping_status":"closed","template":"","meta":{"_acf_changed":false},"product_brand":[],"product_cat":[101,170],"product_tag":[],"class_list":{"0":"post-6438","1":"product","2":"type-product","3":"status-publish","4":"has-post-thumbnail","6":"product_cat-tour","7":"product_cat-udflugt","8":"pa_dato-361","9":"pa_dato-337","10":"pa_tidspunkt-72","11":"pa_tidspunkt-40","12":"tour_location-qeqertarsuaq-da","13":"tour_type-snescooter","14":"tour_operator-qeqertarsuaq-tours","16":"first","17":"outofstock","18":"shipping-taxable","19":"product-type-variable"},"acf":[],"yoast_head":"<!-- This site is optimized with the Yoast SEO plugin v25.2 - https:\/\/yoast.com\/wordpress\/plugins\/seo\/ -->\n<title>Arctic Excursions<\/title>\n<meta name=\"robots\" content=\"index, follow, max-snippet:-1, max-image-preview:large, max-video-preview:-1\" \/>\n<link rel=\"canonical\" href=\"https:\/\/test.arctic.klean.it\/udflugter\/utv-snescooter-tur-til-de-2-vinglas\/\" \/>\n<meta property=\"og:locale\" content=\"da_DK\" \/>\n<meta property=\"og:type\" content=\"article\" \/>\n<meta property=\"og:title\" content=\"UTV\/Snescooter-tur til De To Vinglas - Arctic Excursions\" \/>\n<meta property=\"og:description\" content=\"Kom med os ud p\u00e5 UTV eller snescooter til et sted, hvor isen er formet som to gigantiske, omvendte vinglas.  Vi tager en snescooter, hvis der er flere end 2 g\u00e6ster, som skal med p\u00e5 turen.  Varighed: 3 timer  Inkluderet: Hjelm Anbefalet: Varmt t\u00f8j\" \/>\n<meta property=\"og:url\" content=\"https:\/\/test.arctic.klean.it\/udflugter\/utv-snescooter-tur-til-de-2-vinglas\/\" \/>\n<meta property=\"og:site_name\" content=\"Arctic Excursions\" \/>\n<meta property=\"article:modified_time\" content=\"2023-02-15T12:02:58+00:00\" \/>\n<meta property=\"og:image\" content=\"https:\/\/test.arctic.klean.it\/wp-content\/uploads\/2022\/12\/20220315_100655-scaled.jpg\" \/>\n\t<meta property=\"og:image:width\" content=\"1920\" \/>\n\t<meta property=\"og:image:height\" content=\"2560\" \/>\n\t<meta property=\"og:image:type\" content=\"image\/jpeg\" \/>\n<meta name=\"twitter:card\" content=\"summary_large_image\" \/>\n<script type=\"application\/ld+json\" class=\"yoast-schema-graph\">{\"@context\":\"https:\/\/schema.org\",\"@graph\":[{\"@type\":\"WebPage\",\"@id\":\"https:\/\/test.arctic.klean.it\/udflugter\/utv-snescooter-tur-til-de-2-vinglas\/\",\"url\":\"https:\/\/test.arctic.klean.it\/udflugter\/utv-snescooter-tur-til-de-2-vinglas\/\",\"name\":\"UTV\/Snescooter-tur til De To Vinglas - Arctic Excursions\",\"isPartOf\":{\"@id\":\"https:\/\/test.arctic.klean.it\/#website\"},\"primaryImageOfPage\":{\"@id\":\"https:\/\/test.arctic.klean.it\/udflugter\/utv-snescooter-tur-til-de-2-vinglas\/#primaryimage\"},\"image\":{\"@id\":\"https:\/\/test.arctic.klean.it\/udflugter\/utv-snescooter-tur-til-de-2-vinglas\/#primaryimage\"},\"thumbnailUrl\":\"https:\/\/test.arctic.klean.it\/wp-content\/uploads\/2022\/12\/20220315_100655-scaled.jpg\",\"datePublished\":\"2022-12-15T16:38:54+00:00\",\"dateModified\":\"2023-02-15T12:02:58+00:00\",\"breadcrumb\":{\"@id\":\"https:\/\/test.arctic.klean.it\/udflugter\/utv-snescooter-tur-til-de-2-vinglas\/#breadcrumb\"},\"inLanguage\":\"da-DK\",\"potentialAction\":[{\"@type\":\"ReadAction\",\"target\":[\"https:\/\/test.arctic.klean.it\/udflugter\/utv-snescooter-tur-til-de-2-vinglas\/\"]}]},{\"@type\":\"ImageObject\",\"inLanguage\":\"da-DK\",\"@id\":\"https:\/\/test.arctic.klean.it\/udflugter\/utv-snescooter-tur-til-de-2-vinglas\/#primaryimage\",\"url\":\"https:\/\/test.arctic.klean.it\/wp-content\/uploads\/2022\/12\/20220315_100655-scaled.jpg\",\"contentUrl\":\"https:\/\/test.arctic.klean.it\/wp-content\/uploads\/2022\/12\/20220315_100655-scaled.jpg\",\"width\":1920,\"height\":2560},{\"@type\":\"BreadcrumbList\",\"@id\":\"https:\/\/test.arctic.klean.it\/udflugter\/utv-snescooter-tur-til-de-2-vinglas\/#breadcrumb\",\"itemListElement\":[{\"@type\":\"ListItem\",\"position\":1,\"name\":\"Udflugter i Gr\u00f8nland\",\"item\":\"https:\/\/test.arctic.klean.it\/da\/udflugter\/\"},{\"@type\":\"ListItem\",\"position\":2,\"name\":\"UTV\/Snescooter-tur til De To Vinglas\"}]},{\"@type\":\"WebSite\",\"@id\":\"https:\/\/test.arctic.klean.it\/#website\",\"url\":\"https:\/\/test.arctic.klean.it\/\",\"name\":\"Arctic Excursions\",\"description\":\"New adventures. Every day.\",\"potentialAction\":[{\"@type\":\"SearchAction\",\"target\":{\"@type\":\"EntryPoint\",\"urlTemplate\":\"https:\/\/test.arctic.klean.it\/?s={search_term_string}\"},\"query-input\":{\"@type\":\"PropertyValueSpecification\",\"valueRequired\":true,\"valueName\":\"search_term_string\"}}],\"inLanguage\":\"da-DK\"}]}<\/script>\n<!-- \/ Yoast SEO plugin. -->","yoast_head_json":{"title":"Arctic Excursions","robots":{"index":"index","follow":"follow","max-snippet":"max-snippet:-1","max-image-preview":"max-image-preview:large","max-video-preview":"max-video-preview:-1"},"canonical":"https:\/\/test.arctic.klean.it\/udflugter\/utv-snescooter-tur-til-de-2-vinglas\/","og_locale":"da_DK","og_type":"article","og_title":"UTV\/Snescooter-tur til De To Vinglas - Arctic Excursions","og_description":"Kom med os ud p\u00e5 UTV eller snescooter til et sted, hvor isen er formet som to gigantiske, omvendte vinglas.  Vi tager en snescooter, hvis der er flere end 2 g\u00e6ster, som skal med p\u00e5 turen.  Varighed: 3 timer  Inkluderet: Hjelm Anbefalet: Varmt t\u00f8j","og_url":"https:\/\/test.arctic.klean.it\/udflugter\/utv-snescooter-tur-til-de-2-vinglas\/","og_site_name":"Arctic Excursions","article_modified_time":"2023-02-15T12:02:58+00:00","og_image":[{"width":1920,"height":2560,"url":"https:\/\/test.arctic.klean.it\/wp-content\/uploads\/2022\/12\/20220315_100655-scaled.jpg","type":"image\/jpeg"}],"twitter_card":"summary_large_image","schema":{"@context":"https:\/\/schema.org","@graph":[{"@type":"WebPage","@id":"https:\/\/test.arctic.klean.it\/udflugter\/utv-snescooter-tur-til-de-2-vinglas\/","url":"https:\/\/test.arctic.klean.it\/udflugter\/utv-snescooter-tur-til-de-2-vinglas\/","name":"UTV\/Snescooter-tur til De To Vinglas - Arctic Excursions","isPartOf":{"@id":"https:\/\/test.arctic.klean.it\/#website"},"primaryImageOfPage":{"@id":"https:\/\/test.arctic.klean.it\/udflugter\/utv-snescooter-tur-til-de-2-vinglas\/#primaryimage"},"image":{"@id":"https:\/\/test.arctic.klean.it\/udflugter\/utv-snescooter-tur-til-de-2-vinglas\/#primaryimage"},"thumbnailUrl":"https:\/\/test.arctic.klean.it\/wp-content\/uploads\/2022\/12\/20220315_100655-scaled.jpg","datePublished":"2022-12-15T16:38:54+00:00","dateModified":"2023-02-15T12:02:58+00:00","breadcrumb":{"@id":"https:\/\/test.arctic.klean.it\/udflugter\/utv-snescooter-tur-til-de-2-vinglas\/#breadcrumb"},"inLanguage":"da-DK","potentialAction":[{"@type":"ReadAction","target":["https:\/\/test.arctic.klean.it\/udflugter\/utv-snescooter-tur-til-de-2-vinglas\/"]}]},{"@type":"ImageObject","inLanguage":"da-DK","@id":"https:\/\/test.arctic.klean.it\/udflugter\/utv-snescooter-tur-til-de-2-vinglas\/#primaryimage","url":"https:\/\/test.arctic.klean.it\/wp-content\/uploads\/2022\/12\/20220315_100655-scaled.jpg","contentUrl":"https:\/\/test.arctic.klean.it\/wp-content\/uploads\/2022\/12\/20220315_100655-scaled.jpg","width":1920,"height":2560},{"@type":"BreadcrumbList","@id":"https:\/\/test.arctic.klean.it\/udflugter\/utv-snescooter-tur-til-de-2-vinglas\/#breadcrumb","itemListElement":[{"@type":"ListItem","position":1,"name":"Udflugter i Gr\u00f8nland","item":"https:\/\/test.arctic.klean.it\/da\/udflugter\/"},{"@type":"ListItem","position":2,"name":"UTV\/Snescooter-tur til De To Vinglas"}]},{"@type":"WebSite","@id":"https:\/\/test.arctic.klean.it\/#website","url":"https:\/\/test.arctic.klean.it\/","name":"Arctic Excursions","description":"New adventures. Every day.","potentialAction":[{"@type":"SearchAction","target":{"@type":"EntryPoint","urlTemplate":"https:\/\/test.arctic.klean.it\/?s={search_term_string}"},"query-input":{"@type":"PropertyValueSpecification","valueRequired":true,"valueName":"search_term_string"}}],"inLanguage":"da-DK"}]}},"_links":{"self":[{"href":"https:\/\/test.arctic.klean.it\/da\/wp-json\/wp\/v2\/product\/6438","targetHints":{"allow":["GET"]}}],"collection":[{"href":"https:\/\/test.arctic.klean.it\/da\/wp-json\/wp\/v2\/product"}],"about":[{"href":"https:\/\/test.arctic.klean.it\/da\/wp-json\/wp\/v2\/types\/product"}],"replies":[{"embeddable":true,"href":"https:\/\/test.arctic.klean.it\/da\/wp-json\/wp\/v2\/comments?post=6438"}],"wp:featuredmedia":[{"embeddable":true,"href":"https:\/\/test.arctic.klean.it\/da\/wp-json\/wp\/v2\/media\/6407"}],"wp:attachment":[{"href":"https:\/\/test.arctic.klean.it\/da\/wp-json\/wp\/v2\/media?parent=6438"}],"wp:term":[{"taxonomy":"product_brand","embeddable":true,"href":"https:\/\/test.arctic.klean.it\/da\/wp-json\/wp\/v2\/product_brand?post=6438"},{"taxonomy":"product_cat","embeddable":true,"href":"https:\/\/test.arctic.klean.it\/da\/wp-json\/wp\/v2\/product_cat?post=6438"},{"taxonomy":"product_tag","embeddable":true,"href":"https:\/\/test.arctic.klean.it\/da\/wp-json\/wp\/v2\/product_tag?post=6438"}],"curies":[{"name":"wp","href":"https:\/\/api.w.org\/{rel}","templated":true}]}}