{"id":6441,"date":"2022-12-16T11:15:56","date_gmt":"2022-12-16T09:15:56","guid":{"rendered":"https:\/\/test.arctic.klean.it\/?post_type=product&#038;p=6441"},"modified":"2023-08-23T14:18:45","modified_gmt":"2023-08-23T12:18:45","slug":"boat-daytour-knut-rasmussen-glacier-ikateq-base","status":"publish","type":"product","link":"https:\/\/test.arctic.klean.it\/da\/udflugter\/boat-daytour-knut-rasmussen-glacier-ikateq-base\/","title":{"rendered":"Dagstur med b\u00e5d til Knud Rasmussen-Gletsjeren og Ikateq-basen"},"content":{"rendered":"<p>Turen starter i Tasiilaq havn.<br \/>\nVi sejler ad den smukke Ammassalik Fjord, hvor vi kommer til at se smalle og stejle bjergtoppe.<br \/>\nVi sejler ca. en time, inden vi m\u00f8der disse smukke omgivelser i Ammassalik Fjord.<br \/>\nVores f\u00f8rste stop er ved Ikateq for at udforske resterne af Anden Verdenskrig. Det var nemlig her, USA drev en flyveplads fra 1942 til 1947, og form\u00e5let var at have transatlantisk lufttrafik. Man kan stadig se de efterladte rustne br\u00e6ndstoft\u00f8nder og gamle k\u00f8ret\u00f8jer. <\/p>\n<p>S\u00e5 sejler vi videre mod nord\u00f8st og ankommer til Sermiligaaq Fjord, som betyder &#8220;den smukke gletsjerfjord&#8221; p\u00e5 gr\u00f8nlandsk. Du vil blive forbl\u00f8ffet over de takkede bjergtoppe og det betagende landskab.<br \/>\nVi sejler ogs\u00e5 forbi den k\u00e6vlende gletsjer, som hedder Karale-gletsjeren, og til venstre har man Knud Rasmussen-gletsjeren lige forude. Skipperen sejler s\u00e5 t\u00e6t p\u00e5 som muligt til Knud Rasmussen-gletsjeren, og derefter g\u00e5r vi i land for at nyde vores frokost. Der vil v\u00e6re tid til at udforske p\u00e5 egen h\u00e5nd, og derefter g\u00e5r vi om bord p\u00e5 b\u00e5den og sejler tilbage til Tasiilaq.<\/p>\n","protected":false},"excerpt":{"rendered":"<p>Dagstur p\u00e5 en b\u00e5d med guide og frokost &#8211; Gletsjer med fantastisk bl\u00e5 is og et bes\u00f8g til Ikateq-basen<\/p>\n","protected":false},"featured_media":6308,"comment_status":"open","ping_status":"closed","template":"","meta":{"_acf_changed":false},"product_brand":[],"product_cat":[101,170],"product_tag":[],"class_list":{"0":"post-6441","1":"product","2":"type-product","3":"status-publish","4":"has-post-thumbnail","6":"product_cat-tour","7":"product_cat-udflugt","8":"pa_dato-538","9":"pa_dato-465","10":"pa_dato-553","11":"pa_dato-522","12":"pa_dato-590","13":"pa_dato-595","14":"pa_dato-512","15":"pa_tidspunkt-72","16":"pa_tidspunkt-40","17":"tour_location-tasiilaq-da","18":"tour_type-baadture","19":"tour_operator-arctic-dream","21":"first","22":"outofstock","23":"shipping-taxable","24":"product-type-variable"},"acf":[],"yoast_head":"<!-- This site is optimized with the Yoast SEO plugin v25.2 - https:\/\/yoast.com\/wordpress\/plugins\/seo\/ -->\n<title>Arctic Excursions<\/title>\n<meta name=\"robots\" content=\"index, follow, max-snippet:-1, max-image-preview:large, max-video-preview:-1\" \/>\n<link rel=\"canonical\" href=\"https:\/\/test.arctic.klean.it\/udflugter\/dagstur-med-bad-til-knut-rasmussen-gletsjeren-og-ikateq-basen\/\" \/>\n<meta property=\"og:locale\" content=\"da_DK\" \/>\n<meta property=\"og:type\" content=\"article\" \/>\n<meta property=\"og:title\" content=\"Dagstur med b\u00e5d til Knud Rasmussen-Gletsjeren og Ikateq-basen - Arctic Excursions\" \/>\n<meta property=\"og:description\" content=\"Dagstur p\u00e5 en b\u00e5d med guide og frokost - Gletsjer med fantastisk bl\u00e5 is og et bes\u00f8g til Ikateq-basen\" \/>\n<meta property=\"og:url\" content=\"https:\/\/test.arctic.klean.it\/udflugter\/dagstur-med-bad-til-knut-rasmussen-gletsjeren-og-ikateq-basen\/\" \/>\n<meta property=\"og:site_name\" content=\"Arctic Excursions\" \/>\n<meta property=\"article:modified_time\" content=\"2023-08-23T12:18:45+00:00\" \/>\n<meta property=\"og:image\" content=\"https:\/\/test.arctic.klean.it\/wp-content\/uploads\/2022\/12\/IMG_20170906_102019-scaled.jpg\" \/>\n\t<meta property=\"og:image:width\" content=\"2560\" \/>\n\t<meta property=\"og:image:height\" content=\"1920\" \/>\n\t<meta property=\"og:image:type\" content=\"image\/jpeg\" \/>\n<meta name=\"twitter:card\" content=\"summary_large_image\" \/>\n<meta name=\"twitter:label1\" content=\"Estimeret l\u00e6setid\" \/>\n\t<meta name=\"twitter:data1\" content=\"1 minut\" \/>\n<script type=\"application\/ld+json\" class=\"yoast-schema-graph\">{\"@context\":\"https:\/\/schema.org\",\"@graph\":[{\"@type\":\"WebPage\",\"@id\":\"https:\/\/test.arctic.klean.it\/udflugter\/dagstur-med-bad-til-knut-rasmussen-gletsjeren-og-ikateq-basen\/\",\"url\":\"https:\/\/test.arctic.klean.it\/udflugter\/dagstur-med-bad-til-knut-rasmussen-gletsjeren-og-ikateq-basen\/\",\"name\":\"Dagstur med b\u00e5d til Knud Rasmussen-Gletsjeren og Ikateq-basen - Arctic Excursions\",\"isPartOf\":{\"@id\":\"https:\/\/test.arctic.klean.it\/#website\"},\"primaryImageOfPage\":{\"@id\":\"https:\/\/test.arctic.klean.it\/udflugter\/dagstur-med-bad-til-knut-rasmussen-gletsjeren-og-ikateq-basen\/#primaryimage\"},\"image\":{\"@id\":\"https:\/\/test.arctic.klean.it\/udflugter\/dagstur-med-bad-til-knut-rasmussen-gletsjeren-og-ikateq-basen\/#primaryimage\"},\"thumbnailUrl\":\"https:\/\/test.arctic.klean.it\/wp-content\/uploads\/2022\/12\/IMG_20170906_102019-scaled.jpg\",\"datePublished\":\"2022-12-16T09:15:56+00:00\",\"dateModified\":\"2023-08-23T12:18:45+00:00\",\"breadcrumb\":{\"@id\":\"https:\/\/test.arctic.klean.it\/udflugter\/dagstur-med-bad-til-knut-rasmussen-gletsjeren-og-ikateq-basen\/#breadcrumb\"},\"inLanguage\":\"da-DK\",\"potentialAction\":[{\"@type\":\"ReadAction\",\"target\":[\"https:\/\/test.arctic.klean.it\/udflugter\/dagstur-med-bad-til-knut-rasmussen-gletsjeren-og-ikateq-basen\/\"]}]},{\"@type\":\"ImageObject\",\"inLanguage\":\"da-DK\",\"@id\":\"https:\/\/test.arctic.klean.it\/udflugter\/dagstur-med-bad-til-knut-rasmussen-gletsjeren-og-ikateq-basen\/#primaryimage\",\"url\":\"https:\/\/test.arctic.klean.it\/wp-content\/uploads\/2022\/12\/IMG_20170906_102019-scaled.jpg\",\"contentUrl\":\"https:\/\/test.arctic.klean.it\/wp-content\/uploads\/2022\/12\/IMG_20170906_102019-scaled.jpg\",\"width\":2560,\"height\":1920,\"caption\":\"dav\"},{\"@type\":\"BreadcrumbList\",\"@id\":\"https:\/\/test.arctic.klean.it\/udflugter\/dagstur-med-bad-til-knut-rasmussen-gletsjeren-og-ikateq-basen\/#breadcrumb\",\"itemListElement\":[{\"@type\":\"ListItem\",\"position\":1,\"name\":\"Udflugter i Gr\u00f8nland\",\"item\":\"https:\/\/test.arctic.klean.it\/da\/udflugter\/\"},{\"@type\":\"ListItem\",\"position\":2,\"name\":\"Dagstur med b\u00e5d til Knud Rasmussen-Gletsjeren og Ikateq-basen\"}]},{\"@type\":\"WebSite\",\"@id\":\"https:\/\/test.arctic.klean.it\/#website\",\"url\":\"https:\/\/test.arctic.klean.it\/\",\"name\":\"Arctic Excursions\",\"description\":\"New adventures. Every day.\",\"potentialAction\":[{\"@type\":\"SearchAction\",\"target\":{\"@type\":\"EntryPoint\",\"urlTemplate\":\"https:\/\/test.arctic.klean.it\/?s={search_term_string}\"},\"query-input\":{\"@type\":\"PropertyValueSpecification\",\"valueRequired\":true,\"valueName\":\"search_term_string\"}}],\"inLanguage\":\"da-DK\"}]}<\/script>\n<!-- \/ Yoast SEO plugin. -->","yoast_head_json":{"title":"Arctic Excursions","robots":{"index":"index","follow":"follow","max-snippet":"max-snippet:-1","max-image-preview":"max-image-preview:large","max-video-preview":"max-video-preview:-1"},"canonical":"https:\/\/test.arctic.klean.it\/udflugter\/dagstur-med-bad-til-knut-rasmussen-gletsjeren-og-ikateq-basen\/","og_locale":"da_DK","og_type":"article","og_title":"Dagstur med b\u00e5d til Knud Rasmussen-Gletsjeren og Ikateq-basen - Arctic Excursions","og_description":"Dagstur p\u00e5 en b\u00e5d med guide og frokost - Gletsjer med fantastisk bl\u00e5 is og et bes\u00f8g til Ikateq-basen","og_url":"https:\/\/test.arctic.klean.it\/udflugter\/dagstur-med-bad-til-knut-rasmussen-gletsjeren-og-ikateq-basen\/","og_site_name":"Arctic Excursions","article_modified_time":"2023-08-23T12:18:45+00:00","og_image":[{"width":2560,"height":1920,"url":"https:\/\/test.arctic.klean.it\/wp-content\/uploads\/2022\/12\/IMG_20170906_102019-scaled.jpg","type":"image\/jpeg"}],"twitter_card":"summary_large_image","twitter_misc":{"Estimeret l\u00e6setid":"1 minut"},"schema":{"@context":"https:\/\/schema.org","@graph":[{"@type":"WebPage","@id":"https:\/\/test.arctic.klean.it\/udflugter\/dagstur-med-bad-til-knut-rasmussen-gletsjeren-og-ikateq-basen\/","url":"https:\/\/test.arctic.klean.it\/udflugter\/dagstur-med-bad-til-knut-rasmussen-gletsjeren-og-ikateq-basen\/","name":"Dagstur med b\u00e5d til Knud Rasmussen-Gletsjeren og Ikateq-basen - Arctic Excursions","isPartOf":{"@id":"https:\/\/test.arctic.klean.it\/#website"},"primaryImageOfPage":{"@id":"https:\/\/test.arctic.klean.it\/udflugter\/dagstur-med-bad-til-knut-rasmussen-gletsjeren-og-ikateq-basen\/#primaryimage"},"image":{"@id":"https:\/\/test.arctic.klean.it\/udflugter\/dagstur-med-bad-til-knut-rasmussen-gletsjeren-og-ikateq-basen\/#primaryimage"},"thumbnailUrl":"https:\/\/test.arctic.klean.it\/wp-content\/uploads\/2022\/12\/IMG_20170906_102019-scaled.jpg","datePublished":"2022-12-16T09:15:56+00:00","dateModified":"2023-08-23T12:18:45+00:00","breadcrumb":{"@id":"https:\/\/test.arctic.klean.it\/udflugter\/dagstur-med-bad-til-knut-rasmussen-gletsjeren-og-ikateq-basen\/#breadcrumb"},"inLanguage":"da-DK","potentialAction":[{"@type":"ReadAction","target":["https:\/\/test.arctic.klean.it\/udflugter\/dagstur-med-bad-til-knut-rasmussen-gletsjeren-og-ikateq-basen\/"]}]},{"@type":"ImageObject","inLanguage":"da-DK","@id":"https:\/\/test.arctic.klean.it\/udflugter\/dagstur-med-bad-til-knut-rasmussen-gletsjeren-og-ikateq-basen\/#primaryimage","url":"https:\/\/test.arctic.klean.it\/wp-content\/uploads\/2022\/12\/IMG_20170906_102019-scaled.jpg","contentUrl":"https:\/\/test.arctic.klean.it\/wp-content\/uploads\/2022\/12\/IMG_20170906_102019-scaled.jpg","width":2560,"height":1920,"caption":"dav"},{"@type":"BreadcrumbList","@id":"https:\/\/test.arctic.klean.it\/udflugter\/dagstur-med-bad-til-knut-rasmussen-gletsjeren-og-ikateq-basen\/#breadcrumb","itemListElement":[{"@type":"ListItem","position":1,"name":"Udflugter i Gr\u00f8nland","item":"https:\/\/test.arctic.klean.it\/da\/udflugter\/"},{"@type":"ListItem","position":2,"name":"Dagstur med b\u00e5d til Knud Rasmussen-Gletsjeren og Ikateq-basen"}]},{"@type":"WebSite","@id":"https:\/\/test.arctic.klean.it\/#website","url":"https:\/\/test.arctic.klean.it\/","name":"Arctic Excursions","description":"New adventures. Every day.","potentialAction":[{"@type":"SearchAction","target":{"@type":"EntryPoint","urlTemplate":"https:\/\/test.arctic.klean.it\/?s={search_term_string}"},"query-input":{"@type":"PropertyValueSpecification","valueRequired":true,"valueName":"search_term_string"}}],"inLanguage":"da-DK"}]}},"_links":{"self":[{"href":"https:\/\/test.arctic.klean.it\/da\/wp-json\/wp\/v2\/product\/6441","targetHints":{"allow":["GET"]}}],"collection":[{"href":"https:\/\/test.arctic.klean.it\/da\/wp-json\/wp\/v2\/product"}],"about":[{"href":"https:\/\/test.arctic.klean.it\/da\/wp-json\/wp\/v2\/types\/product"}],"replies":[{"embeddable":true,"href":"https:\/\/test.arctic.klean.it\/da\/wp-json\/wp\/v2\/comments?post=6441"}],"wp:featuredmedia":[{"embeddable":true,"href":"https:\/\/test.arctic.klean.it\/da\/wp-json\/wp\/v2\/media\/6308"}],"wp:attachment":[{"href":"https:\/\/test.arctic.klean.it\/da\/wp-json\/wp\/v2\/media?parent=6441"}],"wp:term":[{"taxonomy":"product_brand","embeddable":true,"href":"https:\/\/test.arctic.klean.it\/da\/wp-json\/wp\/v2\/product_brand?post=6441"},{"taxonomy":"product_cat","embeddable":true,"href":"https:\/\/test.arctic.klean.it\/da\/wp-json\/wp\/v2\/product_cat?post=6441"},{"taxonomy":"product_tag","embeddable":true,"href":"https:\/\/test.arctic.klean.it\/da\/wp-json\/wp\/v2\/product_tag?post=6441"}],"curies":[{"name":"wp","href":"https:\/\/api.w.org\/{rel}","templated":true}]}}