{"id":6906,"date":"2023-01-09T19:52:06","date_gmt":"2023-01-09T17:52:06","guid":{"rendered":"https:\/\/test.arctic.klean.it\/?post_type=product&#038;p=6906"},"modified":"2023-08-15T10:45:30","modified_gmt":"2023-08-15T08:45:30","slug":"maniitsoq-kajaktur","status":"publish","type":"product","link":"https:\/\/test.arctic.klean.it\/da\/udflugter\/maniitsoq-kajaktur\/","title":{"rendered":"Maniitsoq kajaktur"},"content":{"rendered":"<p>Kom med os p\u00e5 kajaktur i Maniitsoq-omr\u00e5det.<\/p>\n<p>Hos Maniitsoq Adventure Tours tager vi sikkerhed meget alvorligt, og derfor har vi b\u00e5de en f\u00f8lgeb\u00e5d og guide med p\u00e5 turen.<\/p>\n<p>Maniitsoq-omr\u00e5det er noget helt specielt, og det er d\u00e9t, vi gerne vil vise jer p\u00e5 denne b\u00e5dtur.<\/p>\n<p><b>Varighed:<\/b> 4 timer<\/p>\n<p><b>Minimumsalder:<\/b> 14 \u00e5r<\/p>\n<p><b>Sv\u00e6rhedsgrad:<\/b> Let\/medium<\/p>\n<p><b>S\u00e6son:<\/b> Maj-september.<\/p>\n<p><b>Max:<\/b> 5 personer<\/p>\n<p><b>Min:<\/b> 4 personer<\/p>\n","protected":false},"excerpt":{"rendered":"<p>Oplev Maniitsoq fra havet med en kajaktur!<\/p>\n","protected":false},"featured_media":6923,"comment_status":"open","ping_status":"closed","template":"","meta":{"_acf_changed":false},"product_brand":[],"product_cat":[170],"product_tag":[],"class_list":{"0":"post-6906","1":"product","2":"type-product","3":"status-publish","4":"has-post-thumbnail","6":"product_cat-udflugt","7":"pa_dato-576","8":"pa_dato-583","9":"pa_dato-585","10":"pa_dato-586","11":"pa_dato-626","12":"pa_dato-627","13":"pa_dato-628","14":"pa_dato-629","15":"pa_dato-630","16":"pa_dato-631","17":"pa_dato-632","18":"pa_dato-634","19":"pa_dato-635","20":"pa_dato-636","21":"pa_dato-637","22":"pa_dato-638","23":"pa_dato-639","24":"pa_dato-640","25":"pa_dato-641","26":"pa_dato-642","27":"pa_dato-643","28":"pa_dato-644","29":"pa_dato-645","30":"pa_dato-646","31":"pa_dato-647","32":"pa_dato-648","33":"pa_dato-649","34":"pa_dato-650","35":"pa_dato-651","36":"pa_dato-652","37":"pa_dato-653","38":"pa_dato-654","39":"pa_dato-584","40":"pa_dato-655","41":"pa_dato-575","42":"pa_dato-656","43":"pa_dato-657","44":"pa_dato-658","45":"pa_dato-659","46":"pa_dato-660","47":"pa_dato-661","48":"pa_dato-633","49":"pa_dato-662","50":"pa_dato-663","51":"pa_dato-439","52":"pa_dato-664","53":"pa_dato-665","54":"pa_dato-490","55":"pa_dato-666","56":"pa_dato-491","57":"pa_dato-667","58":"pa_dato-668","59":"pa_dato-669","60":"pa_dato-670","61":"pa_dato-671","62":"pa_dato-672","63":"pa_dato-673","64":"pa_dato-674","65":"pa_dato-222","66":"pa_dato-675","67":"pa_dato-502","68":"pa_dato-503","69":"pa_dato-535","70":"pa_dato-534","71":"pa_dato-536","72":"pa_dato-537","73":"pa_dato-538","74":"pa_dato-539","75":"pa_dato-540","76":"pa_dato-500","77":"pa_dato-541","78":"pa_dato-542","79":"pa_dato-543","80":"pa_dato-465","81":"pa_dato-547","82":"pa_dato-548","83":"pa_dato-549","84":"pa_dato-550","85":"pa_dato-551","86":"pa_dato-552","87":"pa_dato-553","88":"pa_dato-554","89":"pa_dato-555","90":"pa_dato-556","91":"pa_dato-557","92":"pa_dato-558","93":"pa_dato-521","94":"pa_dato-522","95":"pa_dato-559","96":"pa_dato-560","97":"pa_dato-561","98":"pa_tidspunkt-187","99":"pa_tidspunkt-177","100":"pa_tidspunkt-190","101":"tour_location-maniitsoq-da","102":"tour_type-outdoor-da","103":"tour_operator-maniitsoq-adventure-tours","105":"first","106":"outofstock","107":"shipping-taxable","108":"product-type-variable"},"acf":[],"yoast_head":"<!-- This site is optimized with the Yoast SEO plugin v25.2 - https:\/\/yoast.com\/wordpress\/plugins\/seo\/ -->\n<title>Arctic Excursions<\/title>\n<meta name=\"robots\" content=\"index, follow, max-snippet:-1, max-image-preview:large, max-video-preview:-1\" \/>\n<link rel=\"canonical\" href=\"https:\/\/test.arctic.klean.it\/udflugter\/maniitsoq-qajaq-tour\/\" \/>\n<meta property=\"og:locale\" content=\"da_DK\" \/>\n<meta property=\"og:type\" content=\"article\" \/>\n<meta property=\"og:title\" content=\"Maniitsoq kajaktur - Arctic Excursions\" \/>\n<meta property=\"og:description\" content=\"Oplev Maniitsoq fra havet med en kajaktur!\" \/>\n<meta property=\"og:url\" content=\"https:\/\/test.arctic.klean.it\/udflugter\/maniitsoq-qajaq-tour\/\" \/>\n<meta property=\"og:site_name\" content=\"Arctic Excursions\" \/>\n<meta property=\"article:modified_time\" content=\"2023-08-15T08:45:30+00:00\" \/>\n<meta property=\"og:image\" content=\"https:\/\/test.arctic.klean.it\/wp-content\/uploads\/2023\/01\/Maniitsoq-Adventure-Tours-tour-billede-2-scaled.jpg\" \/>\n\t<meta property=\"og:image:width\" content=\"1920\" \/>\n\t<meta property=\"og:image:height\" content=\"2560\" \/>\n\t<meta property=\"og:image:type\" content=\"image\/jpeg\" \/>\n<meta name=\"twitter:card\" content=\"summary_large_image\" \/>\n<meta name=\"twitter:label1\" content=\"Estimeret l\u00e6setid\" \/>\n\t<meta name=\"twitter:data1\" content=\"1 minut\" \/>\n<script type=\"application\/ld+json\" class=\"yoast-schema-graph\">{\"@context\":\"https:\/\/schema.org\",\"@graph\":[{\"@type\":\"WebPage\",\"@id\":\"https:\/\/test.arctic.klean.it\/udflugter\/maniitsoq-qajaq-tour\/\",\"url\":\"https:\/\/test.arctic.klean.it\/udflugter\/maniitsoq-qajaq-tour\/\",\"name\":\"Maniitsoq kajaktur - Arctic Excursions\",\"isPartOf\":{\"@id\":\"https:\/\/test.arctic.klean.it\/#website\"},\"primaryImageOfPage\":{\"@id\":\"https:\/\/test.arctic.klean.it\/udflugter\/maniitsoq-qajaq-tour\/#primaryimage\"},\"image\":{\"@id\":\"https:\/\/test.arctic.klean.it\/udflugter\/maniitsoq-qajaq-tour\/#primaryimage\"},\"thumbnailUrl\":\"https:\/\/test.arctic.klean.it\/wp-content\/uploads\/2023\/01\/Maniitsoq-Adventure-Tours-tour-billede-2-scaled.jpg\",\"datePublished\":\"2023-01-09T17:52:06+00:00\",\"dateModified\":\"2023-08-15T08:45:30+00:00\",\"breadcrumb\":{\"@id\":\"https:\/\/test.arctic.klean.it\/udflugter\/maniitsoq-qajaq-tour\/#breadcrumb\"},\"inLanguage\":\"da-DK\",\"potentialAction\":[{\"@type\":\"ReadAction\",\"target\":[\"https:\/\/test.arctic.klean.it\/udflugter\/maniitsoq-qajaq-tour\/\"]}]},{\"@type\":\"ImageObject\",\"inLanguage\":\"da-DK\",\"@id\":\"https:\/\/test.arctic.klean.it\/udflugter\/maniitsoq-qajaq-tour\/#primaryimage\",\"url\":\"https:\/\/test.arctic.klean.it\/wp-content\/uploads\/2023\/01\/Maniitsoq-Adventure-Tours-tour-billede-2-scaled.jpg\",\"contentUrl\":\"https:\/\/test.arctic.klean.it\/wp-content\/uploads\/2023\/01\/Maniitsoq-Adventure-Tours-tour-billede-2-scaled.jpg\",\"width\":1080,\"height\":1440},{\"@type\":\"BreadcrumbList\",\"@id\":\"https:\/\/test.arctic.klean.it\/udflugter\/maniitsoq-qajaq-tour\/#breadcrumb\",\"itemListElement\":[{\"@type\":\"ListItem\",\"position\":1,\"name\":\"Udflugter i Gr\u00f8nland\",\"item\":\"https:\/\/test.arctic.klean.it\/da\/udflugter\/\"},{\"@type\":\"ListItem\",\"position\":2,\"name\":\"Maniitsoq kajaktur\"}]},{\"@type\":\"WebSite\",\"@id\":\"https:\/\/test.arctic.klean.it\/#website\",\"url\":\"https:\/\/test.arctic.klean.it\/\",\"name\":\"Arctic Excursions\",\"description\":\"New adventures. Every day.\",\"potentialAction\":[{\"@type\":\"SearchAction\",\"target\":{\"@type\":\"EntryPoint\",\"urlTemplate\":\"https:\/\/test.arctic.klean.it\/?s={search_term_string}\"},\"query-input\":{\"@type\":\"PropertyValueSpecification\",\"valueRequired\":true,\"valueName\":\"search_term_string\"}}],\"inLanguage\":\"da-DK\"}]}<\/script>\n<!-- \/ Yoast SEO plugin. -->","yoast_head_json":{"title":"Arctic Excursions","robots":{"index":"index","follow":"follow","max-snippet":"max-snippet:-1","max-image-preview":"max-image-preview:large","max-video-preview":"max-video-preview:-1"},"canonical":"https:\/\/test.arctic.klean.it\/udflugter\/maniitsoq-qajaq-tour\/","og_locale":"da_DK","og_type":"article","og_title":"Maniitsoq kajaktur - Arctic Excursions","og_description":"Oplev Maniitsoq fra havet med en kajaktur!","og_url":"https:\/\/test.arctic.klean.it\/udflugter\/maniitsoq-qajaq-tour\/","og_site_name":"Arctic Excursions","article_modified_time":"2023-08-15T08:45:30+00:00","og_image":[{"width":1920,"height":2560,"url":"https:\/\/test.arctic.klean.it\/wp-content\/uploads\/2023\/01\/Maniitsoq-Adventure-Tours-tour-billede-2-scaled.jpg","type":"image\/jpeg"}],"twitter_card":"summary_large_image","twitter_misc":{"Estimeret l\u00e6setid":"1 minut"},"schema":{"@context":"https:\/\/schema.org","@graph":[{"@type":"WebPage","@id":"https:\/\/test.arctic.klean.it\/udflugter\/maniitsoq-qajaq-tour\/","url":"https:\/\/test.arctic.klean.it\/udflugter\/maniitsoq-qajaq-tour\/","name":"Maniitsoq kajaktur - Arctic Excursions","isPartOf":{"@id":"https:\/\/test.arctic.klean.it\/#website"},"primaryImageOfPage":{"@id":"https:\/\/test.arctic.klean.it\/udflugter\/maniitsoq-qajaq-tour\/#primaryimage"},"image":{"@id":"https:\/\/test.arctic.klean.it\/udflugter\/maniitsoq-qajaq-tour\/#primaryimage"},"thumbnailUrl":"https:\/\/test.arctic.klean.it\/wp-content\/uploads\/2023\/01\/Maniitsoq-Adventure-Tours-tour-billede-2-scaled.jpg","datePublished":"2023-01-09T17:52:06+00:00","dateModified":"2023-08-15T08:45:30+00:00","breadcrumb":{"@id":"https:\/\/test.arctic.klean.it\/udflugter\/maniitsoq-qajaq-tour\/#breadcrumb"},"inLanguage":"da-DK","potentialAction":[{"@type":"ReadAction","target":["https:\/\/test.arctic.klean.it\/udflugter\/maniitsoq-qajaq-tour\/"]}]},{"@type":"ImageObject","inLanguage":"da-DK","@id":"https:\/\/test.arctic.klean.it\/udflugter\/maniitsoq-qajaq-tour\/#primaryimage","url":"https:\/\/test.arctic.klean.it\/wp-content\/uploads\/2023\/01\/Maniitsoq-Adventure-Tours-tour-billede-2-scaled.jpg","contentUrl":"https:\/\/test.arctic.klean.it\/wp-content\/uploads\/2023\/01\/Maniitsoq-Adventure-Tours-tour-billede-2-scaled.jpg","width":1080,"height":1440},{"@type":"BreadcrumbList","@id":"https:\/\/test.arctic.klean.it\/udflugter\/maniitsoq-qajaq-tour\/#breadcrumb","itemListElement":[{"@type":"ListItem","position":1,"name":"Udflugter i Gr\u00f8nland","item":"https:\/\/test.arctic.klean.it\/da\/udflugter\/"},{"@type":"ListItem","position":2,"name":"Maniitsoq kajaktur"}]},{"@type":"WebSite","@id":"https:\/\/test.arctic.klean.it\/#website","url":"https:\/\/test.arctic.klean.it\/","name":"Arctic Excursions","description":"New adventures. Every day.","potentialAction":[{"@type":"SearchAction","target":{"@type":"EntryPoint","urlTemplate":"https:\/\/test.arctic.klean.it\/?s={search_term_string}"},"query-input":{"@type":"PropertyValueSpecification","valueRequired":true,"valueName":"search_term_string"}}],"inLanguage":"da-DK"}]}},"_links":{"self":[{"href":"https:\/\/test.arctic.klean.it\/da\/wp-json\/wp\/v2\/product\/6906","targetHints":{"allow":["GET"]}}],"collection":[{"href":"https:\/\/test.arctic.klean.it\/da\/wp-json\/wp\/v2\/product"}],"about":[{"href":"https:\/\/test.arctic.klean.it\/da\/wp-json\/wp\/v2\/types\/product"}],"replies":[{"embeddable":true,"href":"https:\/\/test.arctic.klean.it\/da\/wp-json\/wp\/v2\/comments?post=6906"}],"wp:featuredmedia":[{"embeddable":true,"href":"https:\/\/test.arctic.klean.it\/da\/wp-json\/wp\/v2\/media\/6923"}],"wp:attachment":[{"href":"https:\/\/test.arctic.klean.it\/da\/wp-json\/wp\/v2\/media?parent=6906"}],"wp:term":[{"taxonomy":"product_brand","embeddable":true,"href":"https:\/\/test.arctic.klean.it\/da\/wp-json\/wp\/v2\/product_brand?post=6906"},{"taxonomy":"product_cat","embeddable":true,"href":"https:\/\/test.arctic.klean.it\/da\/wp-json\/wp\/v2\/product_cat?post=6906"},{"taxonomy":"product_tag","embeddable":true,"href":"https:\/\/test.arctic.klean.it\/da\/wp-json\/wp\/v2\/product_tag?post=6906"}],"curies":[{"name":"wp","href":"https:\/\/api.w.org\/{rel}","templated":true}]}}