{"id":6907,"date":"2023-01-09T19:14:20","date_gmt":"2023-01-09T17:14:20","guid":{"rendered":"https:\/\/test.arctic.klean.it\/?post_type=product&#038;p=6907"},"modified":"2023-08-15T10:45:30","modified_gmt":"2023-08-15T08:45:30","slug":"hvalsafari-5","status":"publish","type":"product","link":"https:\/\/test.arctic.klean.it\/da\/udflugter\/hvalsafari-5\/","title":{"rendered":"Hvalsafari i Maniitsoq"},"content":{"rendered":"<p>Vi sejler med \u00e5ben b\u00e5d for at have en autentisk oplevelse af en b\u00e5dtur I Gr\u00f8nland. <\/p>\n<p>Hvis man er heldig, ser man pukkelhvaler p\u00e5 denne hvalsafari. <\/p>\n<p>Maniitsoq-omr\u00e5det er noget helt specielt, og det er d\u00e9t, vi gerne vil vise jer p\u00e5 denne b\u00e5dtur med os.  <\/p>\n<p>Vi anbefaler at have varmt t\u00f8j p\u00e5.<br \/>\n&#8211; Hue &#038; handsker.<br \/>\nDer er flydedragter til r\u00e5dighed.<\/p>\n<p><b>Varighed:<\/b> 4 timer<\/p>\n<p><b>Max:<\/b> 6 personer<\/p>\n<p><b>Min:<\/b> 4 personer<\/p>\n<p><b>S\u00e6son:<\/b> Maj-september<\/p>\n","protected":false},"excerpt":{"rendered":"<p>Kom med p\u00e5 vores hvalsafari i Maniitsoq<\/p>\n","protected":false},"featured_media":7111,"comment_status":"open","ping_status":"closed","template":"","meta":{"_acf_changed":false},"product_brand":[],"product_cat":[170],"product_tag":[],"class_list":{"0":"post-6907","1":"product","2":"type-product","3":"status-publish","4":"has-post-thumbnail","6":"product_cat-udflugt","7":"pa_dato-576","8":"pa_dato-583","9":"pa_dato-585","10":"pa_dato-586","11":"pa_dato-628","12":"pa_dato-629","13":"pa_dato-630","14":"pa_dato-631","15":"pa_dato-632","16":"pa_dato-634","17":"pa_dato-635","18":"pa_dato-636","19":"pa_dato-637","20":"pa_dato-638","21":"pa_dato-639","22":"pa_dato-640","23":"pa_dato-641","24":"pa_dato-642","25":"pa_dato-643","26":"pa_dato-644","27":"pa_dato-645","28":"pa_dato-646","29":"pa_dato-647","30":"pa_dato-648","31":"pa_dato-649","32":"pa_dato-650","33":"pa_dato-651","34":"pa_dato-652","35":"pa_dato-653","36":"pa_dato-654","37":"pa_dato-584","38":"pa_dato-655","39":"pa_dato-575","40":"pa_dato-656","41":"pa_dato-657","42":"pa_dato-658","43":"pa_dato-659","44":"pa_dato-660","45":"pa_dato-661","46":"pa_dato-633","47":"pa_dato-662","48":"pa_dato-663","49":"pa_dato-439","50":"pa_dato-664","51":"pa_dato-665","52":"pa_dato-490","53":"pa_dato-666","54":"pa_dato-491","55":"pa_dato-667","56":"pa_dato-668","57":"pa_dato-669","58":"pa_dato-670","59":"pa_dato-671","60":"pa_dato-672","61":"pa_dato-673","62":"pa_dato-674","63":"pa_dato-222","64":"pa_dato-675","65":"pa_tidspunkt-177","66":"tour_location-maniitsoq-da","67":"tour_type-hvalsafari","68":"tour_operator-maniitsoq-adventure-tours","70":"first","71":"outofstock","72":"shipping-taxable","73":"product-type-variable"},"acf":[],"yoast_head":"<!-- This site is optimized with the Yoast SEO plugin v25.2 - https:\/\/yoast.com\/wordpress\/plugins\/seo\/ -->\n<title>Arctic Excursions<\/title>\n<meta name=\"robots\" content=\"index, follow, max-snippet:-1, max-image-preview:large, max-video-preview:-1\" \/>\n<link rel=\"canonical\" href=\"https:\/\/test.arctic.klean.it\/udflugter\/whale-watching-2\/\" \/>\n<meta property=\"og:locale\" content=\"da_DK\" \/>\n<meta property=\"og:type\" content=\"article\" \/>\n<meta property=\"og:title\" content=\"Hvalsafari i Maniitsoq - Arctic Excursions\" \/>\n<meta property=\"og:description\" content=\"Kom med p\u00e5 vores hvalsafari i Maniitsoq\" \/>\n<meta property=\"og:url\" content=\"https:\/\/test.arctic.klean.it\/udflugter\/whale-watching-2\/\" \/>\n<meta property=\"og:site_name\" content=\"Arctic Excursions\" \/>\n<meta property=\"article:modified_time\" content=\"2023-08-15T08:45:30+00:00\" \/>\n<meta property=\"og:image\" content=\"https:\/\/test.arctic.klean.it\/wp-content\/uploads\/2023\/01\/MicrosoftTeams-image-1.jpg\" \/>\n\t<meta property=\"og:image:width\" content=\"1170\" \/>\n\t<meta property=\"og:image:height\" content=\"754\" \/>\n\t<meta property=\"og:image:type\" content=\"image\/jpeg\" \/>\n<meta name=\"twitter:card\" content=\"summary_large_image\" \/>\n<script type=\"application\/ld+json\" class=\"yoast-schema-graph\">{\"@context\":\"https:\/\/schema.org\",\"@graph\":[{\"@type\":\"WebPage\",\"@id\":\"https:\/\/test.arctic.klean.it\/udflugter\/whale-watching-2\/\",\"url\":\"https:\/\/test.arctic.klean.it\/udflugter\/whale-watching-2\/\",\"name\":\"Hvalsafari i Maniitsoq - Arctic Excursions\",\"isPartOf\":{\"@id\":\"https:\/\/test.arctic.klean.it\/#website\"},\"primaryImageOfPage\":{\"@id\":\"https:\/\/test.arctic.klean.it\/udflugter\/whale-watching-2\/#primaryimage\"},\"image\":{\"@id\":\"https:\/\/test.arctic.klean.it\/udflugter\/whale-watching-2\/#primaryimage\"},\"thumbnailUrl\":\"https:\/\/test.arctic.klean.it\/wp-content\/uploads\/2023\/01\/MicrosoftTeams-image-1.jpg\",\"datePublished\":\"2023-01-09T17:14:20+00:00\",\"dateModified\":\"2023-08-15T08:45:30+00:00\",\"breadcrumb\":{\"@id\":\"https:\/\/test.arctic.klean.it\/udflugter\/whale-watching-2\/#breadcrumb\"},\"inLanguage\":\"da-DK\",\"potentialAction\":[{\"@type\":\"ReadAction\",\"target\":[\"https:\/\/test.arctic.klean.it\/udflugter\/whale-watching-2\/\"]}]},{\"@type\":\"ImageObject\",\"inLanguage\":\"da-DK\",\"@id\":\"https:\/\/test.arctic.klean.it\/udflugter\/whale-watching-2\/#primaryimage\",\"url\":\"https:\/\/test.arctic.klean.it\/wp-content\/uploads\/2023\/01\/MicrosoftTeams-image-1.jpg\",\"contentUrl\":\"https:\/\/test.arctic.klean.it\/wp-content\/uploads\/2023\/01\/MicrosoftTeams-image-1.jpg\",\"width\":1170,\"height\":754},{\"@type\":\"BreadcrumbList\",\"@id\":\"https:\/\/test.arctic.klean.it\/udflugter\/whale-watching-2\/#breadcrumb\",\"itemListElement\":[{\"@type\":\"ListItem\",\"position\":1,\"name\":\"Udflugter i Gr\u00f8nland\",\"item\":\"https:\/\/test.arctic.klean.it\/da\/udflugter\/\"},{\"@type\":\"ListItem\",\"position\":2,\"name\":\"Hvalsafari i Maniitsoq\"}]},{\"@type\":\"WebSite\",\"@id\":\"https:\/\/test.arctic.klean.it\/#website\",\"url\":\"https:\/\/test.arctic.klean.it\/\",\"name\":\"Arctic Excursions\",\"description\":\"New adventures. Every day.\",\"potentialAction\":[{\"@type\":\"SearchAction\",\"target\":{\"@type\":\"EntryPoint\",\"urlTemplate\":\"https:\/\/test.arctic.klean.it\/?s={search_term_string}\"},\"query-input\":{\"@type\":\"PropertyValueSpecification\",\"valueRequired\":true,\"valueName\":\"search_term_string\"}}],\"inLanguage\":\"da-DK\"}]}<\/script>\n<!-- \/ Yoast SEO plugin. -->","yoast_head_json":{"title":"Arctic Excursions","robots":{"index":"index","follow":"follow","max-snippet":"max-snippet:-1","max-image-preview":"max-image-preview:large","max-video-preview":"max-video-preview:-1"},"canonical":"https:\/\/test.arctic.klean.it\/udflugter\/whale-watching-2\/","og_locale":"da_DK","og_type":"article","og_title":"Hvalsafari i Maniitsoq - Arctic Excursions","og_description":"Kom med p\u00e5 vores hvalsafari i Maniitsoq","og_url":"https:\/\/test.arctic.klean.it\/udflugter\/whale-watching-2\/","og_site_name":"Arctic Excursions","article_modified_time":"2023-08-15T08:45:30+00:00","og_image":[{"width":1170,"height":754,"url":"https:\/\/test.arctic.klean.it\/wp-content\/uploads\/2023\/01\/MicrosoftTeams-image-1.jpg","type":"image\/jpeg"}],"twitter_card":"summary_large_image","schema":{"@context":"https:\/\/schema.org","@graph":[{"@type":"WebPage","@id":"https:\/\/test.arctic.klean.it\/udflugter\/whale-watching-2\/","url":"https:\/\/test.arctic.klean.it\/udflugter\/whale-watching-2\/","name":"Hvalsafari i Maniitsoq - Arctic Excursions","isPartOf":{"@id":"https:\/\/test.arctic.klean.it\/#website"},"primaryImageOfPage":{"@id":"https:\/\/test.arctic.klean.it\/udflugter\/whale-watching-2\/#primaryimage"},"image":{"@id":"https:\/\/test.arctic.klean.it\/udflugter\/whale-watching-2\/#primaryimage"},"thumbnailUrl":"https:\/\/test.arctic.klean.it\/wp-content\/uploads\/2023\/01\/MicrosoftTeams-image-1.jpg","datePublished":"2023-01-09T17:14:20+00:00","dateModified":"2023-08-15T08:45:30+00:00","breadcrumb":{"@id":"https:\/\/test.arctic.klean.it\/udflugter\/whale-watching-2\/#breadcrumb"},"inLanguage":"da-DK","potentialAction":[{"@type":"ReadAction","target":["https:\/\/test.arctic.klean.it\/udflugter\/whale-watching-2\/"]}]},{"@type":"ImageObject","inLanguage":"da-DK","@id":"https:\/\/test.arctic.klean.it\/udflugter\/whale-watching-2\/#primaryimage","url":"https:\/\/test.arctic.klean.it\/wp-content\/uploads\/2023\/01\/MicrosoftTeams-image-1.jpg","contentUrl":"https:\/\/test.arctic.klean.it\/wp-content\/uploads\/2023\/01\/MicrosoftTeams-image-1.jpg","width":1170,"height":754},{"@type":"BreadcrumbList","@id":"https:\/\/test.arctic.klean.it\/udflugter\/whale-watching-2\/#breadcrumb","itemListElement":[{"@type":"ListItem","position":1,"name":"Udflugter i Gr\u00f8nland","item":"https:\/\/test.arctic.klean.it\/da\/udflugter\/"},{"@type":"ListItem","position":2,"name":"Hvalsafari i Maniitsoq"}]},{"@type":"WebSite","@id":"https:\/\/test.arctic.klean.it\/#website","url":"https:\/\/test.arctic.klean.it\/","name":"Arctic Excursions","description":"New adventures. Every day.","potentialAction":[{"@type":"SearchAction","target":{"@type":"EntryPoint","urlTemplate":"https:\/\/test.arctic.klean.it\/?s={search_term_string}"},"query-input":{"@type":"PropertyValueSpecification","valueRequired":true,"valueName":"search_term_string"}}],"inLanguage":"da-DK"}]}},"_links":{"self":[{"href":"https:\/\/test.arctic.klean.it\/da\/wp-json\/wp\/v2\/product\/6907","targetHints":{"allow":["GET"]}}],"collection":[{"href":"https:\/\/test.arctic.klean.it\/da\/wp-json\/wp\/v2\/product"}],"about":[{"href":"https:\/\/test.arctic.klean.it\/da\/wp-json\/wp\/v2\/types\/product"}],"replies":[{"embeddable":true,"href":"https:\/\/test.arctic.klean.it\/da\/wp-json\/wp\/v2\/comments?post=6907"}],"wp:featuredmedia":[{"embeddable":true,"href":"https:\/\/test.arctic.klean.it\/da\/wp-json\/wp\/v2\/media\/7111"}],"wp:attachment":[{"href":"https:\/\/test.arctic.klean.it\/da\/wp-json\/wp\/v2\/media?parent=6907"}],"wp:term":[{"taxonomy":"product_brand","embeddable":true,"href":"https:\/\/test.arctic.klean.it\/da\/wp-json\/wp\/v2\/product_brand?post=6907"},{"taxonomy":"product_cat","embeddable":true,"href":"https:\/\/test.arctic.klean.it\/da\/wp-json\/wp\/v2\/product_cat?post=6907"},{"taxonomy":"product_tag","embeddable":true,"href":"https:\/\/test.arctic.klean.it\/da\/wp-json\/wp\/v2\/product_tag?post=6907"}],"curies":[{"name":"wp","href":"https:\/\/api.w.org\/{rel}","templated":true}]}}