{"id":6908,"date":"2023-01-09T20:20:58","date_gmt":"2023-01-09T18:20:58","guid":{"rendered":"https:\/\/test.arctic.klean.it\/?post_type=product&#038;p=6908"},"modified":"2023-10-10T11:08:16","modified_gmt":"2023-10-10T09:08:16","slug":"inussuit-tasersuat","status":"publish","type":"product","link":"https:\/\/test.arctic.klean.it\/da\/udflugter\/inussuit-tasersuat\/","title":{"rendered":"Inussuit Tasersuat"},"content":{"rendered":"<p>Kom med p\u00e5 vores Inussuit tasersuaq tur, som starter med en kort sejlads med \u00e5ben b\u00e5d, der varer cirka 20 min. <\/p>\n<p>Herefter bliver I guidet op til en af de bedste udsigter i Gr\u00f8nland &#8220;Inussuit Tasersuat&#8221;.<\/p>\n<p><b>Varighed:<\/b> 4 timer<\/p>\n<p><b>Minimum:<\/b> 4 personer<\/p>\n<p><b>Maksimum:<\/b> 6 personer<\/p>\n<p><b>Inkluderet:<\/b> Kaffe\/ te<\/p>\n","protected":false},"excerpt":{"rendered":"<p>Kom med til Inussuit tasersuat <\/p>\n","protected":false},"featured_media":6933,"comment_status":"open","ping_status":"closed","template":"","meta":{"_acf_changed":false},"product_brand":[],"product_cat":[170],"product_tag":[],"class_list":{"0":"post-6908","1":"product","2":"type-product","3":"status-publish","4":"has-post-thumbnail","6":"product_cat-udflugt","7":"pa_dato-535","8":"pa_dato-534","9":"pa_dato-536","10":"pa_dato-537","11":"pa_dato-538","12":"pa_dato-500","13":"pa_dato-541","14":"pa_dato-542","15":"pa_dato-543","16":"pa_dato-465","17":"pa_dato-549","18":"pa_dato-550","19":"pa_dato-551","20":"pa_dato-552","21":"pa_dato-553","22":"pa_dato-556","23":"pa_dato-557","24":"pa_dato-558","25":"pa_dato-521","26":"pa_dato-522","27":"pa_dato-561","28":"pa_dato-587","29":"pa_dato-588","30":"pa_dato-589","31":"pa_dato-590","32":"pa_dato-591","33":"pa_dato-592","34":"pa_dato-593","35":"pa_dato-594","36":"pa_dato-595","37":"pa_dato-596","38":"pa_dato-510","39":"pa_dato-513","40":"pa_dato-511","41":"pa_dato-512","42":"pa_dato-597","43":"pa_dato-598","44":"pa_dato-599","45":"pa_dato-600","46":"pa_dato-601","47":"pa_dato-602","48":"pa_dato-603","49":"pa_dato-604","50":"pa_dato-605","51":"pa_dato-606","52":"pa_dato-607","53":"pa_dato-608","54":"pa_dato-609","55":"pa_dato-610","56":"pa_dato-611","57":"pa_dato-612","58":"pa_dato-613","59":"pa_dato-614","60":"pa_dato-615","61":"pa_dato-616","62":"pa_dato-617","63":"pa_dato-618","64":"pa_dato-619","65":"pa_dato-620","66":"pa_dato-621","67":"pa_dato-622","68":"pa_dato-623","69":"pa_dato-624","70":"pa_dato-625","71":"pa_tidspunkt-190","72":"pa_tidspunkt-177","73":"tour_location-maniitsoq-da","74":"tour_type-baadture","75":"tour_operator-maniitsoq-adventure-tours","77":"first","78":"outofstock","79":"shipping-taxable","80":"product-type-variable"},"acf":[],"yoast_head":"<!-- This site is optimized with the Yoast SEO plugin v25.2 - https:\/\/yoast.com\/wordpress\/plugins\/seo\/ -->\n<title>Arctic Excursions<\/title>\n<meta name=\"robots\" content=\"index, follow, max-snippet:-1, max-image-preview:large, max-video-preview:-1\" \/>\n<link rel=\"canonical\" href=\"https:\/\/test.arctic.klean.it\/udflugter\/inussuit-tasersuat\/\" \/>\n<meta property=\"og:locale\" content=\"da_DK\" \/>\n<meta property=\"og:type\" content=\"article\" \/>\n<meta property=\"og:title\" content=\"Inussuit Tasersuat - Arctic Excursions\" \/>\n<meta property=\"og:description\" content=\"Kom med til Inussuit tasersuat\" \/>\n<meta property=\"og:url\" content=\"https:\/\/test.arctic.klean.it\/udflugter\/inussuit-tasersuat\/\" \/>\n<meta property=\"og:site_name\" content=\"Arctic Excursions\" \/>\n<meta property=\"article:modified_time\" content=\"2023-10-10T09:08:16+00:00\" \/>\n<meta property=\"og:image\" content=\"https:\/\/test.arctic.klean.it\/wp-content\/uploads\/2023\/01\/Maniitsoq-Adventure-Tours-tour-billede-4.jpg\" \/>\n\t<meta property=\"og:image:width\" content=\"1004\" \/>\n\t<meta property=\"og:image:height\" content=\"700\" \/>\n\t<meta property=\"og:image:type\" content=\"image\/jpeg\" \/>\n<meta name=\"twitter:card\" content=\"summary_large_image\" \/>\n<script type=\"application\/ld+json\" class=\"yoast-schema-graph\">{\"@context\":\"https:\/\/schema.org\",\"@graph\":[{\"@type\":\"WebPage\",\"@id\":\"https:\/\/test.arctic.klean.it\/udflugter\/inussuit-tasersuat\/\",\"url\":\"https:\/\/test.arctic.klean.it\/udflugter\/inussuit-tasersuat\/\",\"name\":\"Inussuit Tasersuat - Arctic Excursions\",\"isPartOf\":{\"@id\":\"https:\/\/test.arctic.klean.it\/#website\"},\"primaryImageOfPage\":{\"@id\":\"https:\/\/test.arctic.klean.it\/udflugter\/inussuit-tasersuat\/#primaryimage\"},\"image\":{\"@id\":\"https:\/\/test.arctic.klean.it\/udflugter\/inussuit-tasersuat\/#primaryimage\"},\"thumbnailUrl\":\"https:\/\/test.arctic.klean.it\/wp-content\/uploads\/2023\/01\/Maniitsoq-Adventure-Tours-tour-billede-4.jpg\",\"datePublished\":\"2023-01-09T18:20:58+00:00\",\"dateModified\":\"2023-10-10T09:08:16+00:00\",\"breadcrumb\":{\"@id\":\"https:\/\/test.arctic.klean.it\/udflugter\/inussuit-tasersuat\/#breadcrumb\"},\"inLanguage\":\"da-DK\",\"potentialAction\":[{\"@type\":\"ReadAction\",\"target\":[\"https:\/\/test.arctic.klean.it\/udflugter\/inussuit-tasersuat\/\"]}]},{\"@type\":\"ImageObject\",\"inLanguage\":\"da-DK\",\"@id\":\"https:\/\/test.arctic.klean.it\/udflugter\/inussuit-tasersuat\/#primaryimage\",\"url\":\"https:\/\/test.arctic.klean.it\/wp-content\/uploads\/2023\/01\/Maniitsoq-Adventure-Tours-tour-billede-4.jpg\",\"contentUrl\":\"https:\/\/test.arctic.klean.it\/wp-content\/uploads\/2023\/01\/Maniitsoq-Adventure-Tours-tour-billede-4.jpg\",\"width\":1004,\"height\":700},{\"@type\":\"BreadcrumbList\",\"@id\":\"https:\/\/test.arctic.klean.it\/udflugter\/inussuit-tasersuat\/#breadcrumb\",\"itemListElement\":[{\"@type\":\"ListItem\",\"position\":1,\"name\":\"Udflugter i Gr\u00f8nland\",\"item\":\"https:\/\/test.arctic.klean.it\/da\/udflugter\/\"},{\"@type\":\"ListItem\",\"position\":2,\"name\":\"Inussuit Tasersuat\"}]},{\"@type\":\"WebSite\",\"@id\":\"https:\/\/test.arctic.klean.it\/#website\",\"url\":\"https:\/\/test.arctic.klean.it\/\",\"name\":\"Arctic Excursions\",\"description\":\"New adventures. Every day.\",\"potentialAction\":[{\"@type\":\"SearchAction\",\"target\":{\"@type\":\"EntryPoint\",\"urlTemplate\":\"https:\/\/test.arctic.klean.it\/?s={search_term_string}\"},\"query-input\":{\"@type\":\"PropertyValueSpecification\",\"valueRequired\":true,\"valueName\":\"search_term_string\"}}],\"inLanguage\":\"da-DK\"}]}<\/script>\n<!-- \/ Yoast SEO plugin. -->","yoast_head_json":{"title":"Arctic Excursions","robots":{"index":"index","follow":"follow","max-snippet":"max-snippet:-1","max-image-preview":"max-image-preview:large","max-video-preview":"max-video-preview:-1"},"canonical":"https:\/\/test.arctic.klean.it\/udflugter\/inussuit-tasersuat\/","og_locale":"da_DK","og_type":"article","og_title":"Inussuit Tasersuat - Arctic Excursions","og_description":"Kom med til Inussuit tasersuat","og_url":"https:\/\/test.arctic.klean.it\/udflugter\/inussuit-tasersuat\/","og_site_name":"Arctic Excursions","article_modified_time":"2023-10-10T09:08:16+00:00","og_image":[{"width":1004,"height":700,"url":"https:\/\/test.arctic.klean.it\/wp-content\/uploads\/2023\/01\/Maniitsoq-Adventure-Tours-tour-billede-4.jpg","type":"image\/jpeg"}],"twitter_card":"summary_large_image","schema":{"@context":"https:\/\/schema.org","@graph":[{"@type":"WebPage","@id":"https:\/\/test.arctic.klean.it\/udflugter\/inussuit-tasersuat\/","url":"https:\/\/test.arctic.klean.it\/udflugter\/inussuit-tasersuat\/","name":"Inussuit Tasersuat - Arctic Excursions","isPartOf":{"@id":"https:\/\/test.arctic.klean.it\/#website"},"primaryImageOfPage":{"@id":"https:\/\/test.arctic.klean.it\/udflugter\/inussuit-tasersuat\/#primaryimage"},"image":{"@id":"https:\/\/test.arctic.klean.it\/udflugter\/inussuit-tasersuat\/#primaryimage"},"thumbnailUrl":"https:\/\/test.arctic.klean.it\/wp-content\/uploads\/2023\/01\/Maniitsoq-Adventure-Tours-tour-billede-4.jpg","datePublished":"2023-01-09T18:20:58+00:00","dateModified":"2023-10-10T09:08:16+00:00","breadcrumb":{"@id":"https:\/\/test.arctic.klean.it\/udflugter\/inussuit-tasersuat\/#breadcrumb"},"inLanguage":"da-DK","potentialAction":[{"@type":"ReadAction","target":["https:\/\/test.arctic.klean.it\/udflugter\/inussuit-tasersuat\/"]}]},{"@type":"ImageObject","inLanguage":"da-DK","@id":"https:\/\/test.arctic.klean.it\/udflugter\/inussuit-tasersuat\/#primaryimage","url":"https:\/\/test.arctic.klean.it\/wp-content\/uploads\/2023\/01\/Maniitsoq-Adventure-Tours-tour-billede-4.jpg","contentUrl":"https:\/\/test.arctic.klean.it\/wp-content\/uploads\/2023\/01\/Maniitsoq-Adventure-Tours-tour-billede-4.jpg","width":1004,"height":700},{"@type":"BreadcrumbList","@id":"https:\/\/test.arctic.klean.it\/udflugter\/inussuit-tasersuat\/#breadcrumb","itemListElement":[{"@type":"ListItem","position":1,"name":"Udflugter i Gr\u00f8nland","item":"https:\/\/test.arctic.klean.it\/da\/udflugter\/"},{"@type":"ListItem","position":2,"name":"Inussuit Tasersuat"}]},{"@type":"WebSite","@id":"https:\/\/test.arctic.klean.it\/#website","url":"https:\/\/test.arctic.klean.it\/","name":"Arctic Excursions","description":"New adventures. Every day.","potentialAction":[{"@type":"SearchAction","target":{"@type":"EntryPoint","urlTemplate":"https:\/\/test.arctic.klean.it\/?s={search_term_string}"},"query-input":{"@type":"PropertyValueSpecification","valueRequired":true,"valueName":"search_term_string"}}],"inLanguage":"da-DK"}]}},"_links":{"self":[{"href":"https:\/\/test.arctic.klean.it\/da\/wp-json\/wp\/v2\/product\/6908","targetHints":{"allow":["GET"]}}],"collection":[{"href":"https:\/\/test.arctic.klean.it\/da\/wp-json\/wp\/v2\/product"}],"about":[{"href":"https:\/\/test.arctic.klean.it\/da\/wp-json\/wp\/v2\/types\/product"}],"replies":[{"embeddable":true,"href":"https:\/\/test.arctic.klean.it\/da\/wp-json\/wp\/v2\/comments?post=6908"}],"wp:featuredmedia":[{"embeddable":true,"href":"https:\/\/test.arctic.klean.it\/da\/wp-json\/wp\/v2\/media\/6933"}],"wp:attachment":[{"href":"https:\/\/test.arctic.klean.it\/da\/wp-json\/wp\/v2\/media?parent=6908"}],"wp:term":[{"taxonomy":"product_brand","embeddable":true,"href":"https:\/\/test.arctic.klean.it\/da\/wp-json\/wp\/v2\/product_brand?post=6908"},{"taxonomy":"product_cat","embeddable":true,"href":"https:\/\/test.arctic.klean.it\/da\/wp-json\/wp\/v2\/product_cat?post=6908"},{"taxonomy":"product_tag","embeddable":true,"href":"https:\/\/test.arctic.klean.it\/da\/wp-json\/wp\/v2\/product_tag?post=6908"}],"curies":[{"name":"wp","href":"https:\/\/api.w.org\/{rel}","templated":true}]}}