{"id":6927,"date":"2023-01-11T14:37:21","date_gmt":"2023-01-11T12:37:21","guid":{"rendered":"https:\/\/test.arctic.klean.it\/?post_type=product&#038;p=6927"},"modified":"2023-03-31T01:00:13","modified_gmt":"2023-03-30T23:00:13","slug":"guided-northern-lights-tour-in-nuuk","status":"publish","type":"product","link":"https:\/\/test.arctic.klean.it\/da\/udflugter\/guided-northern-lights-tour-in-nuuk\/","title":{"rendered":"Guidet nordlystur i Nuuk"},"content":{"rendered":"<p>Normal afgang kl. 20.00. Turen varer ca. to timer, og vi kommer rundt i alle hj\u00f8rner af Nuuk, og fort\u00e6ller samtidig lidt om byen.<\/p>\n<p>Vores erfarne guider er rigtig gode til at finde nordlyset, selv n\u00e5r der kun er f\u00e5 huller mellem skyerne, men nordlyset er et naturf\u00e6nomen, og der er ingen garanti for at vi ser det.<\/p>\n<p>Hvis det sner, regner eller er helt overskyet, er det umuligt at se nordlyset. I disse tilf\u00e6lde aflyser vi og finder en anden dag eller refunderer din reservation.<\/p>\n<p>Angiv dit telefonnummer og e-mailadresse, s\u00e5 vi kan kontakte dig i tilf\u00e6lde af \u00e6ndringer eller d\u00e5rligt vejr. Skriv ogs\u00e5, hvor du bor, s\u00e5 henter vi dig der.<\/p>\n<p>Hvis du vil \u00f8ge dine chancer, kan du skrive, i hvilken periode du er i Nuuk, s\u00e5 fors\u00f8ger vi at finde den bedst mulige aften for din tur.<\/p>\n<p>Der kan v\u00e6re fire passagerer i bilen, men vi k\u00f8rer hver aften, ogs\u00e5 selv om der kun er \u00e9n passager.<\/p>\n<p>Hvis I er en gruppe kan det ogs\u00e5 lade sig g\u00f8re, da vi k\u00f8rer alt fra sm\u00e5 til store busser i samarbejde med vores gode samarbejdspartnere. Skriv til os, s\u00e5 \u00e5bner vi op for en st\u00f8rre booking p\u00e5 den dag I \u00f8nsker.<\/p>\n<p>Der er nordlys over Gr\u00f8nland hele \u00e5ret rundt, men de kan kun ses, n\u00e5r det er m\u00f8rkt nok. Derfor er s\u00e6sonen fra 15. september til 15. marts.<\/p>\n","protected":false},"excerpt":{"rendered":"<p>Hovedstaden Nuuk har lige under 20.000 indbyggere. For at komme v\u00e6k fra byens lys k\u00f8rer vi til de m\u00f8rkeste steder, hvor der er st\u00f8rst chance for at se nordlyset tydeligt.<\/p>\n","protected":false},"featured_media":6901,"comment_status":"open","ping_status":"closed","template":"","meta":{"_acf_changed":false},"product_brand":[],"product_cat":[101,170],"product_tag":[],"class_list":{"0":"post-6927","1":"product","2":"type-product","3":"status-publish","4":"has-post-thumbnail","6":"product_cat-tour","7":"product_cat-udflugt","8":"pa_dato-523","9":"pa_dato-350","10":"pa_dato-414","11":"pa_dato-378","12":"pa_dato-353","13":"pa_dato-415","14":"pa_dato-381","15":"pa_tidspunkt-86","16":"pa_tidspunkt-231","17":"tour_location-nuuk-da","18":"tour_type-nordlys","19":"tour_operator-guide-to-greenland","21":"first","22":"outofstock","23":"shipping-taxable","24":"product-type-variable"},"acf":[],"yoast_head":"<!-- This site is optimized with the Yoast SEO plugin v25.2 - https:\/\/yoast.com\/wordpress\/plugins\/seo\/ -->\n<title>Arctic Excursions<\/title>\n<meta name=\"robots\" content=\"index, follow, max-snippet:-1, max-image-preview:large, max-video-preview:-1\" \/>\n<link rel=\"canonical\" href=\"https:\/\/test.arctic.klean.it\/udflugter\/guided-northern-lights-tour-in-nuuk\/\" \/>\n<meta property=\"og:locale\" content=\"da_DK\" \/>\n<meta property=\"og:type\" content=\"article\" \/>\n<meta property=\"og:title\" content=\"Guidet nordlystur i Nuuk - Arctic Excursions\" \/>\n<meta property=\"og:description\" content=\"Hovedstaden Nuuk har lige under 20.000 indbyggere. For at komme v\u00e6k fra byens lys k\u00f8rer vi til de m\u00f8rkeste steder, hvor der er st\u00f8rst chance for at se nordlyset tydeligt.\" \/>\n<meta property=\"og:url\" content=\"https:\/\/test.arctic.klean.it\/udflugter\/guided-northern-lights-tour-in-nuuk\/\" \/>\n<meta property=\"og:site_name\" content=\"Arctic Excursions\" \/>\n<meta property=\"article:modified_time\" content=\"2023-03-30T23:00:13+00:00\" \/>\n<meta property=\"og:image\" content=\"https:\/\/test.arctic.klean.it\/wp-content\/uploads\/2023\/01\/NL-Mosquito-Valley-scaled.jpg\" \/>\n\t<meta property=\"og:image:width\" content=\"2560\" \/>\n\t<meta property=\"og:image:height\" content=\"1442\" \/>\n\t<meta property=\"og:image:type\" content=\"image\/jpeg\" \/>\n<meta name=\"twitter:card\" content=\"summary_large_image\" \/>\n<meta name=\"twitter:label1\" content=\"Estimeret l\u00e6setid\" \/>\n\t<meta name=\"twitter:data1\" content=\"1 minut\" \/>\n<script type=\"application\/ld+json\" class=\"yoast-schema-graph\">{\"@context\":\"https:\/\/schema.org\",\"@graph\":[{\"@type\":\"WebPage\",\"@id\":\"https:\/\/test.arctic.klean.it\/udflugter\/guided-northern-lights-tour-in-nuuk\/\",\"url\":\"https:\/\/test.arctic.klean.it\/udflugter\/guided-northern-lights-tour-in-nuuk\/\",\"name\":\"Guidet nordlystur i Nuuk - Arctic Excursions\",\"isPartOf\":{\"@id\":\"https:\/\/test.arctic.klean.it\/#website\"},\"primaryImageOfPage\":{\"@id\":\"https:\/\/test.arctic.klean.it\/udflugter\/guided-northern-lights-tour-in-nuuk\/#primaryimage\"},\"image\":{\"@id\":\"https:\/\/test.arctic.klean.it\/udflugter\/guided-northern-lights-tour-in-nuuk\/#primaryimage\"},\"thumbnailUrl\":\"https:\/\/test.arctic.klean.it\/wp-content\/uploads\/2023\/01\/NL-Mosquito-Valley-scaled.jpg\",\"datePublished\":\"2023-01-11T12:37:21+00:00\",\"dateModified\":\"2023-03-30T23:00:13+00:00\",\"breadcrumb\":{\"@id\":\"https:\/\/test.arctic.klean.it\/udflugter\/guided-northern-lights-tour-in-nuuk\/#breadcrumb\"},\"inLanguage\":\"da-DK\",\"potentialAction\":[{\"@type\":\"ReadAction\",\"target\":[\"https:\/\/test.arctic.klean.it\/udflugter\/guided-northern-lights-tour-in-nuuk\/\"]}]},{\"@type\":\"ImageObject\",\"inLanguage\":\"da-DK\",\"@id\":\"https:\/\/test.arctic.klean.it\/udflugter\/guided-northern-lights-tour-in-nuuk\/#primaryimage\",\"url\":\"https:\/\/test.arctic.klean.it\/wp-content\/uploads\/2023\/01\/NL-Mosquito-Valley-scaled.jpg\",\"contentUrl\":\"https:\/\/test.arctic.klean.it\/wp-content\/uploads\/2023\/01\/NL-Mosquito-Valley-scaled.jpg\",\"width\":2560,\"height\":1442},{\"@type\":\"BreadcrumbList\",\"@id\":\"https:\/\/test.arctic.klean.it\/udflugter\/guided-northern-lights-tour-in-nuuk\/#breadcrumb\",\"itemListElement\":[{\"@type\":\"ListItem\",\"position\":1,\"name\":\"Udflugter i Gr\u00f8nland\",\"item\":\"https:\/\/test.arctic.klean.it\/da\/udflugter\/\"},{\"@type\":\"ListItem\",\"position\":2,\"name\":\"Guidet nordlystur i Nuuk\"}]},{\"@type\":\"WebSite\",\"@id\":\"https:\/\/test.arctic.klean.it\/#website\",\"url\":\"https:\/\/test.arctic.klean.it\/\",\"name\":\"Arctic Excursions\",\"description\":\"New adventures. Every day.\",\"potentialAction\":[{\"@type\":\"SearchAction\",\"target\":{\"@type\":\"EntryPoint\",\"urlTemplate\":\"https:\/\/test.arctic.klean.it\/?s={search_term_string}\"},\"query-input\":{\"@type\":\"PropertyValueSpecification\",\"valueRequired\":true,\"valueName\":\"search_term_string\"}}],\"inLanguage\":\"da-DK\"}]}<\/script>\n<!-- \/ Yoast SEO plugin. -->","yoast_head_json":{"title":"Arctic Excursions","robots":{"index":"index","follow":"follow","max-snippet":"max-snippet:-1","max-image-preview":"max-image-preview:large","max-video-preview":"max-video-preview:-1"},"canonical":"https:\/\/test.arctic.klean.it\/udflugter\/guided-northern-lights-tour-in-nuuk\/","og_locale":"da_DK","og_type":"article","og_title":"Guidet nordlystur i Nuuk - Arctic Excursions","og_description":"Hovedstaden Nuuk har lige under 20.000 indbyggere. For at komme v\u00e6k fra byens lys k\u00f8rer vi til de m\u00f8rkeste steder, hvor der er st\u00f8rst chance for at se nordlyset tydeligt.","og_url":"https:\/\/test.arctic.klean.it\/udflugter\/guided-northern-lights-tour-in-nuuk\/","og_site_name":"Arctic Excursions","article_modified_time":"2023-03-30T23:00:13+00:00","og_image":[{"width":2560,"height":1442,"url":"https:\/\/test.arctic.klean.it\/wp-content\/uploads\/2023\/01\/NL-Mosquito-Valley-scaled.jpg","type":"image\/jpeg"}],"twitter_card":"summary_large_image","twitter_misc":{"Estimeret l\u00e6setid":"1 minut"},"schema":{"@context":"https:\/\/schema.org","@graph":[{"@type":"WebPage","@id":"https:\/\/test.arctic.klean.it\/udflugter\/guided-northern-lights-tour-in-nuuk\/","url":"https:\/\/test.arctic.klean.it\/udflugter\/guided-northern-lights-tour-in-nuuk\/","name":"Guidet nordlystur i Nuuk - Arctic Excursions","isPartOf":{"@id":"https:\/\/test.arctic.klean.it\/#website"},"primaryImageOfPage":{"@id":"https:\/\/test.arctic.klean.it\/udflugter\/guided-northern-lights-tour-in-nuuk\/#primaryimage"},"image":{"@id":"https:\/\/test.arctic.klean.it\/udflugter\/guided-northern-lights-tour-in-nuuk\/#primaryimage"},"thumbnailUrl":"https:\/\/test.arctic.klean.it\/wp-content\/uploads\/2023\/01\/NL-Mosquito-Valley-scaled.jpg","datePublished":"2023-01-11T12:37:21+00:00","dateModified":"2023-03-30T23:00:13+00:00","breadcrumb":{"@id":"https:\/\/test.arctic.klean.it\/udflugter\/guided-northern-lights-tour-in-nuuk\/#breadcrumb"},"inLanguage":"da-DK","potentialAction":[{"@type":"ReadAction","target":["https:\/\/test.arctic.klean.it\/udflugter\/guided-northern-lights-tour-in-nuuk\/"]}]},{"@type":"ImageObject","inLanguage":"da-DK","@id":"https:\/\/test.arctic.klean.it\/udflugter\/guided-northern-lights-tour-in-nuuk\/#primaryimage","url":"https:\/\/test.arctic.klean.it\/wp-content\/uploads\/2023\/01\/NL-Mosquito-Valley-scaled.jpg","contentUrl":"https:\/\/test.arctic.klean.it\/wp-content\/uploads\/2023\/01\/NL-Mosquito-Valley-scaled.jpg","width":2560,"height":1442},{"@type":"BreadcrumbList","@id":"https:\/\/test.arctic.klean.it\/udflugter\/guided-northern-lights-tour-in-nuuk\/#breadcrumb","itemListElement":[{"@type":"ListItem","position":1,"name":"Udflugter i Gr\u00f8nland","item":"https:\/\/test.arctic.klean.it\/da\/udflugter\/"},{"@type":"ListItem","position":2,"name":"Guidet nordlystur i Nuuk"}]},{"@type":"WebSite","@id":"https:\/\/test.arctic.klean.it\/#website","url":"https:\/\/test.arctic.klean.it\/","name":"Arctic Excursions","description":"New adventures. Every day.","potentialAction":[{"@type":"SearchAction","target":{"@type":"EntryPoint","urlTemplate":"https:\/\/test.arctic.klean.it\/?s={search_term_string}"},"query-input":{"@type":"PropertyValueSpecification","valueRequired":true,"valueName":"search_term_string"}}],"inLanguage":"da-DK"}]}},"_links":{"self":[{"href":"https:\/\/test.arctic.klean.it\/da\/wp-json\/wp\/v2\/product\/6927","targetHints":{"allow":["GET"]}}],"collection":[{"href":"https:\/\/test.arctic.klean.it\/da\/wp-json\/wp\/v2\/product"}],"about":[{"href":"https:\/\/test.arctic.klean.it\/da\/wp-json\/wp\/v2\/types\/product"}],"replies":[{"embeddable":true,"href":"https:\/\/test.arctic.klean.it\/da\/wp-json\/wp\/v2\/comments?post=6927"}],"wp:featuredmedia":[{"embeddable":true,"href":"https:\/\/test.arctic.klean.it\/da\/wp-json\/wp\/v2\/media\/6901"}],"wp:attachment":[{"href":"https:\/\/test.arctic.klean.it\/da\/wp-json\/wp\/v2\/media?parent=6927"}],"wp:term":[{"taxonomy":"product_brand","embeddable":true,"href":"https:\/\/test.arctic.klean.it\/da\/wp-json\/wp\/v2\/product_brand?post=6927"},{"taxonomy":"product_cat","embeddable":true,"href":"https:\/\/test.arctic.klean.it\/da\/wp-json\/wp\/v2\/product_cat?post=6927"},{"taxonomy":"product_tag","embeddable":true,"href":"https:\/\/test.arctic.klean.it\/da\/wp-json\/wp\/v2\/product_tag?post=6927"}],"curies":[{"name":"wp","href":"https:\/\/api.w.org\/{rel}","templated":true}]}}