{"id":7764,"date":"2023-01-17T15:19:41","date_gmt":"2023-01-17T13:19:41","guid":{"rendered":"https:\/\/test.arctic.klean.it\/?post_type=product&#038;p=7764"},"modified":"2023-05-31T16:04:23","modified_gmt":"2023-05-31T14:04:23","slug":"torskefiskeri-i-aaben-baad","status":"publish","type":"product","link":"https:\/\/test.arctic.klean.it\/da\/udflugter\/torskefiskeri-i-aaben-baad\/","title":{"rendered":"Torskefiskeri i \u00e5ben b\u00e5d"},"content":{"rendered":"<p>Oplev fiskeri efter torsk i Maniitsoq!<\/p>\n<p>Vi sejler med en \u00e5ben b\u00e5d i de smukke omgivelser i Maniitsoq fjord. <\/p>\n<p>Fisketure arrangeres efter vejrforholdene i Maniitsoq-omr\u00e5det. <\/p>\n<p>Vi fors\u00f8ger at fange torsk, og hvis vi er heldige, fanger vi havkat og helleflynder. <\/p>\n<p>Fiskegrej er inkluderet i prisen.<\/p>\n<p>Det er dog ogs\u00e5 muligt at medbringe sit eget fiskegrej.  <\/p>\n<p><b>Varighed:<\/b> 4 timer<\/p>\n<p><b>Minimum:<\/b> 4 personer<\/p>\n<p><b>Max:<\/b> 6 personer<\/p>\n","protected":false},"excerpt":{"rendered":"<p>Kunne du t\u00e6nke dig at opleve fiskeri i Maniitsoq-omr\u00e5det?<\/p>\n","protected":false},"featured_media":7603,"comment_status":"open","ping_status":"closed","template":"","meta":{"_acf_changed":false},"product_brand":[],"product_cat":[101,170],"product_tag":[],"class_list":{"0":"post-7764","1":"product","2":"type-product","3":"status-publish","4":"has-post-thumbnail","6":"product_cat-tour","7":"product_cat-udflugt","8":"pa_dato-576","9":"pa_dato-583","10":"pa_dato-585","11":"pa_dato-586","12":"pa_dato-676","13":"pa_dato-626","14":"pa_dato-627","15":"pa_dato-628","16":"pa_dato-629","17":"pa_dato-630","18":"pa_dato-631","19":"pa_dato-632","20":"pa_dato-634","21":"pa_dato-635","22":"pa_dato-636","23":"pa_dato-637","24":"pa_dato-638","25":"pa_dato-639","26":"pa_dato-640","27":"pa_dato-641","28":"pa_dato-642","29":"pa_dato-643","30":"pa_dato-644","31":"pa_dato-645","32":"pa_dato-646","33":"pa_dato-647","34":"pa_dato-648","35":"pa_dato-649","36":"pa_dato-650","37":"pa_dato-651","38":"pa_dato-652","39":"pa_tidspunkt-177","40":"tour_location-maniitsoq-da","41":"tour_type-baadture","42":"tour_operator-maniitsoq-adventure-tours","44":"first","45":"outofstock","46":"shipping-taxable","47":"product-type-variable"},"acf":[],"yoast_head":"<!-- This site is optimized with the Yoast SEO plugin v25.2 - https:\/\/yoast.com\/wordpress\/plugins\/seo\/ -->\n<title>Arctic Excursions<\/title>\n<meta name=\"robots\" content=\"index, follow, max-snippet:-1, max-image-preview:large, max-video-preview:-1\" \/>\n<link rel=\"canonical\" href=\"https:\/\/test.arctic.klean.it\/udflugter\/cod-fishing\/\" \/>\n<meta property=\"og:locale\" content=\"da_DK\" \/>\n<meta property=\"og:type\" content=\"article\" \/>\n<meta property=\"og:title\" content=\"Torskefiskeri i \u00e5ben b\u00e5d - Arctic Excursions\" \/>\n<meta property=\"og:description\" content=\"Kunne du t\u00e6nke dig at opleve fiskeri i Maniitsoq-omr\u00e5det?\" \/>\n<meta property=\"og:url\" content=\"https:\/\/test.arctic.klean.it\/udflugter\/cod-fishing\/\" \/>\n<meta property=\"og:site_name\" content=\"Arctic Excursions\" \/>\n<meta property=\"article:modified_time\" content=\"2023-05-31T14:04:23+00:00\" \/>\n<meta property=\"og:image\" content=\"https:\/\/test.arctic.klean.it\/wp-content\/uploads\/2023\/01\/cod-fishing.jpeg\" \/>\n\t<meta property=\"og:image:width\" content=\"1170\" \/>\n\t<meta property=\"og:image:height\" content=\"526\" \/>\n\t<meta property=\"og:image:type\" content=\"image\/jpeg\" \/>\n<meta name=\"twitter:card\" content=\"summary_large_image\" \/>\n<script type=\"application\/ld+json\" class=\"yoast-schema-graph\">{\"@context\":\"https:\/\/schema.org\",\"@graph\":[{\"@type\":\"WebPage\",\"@id\":\"https:\/\/test.arctic.klean.it\/udflugter\/cod-fishing\/\",\"url\":\"https:\/\/test.arctic.klean.it\/udflugter\/cod-fishing\/\",\"name\":\"Torskefiskeri i \u00e5ben b\u00e5d - Arctic Excursions\",\"isPartOf\":{\"@id\":\"https:\/\/test.arctic.klean.it\/#website\"},\"primaryImageOfPage\":{\"@id\":\"https:\/\/test.arctic.klean.it\/udflugter\/cod-fishing\/#primaryimage\"},\"image\":{\"@id\":\"https:\/\/test.arctic.klean.it\/udflugter\/cod-fishing\/#primaryimage\"},\"thumbnailUrl\":\"https:\/\/test.arctic.klean.it\/wp-content\/uploads\/2023\/01\/cod-fishing.jpeg\",\"datePublished\":\"2023-01-17T13:19:41+00:00\",\"dateModified\":\"2023-05-31T14:04:23+00:00\",\"breadcrumb\":{\"@id\":\"https:\/\/test.arctic.klean.it\/udflugter\/cod-fishing\/#breadcrumb\"},\"inLanguage\":\"da-DK\",\"potentialAction\":[{\"@type\":\"ReadAction\",\"target\":[\"https:\/\/test.arctic.klean.it\/udflugter\/cod-fishing\/\"]}]},{\"@type\":\"ImageObject\",\"inLanguage\":\"da-DK\",\"@id\":\"https:\/\/test.arctic.klean.it\/udflugter\/cod-fishing\/#primaryimage\",\"url\":\"https:\/\/test.arctic.klean.it\/wp-content\/uploads\/2023\/01\/cod-fishing.jpeg\",\"contentUrl\":\"https:\/\/test.arctic.klean.it\/wp-content\/uploads\/2023\/01\/cod-fishing.jpeg\",\"width\":1170,\"height\":526},{\"@type\":\"BreadcrumbList\",\"@id\":\"https:\/\/test.arctic.klean.it\/udflugter\/cod-fishing\/#breadcrumb\",\"itemListElement\":[{\"@type\":\"ListItem\",\"position\":1,\"name\":\"Udflugter i Gr\u00f8nland\",\"item\":\"https:\/\/test.arctic.klean.it\/da\/udflugter\/\"},{\"@type\":\"ListItem\",\"position\":2,\"name\":\"Torskefiskeri i \u00e5ben b\u00e5d\"}]},{\"@type\":\"WebSite\",\"@id\":\"https:\/\/test.arctic.klean.it\/#website\",\"url\":\"https:\/\/test.arctic.klean.it\/\",\"name\":\"Arctic Excursions\",\"description\":\"New adventures. Every day.\",\"potentialAction\":[{\"@type\":\"SearchAction\",\"target\":{\"@type\":\"EntryPoint\",\"urlTemplate\":\"https:\/\/test.arctic.klean.it\/?s={search_term_string}\"},\"query-input\":{\"@type\":\"PropertyValueSpecification\",\"valueRequired\":true,\"valueName\":\"search_term_string\"}}],\"inLanguage\":\"da-DK\"}]}<\/script>\n<!-- \/ Yoast SEO plugin. -->","yoast_head_json":{"title":"Arctic Excursions","robots":{"index":"index","follow":"follow","max-snippet":"max-snippet:-1","max-image-preview":"max-image-preview:large","max-video-preview":"max-video-preview:-1"},"canonical":"https:\/\/test.arctic.klean.it\/udflugter\/cod-fishing\/","og_locale":"da_DK","og_type":"article","og_title":"Torskefiskeri i \u00e5ben b\u00e5d - Arctic Excursions","og_description":"Kunne du t\u00e6nke dig at opleve fiskeri i Maniitsoq-omr\u00e5det?","og_url":"https:\/\/test.arctic.klean.it\/udflugter\/cod-fishing\/","og_site_name":"Arctic Excursions","article_modified_time":"2023-05-31T14:04:23+00:00","og_image":[{"width":1170,"height":526,"url":"https:\/\/test.arctic.klean.it\/wp-content\/uploads\/2023\/01\/cod-fishing.jpeg","type":"image\/jpeg"}],"twitter_card":"summary_large_image","schema":{"@context":"https:\/\/schema.org","@graph":[{"@type":"WebPage","@id":"https:\/\/test.arctic.klean.it\/udflugter\/cod-fishing\/","url":"https:\/\/test.arctic.klean.it\/udflugter\/cod-fishing\/","name":"Torskefiskeri i \u00e5ben b\u00e5d - Arctic Excursions","isPartOf":{"@id":"https:\/\/test.arctic.klean.it\/#website"},"primaryImageOfPage":{"@id":"https:\/\/test.arctic.klean.it\/udflugter\/cod-fishing\/#primaryimage"},"image":{"@id":"https:\/\/test.arctic.klean.it\/udflugter\/cod-fishing\/#primaryimage"},"thumbnailUrl":"https:\/\/test.arctic.klean.it\/wp-content\/uploads\/2023\/01\/cod-fishing.jpeg","datePublished":"2023-01-17T13:19:41+00:00","dateModified":"2023-05-31T14:04:23+00:00","breadcrumb":{"@id":"https:\/\/test.arctic.klean.it\/udflugter\/cod-fishing\/#breadcrumb"},"inLanguage":"da-DK","potentialAction":[{"@type":"ReadAction","target":["https:\/\/test.arctic.klean.it\/udflugter\/cod-fishing\/"]}]},{"@type":"ImageObject","inLanguage":"da-DK","@id":"https:\/\/test.arctic.klean.it\/udflugter\/cod-fishing\/#primaryimage","url":"https:\/\/test.arctic.klean.it\/wp-content\/uploads\/2023\/01\/cod-fishing.jpeg","contentUrl":"https:\/\/test.arctic.klean.it\/wp-content\/uploads\/2023\/01\/cod-fishing.jpeg","width":1170,"height":526},{"@type":"BreadcrumbList","@id":"https:\/\/test.arctic.klean.it\/udflugter\/cod-fishing\/#breadcrumb","itemListElement":[{"@type":"ListItem","position":1,"name":"Udflugter i Gr\u00f8nland","item":"https:\/\/test.arctic.klean.it\/da\/udflugter\/"},{"@type":"ListItem","position":2,"name":"Torskefiskeri i \u00e5ben b\u00e5d"}]},{"@type":"WebSite","@id":"https:\/\/test.arctic.klean.it\/#website","url":"https:\/\/test.arctic.klean.it\/","name":"Arctic Excursions","description":"New adventures. Every day.","potentialAction":[{"@type":"SearchAction","target":{"@type":"EntryPoint","urlTemplate":"https:\/\/test.arctic.klean.it\/?s={search_term_string}"},"query-input":{"@type":"PropertyValueSpecification","valueRequired":true,"valueName":"search_term_string"}}],"inLanguage":"da-DK"}]}},"_links":{"self":[{"href":"https:\/\/test.arctic.klean.it\/da\/wp-json\/wp\/v2\/product\/7764","targetHints":{"allow":["GET"]}}],"collection":[{"href":"https:\/\/test.arctic.klean.it\/da\/wp-json\/wp\/v2\/product"}],"about":[{"href":"https:\/\/test.arctic.klean.it\/da\/wp-json\/wp\/v2\/types\/product"}],"replies":[{"embeddable":true,"href":"https:\/\/test.arctic.klean.it\/da\/wp-json\/wp\/v2\/comments?post=7764"}],"wp:featuredmedia":[{"embeddable":true,"href":"https:\/\/test.arctic.klean.it\/da\/wp-json\/wp\/v2\/media\/7603"}],"wp:attachment":[{"href":"https:\/\/test.arctic.klean.it\/da\/wp-json\/wp\/v2\/media?parent=7764"}],"wp:term":[{"taxonomy":"product_brand","embeddable":true,"href":"https:\/\/test.arctic.klean.it\/da\/wp-json\/wp\/v2\/product_brand?post=7764"},{"taxonomy":"product_cat","embeddable":true,"href":"https:\/\/test.arctic.klean.it\/da\/wp-json\/wp\/v2\/product_cat?post=7764"},{"taxonomy":"product_tag","embeddable":true,"href":"https:\/\/test.arctic.klean.it\/da\/wp-json\/wp\/v2\/product_tag?post=7764"}],"curies":[{"name":"wp","href":"https:\/\/api.w.org\/{rel}","templated":true}]}}