{"id":8136,"date":"2023-01-23T13:57:07","date_gmt":"2023-01-23T11:57:07","guid":{"rendered":"https:\/\/test.arctic.klean.it\/?post_type=product&#038;p=8136"},"modified":"2023-05-24T17:49:52","modified_gmt":"2023-05-24T15:49:52","slug":"rypejagt","status":"publish","type":"product","link":"https:\/\/test.arctic.klean.it\/da\/udflugter\/rypejagt\/","title":{"rendered":"Rypejagt"},"content":{"rendered":"<p>Kom med p\u00e5 Rypejagt i Maniitsoq. Omr\u00e5dets sk\u00f8nhed er barsk og fuld af gletsjere, stejle bjerge og dybe fjorde. <\/p>\n<p>Der er v\u00e5ben til r\u00e5dighed. Dog er det muligt at medbringe sine egne v\u00e5gen, s\u00e5 l\u00e6nge de er egnet til form\u00e5let. Med p\u00e5 turen er en autoriseret jagt-guide. <\/p>\n<p><b>Varighed:<\/b> 6 timer<\/p>\n<p><b>Inkluderet:<\/b> Kaffe og te <\/p>\n<p><b>Minimum \/ Maksimum:<\/b> 2 personer<\/p>\n<p><b>Sv\u00e6rhedsgrad:<\/b> Medium \/ h\u00e5rd<\/p>\n","protected":false},"excerpt":{"rendered":"<p>Kom med ud p\u00e5 rypejagt i Maniitsoq-omr\u00e5det. <\/p>\n","protected":false},"featured_media":8236,"comment_status":"open","ping_status":"closed","template":"","meta":{"_acf_changed":false},"product_brand":[],"product_cat":[101,170],"product_tag":[],"class_list":{"0":"post-8136","1":"product","2":"type-product","3":"status-publish","4":"has-post-thumbnail","6":"product_cat-tour","7":"product_cat-udflugt","8":"pa_dato-569","9":"pa_dato-402","10":"pa_dato-677","11":"pa_dato-530","12":"pa_dato-464","13":"pa_dato-532","14":"pa_dato-403","15":"pa_dato-450","16":"pa_dato-404","17":"pa_dato-509","18":"pa_dato-531","19":"pa_dato-332","20":"pa_dato-319","21":"pa_dato-320","22":"pa_dato-327","23":"pa_dato-333","24":"pa_dato-331","25":"pa_dato-408","26":"pa_dato-334","27":"pa_dato-360","28":"pa_dato-361","29":"pa_dato-362","30":"pa_dato-335","31":"pa_dato-336","32":"pa_dato-409","33":"pa_dato-337","34":"pa_dato-363","35":"pa_dato-364","36":"pa_dato-365","37":"pa_dato-338","38":"pa_dato-339","39":"pa_dato-410","40":"pa_dato-340","41":"pa_dato-366","42":"pa_dato-367","43":"pa_dato-368","44":"pa_dato-341","45":"pa_dato-342","46":"pa_dato-411","47":"pa_tidspunkt-40","48":"pa_tidspunkt-177","49":"tour_location-maniitsoq-da","50":"tour_type-outdoor-da","51":"tour_operator-maniitsoq-adventure-tours","53":"first","54":"outofstock","55":"shipping-taxable","56":"product-type-variable"},"acf":[],"yoast_head":"<!-- This site is optimized with the Yoast SEO plugin v25.2 - https:\/\/yoast.com\/wordpress\/plugins\/seo\/ -->\n<title>Arctic Excursions<\/title>\n<meta name=\"robots\" content=\"index, follow, max-snippet:-1, max-image-preview:large, max-video-preview:-1\" \/>\n<link rel=\"canonical\" href=\"https:\/\/test.arctic.klean.it\/udflugter\/ptarmigan-hunting\/\" \/>\n<meta property=\"og:locale\" content=\"da_DK\" \/>\n<meta property=\"og:type\" content=\"article\" \/>\n<meta property=\"og:title\" content=\"Rypejagt - Arctic Excursions\" \/>\n<meta property=\"og:description\" content=\"Kom med ud p\u00e5 rypejagt i Maniitsoq-omr\u00e5det.\" \/>\n<meta property=\"og:url\" content=\"https:\/\/test.arctic.klean.it\/udflugter\/ptarmigan-hunting\/\" \/>\n<meta property=\"og:site_name\" content=\"Arctic Excursions\" \/>\n<meta property=\"article:modified_time\" content=\"2023-05-24T15:49:52+00:00\" \/>\n<meta property=\"og:image\" content=\"https:\/\/test.arctic.klean.it\/wp-content\/uploads\/2023\/01\/Rock-Ptarmigan-Adam-Lyberth-Visit-Greenland-scaled.jpg\" \/>\n\t<meta property=\"og:image:width\" content=\"2560\" \/>\n\t<meta property=\"og:image:height\" content=\"1709\" \/>\n\t<meta property=\"og:image:type\" content=\"image\/jpeg\" \/>\n<meta name=\"twitter:card\" content=\"summary_large_image\" \/>\n<script type=\"application\/ld+json\" class=\"yoast-schema-graph\">{\"@context\":\"https:\/\/schema.org\",\"@graph\":[{\"@type\":\"WebPage\",\"@id\":\"https:\/\/test.arctic.klean.it\/udflugter\/ptarmigan-hunting\/\",\"url\":\"https:\/\/test.arctic.klean.it\/udflugter\/ptarmigan-hunting\/\",\"name\":\"Rypejagt - Arctic Excursions\",\"isPartOf\":{\"@id\":\"https:\/\/test.arctic.klean.it\/#website\"},\"primaryImageOfPage\":{\"@id\":\"https:\/\/test.arctic.klean.it\/udflugter\/ptarmigan-hunting\/#primaryimage\"},\"image\":{\"@id\":\"https:\/\/test.arctic.klean.it\/udflugter\/ptarmigan-hunting\/#primaryimage\"},\"thumbnailUrl\":\"https:\/\/test.arctic.klean.it\/wp-content\/uploads\/2023\/01\/Rock-Ptarmigan-Adam-Lyberth-Visit-Greenland-scaled.jpg\",\"datePublished\":\"2023-01-23T11:57:07+00:00\",\"dateModified\":\"2023-05-24T15:49:52+00:00\",\"breadcrumb\":{\"@id\":\"https:\/\/test.arctic.klean.it\/udflugter\/ptarmigan-hunting\/#breadcrumb\"},\"inLanguage\":\"da-DK\",\"potentialAction\":[{\"@type\":\"ReadAction\",\"target\":[\"https:\/\/test.arctic.klean.it\/udflugter\/ptarmigan-hunting\/\"]}]},{\"@type\":\"ImageObject\",\"inLanguage\":\"da-DK\",\"@id\":\"https:\/\/test.arctic.klean.it\/udflugter\/ptarmigan-hunting\/#primaryimage\",\"url\":\"https:\/\/test.arctic.klean.it\/wp-content\/uploads\/2023\/01\/Rock-Ptarmigan-Adam-Lyberth-Visit-Greenland-scaled.jpg\",\"contentUrl\":\"https:\/\/test.arctic.klean.it\/wp-content\/uploads\/2023\/01\/Rock-Ptarmigan-Adam-Lyberth-Visit-Greenland-scaled.jpg\",\"width\":2560,\"height\":1709,\"caption\":\"Crediting is required when using photos from our galleries. This means you have to credit both the photographer and Visit Greenland (http:\/\/vg.gl\/accr) Photo by Adam Lyberth - Visit Greenland This photo is licensed under Visit Greenland License Agreement. Please refer to the license agreement for more info about the rights of use associated with the image. Download the agreement here: http:\/\/vg.gl\/vglicense When downloading or sharing this image you enter into an agreement with Visit Greenland A\/S about the use of the image under this license. If you want to apply for extended user rights for downloads on this database please read these guidelines: http:\/\/vg.gl\/guidel\"},{\"@type\":\"BreadcrumbList\",\"@id\":\"https:\/\/test.arctic.klean.it\/udflugter\/ptarmigan-hunting\/#breadcrumb\",\"itemListElement\":[{\"@type\":\"ListItem\",\"position\":1,\"name\":\"Udflugter i Gr\u00f8nland\",\"item\":\"https:\/\/test.arctic.klean.it\/da\/udflugter\/\"},{\"@type\":\"ListItem\",\"position\":2,\"name\":\"Rypejagt\"}]},{\"@type\":\"WebSite\",\"@id\":\"https:\/\/test.arctic.klean.it\/#website\",\"url\":\"https:\/\/test.arctic.klean.it\/\",\"name\":\"Arctic Excursions\",\"description\":\"New adventures. Every day.\",\"potentialAction\":[{\"@type\":\"SearchAction\",\"target\":{\"@type\":\"EntryPoint\",\"urlTemplate\":\"https:\/\/test.arctic.klean.it\/?s={search_term_string}\"},\"query-input\":{\"@type\":\"PropertyValueSpecification\",\"valueRequired\":true,\"valueName\":\"search_term_string\"}}],\"inLanguage\":\"da-DK\"}]}<\/script>\n<!-- \/ Yoast SEO plugin. -->","yoast_head_json":{"title":"Arctic Excursions","robots":{"index":"index","follow":"follow","max-snippet":"max-snippet:-1","max-image-preview":"max-image-preview:large","max-video-preview":"max-video-preview:-1"},"canonical":"https:\/\/test.arctic.klean.it\/udflugter\/ptarmigan-hunting\/","og_locale":"da_DK","og_type":"article","og_title":"Rypejagt - Arctic Excursions","og_description":"Kom med ud p\u00e5 rypejagt i Maniitsoq-omr\u00e5det.","og_url":"https:\/\/test.arctic.klean.it\/udflugter\/ptarmigan-hunting\/","og_site_name":"Arctic Excursions","article_modified_time":"2023-05-24T15:49:52+00:00","og_image":[{"width":2560,"height":1709,"url":"https:\/\/test.arctic.klean.it\/wp-content\/uploads\/2023\/01\/Rock-Ptarmigan-Adam-Lyberth-Visit-Greenland-scaled.jpg","type":"image\/jpeg"}],"twitter_card":"summary_large_image","schema":{"@context":"https:\/\/schema.org","@graph":[{"@type":"WebPage","@id":"https:\/\/test.arctic.klean.it\/udflugter\/ptarmigan-hunting\/","url":"https:\/\/test.arctic.klean.it\/udflugter\/ptarmigan-hunting\/","name":"Rypejagt - Arctic Excursions","isPartOf":{"@id":"https:\/\/test.arctic.klean.it\/#website"},"primaryImageOfPage":{"@id":"https:\/\/test.arctic.klean.it\/udflugter\/ptarmigan-hunting\/#primaryimage"},"image":{"@id":"https:\/\/test.arctic.klean.it\/udflugter\/ptarmigan-hunting\/#primaryimage"},"thumbnailUrl":"https:\/\/test.arctic.klean.it\/wp-content\/uploads\/2023\/01\/Rock-Ptarmigan-Adam-Lyberth-Visit-Greenland-scaled.jpg","datePublished":"2023-01-23T11:57:07+00:00","dateModified":"2023-05-24T15:49:52+00:00","breadcrumb":{"@id":"https:\/\/test.arctic.klean.it\/udflugter\/ptarmigan-hunting\/#breadcrumb"},"inLanguage":"da-DK","potentialAction":[{"@type":"ReadAction","target":["https:\/\/test.arctic.klean.it\/udflugter\/ptarmigan-hunting\/"]}]},{"@type":"ImageObject","inLanguage":"da-DK","@id":"https:\/\/test.arctic.klean.it\/udflugter\/ptarmigan-hunting\/#primaryimage","url":"https:\/\/test.arctic.klean.it\/wp-content\/uploads\/2023\/01\/Rock-Ptarmigan-Adam-Lyberth-Visit-Greenland-scaled.jpg","contentUrl":"https:\/\/test.arctic.klean.it\/wp-content\/uploads\/2023\/01\/Rock-Ptarmigan-Adam-Lyberth-Visit-Greenland-scaled.jpg","width":2560,"height":1709,"caption":"Crediting is required when using photos from our galleries. This means you have to credit both the photographer and Visit Greenland (http:\/\/vg.gl\/accr) Photo by Adam Lyberth - Visit Greenland This photo is licensed under Visit Greenland License Agreement. Please refer to the license agreement for more info about the rights of use associated with the image. Download the agreement here: http:\/\/vg.gl\/vglicense When downloading or sharing this image you enter into an agreement with Visit Greenland A\/S about the use of the image under this license. If you want to apply for extended user rights for downloads on this database please read these guidelines: http:\/\/vg.gl\/guidel"},{"@type":"BreadcrumbList","@id":"https:\/\/test.arctic.klean.it\/udflugter\/ptarmigan-hunting\/#breadcrumb","itemListElement":[{"@type":"ListItem","position":1,"name":"Udflugter i Gr\u00f8nland","item":"https:\/\/test.arctic.klean.it\/da\/udflugter\/"},{"@type":"ListItem","position":2,"name":"Rypejagt"}]},{"@type":"WebSite","@id":"https:\/\/test.arctic.klean.it\/#website","url":"https:\/\/test.arctic.klean.it\/","name":"Arctic Excursions","description":"New adventures. Every day.","potentialAction":[{"@type":"SearchAction","target":{"@type":"EntryPoint","urlTemplate":"https:\/\/test.arctic.klean.it\/?s={search_term_string}"},"query-input":{"@type":"PropertyValueSpecification","valueRequired":true,"valueName":"search_term_string"}}],"inLanguage":"da-DK"}]}},"_links":{"self":[{"href":"https:\/\/test.arctic.klean.it\/da\/wp-json\/wp\/v2\/product\/8136","targetHints":{"allow":["GET"]}}],"collection":[{"href":"https:\/\/test.arctic.klean.it\/da\/wp-json\/wp\/v2\/product"}],"about":[{"href":"https:\/\/test.arctic.klean.it\/da\/wp-json\/wp\/v2\/types\/product"}],"replies":[{"embeddable":true,"href":"https:\/\/test.arctic.klean.it\/da\/wp-json\/wp\/v2\/comments?post=8136"}],"wp:featuredmedia":[{"embeddable":true,"href":"https:\/\/test.arctic.klean.it\/da\/wp-json\/wp\/v2\/media\/8236"}],"wp:attachment":[{"href":"https:\/\/test.arctic.klean.it\/da\/wp-json\/wp\/v2\/media?parent=8136"}],"wp:term":[{"taxonomy":"product_brand","embeddable":true,"href":"https:\/\/test.arctic.klean.it\/da\/wp-json\/wp\/v2\/product_brand?post=8136"},{"taxonomy":"product_cat","embeddable":true,"href":"https:\/\/test.arctic.klean.it\/da\/wp-json\/wp\/v2\/product_cat?post=8136"},{"taxonomy":"product_tag","embeddable":true,"href":"https:\/\/test.arctic.klean.it\/da\/wp-json\/wp\/v2\/product_tag?post=8136"}],"curies":[{"name":"wp","href":"https:\/\/api.w.org\/{rel}","templated":true}]}}