{"id":8182,"date":"2023-01-26T13:10:33","date_gmt":"2023-01-26T11:10:33","guid":{"rendered":"https:\/\/test.arctic.klean.it\/?post_type=product&#038;p=8182"},"modified":"2025-02-28T13:59:02","modified_gmt":"2025-02-28T11:59:02","slug":"backcountry-sleepover","status":"publish","type":"product","link":"https:\/\/test.arctic.klean.it\/da\/udflugter\/backcountry-sleepover\/","title":{"rendered":"Telttur i Nuuks bagland"},"content":{"rendered":"<p>Vi starter dette eventyr ved udkanten af byen og g\u00e5r ud i fjeldene, langt fra byens larm og travlhed. <\/p>\n<p>Vi overnatter i telt med masser af b\u00e5lhygge ude i baglandets stilhed og storhed. <\/p>\n<p>Guiden forbereder en middag af lokale r\u00e5varer, deler nogle jagt-anekdoter og forklarer hvordan man fanger og samler maden, du skal til at spise i Gr\u00f8nland.<\/p>\n<p>Forestil dig at ligge i en varm sovepose og lytte til teltet, der blafrer i den k\u00f8lige k\u00f8lige vind udenfor &#8211; det er magisk!<\/p>\n<p>P\u00e5 klare n\u00e6tter er dette et fantastisk sted at opleve nordlyset, da vi ikke bliver p\u00e5virket af lysforurening. <\/p>\n<p>Dagen efter vender vi tilbage mod civilisationen efter morgenmad og en kop kaffe eller te brygget p\u00e5 smeltet sne. Klar til at komme hjem og dele de sp\u00e6ndende fort\u00e6llinger med andre.<\/p>\n<p><b>Inkluderet:<\/b> Leje af snesko, sovepose og underlag, middag, morgenmad og kaffe og te.<\/p>\n<p><b>Antal personer for at g\u00f8re denne tur mulig:<\/b> 3 personer<\/p>\n<p><b>Max antal personer:<\/b> 8 personer<\/p>\n<p>(St\u00f8rre og mindre grupper kan arrangeres efter foresp\u00f8rgsel)<\/p>\n","protected":false},"excerpt":{"rendered":"<p>Tag med os p\u00e5 en sneskotur ind i Nuuks vildmark og tilbring natten i teltlejr ude mellem fjeldtinderne! <\/p>\n","protected":false},"featured_media":8193,"comment_status":"open","ping_status":"closed","template":"","meta":{"_acf_changed":false},"product_brand":[],"product_cat":[101,170],"product_tag":[],"class_list":{"0":"post-8182","1":"product","2":"type-product","3":"status-publish","4":"has-post-thumbnail","6":"product_cat-tour","7":"product_cat-udflugt","8":"pa_dato-320","9":"pa_dato-327","10":"pa_dato-361","11":"pa_dato-362","12":"pa_dato-364","13":"pa_dato-365","14":"pa_dato-367","15":"pa_dato-368","16":"pa_dato-370","17":"pa_dato-371","18":"pa_dato-373","19":"pa_dato-374","20":"pa_dato-376","21":"pa_dato-377","22":"pa_dato-379","23":"pa_dato-380","24":"pa_dato-382","25":"pa_dato-383","26":"pa_dato-385","27":"pa_dato-386","28":"pa_dato-389","29":"pa_dato-390","30":"pa_dato-393","31":"pa_dato-394","32":"pa_dato-397","33":"pa_dato-398","34":"pa_dato-614","35":"pa_dato-733","36":"pa_dato-734","37":"pa_dato-772","38":"pa_dato-773","39":"pa_dato-774","40":"pa_dato-775","41":"pa_dato-941","42":"pa_dato-776","43":"pa_dato-777","44":"pa_dato-778","45":"pa_dato-769","46":"pa_dato-779","47":"pa_dato-780","48":"pa_dato-781","49":"pa_dato-782","50":"pa_dato-783","51":"pa_dato-784","52":"pa_dato-785","53":"pa_dato-786","54":"pa_dato-787","55":"pa_dato-788","56":"pa_dato-789","57":"pa_dato-790","58":"pa_dato-791","59":"pa_dato-792","60":"pa_dato-793","61":"pa_dato-794","62":"pa_dato-795","63":"pa_dato-796","64":"pa_dato-797","65":"pa_dato-798","66":"pa_dato-799","67":"pa_dato-800","68":"pa_dato-801","69":"pa_dato-802","70":"pa_dato-803","71":"pa_dato-804","72":"pa_dato-805","73":"pa_dato-806","74":"pa_dato-807","75":"pa_dato-956","76":"pa_dato-963","77":"pa_dato-971","78":"pa_dato-975","79":"pa_dato-957","80":"pa_tidspunkt-946","81":"pa_tidspunkt-40","82":"pa_tidspunkt-947","83":"pa_tidspunkt-61","84":"pa_tidspunkt-770","85":"tour_location-nuuk-da","86":"tour_type-outdoor-da","87":"tour_operator-review","89":"first","90":"instock","91":"shipping-taxable","92":"purchasable","93":"product-type-variable"},"acf":[],"yoast_head":"<!-- This site is optimized with the Yoast SEO plugin v25.2 - https:\/\/yoast.com\/wordpress\/plugins\/seo\/ -->\n<title>Arctic Excursions<\/title>\n<meta name=\"robots\" content=\"index, follow, max-snippet:-1, max-image-preview:large, max-video-preview:-1\" \/>\n<link rel=\"canonical\" href=\"https:\/\/test.arctic.klean.it\/udflugter\/backcountry-sleepover\/\" \/>\n<meta property=\"og:locale\" content=\"da_DK\" \/>\n<meta property=\"og:type\" content=\"article\" \/>\n<meta property=\"og:title\" content=\"Telttur i Nuuks bagland - Arctic Excursions\" \/>\n<meta property=\"og:description\" content=\"Tag med os p\u00e5 en sneskotur ind i Nuuks vildmark og tilbring natten i teltlejr ude mellem fjeldtinderne!\" \/>\n<meta property=\"og:url\" content=\"https:\/\/test.arctic.klean.it\/udflugter\/backcountry-sleepover\/\" \/>\n<meta property=\"og:site_name\" content=\"Arctic Excursions\" \/>\n<meta property=\"article:modified_time\" content=\"2025-02-28T11:59:02+00:00\" \/>\n<meta property=\"og:image\" content=\"https:\/\/test.arctic.klean.it\/wp-content\/uploads\/2023\/01\/IMG_0440.jpg\" \/>\n\t<meta property=\"og:image:width\" content=\"2400\" \/>\n\t<meta property=\"og:image:height\" content=\"1600\" \/>\n\t<meta property=\"og:image:type\" content=\"image\/jpeg\" \/>\n<meta name=\"twitter:card\" content=\"summary_large_image\" \/>\n<meta name=\"twitter:label1\" content=\"Estimeret l\u00e6setid\" \/>\n\t<meta name=\"twitter:data1\" content=\"1 minut\" \/>\n<script type=\"application\/ld+json\" class=\"yoast-schema-graph\">{\"@context\":\"https:\/\/schema.org\",\"@graph\":[{\"@type\":\"WebPage\",\"@id\":\"https:\/\/test.arctic.klean.it\/udflugter\/backcountry-sleepover\/\",\"url\":\"https:\/\/test.arctic.klean.it\/udflugter\/backcountry-sleepover\/\",\"name\":\"Telttur i Nuuks bagland - Arctic Excursions\",\"isPartOf\":{\"@id\":\"https:\/\/test.arctic.klean.it\/#website\"},\"primaryImageOfPage\":{\"@id\":\"https:\/\/test.arctic.klean.it\/udflugter\/backcountry-sleepover\/#primaryimage\"},\"image\":{\"@id\":\"https:\/\/test.arctic.klean.it\/udflugter\/backcountry-sleepover\/#primaryimage\"},\"thumbnailUrl\":\"https:\/\/test.arctic.klean.it\/wp-content\/uploads\/2023\/01\/IMG_0440.jpg\",\"datePublished\":\"2023-01-26T11:10:33+00:00\",\"dateModified\":\"2025-02-28T11:59:02+00:00\",\"breadcrumb\":{\"@id\":\"https:\/\/test.arctic.klean.it\/udflugter\/backcountry-sleepover\/#breadcrumb\"},\"inLanguage\":\"da-DK\",\"potentialAction\":[{\"@type\":\"ReadAction\",\"target\":[\"https:\/\/test.arctic.klean.it\/udflugter\/backcountry-sleepover\/\"]}]},{\"@type\":\"ImageObject\",\"inLanguage\":\"da-DK\",\"@id\":\"https:\/\/test.arctic.klean.it\/udflugter\/backcountry-sleepover\/#primaryimage\",\"url\":\"https:\/\/test.arctic.klean.it\/wp-content\/uploads\/2023\/01\/IMG_0440.jpg\",\"contentUrl\":\"https:\/\/test.arctic.klean.it\/wp-content\/uploads\/2023\/01\/IMG_0440.jpg\",\"width\":2160,\"height\":1440},{\"@type\":\"BreadcrumbList\",\"@id\":\"https:\/\/test.arctic.klean.it\/udflugter\/backcountry-sleepover\/#breadcrumb\",\"itemListElement\":[{\"@type\":\"ListItem\",\"position\":1,\"name\":\"Udflugter i Gr\u00f8nland\",\"item\":\"https:\/\/test.arctic.klean.it\/da\/udflugter\/\"},{\"@type\":\"ListItem\",\"position\":2,\"name\":\"Telttur i Nuuks bagland\"}]},{\"@type\":\"WebSite\",\"@id\":\"https:\/\/test.arctic.klean.it\/#website\",\"url\":\"https:\/\/test.arctic.klean.it\/\",\"name\":\"Arctic Excursions\",\"description\":\"New adventures. Every day.\",\"potentialAction\":[{\"@type\":\"SearchAction\",\"target\":{\"@type\":\"EntryPoint\",\"urlTemplate\":\"https:\/\/test.arctic.klean.it\/?s={search_term_string}\"},\"query-input\":{\"@type\":\"PropertyValueSpecification\",\"valueRequired\":true,\"valueName\":\"search_term_string\"}}],\"inLanguage\":\"da-DK\"}]}<\/script>\n<!-- \/ Yoast SEO plugin. -->","yoast_head_json":{"title":"Arctic Excursions","robots":{"index":"index","follow":"follow","max-snippet":"max-snippet:-1","max-image-preview":"max-image-preview:large","max-video-preview":"max-video-preview:-1"},"canonical":"https:\/\/test.arctic.klean.it\/udflugter\/backcountry-sleepover\/","og_locale":"da_DK","og_type":"article","og_title":"Telttur i Nuuks bagland - Arctic Excursions","og_description":"Tag med os p\u00e5 en sneskotur ind i Nuuks vildmark og tilbring natten i teltlejr ude mellem fjeldtinderne!","og_url":"https:\/\/test.arctic.klean.it\/udflugter\/backcountry-sleepover\/","og_site_name":"Arctic Excursions","article_modified_time":"2025-02-28T11:59:02+00:00","og_image":[{"width":2400,"height":1600,"url":"https:\/\/test.arctic.klean.it\/wp-content\/uploads\/2023\/01\/IMG_0440.jpg","type":"image\/jpeg"}],"twitter_card":"summary_large_image","twitter_misc":{"Estimeret l\u00e6setid":"1 minut"},"schema":{"@context":"https:\/\/schema.org","@graph":[{"@type":"WebPage","@id":"https:\/\/test.arctic.klean.it\/udflugter\/backcountry-sleepover\/","url":"https:\/\/test.arctic.klean.it\/udflugter\/backcountry-sleepover\/","name":"Telttur i Nuuks bagland - Arctic Excursions","isPartOf":{"@id":"https:\/\/test.arctic.klean.it\/#website"},"primaryImageOfPage":{"@id":"https:\/\/test.arctic.klean.it\/udflugter\/backcountry-sleepover\/#primaryimage"},"image":{"@id":"https:\/\/test.arctic.klean.it\/udflugter\/backcountry-sleepover\/#primaryimage"},"thumbnailUrl":"https:\/\/test.arctic.klean.it\/wp-content\/uploads\/2023\/01\/IMG_0440.jpg","datePublished":"2023-01-26T11:10:33+00:00","dateModified":"2025-02-28T11:59:02+00:00","breadcrumb":{"@id":"https:\/\/test.arctic.klean.it\/udflugter\/backcountry-sleepover\/#breadcrumb"},"inLanguage":"da-DK","potentialAction":[{"@type":"ReadAction","target":["https:\/\/test.arctic.klean.it\/udflugter\/backcountry-sleepover\/"]}]},{"@type":"ImageObject","inLanguage":"da-DK","@id":"https:\/\/test.arctic.klean.it\/udflugter\/backcountry-sleepover\/#primaryimage","url":"https:\/\/test.arctic.klean.it\/wp-content\/uploads\/2023\/01\/IMG_0440.jpg","contentUrl":"https:\/\/test.arctic.klean.it\/wp-content\/uploads\/2023\/01\/IMG_0440.jpg","width":2160,"height":1440},{"@type":"BreadcrumbList","@id":"https:\/\/test.arctic.klean.it\/udflugter\/backcountry-sleepover\/#breadcrumb","itemListElement":[{"@type":"ListItem","position":1,"name":"Udflugter i Gr\u00f8nland","item":"https:\/\/test.arctic.klean.it\/da\/udflugter\/"},{"@type":"ListItem","position":2,"name":"Telttur i Nuuks bagland"}]},{"@type":"WebSite","@id":"https:\/\/test.arctic.klean.it\/#website","url":"https:\/\/test.arctic.klean.it\/","name":"Arctic Excursions","description":"New adventures. Every day.","potentialAction":[{"@type":"SearchAction","target":{"@type":"EntryPoint","urlTemplate":"https:\/\/test.arctic.klean.it\/?s={search_term_string}"},"query-input":{"@type":"PropertyValueSpecification","valueRequired":true,"valueName":"search_term_string"}}],"inLanguage":"da-DK"}]}},"_links":{"self":[{"href":"https:\/\/test.arctic.klean.it\/da\/wp-json\/wp\/v2\/product\/8182","targetHints":{"allow":["GET"]}}],"collection":[{"href":"https:\/\/test.arctic.klean.it\/da\/wp-json\/wp\/v2\/product"}],"about":[{"href":"https:\/\/test.arctic.klean.it\/da\/wp-json\/wp\/v2\/types\/product"}],"replies":[{"embeddable":true,"href":"https:\/\/test.arctic.klean.it\/da\/wp-json\/wp\/v2\/comments?post=8182"}],"wp:featuredmedia":[{"embeddable":true,"href":"https:\/\/test.arctic.klean.it\/da\/wp-json\/wp\/v2\/media\/8193"}],"wp:attachment":[{"href":"https:\/\/test.arctic.klean.it\/da\/wp-json\/wp\/v2\/media?parent=8182"}],"wp:term":[{"taxonomy":"product_brand","embeddable":true,"href":"https:\/\/test.arctic.klean.it\/da\/wp-json\/wp\/v2\/product_brand?post=8182"},{"taxonomy":"product_cat","embeddable":true,"href":"https:\/\/test.arctic.klean.it\/da\/wp-json\/wp\/v2\/product_cat?post=8182"},{"taxonomy":"product_tag","embeddable":true,"href":"https:\/\/test.arctic.klean.it\/da\/wp-json\/wp\/v2\/product_tag?post=8182"}],"curies":[{"name":"wp","href":"https:\/\/api.w.org\/{rel}","templated":true}]}}