{"id":8212,"date":"2023-01-25T13:48:18","date_gmt":"2023-01-25T11:48:18","guid":{"rendered":"https:\/\/test.arctic.klean.it\/?post_type=product&#038;p=8212"},"modified":"2023-01-25T14:54:57","modified_gmt":"2023-01-25T12:54:57","slug":"northern-lights-trip-on-quassassuaq","status":"publish","type":"product","link":"https:\/\/test.arctic.klean.it\/da\/udflugter\/northern-lights-trip-on-quassassuaq\/","title":{"rendered":"Aftentur med nordlys p\u00e5 Quassussuaq"},"content":{"rendered":"<p>P\u00e5 denne udflugt klatrer vi op til toppen af Quassussuaq, der rejser sig til en h\u00f8jde p\u00e5 430 meter over Nuuk. <\/p>\n<p>Da det er vinter, er vi udstyret med snesko og pandelamper. Vi kommer til at v\u00e6re h\u00f8jere oppe og l\u00e6ngere v\u00e6k fra byens lys, s\u00e5 nordlysoplevelsen bliver endnu mere levende, b\u00e5de i virkeligheden og i hukommelsen. <\/p>\n<p>Derudover er det virkelig stort at se den gr\u00f8nlandske hovedstad fra oven om aftenen. <\/p>\n<p>Guiden laver en lille b\u00e6nk p\u00e5 toppen, s\u00e5 du kan slappe af og sidde p\u00e5 noget varmt, slukke din pandelampe og nyde landskabet og nordlyset, mens du f\u00e5r dig en varm drik.<\/p>\n<p><b>Inkluderet:<\/b> Leje af snesko og varme drikke<\/p>\n<p><b>Minimum:<\/b< 2 personer\n\n<b>Maksimum:<\/b> 8 personer<\/p>\n<p>(St\u00f8rre grupper kan arrangeres p\u00e5 foresp\u00f8rgsel).<\/p>\n","protected":false},"excerpt":{"rendered":"<p>P\u00e5 denne aftenudflugt kommer du endnu t\u00e6ttere p\u00e5 at opleve nordlyset &#8211; fra en fjeldtop!<\/p>\n","protected":false},"featured_media":8302,"comment_status":"open","ping_status":"closed","template":"","meta":{"_acf_changed":false},"product_brand":[],"product_cat":[101,170],"product_tag":[],"class_list":{"0":"post-8212","1":"product","2":"type-product","3":"status-publish","4":"has-post-thumbnail","6":"product_cat-tour","7":"product_cat-udflugt","8":"tour_location-nuuk-da","9":"tour_type-nordlys","10":"tour_operator-two-ravens","12":"first","13":"outofstock","14":"shipping-taxable","15":"product-type-variable"},"acf":[],"yoast_head":"<!-- This site is optimized with the Yoast SEO plugin v25.2 - https:\/\/yoast.com\/wordpress\/plugins\/seo\/ -->\n<title>Arctic Excursions<\/title>\n<meta name=\"robots\" content=\"index, follow, max-snippet:-1, max-image-preview:large, max-video-preview:-1\" \/>\n<link rel=\"canonical\" href=\"https:\/\/test.arctic.klean.it\/?post_type=product&p=8211\" \/>\n<meta property=\"og:locale\" content=\"da_DK\" \/>\n<meta property=\"og:type\" content=\"article\" \/>\n<meta property=\"og:title\" content=\"Aftentur med nordlys p\u00e5 Quassussuaq - Arctic Excursions\" \/>\n<meta property=\"og:description\" content=\"P\u00e5 denne aftenudflugt kommer du endnu t\u00e6ttere p\u00e5 at opleve nordlyset - fra en fjeldtop!\" \/>\n<meta property=\"og:url\" content=\"https:\/\/test.arctic.klean.it\/?post_type=product&amp;p=8211\" \/>\n<meta property=\"og:site_name\" content=\"Arctic Excursions\" \/>\n<meta property=\"article:modified_time\" content=\"2023-01-25T12:54:57+00:00\" \/>\n<meta property=\"og:image\" content=\"https:\/\/test.arctic.klean.it\/wp-content\/uploads\/2023\/01\/607A253A-FC82-4AF7-8CC7-B38387C591AB-scaled.jpeg\" \/>\n\t<meta property=\"og:image:width\" content=\"2560\" \/>\n\t<meta property=\"og:image:height\" content=\"1879\" \/>\n\t<meta property=\"og:image:type\" content=\"image\/jpeg\" \/>\n<meta name=\"twitter:card\" content=\"summary_large_image\" \/>\n<meta name=\"twitter:label1\" content=\"Estimeret l\u00e6setid\" \/>\n\t<meta name=\"twitter:data1\" content=\"1 minut\" \/>\n<script type=\"application\/ld+json\" class=\"yoast-schema-graph\">{\"@context\":\"https:\/\/schema.org\",\"@graph\":[{\"@type\":\"WebPage\",\"@id\":\"https:\/\/test.arctic.klean.it\/?post_type=product&p=8211\",\"url\":\"https:\/\/test.arctic.klean.it\/?post_type=product&p=8211\",\"name\":\"Aftentur med nordlys p\u00e5 Quassussuaq - Arctic Excursions\",\"isPartOf\":{\"@id\":\"https:\/\/test.arctic.klean.it\/#website\"},\"primaryImageOfPage\":{\"@id\":\"https:\/\/test.arctic.klean.it\/?post_type=product&p=8211#primaryimage\"},\"image\":{\"@id\":\"https:\/\/test.arctic.klean.it\/?post_type=product&p=8211#primaryimage\"},\"thumbnailUrl\":\"https:\/\/test.arctic.klean.it\/wp-content\/uploads\/2023\/01\/607A253A-FC82-4AF7-8CC7-B38387C591AB-scaled.jpeg\",\"datePublished\":\"2023-01-25T11:48:18+00:00\",\"dateModified\":\"2023-01-25T12:54:57+00:00\",\"breadcrumb\":{\"@id\":\"https:\/\/test.arctic.klean.it\/?post_type=product&p=8211#breadcrumb\"},\"inLanguage\":\"da-DK\",\"potentialAction\":[{\"@type\":\"ReadAction\",\"target\":[\"https:\/\/test.arctic.klean.it\/?post_type=product&p=8211\"]}]},{\"@type\":\"ImageObject\",\"inLanguage\":\"da-DK\",\"@id\":\"https:\/\/test.arctic.klean.it\/?post_type=product&p=8211#primaryimage\",\"url\":\"https:\/\/test.arctic.klean.it\/wp-content\/uploads\/2023\/01\/607A253A-FC82-4AF7-8CC7-B38387C591AB-scaled.jpeg\",\"contentUrl\":\"https:\/\/test.arctic.klean.it\/wp-content\/uploads\/2023\/01\/607A253A-FC82-4AF7-8CC7-B38387C591AB-scaled.jpeg\",\"width\":2560,\"height\":1879},{\"@type\":\"BreadcrumbList\",\"@id\":\"https:\/\/test.arctic.klean.it\/?post_type=product&p=8211#breadcrumb\",\"itemListElement\":[{\"@type\":\"ListItem\",\"position\":1,\"name\":\"Udflugter i Gr\u00f8nland\",\"item\":\"https:\/\/test.arctic.klean.it\/da\/udflugter\/\"},{\"@type\":\"ListItem\",\"position\":2,\"name\":\"Aftentur med nordlys p\u00e5 Quassussuaq\"}]},{\"@type\":\"WebSite\",\"@id\":\"https:\/\/test.arctic.klean.it\/#website\",\"url\":\"https:\/\/test.arctic.klean.it\/\",\"name\":\"Arctic Excursions\",\"description\":\"New adventures. Every day.\",\"potentialAction\":[{\"@type\":\"SearchAction\",\"target\":{\"@type\":\"EntryPoint\",\"urlTemplate\":\"https:\/\/test.arctic.klean.it\/?s={search_term_string}\"},\"query-input\":{\"@type\":\"PropertyValueSpecification\",\"valueRequired\":true,\"valueName\":\"search_term_string\"}}],\"inLanguage\":\"da-DK\"}]}<\/script>\n<!-- \/ Yoast SEO plugin. -->","yoast_head_json":{"title":"Arctic Excursions","robots":{"index":"index","follow":"follow","max-snippet":"max-snippet:-1","max-image-preview":"max-image-preview:large","max-video-preview":"max-video-preview:-1"},"canonical":"https:\/\/test.arctic.klean.it\/?post_type=product&p=8211","og_locale":"da_DK","og_type":"article","og_title":"Aftentur med nordlys p\u00e5 Quassussuaq - Arctic Excursions","og_description":"P\u00e5 denne aftenudflugt kommer du endnu t\u00e6ttere p\u00e5 at opleve nordlyset - fra en fjeldtop!","og_url":"https:\/\/test.arctic.klean.it\/?post_type=product&p=8211","og_site_name":"Arctic Excursions","article_modified_time":"2023-01-25T12:54:57+00:00","og_image":[{"width":2560,"height":1879,"url":"https:\/\/test.arctic.klean.it\/wp-content\/uploads\/2023\/01\/607A253A-FC82-4AF7-8CC7-B38387C591AB-scaled.jpeg","type":"image\/jpeg"}],"twitter_card":"summary_large_image","twitter_misc":{"Estimeret l\u00e6setid":"1 minut"},"schema":{"@context":"https:\/\/schema.org","@graph":[{"@type":"WebPage","@id":"https:\/\/test.arctic.klean.it\/?post_type=product&p=8211","url":"https:\/\/test.arctic.klean.it\/?post_type=product&p=8211","name":"Aftentur med nordlys p\u00e5 Quassussuaq - Arctic Excursions","isPartOf":{"@id":"https:\/\/test.arctic.klean.it\/#website"},"primaryImageOfPage":{"@id":"https:\/\/test.arctic.klean.it\/?post_type=product&p=8211#primaryimage"},"image":{"@id":"https:\/\/test.arctic.klean.it\/?post_type=product&p=8211#primaryimage"},"thumbnailUrl":"https:\/\/test.arctic.klean.it\/wp-content\/uploads\/2023\/01\/607A253A-FC82-4AF7-8CC7-B38387C591AB-scaled.jpeg","datePublished":"2023-01-25T11:48:18+00:00","dateModified":"2023-01-25T12:54:57+00:00","breadcrumb":{"@id":"https:\/\/test.arctic.klean.it\/?post_type=product&p=8211#breadcrumb"},"inLanguage":"da-DK","potentialAction":[{"@type":"ReadAction","target":["https:\/\/test.arctic.klean.it\/?post_type=product&p=8211"]}]},{"@type":"ImageObject","inLanguage":"da-DK","@id":"https:\/\/test.arctic.klean.it\/?post_type=product&p=8211#primaryimage","url":"https:\/\/test.arctic.klean.it\/wp-content\/uploads\/2023\/01\/607A253A-FC82-4AF7-8CC7-B38387C591AB-scaled.jpeg","contentUrl":"https:\/\/test.arctic.klean.it\/wp-content\/uploads\/2023\/01\/607A253A-FC82-4AF7-8CC7-B38387C591AB-scaled.jpeg","width":2560,"height":1879},{"@type":"BreadcrumbList","@id":"https:\/\/test.arctic.klean.it\/?post_type=product&p=8211#breadcrumb","itemListElement":[{"@type":"ListItem","position":1,"name":"Udflugter i Gr\u00f8nland","item":"https:\/\/test.arctic.klean.it\/da\/udflugter\/"},{"@type":"ListItem","position":2,"name":"Aftentur med nordlys p\u00e5 Quassussuaq"}]},{"@type":"WebSite","@id":"https:\/\/test.arctic.klean.it\/#website","url":"https:\/\/test.arctic.klean.it\/","name":"Arctic Excursions","description":"New adventures. Every day.","potentialAction":[{"@type":"SearchAction","target":{"@type":"EntryPoint","urlTemplate":"https:\/\/test.arctic.klean.it\/?s={search_term_string}"},"query-input":{"@type":"PropertyValueSpecification","valueRequired":true,"valueName":"search_term_string"}}],"inLanguage":"da-DK"}]}},"_links":{"self":[{"href":"https:\/\/test.arctic.klean.it\/da\/wp-json\/wp\/v2\/product\/8212","targetHints":{"allow":["GET"]}}],"collection":[{"href":"https:\/\/test.arctic.klean.it\/da\/wp-json\/wp\/v2\/product"}],"about":[{"href":"https:\/\/test.arctic.klean.it\/da\/wp-json\/wp\/v2\/types\/product"}],"replies":[{"embeddable":true,"href":"https:\/\/test.arctic.klean.it\/da\/wp-json\/wp\/v2\/comments?post=8212"}],"wp:featuredmedia":[{"embeddable":true,"href":"https:\/\/test.arctic.klean.it\/da\/wp-json\/wp\/v2\/media\/8302"}],"wp:attachment":[{"href":"https:\/\/test.arctic.klean.it\/da\/wp-json\/wp\/v2\/media?parent=8212"}],"wp:term":[{"taxonomy":"product_brand","embeddable":true,"href":"https:\/\/test.arctic.klean.it\/da\/wp-json\/wp\/v2\/product_brand?post=8212"},{"taxonomy":"product_cat","embeddable":true,"href":"https:\/\/test.arctic.klean.it\/da\/wp-json\/wp\/v2\/product_cat?post=8212"},{"taxonomy":"product_tag","embeddable":true,"href":"https:\/\/test.arctic.klean.it\/da\/wp-json\/wp\/v2\/product_tag?post=8212"}],"curies":[{"name":"wp","href":"https:\/\/api.w.org\/{rel}","templated":true}]}}