{"id":8220,"date":"2023-01-25T13:17:05","date_gmt":"2023-01-25T11:17:05","guid":{"rendered":"https:\/\/test.arctic.klean.it\/?post_type=product&#038;p=8220"},"modified":"2023-10-10T11:08:18","modified_gmt":"2023-10-10T09:08:18","slug":"showshoe-hike-to-quassussuaq","status":"publish","type":"product","link":"https:\/\/test.arctic.klean.it\/da\/udflugter\/showshoe-hike-to-quassussuaq\/","title":{"rendered":"Toptur til Quassussuaq"},"content":{"rendered":"<p>P\u00e5 denne tur f\u00e5r du mulighed for at opleve Nuuks smukke bagland, og du vil opdage, hvor t\u00e6t vi er p\u00e5 vildmarken. Nyd stilheden, storheden &#8211; for du vil f\u00f8le dig lille blandt de store fjelde &#8211; og den smukke udsigt over fjordene med de majest\u00e6tiske fjeldetinder, havet og hovedstaden , som bare bliver bedre og bedre, som vi n\u00e6rmer os toppen (461m).<\/p>\n<p>P\u00e5 vinterturene g\u00e5r vi med snesko, hvilket g\u00f8r det lige lidt mere enest\u00e5ende.<\/p>\n<p><b>Varighed:<\/b> 5 timer<\/p>\n<p><b>Minimum:<\/b> 3 personer<\/p>\n<p><b>Maksimum:<\/b> 8 personer<\/p>\n<p><b>Inkluderet:<\/b> Snesko, lokale produkter, snacks, kaffe og te.<\/p>\n","protected":false},"excerpt":{"rendered":"<p>Kunne du t\u00e6nke dig at opleve en vandring i Nuuks bagland?<br \/>\nS\u00e5 er denne tur som skabt til dig! <\/p>\n","protected":false},"featured_media":8273,"comment_status":"open","ping_status":"closed","template":"","meta":{"_acf_changed":false},"product_brand":[],"product_cat":[101,170],"product_tag":[],"class_list":{"0":"post-8220","1":"product","2":"type-product","3":"status-publish","4":"has-post-thumbnail","6":"product_cat-tour","7":"product_cat-udflugt","8":"pa_dato-331","9":"pa_dato-334","10":"pa_dato-362","11":"pa_dato-335","12":"pa_dato-336","13":"pa_dato-337","14":"pa_dato-365","15":"pa_dato-338","16":"pa_dato-339","17":"pa_dato-340","18":"pa_dato-368","19":"pa_dato-341","20":"pa_dato-342","21":"pa_dato-371","22":"pa_dato-344","23":"pa_dato-345","24":"pa_dato-346","25":"pa_dato-374","26":"pa_dato-348","27":"pa_dato-349","28":"pa_dato-377","29":"pa_dato-350","30":"pa_dato-351","31":"pa_dato-352","32":"pa_dato-380","33":"pa_dato-353","34":"pa_dato-354","35":"pa_dato-355","36":"pa_dato-383","37":"pa_dato-356","38":"pa_dato-386","39":"pa_dato-359","40":"pa_dato-390","41":"pa_dato-405","42":"pa_dato-394","43":"pa_dato-406","44":"pa_dato-398","45":"pa_dato-407","46":"pa_dato-585","47":"pa_dato-676","48":"pa_dato-626","49":"pa_dato-627","50":"pa_dato-630","51":"pa_dato-632","52":"pa_dato-634","53":"pa_dato-635","54":"pa_dato-638","55":"pa_dato-640","56":"pa_dato-641","57":"pa_dato-642","58":"pa_dato-645","59":"pa_dato-647","60":"pa_dato-648","61":"pa_dato-649","62":"pa_dato-652","63":"pa_dato-654","64":"pa_dato-584","65":"pa_dato-655","66":"pa_dato-657","67":"pa_dato-659","68":"pa_dato-660","69":"pa_dato-661","70":"pa_dato-663","71":"pa_dato-664","72":"pa_dato-665","73":"pa_dato-490","74":"pa_dato-667","75":"pa_dato-669","76":"pa_dato-670","77":"pa_dato-671","78":"pa_dato-674","79":"pa_dato-675","80":"pa_dato-502","81":"pa_dato-503","82":"pa_dato-536","83":"pa_dato-538","84":"pa_dato-539","85":"pa_dato-540","86":"pa_dato-542","87":"pa_dato-465","88":"pa_dato-547","89":"pa_dato-548","90":"pa_dato-551","91":"pa_dato-553","92":"pa_dato-554","93":"pa_dato-555","94":"pa_dato-558","95":"pa_dato-522","96":"pa_dato-559","97":"pa_dato-560","98":"pa_dato-588","99":"pa_dato-590","100":"pa_dato-687","101":"pa_dato-735","102":"pa_dato-593","103":"pa_dato-595","104":"pa_dato-694","105":"pa_dato-736","106":"pa_dato-513","107":"pa_dato-512","108":"pa_dato-695","109":"pa_dato-737","110":"pa_dato-599","111":"pa_dato-739","112":"pa_dato-740","113":"pa_dato-738","114":"pa_dato-603","115":"pa_dato-605","116":"pa_dato-689","117":"pa_dato-741","118":"pa_dato-608","119":"pa_dato-610","120":"pa_dato-690","121":"pa_dato-742","122":"pa_dato-613","123":"pa_dato-615","124":"pa_dato-743","125":"pa_dato-744","126":"pa_dato-618","127":"pa_dato-620","128":"pa_dato-745","129":"pa_dato-746","130":"pa_dato-623","131":"pa_dato-625","132":"pa_tidspunkt-72","133":"pa_tidspunkt-304","134":"tour_location-nuuk-da","135":"tour_type-outdoor-da","136":"tour_operator-two-ravens","138":"first","139":"outofstock","140":"shipping-taxable","141":"product-type-variable"},"acf":[],"yoast_head":"<!-- This site is optimized with the Yoast SEO plugin v25.2 - https:\/\/yoast.com\/wordpress\/plugins\/seo\/ -->\n<title>Arctic Excursions<\/title>\n<meta name=\"robots\" content=\"index, follow, max-snippet:-1, max-image-preview:large, max-video-preview:-1\" \/>\n<link rel=\"canonical\" href=\"https:\/\/test.arctic.klean.it\/udflugter\/showshoe-hike-to-quassussuaq\/\" \/>\n<meta property=\"og:locale\" content=\"da_DK\" \/>\n<meta property=\"og:type\" content=\"article\" \/>\n<meta property=\"og:title\" content=\"Toptur til Quassussuaq - Arctic Excursions\" \/>\n<meta property=\"og:description\" content=\"Kunne du t\u00e6nke dig at opleve en vandring i Nuuks bagland? S\u00e5 er denne tur som skabt til dig!\" \/>\n<meta property=\"og:url\" content=\"https:\/\/test.arctic.klean.it\/udflugter\/showshoe-hike-to-quassussuaq\/\" \/>\n<meta property=\"og:site_name\" content=\"Arctic Excursions\" \/>\n<meta property=\"article:modified_time\" content=\"2023-10-10T09:08:18+00:00\" \/>\n<meta property=\"og:image\" content=\"https:\/\/test.arctic.klean.it\/wp-content\/uploads\/2023\/01\/MicrosoftTeams-image-18-scaled.jpg\" \/>\n\t<meta property=\"og:image:width\" content=\"2560\" \/>\n\t<meta property=\"og:image:height\" content=\"1919\" \/>\n\t<meta property=\"og:image:type\" content=\"image\/jpeg\" \/>\n<meta name=\"twitter:card\" content=\"summary_large_image\" \/>\n<script type=\"application\/ld+json\" class=\"yoast-schema-graph\">{\"@context\":\"https:\/\/schema.org\",\"@graph\":[{\"@type\":\"WebPage\",\"@id\":\"https:\/\/test.arctic.klean.it\/udflugter\/showshoe-hike-to-quassussuaq\/\",\"url\":\"https:\/\/test.arctic.klean.it\/udflugter\/showshoe-hike-to-quassussuaq\/\",\"name\":\"Toptur til Quassussuaq - Arctic Excursions\",\"isPartOf\":{\"@id\":\"https:\/\/test.arctic.klean.it\/#website\"},\"primaryImageOfPage\":{\"@id\":\"https:\/\/test.arctic.klean.it\/udflugter\/showshoe-hike-to-quassussuaq\/#primaryimage\"},\"image\":{\"@id\":\"https:\/\/test.arctic.klean.it\/udflugter\/showshoe-hike-to-quassussuaq\/#primaryimage\"},\"thumbnailUrl\":\"https:\/\/test.arctic.klean.it\/wp-content\/uploads\/2023\/01\/MicrosoftTeams-image-18-scaled.jpg\",\"datePublished\":\"2023-01-25T11:17:05+00:00\",\"dateModified\":\"2023-10-10T09:08:18+00:00\",\"breadcrumb\":{\"@id\":\"https:\/\/test.arctic.klean.it\/udflugter\/showshoe-hike-to-quassussuaq\/#breadcrumb\"},\"inLanguage\":\"da-DK\",\"potentialAction\":[{\"@type\":\"ReadAction\",\"target\":[\"https:\/\/test.arctic.klean.it\/udflugter\/showshoe-hike-to-quassussuaq\/\"]}]},{\"@type\":\"ImageObject\",\"inLanguage\":\"da-DK\",\"@id\":\"https:\/\/test.arctic.klean.it\/udflugter\/showshoe-hike-to-quassussuaq\/#primaryimage\",\"url\":\"https:\/\/test.arctic.klean.it\/wp-content\/uploads\/2023\/01\/MicrosoftTeams-image-18-scaled.jpg\",\"contentUrl\":\"https:\/\/test.arctic.klean.it\/wp-content\/uploads\/2023\/01\/MicrosoftTeams-image-18-scaled.jpg\",\"width\":1921,\"height\":1440,\"caption\":\"created by dji camera\"},{\"@type\":\"BreadcrumbList\",\"@id\":\"https:\/\/test.arctic.klean.it\/udflugter\/showshoe-hike-to-quassussuaq\/#breadcrumb\",\"itemListElement\":[{\"@type\":\"ListItem\",\"position\":1,\"name\":\"Udflugter i Gr\u00f8nland\",\"item\":\"https:\/\/test.arctic.klean.it\/da\/udflugter\/\"},{\"@type\":\"ListItem\",\"position\":2,\"name\":\"Toptur til Quassussuaq\"}]},{\"@type\":\"WebSite\",\"@id\":\"https:\/\/test.arctic.klean.it\/#website\",\"url\":\"https:\/\/test.arctic.klean.it\/\",\"name\":\"Arctic Excursions\",\"description\":\"New adventures. Every day.\",\"potentialAction\":[{\"@type\":\"SearchAction\",\"target\":{\"@type\":\"EntryPoint\",\"urlTemplate\":\"https:\/\/test.arctic.klean.it\/?s={search_term_string}\"},\"query-input\":{\"@type\":\"PropertyValueSpecification\",\"valueRequired\":true,\"valueName\":\"search_term_string\"}}],\"inLanguage\":\"da-DK\"}]}<\/script>\n<!-- \/ Yoast SEO plugin. -->","yoast_head_json":{"title":"Arctic Excursions","robots":{"index":"index","follow":"follow","max-snippet":"max-snippet:-1","max-image-preview":"max-image-preview:large","max-video-preview":"max-video-preview:-1"},"canonical":"https:\/\/test.arctic.klean.it\/udflugter\/showshoe-hike-to-quassussuaq\/","og_locale":"da_DK","og_type":"article","og_title":"Toptur til Quassussuaq - Arctic Excursions","og_description":"Kunne du t\u00e6nke dig at opleve en vandring i Nuuks bagland? S\u00e5 er denne tur som skabt til dig!","og_url":"https:\/\/test.arctic.klean.it\/udflugter\/showshoe-hike-to-quassussuaq\/","og_site_name":"Arctic Excursions","article_modified_time":"2023-10-10T09:08:18+00:00","og_image":[{"width":2560,"height":1919,"url":"https:\/\/test.arctic.klean.it\/wp-content\/uploads\/2023\/01\/MicrosoftTeams-image-18-scaled.jpg","type":"image\/jpeg"}],"twitter_card":"summary_large_image","schema":{"@context":"https:\/\/schema.org","@graph":[{"@type":"WebPage","@id":"https:\/\/test.arctic.klean.it\/udflugter\/showshoe-hike-to-quassussuaq\/","url":"https:\/\/test.arctic.klean.it\/udflugter\/showshoe-hike-to-quassussuaq\/","name":"Toptur til Quassussuaq - Arctic Excursions","isPartOf":{"@id":"https:\/\/test.arctic.klean.it\/#website"},"primaryImageOfPage":{"@id":"https:\/\/test.arctic.klean.it\/udflugter\/showshoe-hike-to-quassussuaq\/#primaryimage"},"image":{"@id":"https:\/\/test.arctic.klean.it\/udflugter\/showshoe-hike-to-quassussuaq\/#primaryimage"},"thumbnailUrl":"https:\/\/test.arctic.klean.it\/wp-content\/uploads\/2023\/01\/MicrosoftTeams-image-18-scaled.jpg","datePublished":"2023-01-25T11:17:05+00:00","dateModified":"2023-10-10T09:08:18+00:00","breadcrumb":{"@id":"https:\/\/test.arctic.klean.it\/udflugter\/showshoe-hike-to-quassussuaq\/#breadcrumb"},"inLanguage":"da-DK","potentialAction":[{"@type":"ReadAction","target":["https:\/\/test.arctic.klean.it\/udflugter\/showshoe-hike-to-quassussuaq\/"]}]},{"@type":"ImageObject","inLanguage":"da-DK","@id":"https:\/\/test.arctic.klean.it\/udflugter\/showshoe-hike-to-quassussuaq\/#primaryimage","url":"https:\/\/test.arctic.klean.it\/wp-content\/uploads\/2023\/01\/MicrosoftTeams-image-18-scaled.jpg","contentUrl":"https:\/\/test.arctic.klean.it\/wp-content\/uploads\/2023\/01\/MicrosoftTeams-image-18-scaled.jpg","width":1921,"height":1440,"caption":"created by dji camera"},{"@type":"BreadcrumbList","@id":"https:\/\/test.arctic.klean.it\/udflugter\/showshoe-hike-to-quassussuaq\/#breadcrumb","itemListElement":[{"@type":"ListItem","position":1,"name":"Udflugter i Gr\u00f8nland","item":"https:\/\/test.arctic.klean.it\/da\/udflugter\/"},{"@type":"ListItem","position":2,"name":"Toptur til Quassussuaq"}]},{"@type":"WebSite","@id":"https:\/\/test.arctic.klean.it\/#website","url":"https:\/\/test.arctic.klean.it\/","name":"Arctic Excursions","description":"New adventures. Every day.","potentialAction":[{"@type":"SearchAction","target":{"@type":"EntryPoint","urlTemplate":"https:\/\/test.arctic.klean.it\/?s={search_term_string}"},"query-input":{"@type":"PropertyValueSpecification","valueRequired":true,"valueName":"search_term_string"}}],"inLanguage":"da-DK"}]}},"_links":{"self":[{"href":"https:\/\/test.arctic.klean.it\/da\/wp-json\/wp\/v2\/product\/8220","targetHints":{"allow":["GET"]}}],"collection":[{"href":"https:\/\/test.arctic.klean.it\/da\/wp-json\/wp\/v2\/product"}],"about":[{"href":"https:\/\/test.arctic.klean.it\/da\/wp-json\/wp\/v2\/types\/product"}],"replies":[{"embeddable":true,"href":"https:\/\/test.arctic.klean.it\/da\/wp-json\/wp\/v2\/comments?post=8220"}],"wp:featuredmedia":[{"embeddable":true,"href":"https:\/\/test.arctic.klean.it\/da\/wp-json\/wp\/v2\/media\/8273"}],"wp:attachment":[{"href":"https:\/\/test.arctic.klean.it\/da\/wp-json\/wp\/v2\/media?parent=8220"}],"wp:term":[{"taxonomy":"product_brand","embeddable":true,"href":"https:\/\/test.arctic.klean.it\/da\/wp-json\/wp\/v2\/product_brand?post=8220"},{"taxonomy":"product_cat","embeddable":true,"href":"https:\/\/test.arctic.klean.it\/da\/wp-json\/wp\/v2\/product_cat?post=8220"},{"taxonomy":"product_tag","embeddable":true,"href":"https:\/\/test.arctic.klean.it\/da\/wp-json\/wp\/v2\/product_tag?post=8220"}],"curies":[{"name":"wp","href":"https:\/\/api.w.org\/{rel}","templated":true}]}}