{"id":8234,"date":"2023-01-25T12:32:06","date_gmt":"2023-01-25T10:32:06","guid":{"rendered":"https:\/\/test.arctic.klean.it\/?post_type=product&#038;p=8234"},"modified":"2023-10-10T11:08:17","modified_gmt":"2023-10-10T09:08:17","slug":"tentsile-sleepover","status":"publish","type":"product","link":"https:\/\/test.arctic.klean.it\/da\/udflugter\/tentsile-sleepover\/","title":{"rendered":"Overnatning i Tentsile-telt"},"content":{"rendered":"<p>Vi har et favoritsted, hvor vi har forberedt en ny m\u00e5de at campere p\u00e5. Tentsile teltene er komfortable, og du kan f\u00e5 en god nats s\u00f8vn i den gr\u00f8nlandske natur, <\/p>\n<p>Vores lejr ligger 350 meter over havets overflade, og der er smukke udsigter at se fra denne lejr. <\/p>\n<p>P\u00e5 turen vil guiden tilberede en ekspeditionslignende middag og morgenmad til dig og s\u00f8rge for varme drikkevarer til enhver tid. <\/p>\n<p><b>Minimum:<\/b> 3 personer<\/p>\n<p><b>H\u00f8jst:<\/b> 10 personer<\/p>\n<p><b>Varighed:<\/b> 1 overnatning   <\/p>\n<p><b>Inkluderet:<\/b> Sovepose, vandrerygs\u00e6k, ekspeditionsmiddag og -morgenmad, varme drikkevarer til enhver tid.<\/p>\n","protected":false},"excerpt":{"rendered":"<p>Vil du gerne opleve camping i Tentsiles?<br \/>\nS\u00e5 er denne tur som skabt til dig! <\/p>\n","protected":false},"featured_media":8222,"comment_status":"open","ping_status":"closed","template":"","meta":{"_acf_changed":false},"product_brand":[],"product_cat":[101,170],"product_tag":[],"class_list":{"0":"post-8234","1":"product","2":"type-product","3":"status-publish","4":"has-post-thumbnail","6":"product_cat-tour","7":"product_cat-udflugt","8":"pa_dato-335","9":"pa_dato-365","10":"pa_dato-667","11":"pa_dato-669","12":"pa_dato-674","13":"pa_dato-675","14":"pa_dato-502","15":"pa_dato-536","16":"pa_dato-537","17":"pa_dato-538","18":"pa_dato-542","19":"pa_dato-543","20":"pa_dato-465","21":"pa_dato-550","22":"pa_dato-551","23":"pa_dato-553","24":"pa_dato-558","25":"pa_dato-521","26":"pa_dato-522","27":"pa_dato-588","28":"pa_dato-589","29":"pa_dato-590","30":"pa_dato-593","31":"pa_dato-594","32":"pa_dato-595","33":"pa_dato-510","34":"pa_dato-513","35":"pa_dato-512","36":"pa_dato-599","37":"pa_dato-600","38":"pa_dato-739","39":"pa_dato-602","40":"pa_dato-603","41":"pa_dato-605","42":"pa_dato-608","43":"pa_dato-610","44":"pa_dato-613","45":"pa_tidspunkt-61","46":"tour_location-nuuk-da","47":"tour_type-outdoor-da","48":"tour_operator-two-ravens","50":"first","51":"outofstock","52":"shipping-taxable","53":"product-type-variable"},"acf":[],"yoast_head":"<!-- This site is optimized with the Yoast SEO plugin v25.2 - https:\/\/yoast.com\/wordpress\/plugins\/seo\/ -->\n<title>Arctic Excursions<\/title>\n<meta name=\"robots\" content=\"index, follow, max-snippet:-1, max-image-preview:large, max-video-preview:-1\" \/>\n<link rel=\"canonical\" href=\"https:\/\/test.arctic.klean.it\/udflugter\/tentsile-sleepover\/\" \/>\n<meta property=\"og:locale\" content=\"da_DK\" \/>\n<meta property=\"og:type\" content=\"article\" \/>\n<meta property=\"og:title\" content=\"Overnatning i Tentsile-telt - Arctic Excursions\" \/>\n<meta property=\"og:description\" content=\"Vil du gerne opleve camping i Tentsiles?  S\u00e5 er denne tur som skabt til dig!\" \/>\n<meta property=\"og:url\" content=\"https:\/\/test.arctic.klean.it\/udflugter\/tentsile-sleepover\/\" \/>\n<meta property=\"og:site_name\" content=\"Arctic Excursions\" \/>\n<meta property=\"article:modified_time\" content=\"2023-10-10T09:08:17+00:00\" \/>\n<meta property=\"og:image\" content=\"https:\/\/test.arctic.klean.it\/wp-content\/uploads\/2023\/01\/E37B22DC-C70D-4B35-A2A6-97BB6677C91A.jpg\" \/>\n\t<meta property=\"og:image:width\" content=\"750\" \/>\n\t<meta property=\"og:image:height\" content=\"500\" \/>\n\t<meta property=\"og:image:type\" content=\"image\/jpeg\" \/>\n<meta name=\"twitter:card\" content=\"summary_large_image\" \/>\n<script type=\"application\/ld+json\" class=\"yoast-schema-graph\">{\"@context\":\"https:\/\/schema.org\",\"@graph\":[{\"@type\":\"WebPage\",\"@id\":\"https:\/\/test.arctic.klean.it\/udflugter\/tentsile-sleepover\/\",\"url\":\"https:\/\/test.arctic.klean.it\/udflugter\/tentsile-sleepover\/\",\"name\":\"Overnatning i Tentsile-telt - Arctic Excursions\",\"isPartOf\":{\"@id\":\"https:\/\/test.arctic.klean.it\/#website\"},\"primaryImageOfPage\":{\"@id\":\"https:\/\/test.arctic.klean.it\/udflugter\/tentsile-sleepover\/#primaryimage\"},\"image\":{\"@id\":\"https:\/\/test.arctic.klean.it\/udflugter\/tentsile-sleepover\/#primaryimage\"},\"thumbnailUrl\":\"https:\/\/test.arctic.klean.it\/wp-content\/uploads\/2023\/01\/E37B22DC-C70D-4B35-A2A6-97BB6677C91A.jpg\",\"datePublished\":\"2023-01-25T10:32:06+00:00\",\"dateModified\":\"2023-10-10T09:08:17+00:00\",\"breadcrumb\":{\"@id\":\"https:\/\/test.arctic.klean.it\/udflugter\/tentsile-sleepover\/#breadcrumb\"},\"inLanguage\":\"da-DK\",\"potentialAction\":[{\"@type\":\"ReadAction\",\"target\":[\"https:\/\/test.arctic.klean.it\/udflugter\/tentsile-sleepover\/\"]}]},{\"@type\":\"ImageObject\",\"inLanguage\":\"da-DK\",\"@id\":\"https:\/\/test.arctic.klean.it\/udflugter\/tentsile-sleepover\/#primaryimage\",\"url\":\"https:\/\/test.arctic.klean.it\/wp-content\/uploads\/2023\/01\/E37B22DC-C70D-4B35-A2A6-97BB6677C91A.jpg\",\"contentUrl\":\"https:\/\/test.arctic.klean.it\/wp-content\/uploads\/2023\/01\/E37B22DC-C70D-4B35-A2A6-97BB6677C91A.jpg\",\"width\":750,\"height\":500},{\"@type\":\"BreadcrumbList\",\"@id\":\"https:\/\/test.arctic.klean.it\/udflugter\/tentsile-sleepover\/#breadcrumb\",\"itemListElement\":[{\"@type\":\"ListItem\",\"position\":1,\"name\":\"Udflugter i Gr\u00f8nland\",\"item\":\"https:\/\/test.arctic.klean.it\/da\/udflugter\/\"},{\"@type\":\"ListItem\",\"position\":2,\"name\":\"Overnatning i Tentsile-telt\"}]},{\"@type\":\"WebSite\",\"@id\":\"https:\/\/test.arctic.klean.it\/#website\",\"url\":\"https:\/\/test.arctic.klean.it\/\",\"name\":\"Arctic Excursions\",\"description\":\"New adventures. Every day.\",\"potentialAction\":[{\"@type\":\"SearchAction\",\"target\":{\"@type\":\"EntryPoint\",\"urlTemplate\":\"https:\/\/test.arctic.klean.it\/?s={search_term_string}\"},\"query-input\":{\"@type\":\"PropertyValueSpecification\",\"valueRequired\":true,\"valueName\":\"search_term_string\"}}],\"inLanguage\":\"da-DK\"}]}<\/script>\n<!-- \/ Yoast SEO plugin. -->","yoast_head_json":{"title":"Arctic Excursions","robots":{"index":"index","follow":"follow","max-snippet":"max-snippet:-1","max-image-preview":"max-image-preview:large","max-video-preview":"max-video-preview:-1"},"canonical":"https:\/\/test.arctic.klean.it\/udflugter\/tentsile-sleepover\/","og_locale":"da_DK","og_type":"article","og_title":"Overnatning i Tentsile-telt - Arctic Excursions","og_description":"Vil du gerne opleve camping i Tentsiles?  S\u00e5 er denne tur som skabt til dig!","og_url":"https:\/\/test.arctic.klean.it\/udflugter\/tentsile-sleepover\/","og_site_name":"Arctic Excursions","article_modified_time":"2023-10-10T09:08:17+00:00","og_image":[{"width":750,"height":500,"url":"https:\/\/test.arctic.klean.it\/wp-content\/uploads\/2023\/01\/E37B22DC-C70D-4B35-A2A6-97BB6677C91A.jpg","type":"image\/jpeg"}],"twitter_card":"summary_large_image","schema":{"@context":"https:\/\/schema.org","@graph":[{"@type":"WebPage","@id":"https:\/\/test.arctic.klean.it\/udflugter\/tentsile-sleepover\/","url":"https:\/\/test.arctic.klean.it\/udflugter\/tentsile-sleepover\/","name":"Overnatning i Tentsile-telt - Arctic Excursions","isPartOf":{"@id":"https:\/\/test.arctic.klean.it\/#website"},"primaryImageOfPage":{"@id":"https:\/\/test.arctic.klean.it\/udflugter\/tentsile-sleepover\/#primaryimage"},"image":{"@id":"https:\/\/test.arctic.klean.it\/udflugter\/tentsile-sleepover\/#primaryimage"},"thumbnailUrl":"https:\/\/test.arctic.klean.it\/wp-content\/uploads\/2023\/01\/E37B22DC-C70D-4B35-A2A6-97BB6677C91A.jpg","datePublished":"2023-01-25T10:32:06+00:00","dateModified":"2023-10-10T09:08:17+00:00","breadcrumb":{"@id":"https:\/\/test.arctic.klean.it\/udflugter\/tentsile-sleepover\/#breadcrumb"},"inLanguage":"da-DK","potentialAction":[{"@type":"ReadAction","target":["https:\/\/test.arctic.klean.it\/udflugter\/tentsile-sleepover\/"]}]},{"@type":"ImageObject","inLanguage":"da-DK","@id":"https:\/\/test.arctic.klean.it\/udflugter\/tentsile-sleepover\/#primaryimage","url":"https:\/\/test.arctic.klean.it\/wp-content\/uploads\/2023\/01\/E37B22DC-C70D-4B35-A2A6-97BB6677C91A.jpg","contentUrl":"https:\/\/test.arctic.klean.it\/wp-content\/uploads\/2023\/01\/E37B22DC-C70D-4B35-A2A6-97BB6677C91A.jpg","width":750,"height":500},{"@type":"BreadcrumbList","@id":"https:\/\/test.arctic.klean.it\/udflugter\/tentsile-sleepover\/#breadcrumb","itemListElement":[{"@type":"ListItem","position":1,"name":"Udflugter i Gr\u00f8nland","item":"https:\/\/test.arctic.klean.it\/da\/udflugter\/"},{"@type":"ListItem","position":2,"name":"Overnatning i Tentsile-telt"}]},{"@type":"WebSite","@id":"https:\/\/test.arctic.klean.it\/#website","url":"https:\/\/test.arctic.klean.it\/","name":"Arctic Excursions","description":"New adventures. Every day.","potentialAction":[{"@type":"SearchAction","target":{"@type":"EntryPoint","urlTemplate":"https:\/\/test.arctic.klean.it\/?s={search_term_string}"},"query-input":{"@type":"PropertyValueSpecification","valueRequired":true,"valueName":"search_term_string"}}],"inLanguage":"da-DK"}]}},"_links":{"self":[{"href":"https:\/\/test.arctic.klean.it\/da\/wp-json\/wp\/v2\/product\/8234","targetHints":{"allow":["GET"]}}],"collection":[{"href":"https:\/\/test.arctic.klean.it\/da\/wp-json\/wp\/v2\/product"}],"about":[{"href":"https:\/\/test.arctic.klean.it\/da\/wp-json\/wp\/v2\/types\/product"}],"replies":[{"embeddable":true,"href":"https:\/\/test.arctic.klean.it\/da\/wp-json\/wp\/v2\/comments?post=8234"}],"wp:featuredmedia":[{"embeddable":true,"href":"https:\/\/test.arctic.klean.it\/da\/wp-json\/wp\/v2\/media\/8222"}],"wp:attachment":[{"href":"https:\/\/test.arctic.klean.it\/da\/wp-json\/wp\/v2\/media?parent=8234"}],"wp:term":[{"taxonomy":"product_brand","embeddable":true,"href":"https:\/\/test.arctic.klean.it\/da\/wp-json\/wp\/v2\/product_brand?post=8234"},{"taxonomy":"product_cat","embeddable":true,"href":"https:\/\/test.arctic.klean.it\/da\/wp-json\/wp\/v2\/product_cat?post=8234"},{"taxonomy":"product_tag","embeddable":true,"href":"https:\/\/test.arctic.klean.it\/da\/wp-json\/wp\/v2\/product_tag?post=8234"}],"curies":[{"name":"wp","href":"https:\/\/api.w.org\/{rel}","templated":true}]}}