{"id":8657,"date":"2023-01-27T15:30:18","date_gmt":"2023-01-27T13:30:18","guid":{"rendered":"https:\/\/test.arctic.klean.it\/?post_type=product&#038;p=8657"},"modified":"2023-08-23T14:18:52","modified_gmt":"2023-08-23T12:18:52","slug":"whale-safari-in-ilulissat","status":"publish","type":"product","link":"https:\/\/test.arctic.klean.it\/da\/udflugter\/whale-safari-in-ilulissat\/","title":{"rendered":"Hvalsalari i Ilulissat isfjord"},"content":{"rendered":"<p>Vi sejler med \u00e5ben b\u00e5d mellem isbjergene for at fors\u00f8ge at finde hvalerne.<\/p>\n<p>N\u00e5r du er i Ilulissat, er en hvalsafari en oplevelse, som man skal have med hjem. <\/p>\n<p>Vi sejler rundt i 3 timer, og der er meget at opleve med os.<\/p>\n<p><b>Varighed:<\/b> 3 timer <\/p>\n<p><b>Inkluderet<\/b> Snedragt, kaffe og te.<\/p>\n<p><b>Minimum:<\/b> 2 personer<\/p>\n<p><b>Maksimum:<\/b> 9 personer<\/p>\n","protected":false},"excerpt":{"rendered":"<p>Tag med os p\u00e5 eventyr, n\u00e5r vi tager p\u00e5 hvalsafari i Ilulissat isfjord. <\/p>\n","protected":false},"featured_media":8639,"comment_status":"open","ping_status":"closed","template":"","meta":{"_acf_changed":false},"product_brand":[],"product_cat":[101,170],"product_tag":[],"class_list":{"0":"post-8657","1":"product","2":"type-product","3":"status-publish","4":"has-post-thumbnail","6":"product_cat-tour","7":"product_cat-udflugt","8":"pa_dato-643","9":"pa_dato-644","10":"pa_dato-666","11":"pa_dato-502","12":"pa_dato-549","13":"pa_dato-550","14":"pa_dato-551","15":"pa_dato-513","16":"pa_tidspunkt-70","17":"pa_tidspunkt-72","18":"pa_tidspunkt-40","19":"pa_tidspunkt-177","20":"pa_tidspunkt-308","21":"pa_tidspunkt-205","22":"pa_tidspunkt-255","23":"tour_location-ilulissat-da","24":"tour_type-hvalsafari","25":"tour_operator-ilulissat-local-guide","27":"first","28":"outofstock","29":"shipping-taxable","30":"product-type-variable"},"acf":[],"yoast_head":"<!-- This site is optimized with the Yoast SEO plugin v25.2 - https:\/\/yoast.com\/wordpress\/plugins\/seo\/ -->\n<title>Arctic Excursions<\/title>\n<meta name=\"robots\" content=\"index, follow, max-snippet:-1, max-image-preview:large, max-video-preview:-1\" \/>\n<link rel=\"canonical\" href=\"https:\/\/test.arctic.klean.it\/udflugter\/whale-safari-in-ilulissat\/\" \/>\n<meta property=\"og:locale\" content=\"da_DK\" \/>\n<meta property=\"og:type\" content=\"article\" \/>\n<meta property=\"og:title\" content=\"Hvalsalari i Ilulissat isfjord - Arctic Excursions\" \/>\n<meta property=\"og:description\" content=\"Tag med os p\u00e5 eventyr, n\u00e5r vi tager p\u00e5 hvalsafari i Ilulissat isfjord.\" \/>\n<meta property=\"og:url\" content=\"https:\/\/test.arctic.klean.it\/udflugter\/whale-safari-in-ilulissat\/\" \/>\n<meta property=\"og:site_name\" content=\"Arctic Excursions\" \/>\n<meta property=\"article:modified_time\" content=\"2023-08-23T12:18:52+00:00\" \/>\n<meta property=\"og:image\" content=\"https:\/\/test.arctic.klean.it\/wp-content\/uploads\/2023\/01\/an-aerial-view-of-a-humpback-surfacing-near-ilulissat-in-greenland-1400x933-1.jpg\" \/>\n\t<meta property=\"og:image:width\" content=\"1400\" \/>\n\t<meta property=\"og:image:height\" content=\"933\" \/>\n\t<meta property=\"og:image:type\" content=\"image\/jpeg\" \/>\n<meta name=\"twitter:card\" content=\"summary_large_image\" \/>\n<script type=\"application\/ld+json\" class=\"yoast-schema-graph\">{\"@context\":\"https:\/\/schema.org\",\"@graph\":[{\"@type\":\"WebPage\",\"@id\":\"https:\/\/test.arctic.klean.it\/udflugter\/whale-safari-in-ilulissat\/\",\"url\":\"https:\/\/test.arctic.klean.it\/udflugter\/whale-safari-in-ilulissat\/\",\"name\":\"Hvalsalari i Ilulissat isfjord - Arctic Excursions\",\"isPartOf\":{\"@id\":\"https:\/\/test.arctic.klean.it\/#website\"},\"primaryImageOfPage\":{\"@id\":\"https:\/\/test.arctic.klean.it\/udflugter\/whale-safari-in-ilulissat\/#primaryimage\"},\"image\":{\"@id\":\"https:\/\/test.arctic.klean.it\/udflugter\/whale-safari-in-ilulissat\/#primaryimage\"},\"thumbnailUrl\":\"https:\/\/test.arctic.klean.it\/wp-content\/uploads\/2023\/01\/an-aerial-view-of-a-humpback-surfacing-near-ilulissat-in-greenland-1400x933-1.jpg\",\"datePublished\":\"2023-01-27T13:30:18+00:00\",\"dateModified\":\"2023-08-23T12:18:52+00:00\",\"breadcrumb\":{\"@id\":\"https:\/\/test.arctic.klean.it\/udflugter\/whale-safari-in-ilulissat\/#breadcrumb\"},\"inLanguage\":\"da-DK\",\"potentialAction\":[{\"@type\":\"ReadAction\",\"target\":[\"https:\/\/test.arctic.klean.it\/udflugter\/whale-safari-in-ilulissat\/\"]}]},{\"@type\":\"ImageObject\",\"inLanguage\":\"da-DK\",\"@id\":\"https:\/\/test.arctic.klean.it\/udflugter\/whale-safari-in-ilulissat\/#primaryimage\",\"url\":\"https:\/\/test.arctic.klean.it\/wp-content\/uploads\/2023\/01\/an-aerial-view-of-a-humpback-surfacing-near-ilulissat-in-greenland-1400x933-1.jpg\",\"contentUrl\":\"https:\/\/test.arctic.klean.it\/wp-content\/uploads\/2023\/01\/an-aerial-view-of-a-humpback-surfacing-near-ilulissat-in-greenland-1400x933-1.jpg\",\"width\":1400,\"height\":933},{\"@type\":\"BreadcrumbList\",\"@id\":\"https:\/\/test.arctic.klean.it\/udflugter\/whale-safari-in-ilulissat\/#breadcrumb\",\"itemListElement\":[{\"@type\":\"ListItem\",\"position\":1,\"name\":\"Udflugter i Gr\u00f8nland\",\"item\":\"https:\/\/test.arctic.klean.it\/da\/udflugter\/\"},{\"@type\":\"ListItem\",\"position\":2,\"name\":\"Hvalsalari i Ilulissat isfjord\"}]},{\"@type\":\"WebSite\",\"@id\":\"https:\/\/test.arctic.klean.it\/#website\",\"url\":\"https:\/\/test.arctic.klean.it\/\",\"name\":\"Arctic Excursions\",\"description\":\"New adventures. Every day.\",\"potentialAction\":[{\"@type\":\"SearchAction\",\"target\":{\"@type\":\"EntryPoint\",\"urlTemplate\":\"https:\/\/test.arctic.klean.it\/?s={search_term_string}\"},\"query-input\":{\"@type\":\"PropertyValueSpecification\",\"valueRequired\":true,\"valueName\":\"search_term_string\"}}],\"inLanguage\":\"da-DK\"}]}<\/script>\n<!-- \/ Yoast SEO plugin. -->","yoast_head_json":{"title":"Arctic Excursions","robots":{"index":"index","follow":"follow","max-snippet":"max-snippet:-1","max-image-preview":"max-image-preview:large","max-video-preview":"max-video-preview:-1"},"canonical":"https:\/\/test.arctic.klean.it\/udflugter\/whale-safari-in-ilulissat\/","og_locale":"da_DK","og_type":"article","og_title":"Hvalsalari i Ilulissat isfjord - Arctic Excursions","og_description":"Tag med os p\u00e5 eventyr, n\u00e5r vi tager p\u00e5 hvalsafari i Ilulissat isfjord.","og_url":"https:\/\/test.arctic.klean.it\/udflugter\/whale-safari-in-ilulissat\/","og_site_name":"Arctic Excursions","article_modified_time":"2023-08-23T12:18:52+00:00","og_image":[{"width":1400,"height":933,"url":"https:\/\/test.arctic.klean.it\/wp-content\/uploads\/2023\/01\/an-aerial-view-of-a-humpback-surfacing-near-ilulissat-in-greenland-1400x933-1.jpg","type":"image\/jpeg"}],"twitter_card":"summary_large_image","schema":{"@context":"https:\/\/schema.org","@graph":[{"@type":"WebPage","@id":"https:\/\/test.arctic.klean.it\/udflugter\/whale-safari-in-ilulissat\/","url":"https:\/\/test.arctic.klean.it\/udflugter\/whale-safari-in-ilulissat\/","name":"Hvalsalari i Ilulissat isfjord - Arctic Excursions","isPartOf":{"@id":"https:\/\/test.arctic.klean.it\/#website"},"primaryImageOfPage":{"@id":"https:\/\/test.arctic.klean.it\/udflugter\/whale-safari-in-ilulissat\/#primaryimage"},"image":{"@id":"https:\/\/test.arctic.klean.it\/udflugter\/whale-safari-in-ilulissat\/#primaryimage"},"thumbnailUrl":"https:\/\/test.arctic.klean.it\/wp-content\/uploads\/2023\/01\/an-aerial-view-of-a-humpback-surfacing-near-ilulissat-in-greenland-1400x933-1.jpg","datePublished":"2023-01-27T13:30:18+00:00","dateModified":"2023-08-23T12:18:52+00:00","breadcrumb":{"@id":"https:\/\/test.arctic.klean.it\/udflugter\/whale-safari-in-ilulissat\/#breadcrumb"},"inLanguage":"da-DK","potentialAction":[{"@type":"ReadAction","target":["https:\/\/test.arctic.klean.it\/udflugter\/whale-safari-in-ilulissat\/"]}]},{"@type":"ImageObject","inLanguage":"da-DK","@id":"https:\/\/test.arctic.klean.it\/udflugter\/whale-safari-in-ilulissat\/#primaryimage","url":"https:\/\/test.arctic.klean.it\/wp-content\/uploads\/2023\/01\/an-aerial-view-of-a-humpback-surfacing-near-ilulissat-in-greenland-1400x933-1.jpg","contentUrl":"https:\/\/test.arctic.klean.it\/wp-content\/uploads\/2023\/01\/an-aerial-view-of-a-humpback-surfacing-near-ilulissat-in-greenland-1400x933-1.jpg","width":1400,"height":933},{"@type":"BreadcrumbList","@id":"https:\/\/test.arctic.klean.it\/udflugter\/whale-safari-in-ilulissat\/#breadcrumb","itemListElement":[{"@type":"ListItem","position":1,"name":"Udflugter i Gr\u00f8nland","item":"https:\/\/test.arctic.klean.it\/da\/udflugter\/"},{"@type":"ListItem","position":2,"name":"Hvalsalari i Ilulissat isfjord"}]},{"@type":"WebSite","@id":"https:\/\/test.arctic.klean.it\/#website","url":"https:\/\/test.arctic.klean.it\/","name":"Arctic Excursions","description":"New adventures. Every day.","potentialAction":[{"@type":"SearchAction","target":{"@type":"EntryPoint","urlTemplate":"https:\/\/test.arctic.klean.it\/?s={search_term_string}"},"query-input":{"@type":"PropertyValueSpecification","valueRequired":true,"valueName":"search_term_string"}}],"inLanguage":"da-DK"}]}},"_links":{"self":[{"href":"https:\/\/test.arctic.klean.it\/da\/wp-json\/wp\/v2\/product\/8657","targetHints":{"allow":["GET"]}}],"collection":[{"href":"https:\/\/test.arctic.klean.it\/da\/wp-json\/wp\/v2\/product"}],"about":[{"href":"https:\/\/test.arctic.klean.it\/da\/wp-json\/wp\/v2\/types\/product"}],"replies":[{"embeddable":true,"href":"https:\/\/test.arctic.klean.it\/da\/wp-json\/wp\/v2\/comments?post=8657"}],"wp:featuredmedia":[{"embeddable":true,"href":"https:\/\/test.arctic.klean.it\/da\/wp-json\/wp\/v2\/media\/8639"}],"wp:attachment":[{"href":"https:\/\/test.arctic.klean.it\/da\/wp-json\/wp\/v2\/media?parent=8657"}],"wp:term":[{"taxonomy":"product_brand","embeddable":true,"href":"https:\/\/test.arctic.klean.it\/da\/wp-json\/wp\/v2\/product_brand?post=8657"},{"taxonomy":"product_cat","embeddable":true,"href":"https:\/\/test.arctic.klean.it\/da\/wp-json\/wp\/v2\/product_cat?post=8657"},{"taxonomy":"product_tag","embeddable":true,"href":"https:\/\/test.arctic.klean.it\/da\/wp-json\/wp\/v2\/product_tag?post=8657"}],"curies":[{"name":"wp","href":"https:\/\/api.w.org\/{rel}","templated":true}]}}