{"id":870,"date":"2021-06-08T12:32:23","date_gmt":"2021-06-08T10:32:23","guid":{"rendered":"https:\/\/test.arctic.klean.it\/?post_type=product&#038;p=870"},"modified":"2023-05-01T12:44:38","modified_gmt":"2023-05-01T10:44:38","slug":"hvalsafari","status":"publish","type":"product","link":"https:\/\/test.arctic.klean.it\/da\/udflugter\/hvalsafari\/","title":{"rendered":"Hvalsafari med World of Greenland"},"content":{"rendered":"<p><strong>Lokation:<\/strong> Ilulissat<\/p>\n<p>Hvaler er enorme, og disse utrolige pattedyr har en s\u00e6rlig plads i gr\u00f8nlandsk kultur og historiske myter og historier. Se dem, n\u00e5r de dykker ned i havets dyb med halen oppe!<\/p>\n<p>Hvaler kan ses mange steder rundt om ved Gr\u00f8nlands kyst, og Ilulissat er et fantastisk sted at observere dem! De mest almindelige hvaler, du ser, er pukkelhvaler, som er store og kraftige, v\u00e5gehvaler, som er lidt mindre og nysgerrige, og finhvaler.<\/p>\n<p>Blandt de store hvaler er pukkelhvalen akrobaten, der p\u00e5 trods af sin st\u00f8rrelse p\u00e5 op til 18 meter og 30 tons kan dreje sin hale og finner og kaste sig op af vandet. Den er let at identificere p\u00e5 sin puklede finne og hvide kant p\u00e5 halen, n\u00e5r den dykker.<\/p>\n<p>Ilulissat Isfjorden er ret popul\u00e6r blandt hvaler, fordi de enorme isbjerge og vandbev\u00e6gelser giver ideelle forhold til at finde f\u00f8de som fisk og krill. Mulighederne for at se hvaler er ogs\u00e5 h\u00f8je ved Ilimanaq og nordp\u00e5 ved Arveprinsens Ejland. Derudover kan vi n\u00e6sten altid finde hvalerne, fordi vi har radiokontakt med Ilulissats fiskere og andre turismeudbydere.<\/p>\n<p><strong>Bem\u00e6rk venligst<\/strong><br \/>\n&#8211; Medbring varmt t\u00f8j<br \/>\n&#8211; Vi serverer kaffe og te ombord<\/p>\n<p><strong>Varighed:\u00a0<\/strong>3 timer<br \/>\n<strong>S\u00e6son:\u00a0<\/strong>Juni &#8211; September<br \/>\n<strong>Deltagere:\u00a0<\/strong>Min. 4<br \/>\n<strong>Sv\u00e6rhedsgrad:\u00a0<\/strong>Level 1<\/p>\n","protected":false},"excerpt":{"rendered":"<p>De store hvaler er altid et imponerende syn. Kom med os p\u00e5 fotosafari!<\/p>\n","protected":false},"featured_media":768,"comment_status":"open","ping_status":"closed","template":"","meta":{"_acf_changed":false},"product_brand":[],"product_cat":[170],"product_tag":[159],"class_list":{"0":"post-870","1":"product","2":"type-product","3":"status-publish","4":"has-post-thumbnail","6":"product_cat-udflugt","7":"product_tag-1-da","8":"pa_dato-172","9":"pa_dato-252","10":"pa_tidspunkt-189","11":"tour_location-ilulissat-da","12":"tour_type-hvalsafari","13":"tour_operator-world-of-greenland","15":"first","16":"outofstock","17":"shipping-taxable","18":"product-type-variable"},"acf":[],"yoast_head":"<!-- This site is optimized with the Yoast SEO plugin v25.2 - https:\/\/yoast.com\/wordpress\/plugins\/seo\/ -->\n<title>Arctic Excursions<\/title>\n<meta name=\"robots\" content=\"index, follow, max-snippet:-1, max-image-preview:large, max-video-preview:-1\" \/>\n<link rel=\"canonical\" href=\"https:\/\/test.arctic.klean.it\/udflugter\/whale-safari\/\" \/>\n<meta property=\"og:locale\" content=\"da_DK\" \/>\n<meta property=\"og:type\" content=\"article\" \/>\n<meta property=\"og:title\" content=\"Hvalsafari med World of Greenland - Arctic Excursions\" \/>\n<meta property=\"og:description\" content=\"De store hvaler er altid et imponerende syn. Kom med os p\u00e5 fotosafari!\" \/>\n<meta property=\"og:url\" content=\"https:\/\/test.arctic.klean.it\/udflugter\/whale-safari\/\" \/>\n<meta property=\"og:site_name\" content=\"Arctic Excursions\" \/>\n<meta property=\"article:modified_time\" content=\"2023-05-01T10:44:38+00:00\" \/>\n<meta property=\"og:image\" content=\"https:\/\/test.arctic.klean.it\/wp-content\/uploads\/2021\/06\/hval.jpg\" \/>\n\t<meta property=\"og:image:width\" content=\"1200\" \/>\n\t<meta property=\"og:image:height\" content=\"800\" \/>\n\t<meta property=\"og:image:type\" content=\"image\/jpeg\" \/>\n<meta name=\"twitter:card\" content=\"summary_large_image\" \/>\n<meta name=\"twitter:label1\" content=\"Estimeret l\u00e6setid\" \/>\n\t<meta name=\"twitter:data1\" content=\"1 minut\" \/>\n<script type=\"application\/ld+json\" class=\"yoast-schema-graph\">{\"@context\":\"https:\/\/schema.org\",\"@graph\":[{\"@type\":\"WebPage\",\"@id\":\"https:\/\/test.arctic.klean.it\/udflugter\/whale-safari\/\",\"url\":\"https:\/\/test.arctic.klean.it\/udflugter\/whale-safari\/\",\"name\":\"Hvalsafari med World of Greenland - Arctic Excursions\",\"isPartOf\":{\"@id\":\"https:\/\/test.arctic.klean.it\/#website\"},\"primaryImageOfPage\":{\"@id\":\"https:\/\/test.arctic.klean.it\/udflugter\/whale-safari\/#primaryimage\"},\"image\":{\"@id\":\"https:\/\/test.arctic.klean.it\/udflugter\/whale-safari\/#primaryimage\"},\"thumbnailUrl\":\"https:\/\/test.arctic.klean.it\/wp-content\/uploads\/2021\/06\/hval.jpg\",\"datePublished\":\"2021-06-08T10:32:23+00:00\",\"dateModified\":\"2023-05-01T10:44:38+00:00\",\"breadcrumb\":{\"@id\":\"https:\/\/test.arctic.klean.it\/udflugter\/whale-safari\/#breadcrumb\"},\"inLanguage\":\"da-DK\",\"potentialAction\":[{\"@type\":\"ReadAction\",\"target\":[\"https:\/\/test.arctic.klean.it\/udflugter\/whale-safari\/\"]}]},{\"@type\":\"ImageObject\",\"inLanguage\":\"da-DK\",\"@id\":\"https:\/\/test.arctic.klean.it\/udflugter\/whale-safari\/#primaryimage\",\"url\":\"https:\/\/test.arctic.klean.it\/wp-content\/uploads\/2021\/06\/hval.jpg\",\"contentUrl\":\"https:\/\/test.arctic.klean.it\/wp-content\/uploads\/2021\/06\/hval.jpg\",\"width\":1200,\"height\":800},{\"@type\":\"BreadcrumbList\",\"@id\":\"https:\/\/test.arctic.klean.it\/udflugter\/whale-safari\/#breadcrumb\",\"itemListElement\":[{\"@type\":\"ListItem\",\"position\":1,\"name\":\"Udflugter i Gr\u00f8nland\",\"item\":\"https:\/\/test.arctic.klean.it\/da\/udflugter\/\"},{\"@type\":\"ListItem\",\"position\":2,\"name\":\"Hvalsafari med World of Greenland\"}]},{\"@type\":\"WebSite\",\"@id\":\"https:\/\/test.arctic.klean.it\/#website\",\"url\":\"https:\/\/test.arctic.klean.it\/\",\"name\":\"Arctic Excursions\",\"description\":\"New adventures. Every day.\",\"potentialAction\":[{\"@type\":\"SearchAction\",\"target\":{\"@type\":\"EntryPoint\",\"urlTemplate\":\"https:\/\/test.arctic.klean.it\/?s={search_term_string}\"},\"query-input\":{\"@type\":\"PropertyValueSpecification\",\"valueRequired\":true,\"valueName\":\"search_term_string\"}}],\"inLanguage\":\"da-DK\"}]}<\/script>\n<!-- \/ Yoast SEO plugin. -->","yoast_head_json":{"title":"Arctic Excursions","robots":{"index":"index","follow":"follow","max-snippet":"max-snippet:-1","max-image-preview":"max-image-preview:large","max-video-preview":"max-video-preview:-1"},"canonical":"https:\/\/test.arctic.klean.it\/udflugter\/whale-safari\/","og_locale":"da_DK","og_type":"article","og_title":"Hvalsafari med World of Greenland - Arctic Excursions","og_description":"De store hvaler er altid et imponerende syn. Kom med os p\u00e5 fotosafari!","og_url":"https:\/\/test.arctic.klean.it\/udflugter\/whale-safari\/","og_site_name":"Arctic Excursions","article_modified_time":"2023-05-01T10:44:38+00:00","og_image":[{"width":1200,"height":800,"url":"https:\/\/test.arctic.klean.it\/wp-content\/uploads\/2021\/06\/hval.jpg","type":"image\/jpeg"}],"twitter_card":"summary_large_image","twitter_misc":{"Estimeret l\u00e6setid":"1 minut"},"schema":{"@context":"https:\/\/schema.org","@graph":[{"@type":"WebPage","@id":"https:\/\/test.arctic.klean.it\/udflugter\/whale-safari\/","url":"https:\/\/test.arctic.klean.it\/udflugter\/whale-safari\/","name":"Hvalsafari med World of Greenland - Arctic Excursions","isPartOf":{"@id":"https:\/\/test.arctic.klean.it\/#website"},"primaryImageOfPage":{"@id":"https:\/\/test.arctic.klean.it\/udflugter\/whale-safari\/#primaryimage"},"image":{"@id":"https:\/\/test.arctic.klean.it\/udflugter\/whale-safari\/#primaryimage"},"thumbnailUrl":"https:\/\/test.arctic.klean.it\/wp-content\/uploads\/2021\/06\/hval.jpg","datePublished":"2021-06-08T10:32:23+00:00","dateModified":"2023-05-01T10:44:38+00:00","breadcrumb":{"@id":"https:\/\/test.arctic.klean.it\/udflugter\/whale-safari\/#breadcrumb"},"inLanguage":"da-DK","potentialAction":[{"@type":"ReadAction","target":["https:\/\/test.arctic.klean.it\/udflugter\/whale-safari\/"]}]},{"@type":"ImageObject","inLanguage":"da-DK","@id":"https:\/\/test.arctic.klean.it\/udflugter\/whale-safari\/#primaryimage","url":"https:\/\/test.arctic.klean.it\/wp-content\/uploads\/2021\/06\/hval.jpg","contentUrl":"https:\/\/test.arctic.klean.it\/wp-content\/uploads\/2021\/06\/hval.jpg","width":1200,"height":800},{"@type":"BreadcrumbList","@id":"https:\/\/test.arctic.klean.it\/udflugter\/whale-safari\/#breadcrumb","itemListElement":[{"@type":"ListItem","position":1,"name":"Udflugter i Gr\u00f8nland","item":"https:\/\/test.arctic.klean.it\/da\/udflugter\/"},{"@type":"ListItem","position":2,"name":"Hvalsafari med World of Greenland"}]},{"@type":"WebSite","@id":"https:\/\/test.arctic.klean.it\/#website","url":"https:\/\/test.arctic.klean.it\/","name":"Arctic Excursions","description":"New adventures. Every day.","potentialAction":[{"@type":"SearchAction","target":{"@type":"EntryPoint","urlTemplate":"https:\/\/test.arctic.klean.it\/?s={search_term_string}"},"query-input":{"@type":"PropertyValueSpecification","valueRequired":true,"valueName":"search_term_string"}}],"inLanguage":"da-DK"}]}},"_links":{"self":[{"href":"https:\/\/test.arctic.klean.it\/da\/wp-json\/wp\/v2\/product\/870","targetHints":{"allow":["GET"]}}],"collection":[{"href":"https:\/\/test.arctic.klean.it\/da\/wp-json\/wp\/v2\/product"}],"about":[{"href":"https:\/\/test.arctic.klean.it\/da\/wp-json\/wp\/v2\/types\/product"}],"replies":[{"embeddable":true,"href":"https:\/\/test.arctic.klean.it\/da\/wp-json\/wp\/v2\/comments?post=870"}],"wp:featuredmedia":[{"embeddable":true,"href":"https:\/\/test.arctic.klean.it\/da\/wp-json\/wp\/v2\/media\/768"}],"wp:attachment":[{"href":"https:\/\/test.arctic.klean.it\/da\/wp-json\/wp\/v2\/media?parent=870"}],"wp:term":[{"taxonomy":"product_brand","embeddable":true,"href":"https:\/\/test.arctic.klean.it\/da\/wp-json\/wp\/v2\/product_brand?post=870"},{"taxonomy":"product_cat","embeddable":true,"href":"https:\/\/test.arctic.klean.it\/da\/wp-json\/wp\/v2\/product_cat?post=870"},{"taxonomy":"product_tag","embeddable":true,"href":"https:\/\/test.arctic.klean.it\/da\/wp-json\/wp\/v2\/product_tag?post=870"}],"curies":[{"name":"wp","href":"https:\/\/api.w.org\/{rel}","templated":true}]}}