{"id":8706,"date":"2023-01-28T21:46:32","date_gmt":"2023-01-28T19:46:32","guid":{"rendered":"https:\/\/test.arctic.klean.it\/?post_type=product&#038;p=8706"},"modified":"2023-08-15T10:45:44","modified_gmt":"2023-08-15T08:45:44","slug":"iceberg-safari-in-ilulissat","status":"publish","type":"product","link":"https:\/\/test.arctic.klean.it\/da\/udflugter\/iceberg-safari-in-ilulissat\/","title":{"rendered":"Isbjergsafari i Ilulissat"},"content":{"rendered":"<p>Kom med n\u00e5r vi sejler fra Ilulissat til isbjergene og nyder sk\u00f8nheden ved isbjergene og isen, der kn\u00e6kker.<\/p>\n<p>Vi sejler med en \u00e5ben b\u00e5d for at f\u00e5 den mest autentiske oplevelse.<\/p>\n<p>Der vil v\u00e6re tid til at tage nogle gode billeder. <\/p>\n<p><b>Varighed:<\/b> 2 timer<\/p>\n<p><b>Inkluderet:<\/b> Snedragt, kaffe og te.<\/p>\n<p><b>Minimum<\/b> 2 personer<\/p>\n<p><b>H\u00f8jst:<\/b> 9 personer<\/p>\n","protected":false},"excerpt":{"rendered":"<p>Tag med mig for at se isbjerge og naturens vidundere i UNESCO&#8217;s verdensarvsomr\u00e5de.<\/p>\n","protected":false},"featured_media":8655,"comment_status":"open","ping_status":"closed","template":"","meta":{"_acf_changed":false},"product_brand":[],"product_cat":[101,170],"product_tag":[],"class_list":{"0":"post-8706","1":"product","2":"type-product","3":"status-publish","4":"has-post-thumbnail","6":"product_cat-tour","7":"product_cat-udflugt","8":"pa_dato-413","9":"pa_dato-349","10":"pa_dato-375","11":"pa_dato-397","12":"pa_dato-628","13":"pa_dato-629","14":"pa_dato-630","15":"pa_dato-631","16":"pa_dato-632","17":"pa_dato-636","18":"pa_dato-637","19":"pa_dato-638","20":"pa_dato-639","21":"pa_dato-640","22":"pa_dato-645","23":"pa_dato-551","24":"pa_dato-592","25":"pa_dato-593","26":"pa_tidspunkt-70","27":"pa_tidspunkt-72","28":"pa_tidspunkt-40","29":"pa_tidspunkt-304","30":"pa_tidspunkt-177","31":"pa_tidspunkt-308","32":"pa_tidspunkt-770","33":"pa_tidspunkt-80","34":"tour_location-ilulissat-da","35":"tour_type-icebergs","36":"tour_type-isbjerge","37":"tour_type-baadture","38":"tour_operator-ilulissat-local-guide","40":"first","41":"outofstock","42":"shipping-taxable","43":"product-type-variable"},"acf":[],"yoast_head":"<!-- This site is optimized with the Yoast SEO plugin v25.2 - https:\/\/yoast.com\/wordpress\/plugins\/seo\/ -->\n<title>Arctic Excursions<\/title>\n<meta name=\"robots\" content=\"index, follow, max-snippet:-1, max-image-preview:large, max-video-preview:-1\" \/>\n<link rel=\"canonical\" href=\"https:\/\/test.arctic.klean.it\/udflugter\/iceberg-safari-in-ilulissat\/\" \/>\n<meta property=\"og:locale\" content=\"da_DK\" \/>\n<meta property=\"og:type\" content=\"article\" \/>\n<meta property=\"og:title\" content=\"Isbjergsafari i Ilulissat - Arctic Excursions\" \/>\n<meta property=\"og:description\" content=\"Tag med mig for at se isbjerge og naturens vidundere i UNESCO&#039;s verdensarvsomr\u00e5de.\" \/>\n<meta property=\"og:url\" content=\"https:\/\/test.arctic.klean.it\/udflugter\/iceberg-safari-in-ilulissat\/\" \/>\n<meta property=\"og:site_name\" content=\"Arctic Excursions\" \/>\n<meta property=\"article:modified_time\" content=\"2023-08-15T08:45:44+00:00\" \/>\n<meta property=\"og:image\" content=\"https:\/\/test.arctic.klean.it\/wp-content\/uploads\/2023\/01\/dji_mimo_20221030_112928_701_1667145966295_photo-scaled.jpg\" \/>\n\t<meta property=\"og:image:width\" content=\"2560\" \/>\n\t<meta property=\"og:image:height\" content=\"1440\" \/>\n\t<meta property=\"og:image:type\" content=\"image\/jpeg\" \/>\n<meta name=\"twitter:card\" content=\"summary_large_image\" \/>\n<script type=\"application\/ld+json\" class=\"yoast-schema-graph\">{\"@context\":\"https:\/\/schema.org\",\"@graph\":[{\"@type\":\"WebPage\",\"@id\":\"https:\/\/test.arctic.klean.it\/udflugter\/iceberg-safari-in-ilulissat\/\",\"url\":\"https:\/\/test.arctic.klean.it\/udflugter\/iceberg-safari-in-ilulissat\/\",\"name\":\"Isbjergsafari i Ilulissat - Arctic Excursions\",\"isPartOf\":{\"@id\":\"https:\/\/test.arctic.klean.it\/#website\"},\"primaryImageOfPage\":{\"@id\":\"https:\/\/test.arctic.klean.it\/udflugter\/iceberg-safari-in-ilulissat\/#primaryimage\"},\"image\":{\"@id\":\"https:\/\/test.arctic.klean.it\/udflugter\/iceberg-safari-in-ilulissat\/#primaryimage\"},\"thumbnailUrl\":\"https:\/\/test.arctic.klean.it\/wp-content\/uploads\/2023\/01\/dji_mimo_20221030_112928_701_1667145966295_photo-scaled.jpg\",\"datePublished\":\"2023-01-28T19:46:32+00:00\",\"dateModified\":\"2023-08-15T08:45:44+00:00\",\"breadcrumb\":{\"@id\":\"https:\/\/test.arctic.klean.it\/udflugter\/iceberg-safari-in-ilulissat\/#breadcrumb\"},\"inLanguage\":\"da-DK\",\"potentialAction\":[{\"@type\":\"ReadAction\",\"target\":[\"https:\/\/test.arctic.klean.it\/udflugter\/iceberg-safari-in-ilulissat\/\"]}]},{\"@type\":\"ImageObject\",\"inLanguage\":\"da-DK\",\"@id\":\"https:\/\/test.arctic.klean.it\/udflugter\/iceberg-safari-in-ilulissat\/#primaryimage\",\"url\":\"https:\/\/test.arctic.klean.it\/wp-content\/uploads\/2023\/01\/dji_mimo_20221030_112928_701_1667145966295_photo-scaled.jpg\",\"contentUrl\":\"https:\/\/test.arctic.klean.it\/wp-content\/uploads\/2023\/01\/dji_mimo_20221030_112928_701_1667145966295_photo-scaled.jpg\",\"width\":2560,\"height\":1440,\"caption\":\"DCIM100MEDIADJI_0701.JPG\"},{\"@type\":\"BreadcrumbList\",\"@id\":\"https:\/\/test.arctic.klean.it\/udflugter\/iceberg-safari-in-ilulissat\/#breadcrumb\",\"itemListElement\":[{\"@type\":\"ListItem\",\"position\":1,\"name\":\"Udflugter i Gr\u00f8nland\",\"item\":\"https:\/\/test.arctic.klean.it\/da\/udflugter\/\"},{\"@type\":\"ListItem\",\"position\":2,\"name\":\"Isbjergsafari i Ilulissat\"}]},{\"@type\":\"WebSite\",\"@id\":\"https:\/\/test.arctic.klean.it\/#website\",\"url\":\"https:\/\/test.arctic.klean.it\/\",\"name\":\"Arctic Excursions\",\"description\":\"New adventures. Every day.\",\"potentialAction\":[{\"@type\":\"SearchAction\",\"target\":{\"@type\":\"EntryPoint\",\"urlTemplate\":\"https:\/\/test.arctic.klean.it\/?s={search_term_string}\"},\"query-input\":{\"@type\":\"PropertyValueSpecification\",\"valueRequired\":true,\"valueName\":\"search_term_string\"}}],\"inLanguage\":\"da-DK\"}]}<\/script>\n<!-- \/ Yoast SEO plugin. -->","yoast_head_json":{"title":"Arctic Excursions","robots":{"index":"index","follow":"follow","max-snippet":"max-snippet:-1","max-image-preview":"max-image-preview:large","max-video-preview":"max-video-preview:-1"},"canonical":"https:\/\/test.arctic.klean.it\/udflugter\/iceberg-safari-in-ilulissat\/","og_locale":"da_DK","og_type":"article","og_title":"Isbjergsafari i Ilulissat - Arctic Excursions","og_description":"Tag med mig for at se isbjerge og naturens vidundere i UNESCO's verdensarvsomr\u00e5de.","og_url":"https:\/\/test.arctic.klean.it\/udflugter\/iceberg-safari-in-ilulissat\/","og_site_name":"Arctic Excursions","article_modified_time":"2023-08-15T08:45:44+00:00","og_image":[{"width":2560,"height":1440,"url":"https:\/\/test.arctic.klean.it\/wp-content\/uploads\/2023\/01\/dji_mimo_20221030_112928_701_1667145966295_photo-scaled.jpg","type":"image\/jpeg"}],"twitter_card":"summary_large_image","schema":{"@context":"https:\/\/schema.org","@graph":[{"@type":"WebPage","@id":"https:\/\/test.arctic.klean.it\/udflugter\/iceberg-safari-in-ilulissat\/","url":"https:\/\/test.arctic.klean.it\/udflugter\/iceberg-safari-in-ilulissat\/","name":"Isbjergsafari i Ilulissat - Arctic Excursions","isPartOf":{"@id":"https:\/\/test.arctic.klean.it\/#website"},"primaryImageOfPage":{"@id":"https:\/\/test.arctic.klean.it\/udflugter\/iceberg-safari-in-ilulissat\/#primaryimage"},"image":{"@id":"https:\/\/test.arctic.klean.it\/udflugter\/iceberg-safari-in-ilulissat\/#primaryimage"},"thumbnailUrl":"https:\/\/test.arctic.klean.it\/wp-content\/uploads\/2023\/01\/dji_mimo_20221030_112928_701_1667145966295_photo-scaled.jpg","datePublished":"2023-01-28T19:46:32+00:00","dateModified":"2023-08-15T08:45:44+00:00","breadcrumb":{"@id":"https:\/\/test.arctic.klean.it\/udflugter\/iceberg-safari-in-ilulissat\/#breadcrumb"},"inLanguage":"da-DK","potentialAction":[{"@type":"ReadAction","target":["https:\/\/test.arctic.klean.it\/udflugter\/iceberg-safari-in-ilulissat\/"]}]},{"@type":"ImageObject","inLanguage":"da-DK","@id":"https:\/\/test.arctic.klean.it\/udflugter\/iceberg-safari-in-ilulissat\/#primaryimage","url":"https:\/\/test.arctic.klean.it\/wp-content\/uploads\/2023\/01\/dji_mimo_20221030_112928_701_1667145966295_photo-scaled.jpg","contentUrl":"https:\/\/test.arctic.klean.it\/wp-content\/uploads\/2023\/01\/dji_mimo_20221030_112928_701_1667145966295_photo-scaled.jpg","width":2560,"height":1440,"caption":"DCIM100MEDIADJI_0701.JPG"},{"@type":"BreadcrumbList","@id":"https:\/\/test.arctic.klean.it\/udflugter\/iceberg-safari-in-ilulissat\/#breadcrumb","itemListElement":[{"@type":"ListItem","position":1,"name":"Udflugter i Gr\u00f8nland","item":"https:\/\/test.arctic.klean.it\/da\/udflugter\/"},{"@type":"ListItem","position":2,"name":"Isbjergsafari i Ilulissat"}]},{"@type":"WebSite","@id":"https:\/\/test.arctic.klean.it\/#website","url":"https:\/\/test.arctic.klean.it\/","name":"Arctic Excursions","description":"New adventures. Every day.","potentialAction":[{"@type":"SearchAction","target":{"@type":"EntryPoint","urlTemplate":"https:\/\/test.arctic.klean.it\/?s={search_term_string}"},"query-input":{"@type":"PropertyValueSpecification","valueRequired":true,"valueName":"search_term_string"}}],"inLanguage":"da-DK"}]}},"_links":{"self":[{"href":"https:\/\/test.arctic.klean.it\/da\/wp-json\/wp\/v2\/product\/8706","targetHints":{"allow":["GET"]}}],"collection":[{"href":"https:\/\/test.arctic.klean.it\/da\/wp-json\/wp\/v2\/product"}],"about":[{"href":"https:\/\/test.arctic.klean.it\/da\/wp-json\/wp\/v2\/types\/product"}],"replies":[{"embeddable":true,"href":"https:\/\/test.arctic.klean.it\/da\/wp-json\/wp\/v2\/comments?post=8706"}],"wp:featuredmedia":[{"embeddable":true,"href":"https:\/\/test.arctic.klean.it\/da\/wp-json\/wp\/v2\/media\/8655"}],"wp:attachment":[{"href":"https:\/\/test.arctic.klean.it\/da\/wp-json\/wp\/v2\/media?parent=8706"}],"wp:term":[{"taxonomy":"product_brand","embeddable":true,"href":"https:\/\/test.arctic.klean.it\/da\/wp-json\/wp\/v2\/product_brand?post=8706"},{"taxonomy":"product_cat","embeddable":true,"href":"https:\/\/test.arctic.klean.it\/da\/wp-json\/wp\/v2\/product_cat?post=8706"},{"taxonomy":"product_tag","embeddable":true,"href":"https:\/\/test.arctic.klean.it\/da\/wp-json\/wp\/v2\/product_tag?post=8706"}],"curies":[{"name":"wp","href":"https:\/\/api.w.org\/{rel}","templated":true}]}}