{"id":8722,"date":"2023-01-27T15:44:19","date_gmt":"2023-01-27T13:44:19","guid":{"rendered":"https:\/\/test.arctic.klean.it\/?post_type=product&#038;p=8722"},"modified":"2023-03-11T15:02:45","modified_gmt":"2023-03-11T13:02:45","slug":"visit-rodebay","status":"publish","type":"product","link":"https:\/\/test.arctic.klean.it\/da\/udflugter\/visit-rodebay\/","title":{"rendered":"Bes\u00f8g Rodebay"},"content":{"rendered":"<p>Sejl med en \u00e5ben b\u00e5d fra Ilulissat til en lille landsby. som hedder Oqaatsut. <\/p>\n<p><b>Varighed:<\/b> 2 timer og 30 min.<\/p>\n<p><b>Inkluderet:<\/b> Snedragt, kaffe og te.<\/p>\n<p><b>Minimum:<\/b> 2 personer<\/p>\n<p><b>Maximum:<\/b> 9 personer<\/p>\n","protected":false},"excerpt":{"rendered":"<p>Tag med mig og se den lille landsby med 45 indbyggere med en smuk udsigt.<\/p>\n","protected":false},"featured_media":8687,"comment_status":"open","ping_status":"closed","template":"","meta":{"_acf_changed":false},"product_brand":[],"product_cat":[101,170],"product_tag":[],"class_list":{"0":"post-8722","1":"product","2":"type-product","3":"status-publish","4":"has-post-thumbnail","6":"product_cat-tour","7":"product_cat-udflugt","8":"pa_dato-374","9":"pa_dato-576","10":"pa_tidspunkt-40","11":"tour_location-ilulissat-da","12":"tour_type-baadture","13":"tour_operator-ilulissat-local-guide","15":"first","16":"outofstock","17":"shipping-taxable","18":"product-type-variable"},"acf":[],"yoast_head":"<!-- This site is optimized with the Yoast SEO plugin v25.2 - https:\/\/yoast.com\/wordpress\/plugins\/seo\/ -->\n<title>Arctic Excursions<\/title>\n<meta name=\"robots\" content=\"index, follow, max-snippet:-1, max-image-preview:large, max-video-preview:-1\" \/>\n<link rel=\"canonical\" href=\"https:\/\/test.arctic.klean.it\/udflugter\/visit-rodebay\/\" \/>\n<meta property=\"og:locale\" content=\"da_DK\" \/>\n<meta property=\"og:type\" content=\"article\" \/>\n<meta property=\"og:title\" content=\"Bes\u00f8g Rodebay - Arctic Excursions\" \/>\n<meta property=\"og:description\" content=\"Tag med mig og se den lille landsby med 45 indbyggere med en smuk udsigt.\" \/>\n<meta property=\"og:url\" content=\"https:\/\/test.arctic.klean.it\/udflugter\/visit-rodebay\/\" \/>\n<meta property=\"og:site_name\" content=\"Arctic Excursions\" \/>\n<meta property=\"article:modified_time\" content=\"2023-03-11T13:02:45+00:00\" \/>\n<meta property=\"og:image\" content=\"https:\/\/test.arctic.klean.it\/wp-content\/uploads\/2023\/01\/FB_IMG_1674831791159.jpg\" \/>\n\t<meta property=\"og:image:width\" content=\"1067\" \/>\n\t<meta property=\"og:image:height\" content=\"1080\" \/>\n\t<meta property=\"og:image:type\" content=\"image\/jpeg\" \/>\n<meta name=\"twitter:card\" content=\"summary_large_image\" \/>\n<script type=\"application\/ld+json\" class=\"yoast-schema-graph\">{\"@context\":\"https:\/\/schema.org\",\"@graph\":[{\"@type\":\"WebPage\",\"@id\":\"https:\/\/test.arctic.klean.it\/udflugter\/visit-rodebay\/\",\"url\":\"https:\/\/test.arctic.klean.it\/udflugter\/visit-rodebay\/\",\"name\":\"Bes\u00f8g Rodebay - Arctic Excursions\",\"isPartOf\":{\"@id\":\"https:\/\/test.arctic.klean.it\/#website\"},\"primaryImageOfPage\":{\"@id\":\"https:\/\/test.arctic.klean.it\/udflugter\/visit-rodebay\/#primaryimage\"},\"image\":{\"@id\":\"https:\/\/test.arctic.klean.it\/udflugter\/visit-rodebay\/#primaryimage\"},\"thumbnailUrl\":\"https:\/\/test.arctic.klean.it\/wp-content\/uploads\/2023\/01\/FB_IMG_1674831791159.jpg\",\"datePublished\":\"2023-01-27T13:44:19+00:00\",\"dateModified\":\"2023-03-11T13:02:45+00:00\",\"breadcrumb\":{\"@id\":\"https:\/\/test.arctic.klean.it\/udflugter\/visit-rodebay\/#breadcrumb\"},\"inLanguage\":\"da-DK\",\"potentialAction\":[{\"@type\":\"ReadAction\",\"target\":[\"https:\/\/test.arctic.klean.it\/udflugter\/visit-rodebay\/\"]}]},{\"@type\":\"ImageObject\",\"inLanguage\":\"da-DK\",\"@id\":\"https:\/\/test.arctic.klean.it\/udflugter\/visit-rodebay\/#primaryimage\",\"url\":\"https:\/\/test.arctic.klean.it\/wp-content\/uploads\/2023\/01\/FB_IMG_1674831791159.jpg\",\"contentUrl\":\"https:\/\/test.arctic.klean.it\/wp-content\/uploads\/2023\/01\/FB_IMG_1674831791159.jpg\",\"width\":1067,\"height\":1080},{\"@type\":\"BreadcrumbList\",\"@id\":\"https:\/\/test.arctic.klean.it\/udflugter\/visit-rodebay\/#breadcrumb\",\"itemListElement\":[{\"@type\":\"ListItem\",\"position\":1,\"name\":\"Udflugter i Gr\u00f8nland\",\"item\":\"https:\/\/test.arctic.klean.it\/da\/udflugter\/\"},{\"@type\":\"ListItem\",\"position\":2,\"name\":\"Bes\u00f8g Rodebay\"}]},{\"@type\":\"WebSite\",\"@id\":\"https:\/\/test.arctic.klean.it\/#website\",\"url\":\"https:\/\/test.arctic.klean.it\/\",\"name\":\"Arctic Excursions\",\"description\":\"New adventures. Every day.\",\"potentialAction\":[{\"@type\":\"SearchAction\",\"target\":{\"@type\":\"EntryPoint\",\"urlTemplate\":\"https:\/\/test.arctic.klean.it\/?s={search_term_string}\"},\"query-input\":{\"@type\":\"PropertyValueSpecification\",\"valueRequired\":true,\"valueName\":\"search_term_string\"}}],\"inLanguage\":\"da-DK\"}]}<\/script>\n<!-- \/ Yoast SEO plugin. -->","yoast_head_json":{"title":"Arctic Excursions","robots":{"index":"index","follow":"follow","max-snippet":"max-snippet:-1","max-image-preview":"max-image-preview:large","max-video-preview":"max-video-preview:-1"},"canonical":"https:\/\/test.arctic.klean.it\/udflugter\/visit-rodebay\/","og_locale":"da_DK","og_type":"article","og_title":"Bes\u00f8g Rodebay - Arctic Excursions","og_description":"Tag med mig og se den lille landsby med 45 indbyggere med en smuk udsigt.","og_url":"https:\/\/test.arctic.klean.it\/udflugter\/visit-rodebay\/","og_site_name":"Arctic Excursions","article_modified_time":"2023-03-11T13:02:45+00:00","og_image":[{"width":1067,"height":1080,"url":"https:\/\/test.arctic.klean.it\/wp-content\/uploads\/2023\/01\/FB_IMG_1674831791159.jpg","type":"image\/jpeg"}],"twitter_card":"summary_large_image","schema":{"@context":"https:\/\/schema.org","@graph":[{"@type":"WebPage","@id":"https:\/\/test.arctic.klean.it\/udflugter\/visit-rodebay\/","url":"https:\/\/test.arctic.klean.it\/udflugter\/visit-rodebay\/","name":"Bes\u00f8g Rodebay - Arctic Excursions","isPartOf":{"@id":"https:\/\/test.arctic.klean.it\/#website"},"primaryImageOfPage":{"@id":"https:\/\/test.arctic.klean.it\/udflugter\/visit-rodebay\/#primaryimage"},"image":{"@id":"https:\/\/test.arctic.klean.it\/udflugter\/visit-rodebay\/#primaryimage"},"thumbnailUrl":"https:\/\/test.arctic.klean.it\/wp-content\/uploads\/2023\/01\/FB_IMG_1674831791159.jpg","datePublished":"2023-01-27T13:44:19+00:00","dateModified":"2023-03-11T13:02:45+00:00","breadcrumb":{"@id":"https:\/\/test.arctic.klean.it\/udflugter\/visit-rodebay\/#breadcrumb"},"inLanguage":"da-DK","potentialAction":[{"@type":"ReadAction","target":["https:\/\/test.arctic.klean.it\/udflugter\/visit-rodebay\/"]}]},{"@type":"ImageObject","inLanguage":"da-DK","@id":"https:\/\/test.arctic.klean.it\/udflugter\/visit-rodebay\/#primaryimage","url":"https:\/\/test.arctic.klean.it\/wp-content\/uploads\/2023\/01\/FB_IMG_1674831791159.jpg","contentUrl":"https:\/\/test.arctic.klean.it\/wp-content\/uploads\/2023\/01\/FB_IMG_1674831791159.jpg","width":1067,"height":1080},{"@type":"BreadcrumbList","@id":"https:\/\/test.arctic.klean.it\/udflugter\/visit-rodebay\/#breadcrumb","itemListElement":[{"@type":"ListItem","position":1,"name":"Udflugter i Gr\u00f8nland","item":"https:\/\/test.arctic.klean.it\/da\/udflugter\/"},{"@type":"ListItem","position":2,"name":"Bes\u00f8g Rodebay"}]},{"@type":"WebSite","@id":"https:\/\/test.arctic.klean.it\/#website","url":"https:\/\/test.arctic.klean.it\/","name":"Arctic Excursions","description":"New adventures. Every day.","potentialAction":[{"@type":"SearchAction","target":{"@type":"EntryPoint","urlTemplate":"https:\/\/test.arctic.klean.it\/?s={search_term_string}"},"query-input":{"@type":"PropertyValueSpecification","valueRequired":true,"valueName":"search_term_string"}}],"inLanguage":"da-DK"}]}},"_links":{"self":[{"href":"https:\/\/test.arctic.klean.it\/da\/wp-json\/wp\/v2\/product\/8722","targetHints":{"allow":["GET"]}}],"collection":[{"href":"https:\/\/test.arctic.klean.it\/da\/wp-json\/wp\/v2\/product"}],"about":[{"href":"https:\/\/test.arctic.klean.it\/da\/wp-json\/wp\/v2\/types\/product"}],"replies":[{"embeddable":true,"href":"https:\/\/test.arctic.klean.it\/da\/wp-json\/wp\/v2\/comments?post=8722"}],"wp:featuredmedia":[{"embeddable":true,"href":"https:\/\/test.arctic.klean.it\/da\/wp-json\/wp\/v2\/media\/8687"}],"wp:attachment":[{"href":"https:\/\/test.arctic.klean.it\/da\/wp-json\/wp\/v2\/media?parent=8722"}],"wp:term":[{"taxonomy":"product_brand","embeddable":true,"href":"https:\/\/test.arctic.klean.it\/da\/wp-json\/wp\/v2\/product_brand?post=8722"},{"taxonomy":"product_cat","embeddable":true,"href":"https:\/\/test.arctic.klean.it\/da\/wp-json\/wp\/v2\/product_cat?post=8722"},{"taxonomy":"product_tag","embeddable":true,"href":"https:\/\/test.arctic.klean.it\/da\/wp-json\/wp\/v2\/product_tag?post=8722"}],"curies":[{"name":"wp","href":"https:\/\/api.w.org\/{rel}","templated":true}]}}